{"id":2780,"date":"2021-12-20T15:41:57","date_gmt":"2021-12-20T15:41:57","guid":{"rendered":"https:\/\/ii-2p.org\/zugriff-bewertungsbereich\/"},"modified":"2022-09-19T07:09:01","modified_gmt":"2022-09-19T07:09:01","slug":"zugriff-bewertungsbereich","status":"publish","type":"page","link":"https:\/\/ii-2p.org\/de\/zugriff-bewertungsbereich\/","title":{"rendered":"Zugriff Bewertungsbereich"},"content":{"rendered":"\t\t<div data-elementor-type=\"wp-page\" data-elementor-id=\"2780\" class=\"elementor elementor-2780 elementor-1031\" data-elementor-post-type=\"page\">\n\t\t\t\t\t\t\t\t\t<section class=\"elementor-section elementor-top-section elementor-element elementor-element-36a1955 elementor-section-boxed elementor-section-height-default elementor-section-height-default\" data-id=\"36a1955\" data-element_type=\"section\">\n\t\t\t\t\t\t<div class=\"elementor-container elementor-column-gap-default\">\n\t\t\t\t\t<div class=\"elementor-column elementor-col-100 elementor-top-column elementor-element elementor-element-e0589e7\" data-id=\"e0589e7\" data-element_type=\"column\">\n\t\t\t<div class=\"elementor-widget-wrap elementor-element-populated\">\n\t\t\t\t\t\t\t\t<div class=\"elementor-element elementor-element-59b70f1 elementor-widget elementor-widget-text-editor\" data-id=\"59b70f1\" data-element_type=\"widget\" data-widget_type=\"text-editor.default\">\n\t\t\t\t<div class=\"elementor-widget-container\">\n\t\t\t<style>\/*! elementor - v3.18.0 - 20-12-2023 *\/\n.elementor-widget-text-editor.elementor-drop-cap-view-stacked .elementor-drop-cap{background-color:#69727d;color:#fff}.elementor-widget-text-editor.elementor-drop-cap-view-framed .elementor-drop-cap{color:#69727d;border:3px solid;background-color:transparent}.elementor-widget-text-editor:not(.elementor-drop-cap-view-default) .elementor-drop-cap{margin-top:8px}.elementor-widget-text-editor:not(.elementor-drop-cap-view-default) .elementor-drop-cap-letter{width:1em;height:1em}.elementor-widget-text-editor .elementor-drop-cap{float:left;text-align:center;line-height:1;font-size:50px}.elementor-widget-text-editor .elementor-drop-cap-letter{display:inline-block}<\/style>\t\t\t\t<p><span style=\"color: #666666; font-family: Lato, sans-serif; font-size: 16px;\">Wenn Sie bei Ihrer Physionutrition-Beratung von Ihrem Arzt\/ \u00c4rztin gebeten wurden, Online-Frageb\u00f6gen auszuf\u00fcllen, klicken Sie einfach oben rechts auf das Feld &#8222;Bewertung&#8220;\u00a0, um darauf zuzugreifen.<\/span><\/p><p style=\"margin-right: 0px; margin-bottom: 0px; margin-left: 0px; padding: 1em 0px; border: 0px; outline: 0px; font-size: 16px; font-family: Lato, sans-serif; vertical-align: baseline; color: #666666; line-height: 24px;\">Zu Beginn werden Sie nach Ihrem Login und Passwort gefragt. Diese wurden Ihnen von Ihrer medizinischen Fachkraft mitgeteilt.<\/p><p style=\"margin-right: 0px; margin-bottom: 0px; margin-left: 0px; padding: 1em 0px; border: 0px; outline: 0px; font-size: 16px; font-family: Lato, sans-serif; vertical-align: baseline; color: #666666; line-height: 24px;\">Ihre Ergebnisse werden direkt an Ihre medizinische Fachkraft weitergeleitet, die sie analysiert und Ihnen auf der Grundlage dieser Ergebnisse eine auf Ihre Bed\u00fcrfnisse zugeschnittene Behandlung vorschl\u00e4gt.<\/p><p style=\"margin-right: 0px; margin-bottom: 0px; margin-left: 0px; padding: 1em 0px; border: 0px; outline: 0px; font-size: 16px; font-family: Lato, sans-serif; vertical-align: baseline; color: #666666; line-height: 24px;\">Bei technischen Problemen oder Fragen wenden Sie sich bitte an uns\u00a0:<\/p><p style=\"margin-right: 0px; margin-bottom: 0px; margin-left: 0px; padding: 1em 0px; border: 0px; outline: 0px; font-size: 16px; font-family: Lato, sans-serif; vertical-align: baseline; color: #666666; line-height: 24px;\">-per E-Mail: <a href=\"mailto:info@ii-2p.org\">info@ii-2p.org<\/a><\/p>\t\t\t\t\t\t<\/div>\n\t\t\t\t<\/div>\n\t\t\t\t\t<\/div>\n\t\t<\/div>\n\t\t\t\t\t\t\t<\/div>\n\t\t<\/section>\n\t\t\t\t\t\t\t<\/div>\n\t\t","protected":false},"excerpt":{"rendered":"<p>Wenn Sie bei Ihrer Physionutrition-Beratung von Ihrem Arzt\/ \u00c4rztin gebeten wurden, Online-Frageb\u00f6gen auszuf\u00fcllen, klicken Sie einfach oben rechts auf das Feld &#8222;Bewertung&#8220;\u00a0, um darauf zuzugreifen. Zu Beginn werden Sie nach Ihrem Login und Passwort gefragt. Diese wurden Ihnen von Ihrer medizinischen Fachkraft mitgeteilt. Ihre Ergebnisse werden direkt an Ihre medizinische Fachkraft weitergeleitet, die sie analysiert [&hellip;]<\/p>\n","protected":false},"author":1,"featured_media":0,"parent":0,"menu_order":0,"comment_status":"closed","ping_status":"closed","template":"","meta":{"footnotes":""},"_links":{"self":[{"href":"https:\/\/ii-2p.org\/de\/wp-json\/wp\/v2\/pages\/2780"}],"collection":[{"href":"https:\/\/ii-2p.org\/de\/wp-json\/wp\/v2\/pages"}],"about":[{"href":"https:\/\/ii-2p.org\/de\/wp-json\/wp\/v2\/types\/page"}],"author":[{"embeddable":true,"href":"https:\/\/ii-2p.org\/de\/wp-json\/wp\/v2\/users\/1"}],"replies":[{"embeddable":true,"href":"https:\/\/ii-2p.org\/de\/wp-json\/wp\/v2\/comments?post=2780"}],"version-history":[{"count":12,"href":"https:\/\/ii-2p.org\/de\/wp-json\/wp\/v2\/pages\/2780\/revisions"}],"predecessor-version":[{"id":4347,"href":"https:\/\/ii-2p.org\/de\/wp-json\/wp\/v2\/pages\/2780\/revisions\/4347"}],"wp:attachment":[{"href":"https:\/\/ii-2p.org\/de\/wp-json\/wp\/v2\/media?parent=2780"}],"curies":[{"name":"wp","href":"https:\/\/api.w.org\/{rel}","templated":true}]}}