{"id":2807,"date":"2022-06-24T14:07:21","date_gmt":"2022-06-24T14:07:21","guid":{"rendered":"https:\/\/ii-2p.org\/informatisierte-frageboegen-fuer-eine-umfassende-betreuung-ihrer-patienten\/"},"modified":"2022-09-07T10:35:02","modified_gmt":"2022-09-07T10:35:02","slug":"informatisierte-frageboegen-fuer-eine-umfassende-betreuung-ihrer-patienten","status":"publish","type":"page","link":"https:\/\/ii-2p.org\/de\/informatisierte-frageboegen-fuer-eine-umfassende-betreuung-ihrer-patienten\/","title":{"rendered":"Informatisierte Frageb\u00f6gen f\u00fcr eine umfassende Betreuung Ihrer Patienten"},"content":{"rendered":"\t\t<div data-elementor-type=\"wp-page\" data-elementor-id=\"2807\" class=\"elementor elementor-2807 elementor-2123\" data-elementor-post-type=\"page\">\n\t\t\t\t\t\t\t\t\t<section class=\"elementor-section elementor-top-section elementor-element elementor-element-4b11a61e elementor-section-boxed elementor-section-height-default elementor-section-height-default\" data-id=\"4b11a61e\" data-element_type=\"section\">\n\t\t\t\t\t\t<div class=\"elementor-container elementor-column-gap-default\">\n\t\t\t\t\t<div class=\"elementor-column elementor-col-100 elementor-top-column elementor-element elementor-element-5098f212\" data-id=\"5098f212\" data-element_type=\"column\">\n\t\t\t<div class=\"elementor-widget-wrap elementor-element-populated\">\n\t\t\t\t\t\t\t\t<div class=\"elementor-element elementor-element-303111fc elementor-widget elementor-widget-text-editor\" data-id=\"303111fc\" data-element_type=\"widget\" data-widget_type=\"text-editor.default\">\n\t\t\t\t<div class=\"elementor-widget-container\">\n\t\t\t<style>\/*! elementor - v3.18.0 - 20-12-2023 *\/\n.elementor-widget-text-editor.elementor-drop-cap-view-stacked .elementor-drop-cap{background-color:#69727d;color:#fff}.elementor-widget-text-editor.elementor-drop-cap-view-framed .elementor-drop-cap{color:#69727d;border:3px solid;background-color:transparent}.elementor-widget-text-editor:not(.elementor-drop-cap-view-default) .elementor-drop-cap{margin-top:8px}.elementor-widget-text-editor:not(.elementor-drop-cap-view-default) .elementor-drop-cap-letter{width:1em;height:1em}.elementor-widget-text-editor .elementor-drop-cap{float:left;text-align:center;line-height:1;font-size:50px}.elementor-widget-text-editor .elementor-drop-cap-letter{display:inline-block}<\/style>\t\t\t\t\n<p><\/p><div class=\"dropcap\" style=\"margin: 0px; padding: 0px; border: 0px; font-size: 16px; font-family: Lato, sans-serif; vertical-align: baseline; line-height: 24px; box-sizing: border-box; color: rgb(102, 102, 102); white-space: normal; background-color: rgb(248, 248, 248);\"><div class=\"dropcap_label\" style=\"margin: 0px 15px 0px 0px; padding: 7px 13px; border: 0px; font-weight: inherit; font-style: inherit; font-family: inherit; vertical-align: baseline; box-sizing: border-box; float: left; background-color: rgb(49, 86, 163); text-align: center;\"><h3 style=\"font-family: Lato; margin: 0px; padding: 0px; color: rgb(255, 255, 255); font-size: 18px; box-sizing: border-box;\">Informatisierte Frageb\u00f6gen f\u00fcr eine umfassende Betreuung Ihrer Patienten<\/h3><\/div><\/div>\n\t\t\t\t\t\t<\/div>\n\t\t\t\t<\/div>\n\t\t\t\t\t<\/div>\n\t\t<\/div>\n\t\t\t\t\t\t\t<\/div>\n\t\t<\/section>\n\t\t\t\t<section class=\"elementor-section elementor-top-section elementor-element elementor-element-54b0d16 elementor-section-boxed elementor-section-height-default elementor-section-height-default\" data-id=\"54b0d16\" data-element_type=\"section\">\n\t\t\t\t\t\t<div class=\"elementor-container elementor-column-gap-default\">\n\t\t\t\t\t<div class=\"elementor-column elementor-col-100 elementor-top-column elementor-element elementor-element-47e9f18\" data-id=\"47e9f18\" data-element_type=\"column\">\n\t\t\t<div class=\"elementor-widget-wrap elementor-element-populated\">\n\t\t\t\t\t\t\t\t<div class=\"elementor-element elementor-element-69a318f elementor-widget elementor-widget-text-editor\" data-id=\"69a318f\" data-element_type=\"widget\" data-widget_type=\"text-editor.default\">\n\t\t\t\t<div class=\"elementor-widget-container\">\n\t\t\t\t\t\t\t<div class=\"vc_row wpb_row vc_row-fluid\" style=\"margin: 0px; padding: 0px; border: 0px; outline: 0px; font-size: 16px; font-family: Lato, sans-serif; vertical-align: baseline; color: #666666; background-color: #f8f8f8;\">\n<div class=\"wpb_column vc_column_container vc_col-sm-12\" style=\"margin: 0px; padding: 0px; border: 0px; outline: 0px; font-weight: inherit; font-style: inherit; font-family: inherit; vertical-align: baseline; width: 990px; position: relative; min-height: auto; float: left;\">\n<div class=\"wpb_wrapper\" style=\"margin: 0px; padding: 0px; border: 0px; outline: 0px; font-weight: inherit; font-style: inherit; font-family: inherit; vertical-align: baseline;\">\n<div class=\"dropcap\" style=\"margin: 0px; padding: 0px; border: 0px; outline: 0px; font-weight: inherit; font-style: inherit; font-size: 16px; font-family: inherit; vertical-align: baseline; line-height: 24px;\">\n<div class=\"dropcap_label\" style=\"margin: 0px 15px 0px 0px; padding: 7px 13px; border: 0px; outline: 0px; font-weight: inherit; font-style: inherit; font-family: inherit; vertical-align: baseline; float: left; background-color: #3156a3; text-align: center;\">\n<p style=\"margin-right: 0px; margin-bottom: 0px; margin-left: 0px; padding: 0px; color: #ffffff; font-size: 18px;\"><span style=\"color: #000000; font-style: inherit; background-color: #f8f8f8;\">QUIDAM<\/span><\/p>\n<\/div>\n<\/div>\n<\/div>\n<\/div>\n<\/div>\n<div class=\"vc_row wpb_row vc_row-fluid\" style=\"margin: 0px; padding: 0px; border: 0px; outline: 0px; font-size: 16px; font-family: Lato, sans-serif; vertical-align: baseline; color: #666666; background-color: #f8f8f8;\">\n<div class=\"wpb_column vc_column_container vc_col-sm-12\" style=\"margin: 0px; padding: 0px; border: 0px; outline: 0px; font-weight: inherit; font-style: inherit; font-family: inherit; vertical-align: baseline; width: 990px; position: relative; min-height: auto; float: left;\">\n<div class=\"wpb_wrapper\" style=\"margin: 0px; padding: 0px; border: 0px; outline: 0px; font-weight: inherit; font-style: inherit; font-family: inherit; vertical-align: baseline;\">\n<div class=\"vc_row wpb_row vc_inner vc_row-fluid\" style=\"margin: 0px; padding: 0px; border: 0px; outline: 0px; font-weight: inherit; font-style: inherit; font-family: inherit; vertical-align: baseline;\">\n<div class=\"wpb_column vc_column_container vc_col-sm-12\" style=\"margin: 0px; padding: 0px; border: 0px; outline: 0px; font-weight: inherit; font-style: inherit; font-family: inherit; vertical-align: baseline; width: 990px; position: relative; min-height: auto; float: left;\">\n<div class=\"vc_column-inner \" style=\"margin: 0px; padding: 0px; border: 0px; outline: 0px; font-weight: inherit; font-style: inherit; font-family: inherit; vertical-align: baseline; width: 990px;\">\n<div class=\"wpb_wrapper\" style=\"margin: 0px; padding: 0px; border: 0px; outline: 0px; font-weight: inherit; font-style: inherit; font-family: inherit; vertical-align: baseline;\">\n<div class=\"wpb_text_column wpb_content_element \" style=\"margin: 0px 0px 35px; padding: 0px; border: 0px; outline: 0px; font-weight: inherit; font-style: inherit; font-family: inherit; vertical-align: baseline;\">\n<div class=\"wpb_wrapper\" style=\"margin: 0px; padding: 0px; border: 0px; outline: 0px; font-weight: inherit; font-style: inherit; font-family: inherit; vertical-align: baseline;\">\n<p style=\"margin-right: 0px; margin-bottom: 0px; margin-left: 0px; padding: 1em 0px; border: 0px; outline: 0px; font-weight: inherit; font-style: inherit; font-family: inherit; vertical-align: baseline; line-height: 24px;\"><strong style=\"color: #000000;\">Der QUIDAM : (QU<\/strong>estionnaire <strong style=\"color: #000000;\">I<\/strong>ndividuel <strong style=\"color: #000000;\">D<\/strong>\u2019<strong style=\"color: #000000;\">A<\/strong>pports en <strong style=\"color: #000000; margin-bottom: 0px;\">M<\/strong>acronutriments) <br>Individueller Fragebogen zur Versorgung mit Makron\u00e4hrstoffen<\/p>\n<p style=\"margin-right: 0px; margin-bottom: 0px; margin-left: 0px; padding: 1em 0px; border: 0px; outline: 0px; font-weight: inherit; font-style: inherit; font-family: inherit; vertical-align: baseline; line-height: 24px;\">Der <strong style=\"color: #000000; margin-bottom: 0px;\">QUIDAM<\/strong> ist ein einfaches und schnelles Instrument, mit dem Sie die Art und H\u00e4ufigkeit des Verzehrs verschiedener Lebensmittelarten bewerten k\u00f6nnen: Obst, Gem\u00fcse, Vollwertkost, fettes Fleisch und Fisch, Milchprodukte, Arten von \u00d6len und Wasser, die Ihre Patienten t\u00e4glich konsumieren.<\/p>\n<p style=\"margin-right: 0px; margin-bottom: 0px; margin-left: 0px; padding: 1em 0px; border: 0px; outline: 0px; font-weight: inherit; font-style: inherit; font-family: inherit; vertical-align: baseline; line-height: 24px;\">Die 8 Fragen des QUIDAM erm\u00f6glichen eine schnelle Einsch\u00e4tzung der Essgewohnheiten Ihrer Patienten.<\/p>\n<p style=\"margin-right: 0px; margin-bottom: 0px; margin-left: 0px; padding: 1em 0px; border: 0px; outline: 0px; font-weight: inherit; font-style: inherit; font-family: inherit; vertical-align: baseline; line-height: 24px;\">Das Interpretationsradar bestimmt m\u00f6gliche Ern\u00e4hrungsfehler und Ihre Auswertung erm\u00f6glicht es Ihnen, die notwendigen \u00c4nderungen zu erlassen.<\/p>\n<\/div>\n<\/div>\n<div class=\"vc_btn3-container vc_btn3-left vc_custom_1489746345637\" style=\"padding: 0px; border: 0px; outline: 0px; font-weight: inherit; font-style: inherit; font-family: inherit; vertical-align: baseline; max-width: 100%; margin: 20px !important 0px 21.74px 0px;\"> <\/div>\n<\/div>\n<\/div>\n<\/div>\n<\/div>\n<h3 class=\"box_header page_margin_top_section\" style=\"margin-right: 0px; margin-bottom: 0px; margin-left: 0px; padding: 0px; color: #000000; font-size: 18px;\">QUADO<\/h3>\n<div class=\"wpb_text_column wpb_content_element \" style=\"margin: 0px 0px 35px; padding: 0px; border: 0px; outline: 0px; font-weight: inherit; font-style: inherit; font-family: inherit; vertical-align: baseline;\">\n<div class=\"wpb_wrapper\" style=\"margin: 0px; padding: 0px; border: 0px; outline: 0px; font-weight: inherit; font-style: inherit; font-family: inherit; vertical-align: baseline;\">\n<p style=\"margin-right: 0px; margin-bottom: 0px; margin-left: 0px; padding: 1em 0px; border: 0px; outline: 0px; font-weight: inherit; font-style: inherit; font-family: inherit; vertical-align: baseline; line-height: 24px;\"><strong style=\"color: #000000;\">Der QUADO<\/strong> : (<strong style=\"color: #000000;\">QU<\/strong>estionnaire d\u2019<strong style=\"color: #000000;\">A<\/strong>nalyse, de <strong style=\"color: #000000;\">D<\/strong>\u00e9pistage et d\u2019<strong style=\"color: #000000;\">O<\/strong>rientation en Physionutrition) <br>Fragebogen zur Analyse, Erkennung und Orientierung in der Physionutrition&nbsp;<span style=\"font-family: inherit; font-style: inherit; font-weight: inherit;\">(P\u00e4dagogischer Leiter<\/span><strong style=\"font-family: inherit; font-style: inherit; color: rgb(0, 0, 0); margin-bottom: 0px;\"> Dr Serge SERVER)<\/strong><br><\/p>\n<p style=\"margin-right: 0px; margin-bottom: 0px; margin-left: 0px; padding: 1em 0px; border: 0px; outline: 0px; font-weight: inherit; font-style: inherit; font-family: inherit; vertical-align: baseline; line-height: 24px;\">Die 106 Fragen des QUADOs untersuchen die pers\u00f6nliche Vorgeschichte, den Lebensstil, die aktuellen Behandlungen und die zahlreichen funktionellen Anzeichen (Reizungen, Haut, Verdauung, neurosensorische Symptome, Immunsystem &#8230;) Ihrer Patienten.<\/p>\n<p style=\"margin-right: 0px; margin-bottom: 0px; margin-left: 0px; padding: 1em 0px; border: 0px; outline: 0px; font-weight: inherit; font-style: inherit; font-family: inherit; vertical-align: baseline; line-height: 24px;\">Das QUADO-Interpretationsraster liefert eine Gesamtbilanz der mikron\u00e4hrstoffbedingten Ungleichgewichte in allen 8 Gleichgewichten: Mikrobiota &#8211; Darmpermeabilit\u00e4t &#8211; Entgiftung &#8211; oxidativ-entz\u00fcndlich &#8211; essenzielle Fetts\u00e4uren &#8211; basische S\u00e4ure &#8211; Neuromediatoren und Mitochondrien.<\/p>\n<p style=\"margin-right: 0px; margin-bottom: 0px; margin-left: 0px; padding: 1em 0px; border: 0px; outline: 0px; font-weight: inherit; font-style: inherit; font-family: inherit; vertical-align: baseline; line-height: 24px;\">Die Analyse des QUADOs erm\u00f6glicht es, eine auf die Bed\u00fcrfnisse jedes Einzelnen zugeschnittene Betreuung durch Gleichgewicht einzusetzen.<\/p>\n<\/div>\n<\/div>\n<div class=\"vc_btn3-container vc_btn3-left vc_custom_1489746345637\" style=\"padding: 0px; border: 0px; outline: 0px; font-weight: inherit; font-style: inherit; font-family: inherit; vertical-align: baseline; max-width: 100%; margin: 20px !important 0px 21.74px 0px;\"> <\/div>\n<\/div>\n<\/div>\n<\/div>\n<div class=\"vc_row wpb_row vc_row-fluid\" style=\"margin: 0px; padding: 0px; border: 0px; outline: 0px; font-size: 16px; font-family: Lato, sans-serif; vertical-align: baseline; color: #666666; background-color: #f8f8f8;\">\n<div class=\"wpb_column vc_column_container vc_col-sm-12\" style=\"margin: 0px; padding: 0px; border: 0px; outline: 0px; font-weight: inherit; font-style: inherit; font-family: inherit; vertical-align: baseline; width: 990px; position: relative; min-height: auto; float: left;\">\n<div class=\"wpb_wrapper\" style=\"margin: 0px; padding: 0px; border: 0px; outline: 0px; font-weight: inherit; font-style: inherit; font-family: inherit; vertical-align: baseline;\">\n<h3 class=\"box_header page_margin_top_section\" style=\"margin-right: 0px; margin-bottom: 0px; margin-left: 0px; padding: 0px; color: #000000; font-size: 18px;\">QUEEN<\/h3>\n<div class=\"wpb_text_column wpb_content_element \" style=\"margin: 0px 0px 35px; padding: 0px; border: 0px; outline: 0px; font-weight: inherit; font-style: inherit; font-family: inherit; vertical-align: baseline;\">\n<div class=\"wpb_wrapper\" style=\"margin: 0px; padding: 0px; border: 0px; outline: 0px; font-weight: inherit; font-style: inherit; font-family: inherit; vertical-align: baseline;\">\n<p style=\"margin-right: 0px; margin-bottom: 0px; margin-left: 0px; padding: 1em 0px; border: 0px; outline: 0px; font-weight: inherit; font-style: inherit; font-family: inherit; vertical-align: baseline; line-height: 24px;\"><strong style=\"color: #000000;\">Der QUEEN : (QUestionnaire d\u2019Evalution en Endocrinologie) <br>Fragebogen zur Bewertung der Endokrinologie&nbsp;<\/strong>(P\u00e4dagogische Leiter: <strong style=\"color: #000000;\">Dr<\/strong> <strong style=\"color: #000000;\">Jacques BASSIER <\/strong>und&nbsp;<strong style=\"color: #000000; margin-bottom: 0px;\">Dr Benoit EVERARD)<\/strong><\/p>\n<p style=\"margin-right: 0px; margin-bottom: 0px; margin-left: 0px; padding: 1em 0px; border: 0px; outline: 0px; font-weight: inherit; font-style: inherit; font-family: inherit; vertical-align: baseline; line-height: 24px;\">QUEEN untersucht die Symptome und die Krankengeschichte Ihrer Patienten rund um 11 Hormone: Schilddr\u00fcse, Insulin, Melatonin, Wachstumshormon, DHEA, Cortisol, Aldosteron, Pregnenolon, Testosteron, \u00d6strogen und Progesteron.<\/p>\n<p style=\"margin-right: 0px; margin-bottom: 0px; margin-left: 0px; padding: 1em 0px; border: 0px; outline: 0px; font-weight: inherit; font-style: inherit; font-family: inherit; vertical-align: baseline; line-height: 24px;\">Der Fragebogen, erm\u00f6glicht es, die verschiedenen hormonellen Dysfunktionen zu bewerten. Das Interpretationsradar erm\u00f6glicht Ihnen eine fr\u00fchzeitige Behandlung von hormonellen Ungleichgewichten, noch bevor biologische St\u00f6rungen auftreten.<\/p>\n<\/div>\n<\/div>\n<\/div>\n<\/div>\n<\/div>\n<div class=\"vc_row wpb_row vc_row-fluid\" style=\"margin: 0px; padding: 0px; border: 0px; outline: 0px; font-size: 16px; font-family: Lato, sans-serif; vertical-align: baseline; color: #666666; background-color: #f8f8f8;\">\n<div class=\"wpb_column vc_column_container vc_col-sm-12\" style=\"margin: 0px; padding: 0px; border: 0px; outline: 0px; font-weight: inherit; font-style: inherit; font-family: inherit; vertical-align: baseline; width: 990px; position: relative; min-height: auto; float: left;\">\n<div class=\"wpb_wrapper\" style=\"margin: 0px; padding: 0px; border: 0px; outline: 0px; font-weight: inherit; font-style: inherit; font-family: inherit; vertical-align: baseline;\">\n<h3 class=\"box_header page_margin_top_section\" style=\"margin-right: 0px; margin-bottom: 0px; margin-left: 0px; padding: 0px; color: #000000; font-size: 18px;\">EDN<\/h3>\n<div class=\"wpb_text_column wpb_content_element \" style=\"margin: 0px 0px 35px; padding: 0px; border: 0px; outline: 0px; font-weight: inherit; font-style: inherit; font-family: inherit; vertical-align: baseline;\">\n<div class=\"wpb_wrapper\" style=\"margin: 0px; padding: 0px; border: 0px; outline: 0px; font-weight: inherit; font-style: inherit; font-family: inherit; vertical-align: baseline;\">\n<p style=\"margin-right: 0px; margin-bottom: 0px; margin-left: 0px; padding: 1em 0px; border: 0px; outline: 0px; font-weight: inherit; font-style: inherit; font-family: inherit; vertical-align: baseline; line-height: 24px;\"><strong style=\"color: #000000; margin-bottom: 0px;\">EDN : (Evaluation des D\u00e9ficits en Neurom\u00e9diateurs) Bewertung von Neurotransmitterdefiziten<\/strong><\/p>\n<p style=\"margin-right: 0px; margin-bottom: 0px; margin-left: 0px; padding: 1em 0px; border: 0px; outline: 0px; font-weight: inherit; font-style: inherit; font-family: inherit; vertical-align: baseline; line-height: 24px;\">Zahlreiche wissenschaftliche Studien haben gezeigt, dass ein Mangel an Neurotransmittern wie Serotonin oder Dopamin die Ursache f\u00fcr Misserfolge w\u00e4hrend einer Di\u00e4t sein kann, da er zu einem Verlust des Selbstvertrauens, einem R\u00fcckgang der Motivation, einer Neigung zu Esszw\u00e4ngen, einem negativen depressiven Zustand, einer Logik des Nicht-Erfolgs usw. f\u00fchrt. Um einem Misserfolg vorzubeugen, k\u00f6nnen Sie mithilfe vom EDN ein m\u00f6gliches Ungleichgewicht an Serotonin und\/oder Dopamin feststellen und ein geeignetes Therapieprotokoll einrichten.<\/p>\n<\/div>\n<\/div>\n<\/div>\n<\/div>\n<\/div>\n<div class=\"vc_row wpb_row vc_row-fluid\" style=\"margin: 0px; padding: 0px; border: 0px; outline: 0px; font-size: 16px; font-family: Lato, sans-serif; vertical-align: baseline; color: #666666; background-color: #f8f8f8;\"> <\/div>\n<div class=\"wpb_column vc_column_container vc_col-sm-12\" style=\"margin: 0px; padding: 0px; border: 0px; outline: 0px; font-size: 16px; font-family: Lato, sans-serif; vertical-align: baseline; width: 990px; position: relative; min-height: 1px; float: left; color: #666666; background-color: #f8f8f8;\">\n<div class=\"wpb_wrapper\" style=\"margin: 0px; padding: 0px; border: 0px; outline: 0px; font-weight: inherit; font-style: inherit; font-family: inherit; vertical-align: baseline;\">\n<h3 class=\"box_header page_margin_top_section\" style=\"margin-right: 0px; margin-bottom: 0px; margin-left: 0px; padding: 0px; color: #000000; font-size: 18px;\">Ein professioneller Bereich<\/h3>\n<div class=\"wpb_text_column wpb_content_element \" style=\"margin: 0px 0px 35px; padding: 0px; border: 0px; outline: 0px; font-weight: inherit; font-style: inherit; font-family: inherit; vertical-align: baseline;\">\n<div class=\"wpb_wrapper\" style=\"margin: 0px; padding: 0px; border: 0px; outline: 0px; font-weight: inherit; font-style: inherit; font-family: inherit; vertical-align: baseline;\">\n<p style=\"margin-right: 0px; margin-bottom: 0px; margin-left: 0px; padding: 1em 0px; border: 0px; outline: 0px; font-weight: inherit; font-style: inherit; font-family: inherit; vertical-align: baseline; line-height: 24px;\">Unser professioneller Bereich erm\u00f6glicht Ihnen einen schnellen Zugriff auf alle Frageb\u00f6gen. Unsere p\u00e4dagogische und ergonomische Plattform erm\u00f6glicht es Ihnen, jeden Patienten \u00fcber einen l\u00e4ngeren Zeitraum zu verfolgen. Da die Frageb\u00f6gen mehrmals ausgef\u00fcllt werden k\u00f6nnen, ist es m\u00f6glich, die Ergebnisse zu vergleichen und ihre Entwicklung zu analysieren, um die Erstversorgung gegebenenfalls anzupassen.<\/p>\n<\/div>\n<\/div>\n<\/div>\n<\/div>\t\t\t\t\t\t<\/div>\n\t\t\t\t<\/div>\n\t\t\t\t\t<\/div>\n\t\t<\/div>\n\t\t\t\t\t\t\t<\/div>\n\t\t<\/section>\n\t\t\t\t\t\t\t<\/div>\n\t\t","protected":false},"excerpt":{"rendered":"<p>Informatisierte Frageb\u00f6gen f\u00fcr eine umfassende Betreuung Ihrer Patienten QUIDAM Der QUIDAM : (QUestionnaire Individuel D\u2019Apports en Macronutriments) Individueller Fragebogen zur Versorgung mit Makron\u00e4hrstoffen Der QUIDAM ist ein einfaches und schnelles Instrument, mit dem Sie die Art und H\u00e4ufigkeit des Verzehrs verschiedener Lebensmittelarten bewerten k\u00f6nnen: Obst, Gem\u00fcse, Vollwertkost, fettes Fleisch und Fisch, Milchprodukte, Arten von \u00d6len [&hellip;]<\/p>\n","protected":false},"author":1,"featured_media":0,"parent":0,"menu_order":0,"comment_status":"closed","ping_status":"closed","template":"","meta":{"footnotes":""},"_links":{"self":[{"href":"https:\/\/ii-2p.org\/de\/wp-json\/wp\/v2\/pages\/2807"}],"collection":[{"href":"https:\/\/ii-2p.org\/de\/wp-json\/wp\/v2\/pages"}],"about":[{"href":"https:\/\/ii-2p.org\/de\/wp-json\/wp\/v2\/types\/page"}],"author":[{"embeddable":true,"href":"https:\/\/ii-2p.org\/de\/wp-json\/wp\/v2\/users\/1"}],"replies":[{"embeddable":true,"href":"https:\/\/ii-2p.org\/de\/wp-json\/wp\/v2\/comments?post=2807"}],"version-history":[{"count":9,"href":"https:\/\/ii-2p.org\/de\/wp-json\/wp\/v2\/pages\/2807\/revisions"}],"predecessor-version":[{"id":3763,"href":"https:\/\/ii-2p.org\/de\/wp-json\/wp\/v2\/pages\/2807\/revisions\/3763"}],"wp:attachment":[{"href":"https:\/\/ii-2p.org\/de\/wp-json\/wp\/v2\/media?parent=2807"}],"curies":[{"name":"wp","href":"https:\/\/api.w.org\/{rel}","templated":true}]}}