{"id":2812,"date":"2021-12-20T15:41:10","date_gmt":"2021-12-20T15:41:10","guid":{"rendered":"https:\/\/ii-2p.org\/wissenschaftliche-frageboegen\/"},"modified":"2022-07-25T09:21:04","modified_gmt":"2022-07-25T09:21:04","slug":"wissenschaftliche-frageboegen","status":"publish","type":"page","link":"https:\/\/ii-2p.org\/de\/wissenschaftliche-frageboegen\/","title":{"rendered":"Wissenschaftliche Frageb\u00f6gen"},"content":{"rendered":"\t\t<div data-elementor-type=\"wp-page\" data-elementor-id=\"2812\" class=\"elementor elementor-2812 elementor-1028\" data-elementor-post-type=\"page\">\n\t\t\t\t\t\t\t\t\t<section class=\"elementor-section elementor-top-section elementor-element elementor-element-72954c0 elementor-section-boxed elementor-section-height-default elementor-section-height-default\" data-id=\"72954c0\" data-element_type=\"section\">\n\t\t\t\t\t\t<div class=\"elementor-container elementor-column-gap-default\">\n\t\t\t\t\t<div class=\"elementor-column elementor-col-100 elementor-top-column elementor-element elementor-element-37e1802\" data-id=\"37e1802\" data-element_type=\"column\">\n\t\t\t<div class=\"elementor-widget-wrap elementor-element-populated\">\n\t\t\t\t\t\t\t\t<div class=\"elementor-element elementor-element-457f0e0 elementor-widget elementor-widget-text-editor\" data-id=\"457f0e0\" data-element_type=\"widget\" data-widget_type=\"text-editor.default\">\n\t\t\t\t<div class=\"elementor-widget-container\">\n\t\t\t<style>\/*! elementor - v3.18.0 - 20-12-2023 *\/\n.elementor-widget-text-editor.elementor-drop-cap-view-stacked .elementor-drop-cap{background-color:#69727d;color:#fff}.elementor-widget-text-editor.elementor-drop-cap-view-framed .elementor-drop-cap{color:#69727d;border:3px solid;background-color:transparent}.elementor-widget-text-editor:not(.elementor-drop-cap-view-default) .elementor-drop-cap{margin-top:8px}.elementor-widget-text-editor:not(.elementor-drop-cap-view-default) .elementor-drop-cap-letter{width:1em;height:1em}.elementor-widget-text-editor .elementor-drop-cap{float:left;text-align:center;line-height:1;font-size:50px}.elementor-widget-text-editor .elementor-drop-cap-letter{display:inline-block}<\/style>\t\t\t\t<div class=\"vc_row wpb_row vc_row-fluid\" style=\"margin: 0px; padding: 0px; border: 0px; outline: 0px; font-size: 16px; font-family: Lato, sans-serif; vertical-align: baseline; color: #666666; background-color: #f8f8f8;\"><div class=\"wpb_column vc_column_container vc_col-sm-12\" style=\"margin: 0px; padding: 0px; border: 0px; outline: 0px; font-weight: inherit; font-style: inherit; font-family: inherit; vertical-align: baseline; width: 990px; position: relative; min-height: auto; float: left;\"><div class=\"wpb_wrapper\" style=\"margin: 0px; padding: 0px; border: 0px; outline: 0px; font-weight: inherit; font-style: inherit; font-family: inherit; vertical-align: baseline;\"><div class=\"dropcap\" style=\"margin: 0px; padding: 0px; border: 0px; outline: 0px; font-weight: inherit; font-style: inherit; font-size: 16px; font-family: inherit; vertical-align: baseline; line-height: 24px;\"><div class=\"dropcap_label\" style=\"margin: 0px 15px 0px 0px; padding: 7px 13px; border: 0px; outline: 0px; font-weight: inherit; font-style: inherit; font-family: inherit; vertical-align: baseline; float: left; background-color: #3156a3; text-align: center;\"><h3 style=\"margin-right: 0px; margin-bottom: 0px; margin-left: 0px; padding: 0px; color: #ffffff; font-size: 18px;\">Wissenschaftliche Frageb\u00f6gen f\u00fcr eine auf Ihre Bed\u00fcrfnisse zugeschnittene Behandlung<\/h3><\/div><\/div><div class=\"vc_empty_space\" style=\"margin: 0px; padding: 0px; border: 0px; outline: 0px; font-weight: inherit; font-style: inherit; font-family: inherit; vertical-align: baseline; height: 52px;\"> <\/div><\/div><\/div><\/div><div class=\"vc_row wpb_row vc_row-fluid\" style=\"margin: 0px; padding: 0px; border: 0px; outline: 0px; font-size: 16px; font-family: Lato, sans-serif; vertical-align: baseline; color: #666666; background-color: #f8f8f8;\"><div class=\"wpb_column vc_column_container vc_col-sm-12\" style=\"margin: 0px; padding: 0px; border: 0px; outline: 0px; font-weight: inherit; font-style: inherit; font-family: inherit; vertical-align: baseline; width: 990px; position: relative; min-height: auto; float: left;\"><div class=\"wpb_wrapper\" style=\"margin: 0px; padding: 0px; border: 0px; outline: 0px; font-weight: inherit; font-style: inherit; font-family: inherit; vertical-align: baseline;\"><div class=\"wpb_text_column wpb_content_element \" style=\"margin: 0px 0px 35px; padding: 0px; border: 0px; outline: 0px; font-weight: inherit; font-style: inherit; font-family: inherit; vertical-align: baseline;\"><div class=\"wpb_wrapper\" style=\"margin: 0px; padding: 0px; border: 0px; outline: 0px; font-weight: inherit; font-style: inherit; font-family: inherit; vertical-align: baseline;\"><p style=\"margin-right: 0px; margin-bottom: 0px; margin-left: 0px; padding: 1em 0px; border: 0px; outline: 0px; font-weight: inherit; font-style: inherit; font-family: inherit; vertical-align: baseline; line-height: 24px;\">W\u00e4hrend Ihres Besuchs bei der Physionutrition kann Ihr Arzt\/\u00c4rztin Sie bitten, Online-Frageb\u00f6gen auszuf\u00fcllen.<\/p><p style=\"margin-right: 0px; margin-bottom: 0px; margin-left: 0px; padding: 1em 0px; border: 0px; outline: 0px; font-weight: inherit; font-style: inherit; font-family: inherit; vertical-align: baseline; line-height: 24px;\">Die folgenden Texte erl\u00e4utern Ihnen die Ziele der Frageb\u00f6gen.<\/p><p style=\"margin-right: 0px; margin-bottom: 0px; margin-left: 0px; padding: 1em 0px; border: 0px; outline: 0px; font-weight: inherit; font-style: inherit; font-family: inherit; vertical-align: baseline; line-height: 24px;\">Achtung: Um die Frageb\u00f6gen ausf\u00fcllen zu k\u00f6nnen, m\u00fcssen Sie Ihr Login und Ihr Passwort von einer in Physionutrition ausgebildeten medizinischen Fachkraft erhalten.<\/p><\/div><\/div><div class=\"vc_empty_space\" style=\"margin: 0px; padding: 0px; border: 0px; outline: 0px; font-weight: inherit; font-style: inherit; font-family: inherit; vertical-align: baseline; height: 52px;\"> <\/div><h3 class=\"box_header page_margin_top_section\" style=\"margin-right: 0px; margin-bottom: 0px; margin-left: 0px; padding: 0px; color: #000000; font-size: 18px;\">QUIDAM : QUestionnaire Individuel D\u2019Apports en Macronutriments (Individueller Fragebogen zur N\u00e4hrstoffzufuhr)<\/h3><div class=\"wpb_text_column wpb_content_element \" style=\"margin: 0px 0px 35px; padding: 0px; border: 0px; outline: 0px; font-weight: inherit; font-style: inherit; font-family: inherit; vertical-align: baseline;\"><div class=\"wpb_wrapper\" style=\"margin: 0px; padding: 0px; border: 0px; outline: 0px; font-weight: inherit; font-style: inherit; font-family: inherit; vertical-align: baseline;\"><p style=\"margin-right: 0px; margin-bottom: 0px; margin-left: 0px; padding: 1em 0px; border: 0px; outline: 0px; font-weight: inherit; font-style: inherit; font-family: inherit; vertical-align: baseline; line-height: 24px;\">Anhand von 11 Fragen erm\u00f6glicht der QUIDAM eine schnelle Einsch\u00e4tzung Ihrer Essgewohnheiten. Nach der Auswertung wird der Arzt\/\u00c4rztin den m\u00f6glichen Ern\u00e4hrungsfehler identifizieren und korrigieren k\u00f6nnen.<\/p><\/div><\/div><div class=\"vc_empty_space\" style=\"margin: 0px; padding: 0px; border: 0px; outline: 0px; font-weight: inherit; font-style: inherit; font-family: inherit; vertical-align: baseline; height: 52px;\"> <\/div><h3 class=\"box_header page_margin_top_section\" style=\"margin-right: 0px; margin-bottom: 0px; margin-left: 0px; padding: 0px; color: #000000; font-size: 18px;\">QUADO : QUestionnaire d\u2019Analyse, de D\u00e9pistage et d\u2019Orientation en Physionutrition (Fragebogen zur Analyse, zum Screening und zur Orientierung in der Physionutrition)<\/h3><div class=\"wpb_text_column wpb_content_element \" style=\"margin: 0px 0px 35px; padding: 0px; border: 0px; outline: 0px; font-weight: inherit; font-style: inherit; font-family: inherit; vertical-align: baseline;\"><div class=\"wpb_wrapper\" style=\"margin: 0px; padding: 0px; border: 0px; outline: 0px; font-weight: inherit; font-style: inherit; font-family: inherit; vertical-align: baseline;\"><p style=\"margin-right: 0px; margin-bottom: 0px; margin-left: 0px; padding: 1em 0px; border: 0px; outline: 0px; font-weight: inherit; font-style: inherit; font-family: inherit; vertical-align: baseline; line-height: 24px;\">Als echter Gesundheitscheck erm\u00f6glicht der QUADO Ihrem Gesundheitsexperten, mikronutitionelle Ungleichgewichte in 8 Gleichgewichten des Organismus zu identifizieren.<\/p><p style=\"margin-right: 0px; margin-bottom: 0px; margin-left: 0px; padding: 1em 0px; border: 0px; outline: 0px; font-weight: inherit; font-style: inherit; font-family: inherit; vertical-align: baseline; line-height: 24px;\">1) Gleichgewicht der Mikrobiota<br>2) Gleichgewicht der Darmpermeabilit\u00e4t<br>3) Detox Gleichgewicht<br>4) Oxido-inflammatorisches Gleichgewicht<br>5) Gleichgewicht an essentiellen Fetts\u00e4uren<br>6) S\u00e4ure-Basen Gleichgewicht<br>7) Gleichgewicht der Neuromediatoren<br style=\"margin-bottom: 0px;\">8) Mitochondrien Gleichgewicht<\/p><p style=\"margin-right: 0px; margin-bottom: 0px; margin-left: 0px; padding: 1em 0px; border: 0px; outline: 0px; font-weight: inherit; font-style: inherit; font-family: inherit; vertical-align: baseline; line-height: 24px;\">Die Analyse des QUADOs erm\u00f6glicht es der medizinischen Fachkraft, f\u00fcr jedes der Gleichgewichte eine auf Ihre Bed\u00fcrfnisse zugeschnittene Behandlung einzuleiten.<\/p><\/div><\/div><div class=\"vc_empty_space\" style=\"margin: 0px; padding: 0px; border: 0px; outline: 0px; font-weight: inherit; font-style: inherit; font-family: inherit; vertical-align: baseline; height: 52px;\"> <\/div><h3 class=\"box_header page_margin_top_section\" style=\"margin-right: 0px; margin-bottom: 0px; margin-left: 0px; padding: 0px; color: #000000; font-size: 18px;\">Le QUEEN : QUestionnaire d&#8217;\u00c9valuation ENdocrinologie (Fragebogen zur Auswertung in der Endokrinologie)<\/h3><div class=\"wpb_text_column wpb_content_element \" style=\"margin: 0px 0px 35px; padding: 0px; border: 0px; outline: 0px; font-weight: inherit; font-style: inherit; font-family: inherit; vertical-align: baseline;\"><div class=\"wpb_wrapper\" style=\"margin: 0px; padding: 0px; border: 0px; outline: 0px; font-weight: inherit; font-style: inherit; font-family: inherit; vertical-align: baseline;\"><p style=\"margin-right: 0px; margin-bottom: 0px; margin-left: 0px; padding: 1em 0px; border: 0px; outline: 0px; font-weight: inherit; font-style: inherit; font-family: inherit; vertical-align: baseline; line-height: 24px;\">Unsere Hormone greifen das ganze Leben lang zu einem funktionellen Zweck ein. Sie sind chemische Botenstoffe, die ins Blut abgegeben werden und k\u00f6rperliche und physiologische Ver\u00e4nderungen, aber auch Verhaltens\u00e4nderungen erm\u00f6glichen. Sie beeinflussen: Wachstum, Sexualit\u00e4t, Fortpflanzung, Stoffwechsel, Muskelaufbau, Stimmung, Schlaf, Wachsamkeit&#8230;  <\/p><p style=\"margin-right: 0px; margin-bottom: 0px; margin-left: 0px; padding: 1em 0px; border: 0px; outline: 0px; font-weight: inherit; font-style: inherit; font-family: inherit; vertical-align: baseline; line-height: 24px;\">Der QUEEN ist ein Fragebogen, der Ihre Symptome und Ihre Krankengeschichte rund um 11 Hormone untersucht: Schilddr\u00fcse, Insulin, Melatonin, Wachstumshormon (GH), DHEA, Cortisol, Aldosteron, Pregnenolon, Testosteron, \u00d6strogen und Progesteron.<\/p><p style=\"margin-right: 0px; margin-bottom: 0px; margin-left: 0px; padding: 1em 0px; border: 0px; outline: 0px; font-weight: inherit; font-style: inherit; font-family: inherit; vertical-align: baseline; line-height: 24px;\">Der Fragebogen erm\u00f6glicht die Bewertung der verschiedenen endokrinen Dysfunktionen und eine fr\u00fchzeitige Behandlung von hormonellen Ungleichgewichten durch Ihre Gesundheitsfachkraft, noch bevor biologische St\u00f6rungen auftreten.<\/p><\/div><\/div><div class=\"vc_empty_space\" style=\"margin: 0px; padding: 0px; border: 0px; outline: 0px; font-weight: inherit; font-style: inherit; font-family: inherit; vertical-align: baseline; height: 52px;\"> <\/div><h3 class=\"box_header page_margin_top_section\" style=\"margin-right: 0px; margin-bottom: 0px; margin-left: 0px; padding: 0px; color: #000000; font-size: 18px;\">EDN: Bewertung von Neuromediatordefizit<\/h3><div class=\"wpb_text_column wpb_content_element \" style=\"margin: 0px 0px 35px; padding: 0px; border: 0px; outline: 0px; font-weight: inherit; font-style: inherit; font-family: inherit; vertical-align: baseline;\"><div class=\"wpb_wrapper\" style=\"margin: 0px; padding: 0px; border: 0px; outline: 0px; font-weight: inherit; font-style: inherit; font-family: inherit; vertical-align: baseline;\"><p style=\"margin-right: 0px; margin-bottom: 0px; margin-left: 0px; padding: 1em 0px; border: 0px; outline: 0px; font-weight: inherit; font-style: inherit; font-family: inherit; vertical-align: baseline; line-height: 24px;\">Zahlreiche wissenschaftliche Studien haben gezeigt, dass ein Mangel an Neurotransmittern wie Serotonin oder Dopamin die Ursache f\u00fcr Misserfolge w\u00e4hrend einer Di\u00e4t sein kann, da er zu einem Verlust des Selbstvertrauens, einem R\u00fcckgang der Motivation, einer Tendenz zu Esszw\u00e4ngen, einem negativen depressiven Zustand, einer Logik des Nicht-Erfolgs usw. f\u00fchrt. Um einem Misserfolg vorzubeugen, kann Ihr Gesundheitsexperte mithilfe des EDN ein m\u00f6gliches Ungleichgewicht an Serotonin und\/oder Dopamin feststellen und ein geeignetes Therapieprotokoll erstellen.<\/p><\/div><\/div><\/div><\/div><\/div>\t\t\t\t\t\t<\/div>\n\t\t\t\t<\/div>\n\t\t\t\t\t<\/div>\n\t\t<\/div>\n\t\t\t\t\t\t\t<\/div>\n\t\t<\/section>\n\t\t\t\t\t\t\t<\/div>\n\t\t","protected":false},"excerpt":{"rendered":"<p>Wissenschaftliche Frageb\u00f6gen f\u00fcr eine auf Ihre Bed\u00fcrfnisse zugeschnittene Behandlung W\u00e4hrend Ihres Besuchs bei der Physionutrition kann Ihr Arzt\/\u00c4rztin Sie bitten, Online-Frageb\u00f6gen auszuf\u00fcllen. Die folgenden Texte erl\u00e4utern Ihnen die Ziele der Frageb\u00f6gen. Achtung: Um die Frageb\u00f6gen ausf\u00fcllen zu k\u00f6nnen, m\u00fcssen Sie Ihr Login und Ihr Passwort von einer in Physionutrition ausgebildeten medizinischen Fachkraft erhalten. QUIDAM : [&hellip;]<\/p>\n","protected":false},"author":1,"featured_media":0,"parent":0,"menu_order":0,"comment_status":"closed","ping_status":"closed","template":"","meta":{"footnotes":""},"_links":{"self":[{"href":"https:\/\/ii-2p.org\/de\/wp-json\/wp\/v2\/pages\/2812"}],"collection":[{"href":"https:\/\/ii-2p.org\/de\/wp-json\/wp\/v2\/pages"}],"about":[{"href":"https:\/\/ii-2p.org\/de\/wp-json\/wp\/v2\/types\/page"}],"author":[{"embeddable":true,"href":"https:\/\/ii-2p.org\/de\/wp-json\/wp\/v2\/users\/1"}],"replies":[{"embeddable":true,"href":"https:\/\/ii-2p.org\/de\/wp-json\/wp\/v2\/comments?post=2812"}],"version-history":[{"count":1,"href":"https:\/\/ii-2p.org\/de\/wp-json\/wp\/v2\/pages\/2812\/revisions"}],"predecessor-version":[{"id":2816,"href":"https:\/\/ii-2p.org\/de\/wp-json\/wp\/v2\/pages\/2812\/revisions\/2816"}],"wp:attachment":[{"href":"https:\/\/ii-2p.org\/de\/wp-json\/wp\/v2\/media?parent=2812"}],"curies":[{"name":"wp","href":"https:\/\/api.w.org\/{rel}","templated":true}]}}