{"id":2822,"date":"2021-12-20T15:30:14","date_gmt":"2021-12-20T15:30:14","guid":{"rendered":"https:\/\/ii-2p.org\/edn\/"},"modified":"2022-07-26T09:13:01","modified_gmt":"2022-07-26T09:13:01","slug":"edn","status":"publish","type":"page","link":"https:\/\/ii-2p.org\/de\/edn\/","title":{"rendered":"EDN"},"content":{"rendered":"\t\t<div data-elementor-type=\"wp-page\" data-elementor-id=\"2822\" class=\"elementor elementor-2822 elementor-1009\" data-elementor-post-type=\"page\">\n\t\t\t\t\t\t\t\t\t<section class=\"elementor-section elementor-top-section elementor-element elementor-element-a474ab9 elementor-section-boxed elementor-section-height-default elementor-section-height-default\" data-id=\"a474ab9\" data-element_type=\"section\">\n\t\t\t\t\t\t<div class=\"elementor-container elementor-column-gap-default\">\n\t\t\t\t\t<div class=\"elementor-column elementor-col-100 elementor-top-column elementor-element elementor-element-b649e34\" data-id=\"b649e34\" data-element_type=\"column\">\n\t\t\t<div class=\"elementor-widget-wrap elementor-element-populated\">\n\t\t\t\t\t\t\t\t<div class=\"elementor-element elementor-element-cb44a7b elementor-widget elementor-widget-text-editor\" data-id=\"cb44a7b\" data-element_type=\"widget\" data-widget_type=\"text-editor.default\">\n\t\t\t\t<div class=\"elementor-widget-container\">\n\t\t\t<style>\/*! elementor - v3.18.0 - 20-12-2023 *\/\n.elementor-widget-text-editor.elementor-drop-cap-view-stacked .elementor-drop-cap{background-color:#69727d;color:#fff}.elementor-widget-text-editor.elementor-drop-cap-view-framed .elementor-drop-cap{color:#69727d;border:3px solid;background-color:transparent}.elementor-widget-text-editor:not(.elementor-drop-cap-view-default) .elementor-drop-cap{margin-top:8px}.elementor-widget-text-editor:not(.elementor-drop-cap-view-default) .elementor-drop-cap-letter{width:1em;height:1em}.elementor-widget-text-editor .elementor-drop-cap{float:left;text-align:center;line-height:1;font-size:50px}.elementor-widget-text-editor .elementor-drop-cap-letter{display:inline-block}<\/style>\t\t\t\t<div class=\"vc_row wpb_row vc_row-fluid\" style=\"margin: 0px; padding: 0px; border: 0px; outline: 0px; font-size: 16px; font-family: Lato, sans-serif; vertical-align: baseline; color: rgb(102, 102, 102); background-color: rgb(248, 248, 248);\"><div class=\"wpb_column vc_column_container vc_col-sm-12\" style=\"margin: 0px; padding: 0px; border: 0px; outline: 0px; font-weight: inherit; font-style: inherit; font-family: inherit; vertical-align: baseline; width: 990px; position: relative; min-height: auto; float: left;\"><div class=\"wpb_wrapper\" style=\"margin: 0px; padding: 0px; border: 0px; outline: 0px; font-weight: inherit; font-style: inherit; font-family: inherit; vertical-align: baseline;\"><h3 class=\"box_header page_margin_top_section\" style=\"margin-right: 0px; margin-bottom: 0px; margin-left: 0px; padding: 0px; color: rgb(0, 0, 0); font-size: 18px;\">EDN : Bewertung von Neuromediatordefiziten<\/h3><\/div><\/div><\/div><div class=\"vc_row wpb_row vc_row-fluid\" style=\"margin: 0px; padding: 0px; border: 0px; outline: 0px; font-size: 16px; font-family: Lato, sans-serif; vertical-align: baseline; color: rgb(102, 102, 102); background-color: rgb(248, 248, 248);\"><div class=\"wpb_column vc_column_container vc_col-sm-12\" style=\"margin: 0px; padding: 0px; border: 0px; outline: 0px; font-weight: inherit; font-style: inherit; font-family: inherit; vertical-align: baseline; width: 990px; position: relative; min-height: auto; float: left;\"><div class=\"wpb_wrapper\" style=\"margin: 0px; padding: 0px; border: 0px; outline: 0px; font-weight: inherit; font-style: inherit; font-family: inherit; vertical-align: baseline;\"><div class=\"wpb_text_column wpb_content_element \" style=\"margin: 0px 0px 35px; padding: 0px; border: 0px; outline: 0px; font-weight: inherit; font-style: inherit; font-family: inherit; vertical-align: baseline;\"><div class=\"wpb_wrapper\" style=\"margin: 0px; padding: 0px; border: 0px; outline: 0px; font-weight: inherit; font-style: inherit; font-family: inherit; vertical-align: baseline;\"><p style=\"margin-right: 0px; margin-bottom: 0px; margin-left: 0px; padding: 1em 0px; border: 0px; outline: 0px; font-weight: inherit; font-style: inherit; font-family: inherit; vertical-align: baseline; line-height: 24px;\">Zahlreiche wissenschaftliche Studien haben gezeigt, dass ein Mangel an Neurotransmittern wie Serotonin oder Dopamin die Ursache f\u00fcr Misserfolge w\u00e4hrend einer Di\u00e4t sein kann, da er zu einem Verlust des Selbstvertrauens, einem R\u00fcckgang der Motivation, einer Neigung zu Esszw\u00e4ngen, einem negativen depressiven Zustand, einer Logik des Nicht-Erfolgs usw. f\u00fchrt. Um einem Misserfolg vorzubeugen, k\u00f6nnen Sie mithilfe vom EDN ein m\u00f6gliches Ungleichgewicht an Serotonin und\/oder Dopamin feststellen und ein geeignetes Therapieprotokoll einrichten.<\/p><p style=\"margin-right: 0px; margin-bottom: 0px; margin-left: 0px; padding: 1em 0px; border: 0px; outline: 0px; font-weight: inherit; font-style: inherit; font-family: inherit; vertical-align: baseline; line-height: 24px;\">Unser professioneller Bereich erm\u00f6glicht Ihnen einen schnellen Zugriff auf das EDN. Unsere p\u00e4dagogische und ergonomische Plattform erm\u00f6glicht es Ihnen, jeden Patienten \u00fcber einen l\u00e4ngeren Zeitraum zu verfolgen. Da die Frageb\u00f6gen mehrmals ausgef\u00fcllt werden k\u00f6nnen, ist es m\u00f6glich, die Ergebnisse zu vergleichen und ihre Entwicklung zu analysieren, um die Erstversorgung gegebenenfalls anzupassen.<\/p><\/div><\/div><\/div><\/div><\/div>\t\t\t\t\t\t<\/div>\n\t\t\t\t<\/div>\n\t\t\t\t\t<\/div>\n\t\t<\/div>\n\t\t\t\t\t\t\t<\/div>\n\t\t<\/section>\n\t\t\t\t\t\t\t<\/div>\n\t\t","protected":false},"excerpt":{"rendered":"<p>EDN : Bewertung von Neuromediatordefiziten Zahlreiche wissenschaftliche Studien haben gezeigt, dass ein Mangel an Neurotransmittern wie Serotonin oder Dopamin die Ursache f\u00fcr Misserfolge w\u00e4hrend einer Di\u00e4t sein kann, da er zu einem Verlust des Selbstvertrauens, einem R\u00fcckgang der Motivation, einer Neigung zu Esszw\u00e4ngen, einem negativen depressiven Zustand, einer Logik des Nicht-Erfolgs usw. f\u00fchrt. Um einem [&hellip;]<\/p>\n","protected":false},"author":1,"featured_media":0,"parent":0,"menu_order":0,"comment_status":"closed","ping_status":"closed","template":"","meta":{"footnotes":""},"_links":{"self":[{"href":"https:\/\/ii-2p.org\/de\/wp-json\/wp\/v2\/pages\/2822"}],"collection":[{"href":"https:\/\/ii-2p.org\/de\/wp-json\/wp\/v2\/pages"}],"about":[{"href":"https:\/\/ii-2p.org\/de\/wp-json\/wp\/v2\/types\/page"}],"author":[{"embeddable":true,"href":"https:\/\/ii-2p.org\/de\/wp-json\/wp\/v2\/users\/1"}],"replies":[{"embeddable":true,"href":"https:\/\/ii-2p.org\/de\/wp-json\/wp\/v2\/comments?post=2822"}],"version-history":[{"count":3,"href":"https:\/\/ii-2p.org\/de\/wp-json\/wp\/v2\/pages\/2822\/revisions"}],"predecessor-version":[{"id":2988,"href":"https:\/\/ii-2p.org\/de\/wp-json\/wp\/v2\/pages\/2822\/revisions\/2988"}],"wp:attachment":[{"href":"https:\/\/ii-2p.org\/de\/wp-json\/wp\/v2\/media?parent=2822"}],"curies":[{"name":"wp","href":"https:\/\/api.w.org\/{rel}","templated":true}]}}