{"id":2827,"date":"2014-05-10T17:39:42","date_gmt":"2014-05-10T17:39:42","guid":{"rendered":"https:\/\/ii-2p.org\/faqs\/"},"modified":"2022-07-26T09:13:18","modified_gmt":"2022-07-26T09:13:18","slug":"faqs","status":"publish","type":"page","link":"https:\/\/ii-2p.org\/de\/faqs\/","title":{"rendered":"FAQs"},"content":{"rendered":"<p>Dies sind einige grundlegende Textinformationen \u00fcber die FAQ-Seite. Sie k\u00f6nnen das Feld leer lassen, wenn Sie diese Informationen nicht anzeigen m\u00f6chten. Lorem ipsum dolor sit amet, consectetuer adipiscing elit, sed diam nonummy nibh euismod tincidunt ut laoreet dolore magna aliquam erat volutpat.<\/p>\n","protected":false},"excerpt":{"rendered":"<p>Dies sind einige grundlegende Textinformationen \u00fcber die FAQ-Seite. Sie k\u00f6nnen das Feld leer lassen, wenn Sie diese Informationen nicht anzeigen m\u00f6chten. Lorem ipsum dolor sit amet, consectetuer adipiscing elit, sed diam nonummy nibh euismod tincidunt ut laoreet dolore magna aliquam erat volutpat.<\/p>\n","protected":false},"author":1,"featured_media":0,"parent":0,"menu_order":0,"comment_status":"closed","ping_status":"closed","template":"templates\/faq.php","meta":{"footnotes":""},"_links":{"self":[{"href":"https:\/\/ii-2p.org\/de\/wp-json\/wp\/v2\/pages\/2827"}],"collection":[{"href":"https:\/\/ii-2p.org\/de\/wp-json\/wp\/v2\/pages"}],"about":[{"href":"https:\/\/ii-2p.org\/de\/wp-json\/wp\/v2\/types\/page"}],"author":[{"embeddable":true,"href":"https:\/\/ii-2p.org\/de\/wp-json\/wp\/v2\/users\/1"}],"replies":[{"embeddable":true,"href":"https:\/\/ii-2p.org\/de\/wp-json\/wp\/v2\/comments?post=2827"}],"version-history":[{"count":1,"href":"https:\/\/ii-2p.org\/de\/wp-json\/wp\/v2\/pages\/2827\/revisions"}],"predecessor-version":[{"id":2989,"href":"https:\/\/ii-2p.org\/de\/wp-json\/wp\/v2\/pages\/2827\/revisions\/2989"}],"wp:attachment":[{"href":"https:\/\/ii-2p.org\/de\/wp-json\/wp\/v2\/media?parent=2827"}],"curies":[{"name":"wp","href":"https:\/\/api.w.org\/{rel}","templated":true}]}}