{"id":2841,"date":"2021-12-20T14:18:48","date_gmt":"2021-12-20T14:18:48","guid":{"rendered":"https:\/\/ii-2p.org\/e-t-i-p-p\/"},"modified":"2022-10-04T14:34:17","modified_gmt":"2022-10-04T14:34:17","slug":"i-i-2-p","status":"publish","type":"page","link":"https:\/\/ii-2p.org\/de\/i-i-2-p\/","title":{"rendered":"II2P"},"content":{"rendered":"\t\t<div data-elementor-type=\"wp-page\" data-elementor-id=\"2841\" class=\"elementor elementor-2841 elementor-894\" data-elementor-post-type=\"page\">\n\t\t\t\t\t\t\t\t\t<section class=\"elementor-section elementor-top-section elementor-element elementor-element-ef353e1 elementor-section-boxed elementor-section-height-default elementor-section-height-default\" data-id=\"ef353e1\" data-element_type=\"section\">\n\t\t\t\t\t\t<div class=\"elementor-container elementor-column-gap-default\">\n\t\t\t\t\t<div class=\"elementor-column elementor-col-100 elementor-top-column elementor-element elementor-element-761972f\" data-id=\"761972f\" data-element_type=\"column\">\n\t\t\t<div class=\"elementor-widget-wrap elementor-element-populated\">\n\t\t\t\t\t\t\t\t<div class=\"elementor-element elementor-element-c5660cb elementor-widget elementor-widget-text-editor\" data-id=\"c5660cb\" data-element_type=\"widget\" data-widget_type=\"text-editor.default\">\n\t\t\t\t<div class=\"elementor-widget-container\">\n\t\t\t<style>\/*! elementor - v3.18.0 - 20-12-2023 *\/\n.elementor-widget-text-editor.elementor-drop-cap-view-stacked .elementor-drop-cap{background-color:#69727d;color:#fff}.elementor-widget-text-editor.elementor-drop-cap-view-framed .elementor-drop-cap{color:#69727d;border:3px solid;background-color:transparent}.elementor-widget-text-editor:not(.elementor-drop-cap-view-default) .elementor-drop-cap{margin-top:8px}.elementor-widget-text-editor:not(.elementor-drop-cap-view-default) .elementor-drop-cap-letter{width:1em;height:1em}.elementor-widget-text-editor .elementor-drop-cap{float:left;text-align:center;line-height:1;font-size:50px}.elementor-widget-text-editor .elementor-drop-cap-letter{display:inline-block}<\/style>\t\t\t\t<div class=\"clearfix\">\n<div class=\"vc_row wpb_row vc_row-fluid\">\n<div class=\"wpb_column vc_column_container vc_col-sm-12\">\n<div class=\"wpb_wrapper\"> <\/div>\n<\/div>\n<\/div>\n<div class=\"vc_row wpb_row vc_row-fluid\">\n<div class=\"wpb_column vc_column_container vc_col-sm-12\">\n<div class=\"wpb_wrapper\">\n<div class=\"vc_empty_space\" style=\"height: 32px;\"> <\/div>\n<h1 class=\"box_header\"><strong>International Institute of Physionutrition and Phytotherapy<\/strong><\/h1>\n<div class=\"wpb_text_column wpb_content_element \">\n<div class=\"wpb_wrapper\">\n<p>Das II2P, ein Ausbildungsinstitut mit Sitz im Gro\u00dfherzogtum Luxemburg, wurde auf Initiative von Allgemeinmedizinern, Ern\u00e4hrungswissenschaftlern und Universit\u00e4tsprofessoren gegr\u00fcndet, um die Gesundheitsberufe in Physionutrition und Phytotherapie auszubilden.<\/p>\n<p>Seitdem konzentriert sich unsere Arbeit auf 2 wesentliche Ziele:<\/p>\n<\/div>\n<\/div>\n<ul class=\"items_list clearfix\">\n<li style=\"list-style-type: none;\">\n<ul class=\"simple_list clearfix\">\n<li class=\"icon_small_arrow tick clearfix\">Ausbildung von medizinischem Fachpersonal in den Grundlagen und Basics der Physionutrition und Phytotherapie durch einen Ausbildungszyklus mit 64 Modulen<\/li>\n<li class=\"icon_small_arrow tick clearfix\">Entwicklung gepr\u00fcfter Frageb\u00f6gen zur diagnostischen Orientierung, um medizinische Fachkr\u00e4fte bei der Behandlung ihrer Patienten zu unterst\u00fctzen<\/li>\n<\/ul>\n<\/li>\n<\/ul>\n<h3 class=\"box_header page_margin_top\"><strong>A. Weiterbildung von Gesundheitsfachkr\u00e4ften<\/strong><\/h3>\n<div class=\"wpb_text_column wpb_content_element \">\n<div class=\"wpb_wrapper\">\n<p>Dies ist das vorrangige Ziel vom II2P, daher haben wir aus didaktischen Gr\u00fcnden beschlossen, den Unterricht an die t\u00e4glichen Anforderungen von Gesundheitsfachkr\u00e4ften anzupassen und gleichzeitig den Austausch und die Weitergabe von Erfahrungen zu f\u00f6rdern. Wir legen nat\u00fcrlich Wert auf die Qualit\u00e4t der Referenten, die die notwendige Grundlage f\u00fcr einen fundierten Unterricht ist. Es gibt mehrere Unterrichtsformen:<\/p>\n<\/div>\n<\/div>\n<p><strong> Die Ausbildungszyklen zu Physionutrition und Phytotherapie :<\/strong><\/p>\n<p>Das II2P bietet eine praxisorientierte Ausbildung in Physionutrition und Phytotherapie mit 64 Modulen an, die auf den Kenntnissen der Ern\u00e4hrung, den 8 Grundgleichgewichten der Mikronutrition (Mikrobiota, Darmpermeabilit\u00e4t, Detox, oxidativ-inflammatorisch, Fetts\u00e4uren, S\u00e4ure-Basen, Neuromediatoren, Mitochondrien) sowie dem Kennenlernen von Frageb\u00f6gen zur diagnostischen Orientierung beruht:<\/p>\n<ul>\n<li>Der <strong>QUIDAM <\/strong>: (<strong>QU<\/strong>estionnaire <strong>I<\/strong>ndividuel <strong>D<\/strong>\u2019<strong>A<\/strong>pport <strong>M<\/strong>acronutrionnels) Mit dem QUIDAM k\u00f6nnen Sie die Ern\u00e4hrungsgewohnheiten Ihrer Patienten bewerten und m\u00f6gliche Ern\u00e4hrungsfehler korrigieren.<\/li>\n<li>Der <strong>QUADO :<\/strong> (<strong>QU<\/strong>estionnaire d\u2019<strong>A<\/strong>nalyse de <strong>D<\/strong>\u00e9pistage et d\u2019<strong>O<\/strong>rientation) Fragebogen zur Analyse, Erkennung und Orientierung, untersucht die pers\u00f6nliche Vorgeschichte, den Lebensstil, die laufenden Behandlungen und die zahlreichen funktionellen Zeichen, um Mikron\u00e4hrstoffungleichgewichte zu erkennen und eine Behandlung durch Ausgewogenheit einzuleiten.<\/li>\n<li>Der <strong>QUEEN<\/strong> : (<strong>Qu<\/strong>estionnaire d\u2019<strong>E<\/strong>valuation en <strong>En<\/strong>docrinologie) Fragebogen zur Bewertung der Endokrinologie erm\u00f6glicht eine schnelle Bewertung der verschiedenen endokrinen Dysfunktionen Ihrer Patienten.<\/li>\n<li>EDN : Fragebogen zur Bewertung von Neuromediatordefiziten Mithilfe des EDN k\u00f6nnen Sie ein m\u00f6gliches Ungleichgewicht von Serotonin und\/oder Dopamin feststellen und ein geeignetes Therapieprotokoll erstellen.<\/li>\n<\/ul>\n<p>Es werden genaue Protokolle vorgestellt, die sofort angewendet werden k\u00f6nnen. Der Austausch \u00fcber die Pflanzen hilft zu verstehen, wie diese Protokolle in die Verschreibungsgewohnheiten integriert werden k\u00f6nnen.<\/p>\n<p> <strong><i>      Extra muros<\/i> Seminare :<\/strong><\/p>\n<p>Jedes Jahr organisieren wir (in Zusammenarbeit mit unserem langj\u00e4hrigen Partner THERASCIENCE) etwa zehn Seminare, die zwischen drei und zehn Tagen dauern. W\u00e4hrend dieser Zeit behandeln wir jeden Tag praktische Themen anhand von klinischen F\u00e4llen, die in Pr\u00e4sentationen zur pr\u00e4ventiven oder therapeutischen Behandlung der verschiedenen h\u00e4ufigsten Pathologien m\u00fcnden.<\/p>\n<h3 class=\"box_header page_margin_top_section\"><strong>B. Entwicklung validierter Frageb\u00f6gen zur diagnostischen Orientierung f\u00fcr Angeh\u00f6rige der Gesundheitsberufe<\/strong><\/h3>\n<div class=\"wpb_text_column wpb_content_element \">\n<div class=\"wpb_wrapper\">\n<p>Die von den verschiedenen wissenschaftlichen Aussch\u00fcssen erstellten Frageb\u00f6gen zur diagnostischen Orientierung QUIDAM, QUADO, QUEEN und EDN erm\u00f6glichen eine umfassende und optimale Betreuung des Patienten. Diese Frageb\u00f6gen laufen auf allen Ebenen auf den Funktionsaspekt zu, anstatt sich auf eine einzige Behandlung f\u00fcr eine einzige Diagnose zu konzentrieren. Sie nutzen die Krankengeschichte des Patienten als Hauptinstrument, um Diagnose, Anzeichen und Symptome zu integrieren und so klinische Ungleichgewichte in einem verstehenden Ansatz aufzuzeigen.<\/p>\n<p>Es gibt einen Fragebogen f\u00fcr jede der 3 S\u00e4ulen der Physionutrion: Ern\u00e4hrung, Mikronutrition und Endokrinologie, die 10 Gleichgewichte umfassen.<\/p>\n<\/div>\n<\/div>\n<div class=\"wpb_text_column wpb_content_element \">\n<div class=\"wpb_wrapper\">\n<table class=\"margin-top-30\">\n<tbody>\n<tr>\n<td> <\/td>\n<td><strong>Gleichgewichte<\/strong><\/td>\n<td><strong>S\u00e4ulen<\/strong><\/td>\n<td><strong>Frageb\u00f6gen<\/strong><\/td>\n<\/tr>\n<tr>\n<td>1<\/td>\n<td><strong>G<\/strong>leichgewicht der Ern\u00e4hrung<\/td>\n<td>Ern\u00e4hrung<\/td>\n<td>QUIDAM<\/td>\n<\/tr>\n<tr>\n<td>2<\/td>\n<td><strong>G<\/strong>leichgewicht der Mikrobiota<\/td>\n<td>Mikronahrung<\/td>\n<td>QUADO<\/td>\n<\/tr>\n<tr>\n<td>3<\/td>\n<td><strong>G<\/strong>leichgewicht der Darmpermeabilit\u00e4t<\/td>\n<td>Mikronahrung<\/td>\n<td>QUADO<\/td>\n<\/tr>\n<tr>\n<td>4<\/td>\n<td><strong>D<\/strong>etox-Gleichgewicht<\/td>\n<td>Mikronahrung<\/td>\n<td>QUADO<\/td>\n<\/tr>\n<tr>\n<td>5<\/td>\n<td><strong>O<\/strong>xidativ-inflammatorisches-Gleichgewicht<\/td>\n<td>Mirkonahrung<\/td>\n<td>QUADO<\/td>\n<\/tr>\n<tr>\n<td>6<\/td>\n<td><strong>G<\/strong>leichgewicht der essentiellen Fetts\u00e4uren<\/td>\n<td>Mikronahrung<\/td>\n<td>QUADO<\/td>\n<\/tr>\n<tr>\n<td>7<\/td>\n<td><strong>S<\/strong>\u00e4ure-Base-Gleichgewicht<\/td>\n<td>Mirkonahrung<\/td>\n<td>QUADO<\/td>\n<\/tr>\n<tr>\n<td>8<\/td>\n<td><strong>G<\/strong>leichgewicht der Neuromediatoren<\/td>\n<td>Mikronahrung<\/td>\n<td>QUADO\/EDN<\/td>\n<\/tr>\n<tr>\n<td>9<\/td>\n<td><strong>G<\/strong>leichgewicht der Mitochondrien<\/td>\n<td>Mikronahrung<\/td>\n<td>QUADO<\/td>\n<\/tr>\n<tr>\n<td>10<\/td>\n<td><strong>S<\/strong>toffwechsel-<\/td>\n<td>Hormon<\/td>\n<td>QUEEN<\/td>\n<\/tr>\n<\/tbody>\n<\/table>\n<\/div>\n<\/div>\n<h3 class=\"box_header page_margin_top_section\">QUIDAM<\/h3>\n<div class=\"wpb_text_column wpb_content_element \">\n<div class=\"wpb_wrapper\">\n<p>Der <strong>QU<\/strong><strong>I<\/strong><strong>D<\/strong><strong>A<\/strong><strong>M<\/strong> ist ein einfaches und schnelles Instrument, mit dem Sie die Art und H\u00e4ufigkeit des Verzehrs verschiedener Nahrungsmittel bewerten k\u00f6nnen : Obst, Gem\u00fcse, Vollwertkost, fettes Fleisch und Fisch, Milchprodukte, Arten von \u00d6len und Wasser, die Ihre Patienten zu sich nehmen.<\/p>\n<\/div>\n<\/div>\n<h3 class=\"box_header page_margin_top_section\">QUADO<\/h3>\n<div class=\"wpb_text_column wpb_content_element \">\n<div class=\"wpb_wrapper\">\n<p>Der <strong>QU<\/strong><strong>A<\/strong><strong>D<\/strong><strong>O<\/strong> untersucht die pers\u00f6nliche Vorgeschichte, den Lebensstil, die laufenden Behandlungen und die zahlreichen funktionellen Zeichen (Reizungen, Haut, Verdauung, Neuro-Sensorik, Immunsystem &#8230;) der Patienten.<\/p>\n<\/div>\n<\/div>\n<h3 class=\"box_header page_margin_top_section\">QUEEN<\/h3>\n<div class=\"wpb_text_column wpb_content_element \">\n<div class=\"wpb_wrapper\">\n<p>Der <strong>QU<\/strong><strong>E<\/strong><strong>EN<\/strong> untersucht die Symptome und die Krankengeschichte der Patienten in Bezug auf 11 Hormone.<\/p>\n<\/div>\n<\/div>\n<h3 class=\"box_header page_margin_top_section\">EDN<\/h3>\n<div class=\"wpb_text_column wpb_content_element \">\n<div class=\"wpb_wrapper\">\n<p>Der <strong>E<\/strong><strong>D<\/strong><strong>N<\/strong> ist ein Fragebogen zur Beurteilung der Neuromediatorendefizite. Mithilfe des EDN k\u00f6nnen Sie ein m\u00f6gliches Ungleichgewicht von Serotonin und\/oder Dopamin feststellen und ein geeignetes Therapieprotokoll erstellen. Mithilfe des EDN k\u00f6nnen Sie ein m\u00f6gliches Ungleichgewicht von Serotonin und\/oder Dopamin feststellen und ein geeignetes Therapieprotokoll erstellen.<\/p>\n<\/div>\n<\/div>\n<h3 class=\"box_header page_margin_top_section\">Ein professioneller Bereich<\/h3>\n<div class=\"wpb_text_column wpb_content_element \">\n<div class=\"wpb_wrapper\">\n<p>Unser professioneller Bereich erm\u00f6glicht Ihnen einen schnellen Zugriff auf die Frageb\u00f6gen. Unsere p\u00e4dagogische und ergonomische Plattform erm\u00f6glicht es Ihnen, jeden Patienten im Laufe der Zeit zu begleiten. Da jeder Fragebogen mehrmals ausgef\u00fcllt werden kann, ist es m\u00f6glich, die Ergebnisse zu vergleichen und ihre Entwicklung zu analysieren, um gegebenenfalls die Erstbehandlung anzupassen.<\/p>\n<p>Um Ihren professionellen Bereich einzurichten senden Sie eine E-Mail an info@ii-2p.org.&nbsp;<\/p>\n<\/div>\n<\/div>\n<\/div>\n<\/div>\n<\/div>\n<\/div>\t\t\t\t\t\t<\/div>\n\t\t\t\t<\/div>\n\t\t\t\t\t<\/div>\n\t\t<\/div>\n\t\t\t\t\t\t\t<\/div>\n\t\t<\/section>\n\t\t\t\t\t\t\t<\/div>\n\t\t","protected":false},"excerpt":{"rendered":"<p>International Institute of Physionutrition and Phytotherapy Das II2P, ein Ausbildungsinstitut mit Sitz im Gro\u00dfherzogtum Luxemburg, wurde auf Initiative von Allgemeinmedizinern, Ern\u00e4hrungswissenschaftlern und Universit\u00e4tsprofessoren gegr\u00fcndet, um die Gesundheitsberufe in Physionutrition und Phytotherapie auszubilden. Seitdem konzentriert sich unsere Arbeit auf 2 wesentliche Ziele: Ausbildung von medizinischem Fachpersonal in den Grundlagen und Basics der Physionutrition und Phytotherapie durch [&hellip;]<\/p>\n","protected":false},"author":1,"featured_media":0,"parent":0,"menu_order":0,"comment_status":"closed","ping_status":"closed","template":"","meta":{"footnotes":""},"_links":{"self":[{"href":"https:\/\/ii-2p.org\/de\/wp-json\/wp\/v2\/pages\/2841"}],"collection":[{"href":"https:\/\/ii-2p.org\/de\/wp-json\/wp\/v2\/pages"}],"about":[{"href":"https:\/\/ii-2p.org\/de\/wp-json\/wp\/v2\/types\/page"}],"author":[{"embeddable":true,"href":"https:\/\/ii-2p.org\/de\/wp-json\/wp\/v2\/users\/1"}],"replies":[{"embeddable":true,"href":"https:\/\/ii-2p.org\/de\/wp-json\/wp\/v2\/comments?post=2841"}],"version-history":[{"count":17,"href":"https:\/\/ii-2p.org\/de\/wp-json\/wp\/v2\/pages\/2841\/revisions"}],"predecessor-version":[{"id":4450,"href":"https:\/\/ii-2p.org\/de\/wp-json\/wp\/v2\/pages\/2841\/revisions\/4450"}],"wp:attachment":[{"href":"https:\/\/ii-2p.org\/de\/wp-json\/wp\/v2\/media?parent=2841"}],"curies":[{"name":"wp","href":"https:\/\/api.w.org\/{rel}","templated":true}]}}