{"id":2846,"date":"2021-12-20T15:38:24","date_gmt":"2021-12-20T15:38:24","guid":{"rendered":"https:\/\/ii-2p.org\/die-physionutrition-beratung\/"},"modified":"2022-09-08T14:25:31","modified_gmt":"2022-09-08T14:25:31","slug":"die-physionutrition-beratung","status":"publish","type":"page","link":"https:\/\/ii-2p.org\/de\/die-physionutrition-beratung\/","title":{"rendered":"Die Physionutrition-Beratung"},"content":{"rendered":"\t\t<div data-elementor-type=\"wp-page\" data-elementor-id=\"2846\" class=\"elementor elementor-2846 elementor-1030\" data-elementor-post-type=\"page\">\n\t\t\t\t\t\t\t\t\t<section class=\"elementor-section elementor-top-section elementor-element elementor-element-16aa8d7 elementor-section-boxed elementor-section-height-default elementor-section-height-default\" data-id=\"16aa8d7\" data-element_type=\"section\">\n\t\t\t\t\t\t<div class=\"elementor-container elementor-column-gap-default\">\n\t\t\t\t\t<div class=\"elementor-column elementor-col-100 elementor-top-column elementor-element elementor-element-40e0824\" data-id=\"40e0824\" data-element_type=\"column\">\n\t\t\t<div class=\"elementor-widget-wrap elementor-element-populated\">\n\t\t\t\t\t\t\t\t<div class=\"elementor-element elementor-element-7b9d625 elementor-widget elementor-widget-text-editor\" data-id=\"7b9d625\" data-element_type=\"widget\" data-widget_type=\"text-editor.default\">\n\t\t\t\t<div class=\"elementor-widget-container\">\n\t\t\t<style>\/*! elementor - v3.18.0 - 20-12-2023 *\/\n.elementor-widget-text-editor.elementor-drop-cap-view-stacked .elementor-drop-cap{background-color:#69727d;color:#fff}.elementor-widget-text-editor.elementor-drop-cap-view-framed .elementor-drop-cap{color:#69727d;border:3px solid;background-color:transparent}.elementor-widget-text-editor:not(.elementor-drop-cap-view-default) .elementor-drop-cap{margin-top:8px}.elementor-widget-text-editor:not(.elementor-drop-cap-view-default) .elementor-drop-cap-letter{width:1em;height:1em}.elementor-widget-text-editor .elementor-drop-cap{float:left;text-align:center;line-height:1;font-size:50px}.elementor-widget-text-editor .elementor-drop-cap-letter{display:inline-block}<\/style>\t\t\t\t<h3 style=\"margin-right: 0px; margin-bottom: 0px; margin-left: 0px; padding: 0px; color: #000000; font-size: 18px;\">Die Physionutrition-Beratung<br><br><\/h3>\n<h3 style=\"margin-right: 0px; margin-bottom: 0px; margin-left: 0px; padding: 0px; color: #000000; font-size: 18px;\"><span style=\"font-family: inherit; font-style: inherit; font-weight: inherit; color: #666666; font-size: 16px;\"> <\/span><\/h3>\n<h3 style=\"margin-right: 0px; margin-bottom: 0px; margin-left: 0px; padding: 0px; color: #000000; font-size: 18px; \"><span style=\"font-family: inherit; font-style: inherit; font-weight: inherit; color: #666666; font-size: 16px;\">Bei der Physionutrition-Beratung geht es darum, Ungleichgewicht und den Mangel an Makro- und Mikron\u00e4hrstoffen einer Person im Verh\u00e4ltnis zu ihren spezifischen Bed\u00fcrfnissen, zu behandeln.<\/span><\/h3>\n<div style=\"margin: 0px; padding: 0px; border: 0px; outline: 0px; font-size: 16px; font-family: Lato, sans-serif; vertical-align: baseline; color: #666666;\">\n<div style=\"margin: 0px; padding: 0px; border: 0px; outline: 0px; font-weight: inherit; font-style: inherit; font-family: inherit; vertical-align: baseline; width: 990px; position: relative; min-height: auto; float: left;\">\n<div style=\"margin: 0px; padding: 0px; border: 0px; outline: 0px; font-weight: inherit; font-style: inherit; font-family: inherit; vertical-align: baseline;\">\n<div style=\"margin: 0px 0px 35px; padding: 0px; border: 0px; outline: 0px; font-weight: inherit; font-style: inherit; font-family: inherit; vertical-align: baseline;\">\n<div style=\"margin: 0px; padding: 0px; border: 0px; outline: 0px; font-weight: inherit; font-style: inherit; font-family: inherit; vertical-align: baseline;\">\n<p style=\"margin-right: 0px; margin-bottom: 0px; margin-left: 0px; padding: 1em 0px; border: 0px; outline: 0px; font-weight: inherit; font-style: inherit; font-family: inherit; vertical-align: baseline; line-height: 24px;\">Bei der Physionutrition-Beratung werden mithilfe spezieller Frageb\u00f6gen die Ern\u00e4hrungsgewohnheiten sowie der allgemeine Gesundheitszustand des Patienten ermittelt, um zun\u00e4chst die Ern\u00e4hrung ins Gleichgewicht zu bringen und anschlie\u00dfend gegebenenfalls eine angepasste und personalisierte Nahrungserg\u00e4nzung vorzuschlagen.<\/p>\n<p style=\"margin-right: 0px; margin-bottom: 0px; margin-left: 0px; padding: 1em 0px; border: 0px; outline: 0px; font-weight: inherit; font-style: inherit; font-family: inherit; vertical-align: baseline; line-height: 24px;\">Die Physionutrition nimmt angesichts einer Ern\u00e4hrung, die aus haupts\u00e4chlich zwei Gr\u00fcnden einen Mangel an Mikron\u00e4hrstoffen aufweist, einen wichtigen Platz ein:<\/p>\n<ul>\n<li style=\"line-height: 22px !important;\"><strong style=\"color: #000000; margin-bottom: 0px;\">Die Verringerung der Gesamtkalorienaufnahme zu einer geringeren Zufuhr an Mikron\u00e4hrstoffen f\u00fchrte.<\/strong> Die \u00c4nderung des Lebensstils (k\u00fcrzere Arbeitszeiten, Fahrten mit dem Auto, Freizeit vor dem Fernseher&#8230;) f\u00fchrt zu geringeren Energieausgaben,<\/li>\n<li style=\"margin-bottom: 0px; line-height: 22px !important;\"><strong style=\"color: #000000; margin-bottom: 0px;\">die Abnahme der Mikron\u00e4hrstoffdichte.<\/strong> Heutzutage stammen 70% unserer Nahrung aus industriell hergestellten Produkten, die deutlich weniger n\u00e4hrstoffreich sind, und parallel dazu haben die Anbautechniken den N\u00e4hrstoffgehalt von Obst und Gem\u00fcse deutlich gesenkt.<\/li>\n<\/ul>\n<p style=\"margin-right: 0px; margin-bottom: 0px; margin-left: 0px; padding: 1em 0px; border: 0px; outline: 0px; font-weight: inherit; font-style: inherit; font-family: inherit; vertical-align: baseline; line-height: 24px;\">Infolgedessen ist es selbst bei einer ausgewogenen Ern\u00e4hrung schwierig, seinem K\u00f6rper die notwendigen Mikron\u00e4hrstoffe (Vitamine, Mineralstoffe, Spurenelemente, Fetts\u00e4uren, Probiotika, Aminos\u00e4uren usw.) zuzuf\u00fchren, die jedoch eine entscheidende Rolle spielen. Falls die Mangelerscheinung l\u00e4nger andauert, stellen sich Symptome ein, die Vorboten ernsterer Krankheiten sein k\u00f6nnen.<\/p>\n<p style=\"margin-right: 0px; margin-bottom: 0px; margin-left: 0px; padding: 1em 0px; border: 0px; outline: 0px; font-weight: inherit; font-style: inherit; font-family: inherit; vertical-align: baseline; line-height: 24px;\">Bei der Physionutrition-Beratung bewertet der Facharzt mithilfe wissenschaftlicher Frageb\u00f6gen, ob es sich um eine Krankheit handelt oder nicht, ihre Mikron\u00e4hrstoffdefizite, ihre Ursachen und ihre Auswirkungen auf Ihren allgemeinen Gesundheitszustand. Er wird Ihnen anschlie\u00dfend ein individuelles therapeutisches Programm vorschlagen, das auf alle Ihre Bed\u00fcrfnisse zugeschnitten ist.<\/p>\n<p style=\"margin-right: 0px; margin-bottom: 0px; margin-left: 0px; padding: 1em 0px; border: 0px; outline: 0px; font-weight: inherit; font-style: inherit; font-family: inherit; vertical-align: baseline; line-height: 24px;\">Um einen weiteren Schritt zu gehen, kann der Spezialist f\u00fcr Physionutrition Ihnen biologische Tests verschreiben.<\/p>\n<\/div>\n<\/div>\n<\/div>\n<\/div>\n<\/div>\n<div style=\"margin: 0px; padding: 0px; border: 0px; outline: 0px; font-size: 16px; font-family: Lato, sans-serif; vertical-align: baseline; color: #666666;\">\n<div style=\"margin: 0px; padding: 0px; border: 0px; outline: 0px; font-weight: inherit; font-style: inherit; font-family: inherit; vertical-align: baseline; width: 990px; position: relative; min-height: auto; float: left;\">\n<div style=\"margin: 0px; padding: 0px; border: 0px; outline: 0px; font-weight: inherit; font-style: inherit; font-family: inherit; vertical-align: baseline;\">\n<h3 style=\"margin-right: 0px; margin-bottom: 0px; margin-left: 0px; padding: 0px; color: #000000; font-size: 18px;\">Wann man sich beraten lassen sollte<\/h3>\n<div style=\"margin: 0px 0px 35px; padding: 0px; border: 0px; outline: 0px; font-weight: inherit; font-style: inherit; font-family: inherit; vertical-align: baseline;\">\n<div style=\"margin: 0px; padding: 0px; border: 0px; outline: 0px; font-weight: inherit; font-style: inherit; font-family: inherit; vertical-align: baseline;\">\n<p style=\"margin-right: 0px; margin-bottom: 0px; margin-left: 0px; padding: 1em 0px; border: 0px; outline: 0px; font-weight: inherit; font-style: inherit; font-family: inherit; vertical-align: baseline; line-height: 24px;\">Die Physionutrition ist ein neuer pr\u00e4ventiver und therapeutischer Ansatz. Sie bietet passende L\u00f6sungen f\u00fcr die ganze Familie in jeder Lebensphase und verbessert so unsere t\u00e4gliche Lebensqualit\u00e4t (Stress, Verdauungsprobleme, Einschlafschwierigkeiten&#8230;) durch die Erhaltung unseres Gesundheitszustands und die Begleitung von therapeutischen Behandlungen.<\/p>\n<\/div>\n<\/div>\n<\/div>\n<\/div>\n<\/div>\t\t\t\t\t\t<\/div>\n\t\t\t\t<\/div>\n\t\t\t\t\t<\/div>\n\t\t<\/div>\n\t\t\t\t\t\t\t<\/div>\n\t\t<\/section>\n\t\t\t\t\t\t\t<\/div>\n\t\t","protected":false},"excerpt":{"rendered":"<p>Die Physionutrition-Beratung Bei der Physionutrition-Beratung geht es darum, Ungleichgewicht und den Mangel an Makro- und Mikron\u00e4hrstoffen einer Person im Verh\u00e4ltnis zu ihren spezifischen Bed\u00fcrfnissen, zu behandeln. Bei der Physionutrition-Beratung werden mithilfe spezieller Frageb\u00f6gen die Ern\u00e4hrungsgewohnheiten sowie der allgemeine Gesundheitszustand des Patienten ermittelt, um zun\u00e4chst die Ern\u00e4hrung ins Gleichgewicht zu bringen und anschlie\u00dfend gegebenenfalls eine angepasste [&hellip;]<\/p>\n","protected":false},"author":1,"featured_media":0,"parent":0,"menu_order":0,"comment_status":"closed","ping_status":"closed","template":"","meta":{"footnotes":""},"_links":{"self":[{"href":"https:\/\/ii-2p.org\/de\/wp-json\/wp\/v2\/pages\/2846"}],"collection":[{"href":"https:\/\/ii-2p.org\/de\/wp-json\/wp\/v2\/pages"}],"about":[{"href":"https:\/\/ii-2p.org\/de\/wp-json\/wp\/v2\/types\/page"}],"author":[{"embeddable":true,"href":"https:\/\/ii-2p.org\/de\/wp-json\/wp\/v2\/users\/1"}],"replies":[{"embeddable":true,"href":"https:\/\/ii-2p.org\/de\/wp-json\/wp\/v2\/comments?post=2846"}],"version-history":[{"count":6,"href":"https:\/\/ii-2p.org\/de\/wp-json\/wp\/v2\/pages\/2846\/revisions"}],"predecessor-version":[{"id":4006,"href":"https:\/\/ii-2p.org\/de\/wp-json\/wp\/v2\/pages\/2846\/revisions\/4006"}],"wp:attachment":[{"href":"https:\/\/ii-2p.org\/de\/wp-json\/wp\/v2\/media?parent=2846"}],"curies":[{"name":"wp","href":"https:\/\/api.w.org\/{rel}","templated":true}]}}