{"id":2860,"date":"2021-12-20T14:21:58","date_gmt":"2021-12-20T14:21:58","guid":{"rendered":"https:\/\/ii-2p.org\/das-wissenschaftliche-komitee\/"},"modified":"2022-09-27T10:14:06","modified_gmt":"2022-09-27T10:14:06","slug":"das-wissenschaftliche-komitee","status":"publish","type":"page","link":"https:\/\/ii-2p.org\/de\/das-wissenschaftliche-komitee\/","title":{"rendered":"Das wissenschaftliche Komitee"},"content":{"rendered":"\t\t<div data-elementor-type=\"wp-page\" data-elementor-id=\"2860\" class=\"elementor elementor-2860 elementor-912\" data-elementor-post-type=\"page\">\n\t\t\t\t\t\t\t\t\t<section class=\"elementor-section elementor-top-section elementor-element elementor-element-65341c0 elementor-section-boxed elementor-section-height-default elementor-section-height-default\" data-id=\"65341c0\" data-element_type=\"section\">\n\t\t\t\t\t\t<div class=\"elementor-container elementor-column-gap-default\">\n\t\t\t\t\t<div class=\"elementor-column elementor-col-100 elementor-top-column elementor-element elementor-element-f080607\" data-id=\"f080607\" data-element_type=\"column\">\n\t\t\t<div class=\"elementor-widget-wrap elementor-element-populated\">\n\t\t\t\t\t\t\t\t<div class=\"elementor-element elementor-element-4967d1b elementor-widget elementor-widget-text-editor\" data-id=\"4967d1b\" data-element_type=\"widget\" data-widget_type=\"text-editor.default\">\n\t\t\t\t<div class=\"elementor-widget-container\">\n\t\t\t<style>\/*! elementor - v3.18.0 - 20-12-2023 *\/\n.elementor-widget-text-editor.elementor-drop-cap-view-stacked .elementor-drop-cap{background-color:#69727d;color:#fff}.elementor-widget-text-editor.elementor-drop-cap-view-framed .elementor-drop-cap{color:#69727d;border:3px solid;background-color:transparent}.elementor-widget-text-editor:not(.elementor-drop-cap-view-default) .elementor-drop-cap{margin-top:8px}.elementor-widget-text-editor:not(.elementor-drop-cap-view-default) .elementor-drop-cap-letter{width:1em;height:1em}.elementor-widget-text-editor .elementor-drop-cap{float:left;text-align:center;line-height:1;font-size:50px}.elementor-widget-text-editor .elementor-drop-cap-letter{display:inline-block}<\/style>\t\t\t\t<div style=\"margin: 0px; padding: 0px; border: 0px; outline: 0px; font-size: 16px; font-family: Lato, sans-serif; vertical-align: baseline; color: #666666; background-color: #f8f8f8;\"><div style=\"margin: 0px; padding: 0px; border: 0px; outline: 0px; font-weight: inherit; font-style: inherit; font-family: inherit; vertical-align: baseline; width: 990px; position: relative; min-height: auto; float: left;\"><div style=\"margin: 0px; padding: 0px; border: 0px; outline: 0px; font-weight: inherit; font-style: inherit; font-family: inherit; vertical-align: baseline;\"><ul><li><img fetchpriority=\"high\" decoding=\"async\" class=\"alignnone size-medium wp-image-3171\" src=\"https:\/\/ii-2p.org\/wp-content\/uploads\/2022\/07\/AMR-249x300.jpg\" alt=\"\" width=\"249\" height=\"300\" srcset=\"https:\/\/ii-2p.org\/wp-content\/uploads\/2022\/07\/AMR-249x300.jpg 249w, https:\/\/ii-2p.org\/wp-content\/uploads\/2022\/07\/AMR.jpg 591w\" sizes=\"(max-width: 249px) 100vw, 249px\" \/><\/li><\/ul><p style=\"margin-right: 0px; margin-bottom: 0px; margin-left: 0px; padding: 1em 0px; border: 0px; outline: 0px; font-weight: inherit; font-style: inherit; font-family: inherit; vertical-align: baseline; line-height: 24px;\"><strong style=\"color: #000000;\">Pr. Anne-Marie ROUSSEL<br \/><\/strong><\/p><ul><li style=\"line-height: 22px !important;\">&#8211; Apotheker, Doktor der Pharmazie, Doktor der Wissenschaften<\/li><li style=\"line-height: 22px !important;\">&#8211; Emeritierte Professorin der Universit\u00e4ten<\/li><li style=\"line-height: 22px !important;\">&#8211; Fachgebiet Allgemeine Biochemie, Stoffwechsel und Ern\u00e4hrungswissenschaften Universit\u00e9 Grenoble Alpes<\/li><li style=\"line-height: 22px !important;\">-Vorsitzende des wissenschaftlichen Komitees des Europ\u00e4ischen Instituts f\u00fcr Physionutrition und Phytotherapie (I.E.P.P.)<\/li><li style=\"line-height: 22px !important;\">&#8211; Mitglied des p\u00e4dagogischen Teams des D.U. klinische und biologische Physionutrition (Fachhochschulabschluss in Physionutrition)<\/li><li style=\"line-height: 22px !important;\">&#8211; Mitglied des p\u00e4dagogischen Teams des D.U.de Sant\u00e9, Di\u00e9t\u00e9tique et Physionutrition (Studiengang Gesundheit, Ern\u00e4hrung und Physionutrition)<\/li><\/ul><p style=\"margin-right: 0px; margin-bottom: 0px; margin-left: 0px; padding: 1em 0px; border: 0px; outline: 0px; font-weight: inherit; font-style: inherit; font-family: inherit; vertical-align: baseline; line-height: 24px;\">\u00a0<\/p><\/div><\/div><\/div><div style=\"margin: 0px; padding: 0px; border: 0px; outline: 0px; font-size: 16px; font-family: Lato, sans-serif; vertical-align: baseline; color: #666666; background-color: #f8f8f8;\"><div style=\"margin: 0px; padding: 0px; border: 0px; outline: 0px; font-weight: inherit; font-style: inherit; font-family: inherit; vertical-align: baseline; width: 990px; position: relative; min-height: auto; float: left;\"><div style=\"margin: 0px; padding: 0px; border: 0px; outline: 0px; font-weight: inherit; font-style: inherit; font-family: inherit; vertical-align: baseline;\"><div style=\"margin: 0px; padding: 0px; border: 0px; outline: 0px; font-weight: inherit; font-style: inherit; font-family: inherit; vertical-align: baseline; height: 52px;\">\u00a0<\/div><p style=\"margin-right: 0px; margin-bottom: 0px; margin-left: 0px; padding: 1em 0px; border: 0px; outline: 0px; font-weight: inherit; font-style: inherit; font-family: inherit; vertical-align: baseline; line-height: 24px;\"><img decoding=\"async\" class=\"alignnone size-medium wp-image-3166\" src=\"https:\/\/ii-2p.org\/wp-content\/uploads\/2022\/08\/J-MILOVANOFF-249x300.jpg\" alt=\"\" width=\"249\" height=\"300\" srcset=\"https:\/\/ii-2p.org\/wp-content\/uploads\/2022\/08\/J-MILOVANOFF-249x300.jpg 249w, https:\/\/ii-2p.org\/wp-content\/uploads\/2022\/08\/J-MILOVANOFF.jpg 591w\" sizes=\"(max-width: 249px) 100vw, 249px\" \/><\/p><p style=\"margin-right: 0px; margin-bottom: 0px; margin-left: 0px; padding: 1em 0px; border: 0px; outline: 0px; font-weight: inherit; font-style: inherit; font-family: inherit; vertical-align: baseline; line-height: 24px;\"><strong style=\"color: #000000;\">Dr. Jacques BASSIER<br \/><\/strong><\/p><ul><li style=\"line-height: 22px !important;\">&#8211; Doktor der Medizin, Diplom der Fakult\u00e4t Marseille<\/li><li style=\"line-height: 22px !important;\">&#8211; Arzt f\u00fcr Ern\u00e4hrungswissenschaft<\/li><li style=\"line-height: 22px !important;\">&#8211; Sportmedizin<\/li><li style=\"line-height: 22px !important;\">&#8211; Verhaltens- und kognitive Therapie<\/li><li style=\"line-height: 22px !important;\">&#8211; Mitglied des Europ\u00e4ischen Instituts f\u00fcr Physionutrition und Phytotherapie (I.E.P.P.)<\/li><li style=\"line-height: 22px !important;\">&#8211; Mitglied des p\u00e4dagogischen Teams des D.U. klinische und biologische Physionutrition (Fachhochschulabschluss in Physionutrition)<\/li><li style=\"line-height: 22px !important;\">&#8211; Mitglied des p\u00e4dagogischen Teams des D.U.de Sant\u00e9, Di\u00e9t\u00e9tique et Physionutrition (Studiengang Gesundheit, Ern\u00e4hrung und Physionutrition)<\/li><\/ul><p style=\"margin-right: 0px; margin-bottom: 0px; margin-left: 0px; padding: 1em 0px; border: 0px; outline: 0px; font-weight: inherit; font-style: inherit; font-family: inherit; vertical-align: baseline; line-height: 24px;\">\u00a0<\/p><\/div><\/div><\/div><div style=\"margin: 0px; padding: 0px; border: 0px; outline: 0px; font-size: 16px; font-family: Lato, sans-serif; vertical-align: baseline; color: #666666; background-color: #f8f8f8;\"><div style=\"margin: 0px; padding: 0px; border: 0px; outline: 0px; font-weight: inherit; font-style: inherit; font-family: inherit; vertical-align: baseline; width: 990px; position: relative; min-height: auto; float: left;\"><div style=\"margin: 0px; padding: 0px; border: 0px; outline: 0px; font-weight: inherit; font-style: inherit; font-family: inherit; vertical-align: baseline;\"><div style=\"margin: 0px; padding: 0px; border: 0px; outline: 0px; font-weight: inherit; font-style: inherit; font-family: inherit; vertical-align: baseline; height: 52px;\">\u00a0<\/div><p style=\"margin-right: 0px; margin-bottom: 0px; margin-left: 0px; padding: 1em 0px; border: 0px; outline: 0px; font-weight: inherit; font-style: inherit; font-family: inherit; vertical-align: baseline; line-height: 24px;\"><img decoding=\"async\" class=\"alignnone size-medium wp-image-4383\" src=\"https:\/\/ii-2p.org\/wp-content\/uploads\/2021\/12\/Le-goff-jean-yves-2-249x300.jpg\" alt=\"\" width=\"249\" height=\"300\" srcset=\"https:\/\/ii-2p.org\/wp-content\/uploads\/2021\/12\/Le-goff-jean-yves-2-249x300.jpg 249w, https:\/\/ii-2p.org\/wp-content\/uploads\/2021\/12\/Le-goff-jean-yves-2.jpg 591w\" sizes=\"(max-width: 249px) 100vw, 249px\" \/><\/p><p style=\"margin-right: 0px; margin-bottom: 0px; margin-left: 0px; padding: 1em 0px; border: 0px; outline: 0px; font-weight: inherit; font-style: inherit; font-family: inherit; vertical-align: baseline; line-height: 24px;\"><strong style=\"color: #000000;\">Dr. Jean-Yves LE GOFF<\/strong><\/p><ul><li>&#8211; Doktor der Allgemeinmedizin, Abschluss an der Fakult\u00e4t Rennes<\/li><li>&#8211; Universit\u00e4tsabschluss Ern\u00e4hrungsbedingte Krankheiten -Universit\u00e4tsklinik Rennes<\/li><li>&#8211; Universit\u00e4tsabschluss Klinische und biologische Physionutrition &#8211; Universit\u00e4t Grenoble Alpes &#8211; Fakult\u00e4t f\u00fcr Pharmazie<\/li><li>&#8211; Referentin und Dozentin f\u00fcr Diabetologie, Fettleibigkeit und Ern\u00e4hrung<\/li><li>&#8211; Mitglied des Europ\u00e4ischen Instituts f\u00fcr Physionutrition und Phytotherapie (IEPP)<\/li><li style=\"line-height: 22px !important;\">&#8211; Mitglied des wissenschaftlichen Ausschusses des European Training Institute of Physionutrition and Phytotherapy (ETIPP)<\/li><\/ul><div>\u00a0<\/div><div>\u00a0<\/div><div>\u00a0<\/div><div>\u00a0<\/div><div>\u00a0<\/div><div><img decoding=\"async\" class=\"alignnone size-medium wp-image-3166\" src=\"https:\/\/ii-2p.org\/wp-content\/uploads\/2022\/08\/J-MILOVANOFF-249x300.jpg\" alt=\"\" width=\"249\" height=\"300\" srcset=\"https:\/\/ii-2p.org\/wp-content\/uploads\/2022\/08\/J-MILOVANOFF-249x300.jpg 249w, https:\/\/ii-2p.org\/wp-content\/uploads\/2022\/08\/J-MILOVANOFF.jpg 591w\" sizes=\"(max-width: 249px) 100vw, 249px\" \/><\/div><div>\u00a0<\/div><div><strong>Dr. J\u00e9r\u00f4me MILOVANOFF<\/strong><\/div><div>\u00a0<\/div><div><ul><li>&#8211; Doktor der Medizin, Abschluss an der Fakult\u00e4t Montpellier<\/li><li>&#8211; Universit\u00e4tsabschluss in medizinischer Di\u00e4tetik<\/li><li>&#8211; Mitglied des Europ\u00e4ischen Instituts f\u00fcr Physionutrition und Phytotherapie (I.E.P.P.)<\/li><\/ul><\/div><\/div><\/div><\/div>\t\t\t\t\t\t<\/div>\n\t\t\t\t<\/div>\n\t\t\t\t\t<\/div>\n\t\t<\/div>\n\t\t\t\t\t\t\t<\/div>\n\t\t<\/section>\n\t\t\t\t<section class=\"elementor-section elementor-top-section elementor-element elementor-element-6fafb7a elementor-section-boxed elementor-section-height-default elementor-section-height-default\" data-id=\"6fafb7a\" data-element_type=\"section\">\n\t\t\t\t\t\t<div class=\"elementor-container elementor-column-gap-default\">\n\t\t\t\t\t<div class=\"elementor-column elementor-col-100 elementor-top-column elementor-element elementor-element-6618648\" data-id=\"6618648\" data-element_type=\"column\">\n\t\t\t<div class=\"elementor-widget-wrap elementor-element-populated\">\n\t\t\t\t\t\t\t\t<div class=\"elementor-element elementor-element-0c68485 elementor-widget elementor-widget-html\" data-id=\"0c68485\" data-element_type=\"widget\" data-widget_type=\"html.default\">\n\t\t\t\t<div class=\"elementor-widget-container\">\n\t\t\t<style>li {\nlist-style-type: none;\n}<\/style>\t\t<\/div>\n\t\t\t\t<\/div>\n\t\t\t\t\t<\/div>\n\t\t<\/div>\n\t\t\t\t\t\t\t<\/div>\n\t\t<\/section>\n\t\t\t\t\t\t\t<\/div>\n\t\t","protected":false},"excerpt":{"rendered":"<p>Pr. Anne-Marie ROUSSEL &#8211; Apotheker, Doktor der Pharmazie, Doktor der Wissenschaften &#8211; Emeritierte Professorin der Universit\u00e4ten &#8211; Fachgebiet Allgemeine Biochemie, Stoffwechsel und Ern\u00e4hrungswissenschaften Universit\u00e9 Grenoble Alpes -Vorsitzende des wissenschaftlichen Komitees des Europ\u00e4ischen Instituts f\u00fcr Physionutrition und Phytotherapie (I.E.P.P.) &#8211; Mitglied des p\u00e4dagogischen Teams des D.U. klinische und biologische Physionutrition (Fachhochschulabschluss in Physionutrition) &#8211; Mitglied des [&hellip;]<\/p>\n","protected":false},"author":1,"featured_media":0,"parent":0,"menu_order":0,"comment_status":"closed","ping_status":"closed","template":"","meta":{"footnotes":""},"_links":{"self":[{"href":"https:\/\/ii-2p.org\/de\/wp-json\/wp\/v2\/pages\/2860"}],"collection":[{"href":"https:\/\/ii-2p.org\/de\/wp-json\/wp\/v2\/pages"}],"about":[{"href":"https:\/\/ii-2p.org\/de\/wp-json\/wp\/v2\/types\/page"}],"author":[{"embeddable":true,"href":"https:\/\/ii-2p.org\/de\/wp-json\/wp\/v2\/users\/1"}],"replies":[{"embeddable":true,"href":"https:\/\/ii-2p.org\/de\/wp-json\/wp\/v2\/comments?post=2860"}],"version-history":[{"count":24,"href":"https:\/\/ii-2p.org\/de\/wp-json\/wp\/v2\/pages\/2860\/revisions"}],"predecessor-version":[{"id":4427,"href":"https:\/\/ii-2p.org\/de\/wp-json\/wp\/v2\/pages\/2860\/revisions\/4427"}],"wp:attachment":[{"href":"https:\/\/ii-2p.org\/de\/wp-json\/wp\/v2\/media?parent=2860"}],"curies":[{"name":"wp","href":"https:\/\/api.w.org\/{rel}","templated":true}]}}