{"id":2866,"date":"2021-12-20T15:09:36","date_gmt":"2021-12-20T15:09:36","guid":{"rendered":"https:\/\/ii-2p.org\/der-bildungszyklus-zu-physionutrition-und-phytotherapie\/"},"modified":"2022-09-08T14:23:55","modified_gmt":"2022-09-08T14:23:55","slug":"der-bildungszyklus-zu-physionutrition-und-phytotherapie","status":"publish","type":"page","link":"https:\/\/ii-2p.org\/de\/der-bildungszyklus-zu-physionutrition-und-phytotherapie\/","title":{"rendered":"Der Bildungszyklus zu Physionutrition und Phytotherapie"},"content":{"rendered":"\t\t<div data-elementor-type=\"wp-page\" data-elementor-id=\"2866\" class=\"elementor elementor-2866 elementor-955\" data-elementor-post-type=\"page\">\n\t\t\t\t\t\t\t\t\t<section class=\"elementor-section elementor-top-section elementor-element elementor-element-893563d elementor-section-boxed elementor-section-height-default elementor-section-height-default\" data-id=\"893563d\" data-element_type=\"section\">\n\t\t\t\t\t\t<div class=\"elementor-container elementor-column-gap-default\">\n\t\t\t\t\t<div class=\"elementor-column elementor-col-100 elementor-top-column elementor-element elementor-element-1254d36\" data-id=\"1254d36\" data-element_type=\"column\">\n\t\t\t<div class=\"elementor-widget-wrap elementor-element-populated\">\n\t\t\t\t\t\t\t\t<div class=\"elementor-element elementor-element-0f41b92 elementor-widget elementor-widget-text-editor\" data-id=\"0f41b92\" data-element_type=\"widget\" data-widget_type=\"text-editor.default\">\n\t\t\t\t<div class=\"elementor-widget-container\">\n\t\t\t<style>\/*! elementor - v3.18.0 - 20-12-2023 *\/\n.elementor-widget-text-editor.elementor-drop-cap-view-stacked .elementor-drop-cap{background-color:#69727d;color:#fff}.elementor-widget-text-editor.elementor-drop-cap-view-framed .elementor-drop-cap{color:#69727d;border:3px solid;background-color:transparent}.elementor-widget-text-editor:not(.elementor-drop-cap-view-default) .elementor-drop-cap{margin-top:8px}.elementor-widget-text-editor:not(.elementor-drop-cap-view-default) .elementor-drop-cap-letter{width:1em;height:1em}.elementor-widget-text-editor .elementor-drop-cap{float:left;text-align:center;line-height:1;font-size:50px}.elementor-widget-text-editor .elementor-drop-cap-letter{display:inline-block}<\/style>\t\t\t\t<h1 class=\"box_header page_margin_top_section\" style=\"margin-right: 0px; margin-bottom: 0px; margin-left: 0px; padding: 0px; color: #000000; font-size: 50px;\"> <\/h1>\n<h1 class=\"box_header page_margin_top_section\" style=\"margin-right: 0px; margin-bottom: 0px; margin-left: 0px; padding: 0px; color: #000000; font-size: 50px;\">Der Bildungszyklus zu Physionutrition und Phytotherapie<\/h1>\n<div class=\"wpb_text_column wpb_content_element \" style=\"margin: 0px 0px 35px; padding: 0px; border: 0px; outline: 0px; font-size: 16px; font-family: Lato, sans-serif; vertical-align: baseline; color: #666666;\">\n<div class=\"wpb_wrapper\" style=\"margin: 0px; padding: 0px; border: 0px; outline: 0px; font-weight: inherit; font-style: inherit; font-family: inherit; vertical-align: baseline;\">\n<p style=\"margin-right: 0px; margin-bottom: 0px; margin-left: 0px; padding: 1em 0px; border: 0px; outline: 0px; font-weight: inherit; font-style: inherit; font-family: inherit; vertical-align: baseline; line-height: 24px;\"><span style=\"margin: 0px; padding: 0px; border: 0px; outline: 0px; font-weight: inherit; font-style: inherit; font-family: inherit; vertical-align: baseline; color: #ff0000;\"><span style=\"margin: 0px; padding: 0px; border: 0px; outline: 0px; font-weight: inherit; font-style: inherit; font-family: inherit; vertical-align: baseline;\"><b style=\"margin-bottom: 0px; color: #ff0000 !important;\"> Ausbildung nur als E-Learning m\u00f6glich<\/b><\/span><\/span><\/p>\n<\/div>\n<\/div>\n<div class=\"wpb_text_column wpb_content_element \" style=\"margin: 0px 0px 35px; padding: 0px; border: 0px; outline: 0px; font-size: 16px; font-family: Lato, sans-serif; vertical-align: baseline; color: #666666;\">\n<div class=\"wpb_wrapper\" style=\"margin: 0px; padding: 0px; border: 0px; outline: 0px; font-weight: inherit; font-style: inherit; font-family: inherit; vertical-align: baseline;\">\n<p style=\"margin-right: 0px; margin-bottom: 0px; margin-left: 0px; padding: 1em 0px; border: 0px; outline: 0px; font-weight: inherit; font-style: inherit; font-family: inherit; vertical-align: baseline; line-height: 24px;\">Alle unsere Ausbildungen finden als E-Learning statt und der Lehrgang wird mit einem Diplom des International Institute of Physionutrition and Phytotherapy zertifiziert.<\/p>\n<\/div>\n<\/div>\n<div class=\"wpb_text_column wpb_content_element \" style=\"margin: 0px 0px 35px; padding: 0px; border: 0px; outline: 0px; font-size: 16px; font-family: Lato, sans-serif; vertical-align: baseline; color: #666666;\">\n<div class=\"wpb_wrapper\" style=\"margin: 0px; padding: 0px; border: 0px; outline: 0px; font-weight: inherit; font-style: inherit; font-family: inherit; vertical-align: baseline;\">\n<p style=\"margin-right: 0px; margin-bottom: 0px; margin-left: 0px; padding: 1em 0px; border: 0px; outline: 0px; font-weight: inherit; font-style: inherit; font-family: inherit; vertical-align: baseline; line-height: 24px;\"><strong style=\"color: #000000; margin-bottom: 0px;\">In diesem Fall ist es wichtig, dass Sie sich mit den neuesten Erkenntnissen der Physionutrition und der Phytotherapie vertraut machen:<\/strong><\/p>\n<\/div>\n<\/div>\n<ul style=\"color: #666666; font-family: Lato, sans-serif; font-size: 16px;\">\n<li style=\"line-height: 22px !important;\"><strong style=\"color: #000000;\">Ein Zyklus von 64 E-Learning-Modulen<\/strong> : Bauen Sie eine echte Beratung in Physionutrition und Phytotherapie auf und f\u00fchren Sie sie ein.<br>Erstellen Sie individuelle Ern\u00e4hrungs- und Mikron\u00e4hrstoffprogramme.<\/li>\n<li style=\"line-height: 22px !important;\"><strong style=\"color: #000000;\">Diagnostische Orientierungshilfen und einfach zu verwendende Tools<\/strong> : Sie erm\u00f6glichen es Ihnen, die Physionutrition und die Phytotherapie in Ihre t\u00e4gliche Praxis zu integrieren und so Ihre Konsultation aufzuwerten.<\/li>\n<li style=\"line-height: 22px !important;\"><strong style=\"color: #000000;\">Interaktive Austauschrunden mit unseren fachkundigen medizinischen<\/strong> <strong style=\"color: #000000;\">Trainern<\/strong>: Sie haben die M\u00f6glichkeit, sich mit echten Experten f\u00fcr Physionutrition und Phytotherapie auszutauschen, die Ihnen praktische Ratschl\u00e4ge geben und alle Ihre Fragen beantworten k\u00f6nnen. Es wird 3 Frage-und-Antwort-Sitzungen geben, 2 Sitzungen zu den Modulen Physionutrition und Phytotherapie und 1 Sitzung zu den Ern\u00e4hrungsmodulen.<\/li>\n<li style=\"line-height: 22px !important;\"><strong style=\"color: #000000;\">Bewertung<\/strong> durch ein Quiz am Ende des Zyklus<\/li>\n<\/ul>\n<h3 class=\"box_header page_margin_top_section\" style=\"margin-right: 0px; margin-bottom: 0px; margin-left: 0px; padding: 0px; color: #000000; font-size: 18px;\">Ziele<\/h3>\n<div class=\"vc_empty_space\" style=\"margin: 0px; padding: 0px; border: 0px; outline: 0px; font-size: 16px; font-family: Lato, sans-serif; vertical-align: baseline; color: #666666; height: 32px;\"> <\/div>\n<ul class=\"items_list page_margin_top clearfix\" style=\"padding: 0px; margin: -25px 0px -20px; list-style: none; color: #666666; font-family: Lato, sans-serif; font-size: 16px;\">\n<li style=\"list-style-type: none;\">\n<ul class=\"items_list page_margin_top clearfix\" style=\"padding: 0px; margin: -25px 0px -20px; list-style: none;\">\n<li style=\"list-style-type: none;\">\n<ul>\n<li style=\"line-height: 22px; padding: 12px 0px; border-bottom: 1px solid #e0e0e0; background-position: left center; background-repeat: no-repeat;\"><strong style=\"color: #000000;\">Erweitern Sie Ihren Patientenkreis:<\/strong> Immer mehr Menschen achten auf ihre Gesundheit und wollen l\u00e4nger leben und dabei jung bleiben. Sie suchen f\u00fcr ihre Unterst\u00fctzung Spezialisten, die sie bei ihrer Ern\u00e4hrung, ihrer Lebensentscheidung und der Einnahme von Nahrungserg\u00e4nzungsmitteln zur Vorbeugung und Begleitung von Krankheiten beraten k\u00f6nnen. <\/li>\n<li style=\"line-height: 22px; padding: 12px 0px; border-bottom: 1px solid #e0e0e0; background-position: left center; background-repeat: no-repeat;\"><strong style=\"color: #000000;\">Gehen Sie auf neue Bed\u00fcrfnisse Ihrer Patienten ein:<\/strong> Der Markt f\u00fcr Mikron\u00e4hrstoffe und Phytotherapie w\u00e4chst rasant. Werden Sie zum unangefochtenen Spezialisten in Ihrer Region und integrieren Sie gepr\u00fcfte Frageb\u00f6gen, die Ihnen helfen, die Probleme Ihrer Patienten zu diagnostizieren und sie zu \u00fcberwachen.<\/li>\n<li style=\"line-height: 22px; padding: 12px 0px; border-bottom: 1px solid #e0e0e0; background-position: left center; background-repeat: no-repeat;\"><strong style=\"color: #000000;\">Maximale Optimierung Ihrer beruflichen T\u00e4tigkeit:<\/strong> Mit diesem neuen Fachgebiet k\u00f6nnen Sie Ihre T\u00e4tigkeit optimieren und sich optimal um die Gesundheit Ihrer Patienten k\u00fcmmern.<\/li>\n<\/ul>\n<\/li>\n<\/ul>\n<\/li>\n<\/ul>\n<div class=\"vc_empty_space\" style=\"margin: 0px; padding: 0px; border: 0px; outline: 0px; font-size: 16px; font-family: Lato, sans-serif; vertical-align: baseline; color: #666666; height: 32px;\"> <\/div>\n<h3 class=\"box_header page_margin_top_section\" style=\"margin-right: 0px; margin-bottom: 0px; margin-left: 0px; padding: 0px; color: #000000; font-size: 18px;\">Programm<\/h3>\n<div><br><\/div>\n<h3 class=\"box_header page_margin_top_section\" style=\"margin-right: 0px; margin-bottom: 0px; margin-left: 0px; padding: 0px; color: #000000; font-size: 18px;\">Teil 1: Grundlagen der Biochemie &#8211; 13 Module<br><br><\/h3>\n<ul style=\"color: #666666; font-family: Lato, sans-serif; font-size: 16px;\">\n<li style=\"line-height: 22px !important;\">Die Zelle, eine kleine h\u00e4usliche Organisation<\/li>\n<\/ul>\n<p style=\"margin-right: 0px; margin-bottom: 0px; margin-left: 0px; padding: 1em 0px; border: 0px; outline: 0px; font-size: 16px; font-family: Lato, sans-serif; vertical-align: baseline; color: #666666; line-height: 24px;\"><strong style=\"color: #000000;\">Modul 1<\/strong><strong style=\"color: #000000;\">:<\/strong> Die Zelle, eine kleine h\u00e4usliche Organisation<br><strong style=\"color: #000000;\">Modul 2<\/strong><strong style=\"color: #000000;\">:<\/strong> Die Zellkommunikation und -signalisierung besser kennenlernen&#8230;<\/p>\n<ul style=\"color: #666666; font-family: Lato, sans-serif; font-size: 16px;\">\n<li style=\"line-height: 22px !important;\">Die Erforschung des Energiestoffwechsels<\/li>\n<\/ul>\n<p style=\"margin-right: 0px; margin-bottom: 0px; margin-left: 0px; padding: 1em 0px; border: 0px; outline: 0px; font-size: 16px; font-family: Lato, sans-serif; vertical-align: baseline; color: #666666; line-height: 24px;\"><strong style=\"color: #000000;\">Modul 3<\/strong><strong style=\"color: #000000;\">:<\/strong> Die Grundlagen des Energiestoffwechsels<br><strong style=\"color: #000000;\">Modul 4<\/strong><strong style=\"color: #000000;\">:&nbsp;<\/strong>Der Stoffwechsel von Kohlenhydraten<br><strong style=\"color: #000000;\">Modul5:<\/strong> Der Pyruvat-Stoffwechsel<br><strong style=\"color: #000000;\">Modul 6:<\/strong> Die Fetts\u00e4uren betreten die B\u00fchne<br><strong style=\"color: #000000;\">Modul 7:<\/strong> Wenn Acetyl-CoA den Krebszyklus antreibt&#8230;<br><strong style=\"color: #000000;\">Modul 8:<\/strong> Die Anpassung unseres Stoffwechsels an unseren Speiseplan<\/p>\n<ul style=\"color: #666666; font-family: Lato, sans-serif; font-size: 16px;\">\n<li style=\"line-height: 22px !important;\">Cholesterin und Lipoproteine<\/li>\n<\/ul>\n<p style=\"margin-right: 0px; margin-bottom: 0px; margin-left: 0px; padding: 1em 0px; border: 0px; outline: 0px; font-size: 16px; font-family: Lato, sans-serif; vertical-align: baseline; color: #666666; line-height: 24px;\"><strong style=\"color: #000000;\">Modul 9:<\/strong> Cholesterin, m\u00f6glicherweise ein Feind, aber ein unentbehrlicher Freund&#8230; mit Sicherheit!!!<br><strong style=\"color: #000000;\">Modul 10:<\/strong> Die Welt der Lipoproteine<\/p>\n<ul style=\"color: #666666; font-family: Lato, sans-serif; font-size: 16px;\">\n<li style=\"line-height: 22px !important;\">Molekulare Genetik<\/li>\n<\/ul>\n<p style=\"margin-right: 0px; margin-bottom: 0px; margin-left: 0px; padding: 1em 0px; border: 0px; outline: 0px; font-size: 16px; font-family: Lato, sans-serif; vertical-align: baseline; color: #666666; line-height: 24px;\"><strong style=\"color: #000000;\">Modul 11:<\/strong> Eine kleine Einf\u00fchrung in die Proteine auf 25 Slides: Quellen und Funktionen<br><strong style=\"color: #000000;\">Modul 12:<\/strong> Die Integration des Energiestoffwechsels<br><strong style=\"color: #000000;\">Modul 13:<\/strong> Der letzte Atemzug unserer Zellen<\/p>\n<h3 class=\"box_header page_margin_top_section\" style=\"margin-right: 0px; margin-bottom: 0px; margin-left: 0px; padding: 0px; color: #000000; font-size: 18px;\">Teil 2: Die Physionutrition &#8211; 27 Module<\/h3>\n<p style=\"margin-right: 0px; margin-bottom: 0px; margin-left: 0px; padding: 1em 0px; border: 0px; outline: 0px; font-size: 16px; font-family: Lato, sans-serif; vertical-align: baseline; color: #666666; line-height: 24px;\"><strong style=\"color: #000000;\">MODULE 1 und 2:<\/strong> Einf\u00fchrung in die Physionutrition<br><strong style=\"color: #000000;\">MODULE 3 bis 7:<\/strong> Verdauungsgleichgewicht und Mikrobiota<br><strong style=\"color: #000000;\">MODULE 8 bis 11:<\/strong> Das oxidativ-inflammatorische Gleichgewicht<br><strong style=\"color: #000000;\">MODUL 12 bis 14:<\/strong> Das mitochondriale Gleichgewicht und das Gleichgewicht der essentiellen Fetts\u00e4uren<br><strong style=\"color: #000000;\">MODUL 15 bis 18:<\/strong> S\u00e4ure-Basen-Gleichgewicht und Detox<br><strong style=\"color: #000000;\">MODUL 19 bis 21:<\/strong> Die Methylierung und das Gleichgewicht der Neurotransmitter<br><strong style=\"color: #000000;\">MODUL 22 und 23:<\/strong> Hormonhaushalt, Schilddr\u00fcsenhormone und Melatonin<br><strong style=\"color: #000000;\">MODUL 24:<\/strong> Insulin und der Kohlenhydratstoffwechsel<br><strong style=\"color: #000000;\">MODUL 25 bis 27:<\/strong> Das Wachstumshormon, DHEA, Pregnenolon, weibliche Hormone, Aldosteron, Cortisol und Testosteron<\/p>\n<h3 class=\"box_header page_margin_top_section\" style=\"margin-right: 0px; margin-bottom: 0px; margin-left: 0px; padding: 0px; color: #000000; font-size: 18px;\">Teil 3: Die Phytotherapie &#8211; 13 Module<\/h3>\n<p style=\"margin-right: 0px; margin-bottom: 0px; margin-left: 0px; padding: 1em 0px; border: 0px; outline: 0px; font-size: 16px; font-family: Lato, sans-serif; vertical-align: baseline; line-height: 24px;\"><strong style=\"color: rgb(0, 0, 0);\">MODUL 28:<\/strong><font color=\"#666666\"> Einf\u00fchrung in die klinische Phytotherapie<\/font><br><strong style=\"color: rgb(0, 0, 0);\">MODUL 29 und 30:<\/strong><font color=\"#666666\"> Niere und Drainage der Ausscheidungsorgane<\/font><br><strong style=\"color: rgb(0, 0, 0);\">MODUL 31:<\/strong><font color=\"#666666\">&nbsp;Die Pflanzen des Verdauungssystems<\/font><br><strong style=\"color: rgb(0, 0, 0);\">MODULES 32 und 33:<\/strong><font color=\"#666666\"> Die Pflanzen des Nervensystems&nbsp;<\/font><br><strong style=\"color: rgb(0, 0, 0);\">MODULE 34:<\/strong><font color=\"#666666\">&nbsp;Die Pflanzen des Immunsystems<br><\/font><strong style=\"color: rgb(0, 0, 0);\">MODULES 35 und 36:<\/strong><font color=\"#666666\">&nbsp;Die Pflanzen der Rheumatologie<br><\/font><strong style=\"color: rgb(0, 0, 0);\">MODUL 37:<\/strong><font color=\"#666666\"> Das Kreislaufsystem<br><\/font><strong style=\"color: rgb(0, 0, 0);\">MODUL 39 und 40:<\/strong><span style=\"color: rgb(102, 102, 102);\"> Die Endokrinologie<\/span><\/p>\n<h3 class=\"box_header page_margin_top_section\" style=\"margin-right: 0px; margin-bottom: 0px; margin-left: 0px; padding: 0px; color: #000000; font-size: 18px;\">Teil 4: Ern\u00e4hrung &#8211; 8 Module<\/h3>\n<p style=\"margin-right: 0px; margin-bottom: 0px; margin-left: 0px; padding: 1em 0px; border: 0px; outline: 0px; font-size: 16px; font-family: Lato, sans-serif; vertical-align: baseline; color: #666666; line-height: 24px;\"><strong style=\"color: #000000;\">MODUL 41:<\/strong> Hintergrund, Positionierung, wissenschaftliche Grundlagen und klinische F\u00e4lle<br><strong style=\"color: #000000;\">MODUL 42:<\/strong> Verst\u00e4ndnis von Fettleibigkeit, deren Definitionen und Auswirkungen<br><strong style=\"color: #000000;\">MODUL 43:<\/strong> Biochemische und ern\u00e4hrungsphysiologische Elemente: Voraussetzungen<br><strong style=\"color: #000000;\">MODUL 44:<\/strong> Kleine Naturgeschichte, das Gehirn und der Energiefluss<br><strong style=\"color: #000000;\">MODUL 45:<\/strong> Wie wird die Ern\u00e4hrung zum Behandlungsinstrument?<br><strong style=\"color: #000000;\">MODUL 46:<\/strong> Behandlungsprinzipien im wahren Leben<br><strong style=\"color: #000000;\">MODUL 47:<\/strong> Posttherapeutische Entwicklung, der ketogene Organismus, Freiheiten<br><strong style=\"color: #000000;\">MODUL 48:<\/strong> Zus\u00e4tzliche Elemente und Wiederholung der Schl\u00fcsselbegriffe<\/p>\n<h3 class=\"box_header page_margin_top_section\" style=\"margin-right: 0px; margin-bottom: 0px; margin-left: 0px; padding: 0px; color: #000000; font-size: 18px;\">Teil 5: Die Tutorials &#8211; 3 Module<\/h3>\n<p style=\"margin-right: 0px; margin-bottom: 0px; margin-left: 0px; padding: 1em 0px; border: 0px; outline: 0px; font-size: 16px; font-family: Lato, sans-serif; vertical-align: baseline; color: #666666; line-height: 24px;\"><strong style=\"color: #000000;\">MODUL 49:<\/strong> QUIDAM<br><strong style=\"color: #000000;\">MODUL 50:<\/strong> QUADO<br><strong style=\"color: #000000;\">MODUL 51:<\/strong> QUEEN<\/p>\n<p style=\"margin-right: 0px; margin-bottom: 0px; margin-left: 0px; padding: 1em 0px; border: 0px; outline: 0px; font-size: 16px; font-family: Lato, sans-serif; vertical-align: baseline; color: #666666; line-height: 24px;\">F\u00fcr weitere Informationen kontaktieren Sie uns bitte unter <a style=\"margin: 0px; padding: 0px; border: 0px; outline: none; font-weight: inherit; font-style: inherit; font-family: inherit; vertical-align: baseline; color: #666666;\" href=\"mailto:info@etipp-eu.com\">info@ii-2p.<\/a>org<\/p>\n<p style=\"margin-right: 0px; margin-bottom: 0px; margin-left: 0px; padding: 1em 0px; border: 0px; outline: 0px; font-size: 16px; font-family: Lato, sans-serif; vertical-align: baseline; color: #666666; line-height: 24px;\">\n<\/p>\t\t\t\t\t\t<\/div>\n\t\t\t\t<\/div>\n\t\t\t\t\t<\/div>\n\t\t<\/div>\n\t\t\t\t\t\t\t<\/div>\n\t\t<\/section>\n\t\t\t\t\t\t\t<\/div>\n\t\t","protected":false},"excerpt":{"rendered":"<p>Der Bildungszyklus zu Physionutrition und Phytotherapie Ausbildung nur als E-Learning m\u00f6glich Alle unsere Ausbildungen finden als E-Learning statt und der Lehrgang wird mit einem Diplom des International Institute of Physionutrition and Phytotherapy zertifiziert. In diesem Fall ist es wichtig, dass Sie sich mit den neuesten Erkenntnissen der Physionutrition und der Phytotherapie vertraut machen: Ein Zyklus [&hellip;]<\/p>\n","protected":false},"author":1,"featured_media":0,"parent":0,"menu_order":0,"comment_status":"closed","ping_status":"closed","template":"","meta":{"footnotes":""},"_links":{"self":[{"href":"https:\/\/ii-2p.org\/de\/wp-json\/wp\/v2\/pages\/2866"}],"collection":[{"href":"https:\/\/ii-2p.org\/de\/wp-json\/wp\/v2\/pages"}],"about":[{"href":"https:\/\/ii-2p.org\/de\/wp-json\/wp\/v2\/types\/page"}],"author":[{"embeddable":true,"href":"https:\/\/ii-2p.org\/de\/wp-json\/wp\/v2\/users\/1"}],"replies":[{"embeddable":true,"href":"https:\/\/ii-2p.org\/de\/wp-json\/wp\/v2\/comments?post=2866"}],"version-history":[{"count":15,"href":"https:\/\/ii-2p.org\/de\/wp-json\/wp\/v2\/pages\/2866\/revisions"}],"predecessor-version":[{"id":4003,"href":"https:\/\/ii-2p.org\/de\/wp-json\/wp\/v2\/pages\/2866\/revisions\/4003"}],"wp:attachment":[{"href":"https:\/\/ii-2p.org\/de\/wp-json\/wp\/v2\/media?parent=2866"}],"curies":[{"name":"wp","href":"https:\/\/api.w.org\/{rel}","templated":true}]}}