{"id":2883,"date":"2021-12-20T15:29:59","date_gmt":"2021-12-20T15:29:59","guid":{"rendered":"https:\/\/ii-2p.org\/quado\/"},"modified":"2022-07-26T09:01:53","modified_gmt":"2022-07-26T09:01:53","slug":"quado","status":"publish","type":"page","link":"https:\/\/ii-2p.org\/de\/quado\/","title":{"rendered":"QUADO"},"content":{"rendered":"\t\t<div data-elementor-type=\"wp-page\" data-elementor-id=\"2883\" class=\"elementor elementor-2883 elementor-1006\" data-elementor-post-type=\"page\">\n\t\t\t\t\t\t\t\t\t<section class=\"elementor-section elementor-top-section elementor-element elementor-element-432d78c elementor-section-boxed elementor-section-height-default elementor-section-height-default\" data-id=\"432d78c\" data-element_type=\"section\">\n\t\t\t\t\t\t<div class=\"elementor-container elementor-column-gap-default\">\n\t\t\t\t\t<div class=\"elementor-column elementor-col-100 elementor-top-column elementor-element elementor-element-288b243\" data-id=\"288b243\" data-element_type=\"column\">\n\t\t\t<div class=\"elementor-widget-wrap elementor-element-populated\">\n\t\t\t\t\t\t\t\t<div class=\"elementor-element elementor-element-9186c5f elementor-widget elementor-widget-text-editor\" data-id=\"9186c5f\" data-element_type=\"widget\" data-widget_type=\"text-editor.default\">\n\t\t\t\t<div class=\"elementor-widget-container\">\n\t\t\t<style>\/*! elementor - v3.18.0 - 20-12-2023 *\/\n.elementor-widget-text-editor.elementor-drop-cap-view-stacked .elementor-drop-cap{background-color:#69727d;color:#fff}.elementor-widget-text-editor.elementor-drop-cap-view-framed .elementor-drop-cap{color:#69727d;border:3px solid;background-color:transparent}.elementor-widget-text-editor:not(.elementor-drop-cap-view-default) .elementor-drop-cap{margin-top:8px}.elementor-widget-text-editor:not(.elementor-drop-cap-view-default) .elementor-drop-cap-letter{width:1em;height:1em}.elementor-widget-text-editor .elementor-drop-cap{float:left;text-align:center;line-height:1;font-size:50px}.elementor-widget-text-editor .elementor-drop-cap-letter{display:inline-block}<\/style>\t\t\t\t<h3 class=\"box_header page_margin_top_section\" style=\"margin-right: 0px; margin-bottom: 0px; margin-left: 0px; padding: 0px; color: #000000; font-size: 18px;\">QUADO: FRAGEBOGEN ZUR ANALYSE, ZUM SCREENING UND ZUR ORIENTIERUNG<\/h3><div>________________________<\/div><div class=\"wpb_text_column wpb_content_element \" style=\"margin: 0px 0px 35px; padding: 0px; border: 0px; outline: 0px; font-size: 16px; font-family: Lato, sans-serif; vertical-align: baseline; color: #666666;\"><div class=\"wpb_wrapper\" style=\"margin: 0px; padding: 0px; border: 0px; outline: 0px; font-weight: inherit; font-style: inherit; font-family: inherit; vertical-align: baseline;\"><p style=\"margin-right: 0px; margin-bottom: 0px; margin-left: 0px; padding: 1em 0px; border: 0px; outline: 0px; font-weight: inherit; font-style: inherit; font-family: inherit; vertical-align: baseline; line-height: 24px;\">Unter der p\u00e4dagogischen Betreuung von <strong style=\"color: #000000; margin-bottom: 0px;\">Dr Serge SERVER<\/strong><\/p><p style=\"margin-right: 0px; margin-bottom: 0px; margin-left: 0px; padding: 1em 0px; border: 0px; outline: 0px; font-weight: inherit; font-style: inherit; font-family: inherit; vertical-align: baseline; line-height: 24px;\">Die 106 Fragen des QUADOs untersuchen die pers\u00f6nliche Vorgeschichte, den Lebensstil, die aktuellen Behandlungen und die zahlreichen funktionellen Anzeichen (Reizungen, Haut, Verdauung, neurosensorische Symptome, Immunsystem &#8230;) Ihrer Patienten.<\/p><p style=\"margin-right: 0px; margin-bottom: 0px; margin-left: 0px; padding: 1em 0px; border: 0px; outline: 0px; font-weight: inherit; font-style: inherit; font-family: inherit; vertical-align: baseline; line-height: 24px;\">Das Bewertungsschema des QUADO liefert eine Gesamtbilanz der mikron\u00e4hrstoffbedingten Ungleichgewichte \u00fcber alle 8 Gleichgewichte: Mikrobiota &#8211; Darmpermeabilit\u00e4t &#8211; Detox &#8211; oxidativ-inflammatorisch &#8211; essentielle Fetts\u00e4uren &#8211; S\u00e4ure-Base &#8211; Neuromediatoren und Mitochondrien.<\/p><p style=\"margin-right: 0px; margin-bottom: 0px; margin-left: 0px; padding: 1em 0px; border: 0px; outline: 0px; font-weight: inherit; font-style: inherit; font-family: inherit; vertical-align: baseline; line-height: 24px;\">Die Analyse des QUADOs erm\u00f6glicht es, eine auf die Bed\u00fcrfnisse jedes Einzelnen zugeschnittene Betreuung durch Gleichgewicht einzusetzen.<\/p><p style=\"margin-right: 0px; margin-bottom: 0px; margin-left: 0px; padding: 1em 0px; border: 0px; outline: 0px; font-weight: inherit; font-style: inherit; font-family: inherit; vertical-align: baseline; line-height: 24px;\">Unser professioneller Bereich erm\u00f6glicht Ihnen einen schnellen Zugang zum QUADO. Unsere p\u00e4dagogische und ergonomische Plattform erm\u00f6glicht es Ihnen, jeden Patienten im Laufe der Zeit zu begleiten. Da die Frageb\u00f6gen mehrmals ausgef\u00fcllt werden k\u00f6nnen, ist es m\u00f6glich, die Ergebnisse zu vergleichen und ihre Entwicklung zu analysieren, um die Erstversorgung gegebenenfalls anzupassen.<\/p><\/div><\/div>\t\t\t\t\t\t<\/div>\n\t\t\t\t<\/div>\n\t\t\t\t\t<\/div>\n\t\t<\/div>\n\t\t\t\t\t\t\t<\/div>\n\t\t<\/section>\n\t\t\t\t\t\t\t<\/div>\n\t\t","protected":false},"excerpt":{"rendered":"<p>QUADO: FRAGEBOGEN ZUR ANALYSE, ZUM SCREENING UND ZUR ORIENTIERUNG ________________________ Unter der p\u00e4dagogischen Betreuung von Dr Serge SERVER Die 106 Fragen des QUADOs untersuchen die pers\u00f6nliche Vorgeschichte, den Lebensstil, die aktuellen Behandlungen und die zahlreichen funktionellen Anzeichen (Reizungen, Haut, Verdauung, neurosensorische Symptome, Immunsystem &#8230;) Ihrer Patienten. Das Bewertungsschema des QUADO liefert eine Gesamtbilanz der mikron\u00e4hrstoffbedingten [&hellip;]<\/p>\n","protected":false},"author":1,"featured_media":0,"parent":0,"menu_order":0,"comment_status":"closed","ping_status":"closed","template":"","meta":{"footnotes":""},"_links":{"self":[{"href":"https:\/\/ii-2p.org\/de\/wp-json\/wp\/v2\/pages\/2883"}],"collection":[{"href":"https:\/\/ii-2p.org\/de\/wp-json\/wp\/v2\/pages"}],"about":[{"href":"https:\/\/ii-2p.org\/de\/wp-json\/wp\/v2\/types\/page"}],"author":[{"embeddable":true,"href":"https:\/\/ii-2p.org\/de\/wp-json\/wp\/v2\/users\/1"}],"replies":[{"embeddable":true,"href":"https:\/\/ii-2p.org\/de\/wp-json\/wp\/v2\/comments?post=2883"}],"version-history":[{"count":3,"href":"https:\/\/ii-2p.org\/de\/wp-json\/wp\/v2\/pages\/2883\/revisions"}],"predecessor-version":[{"id":2959,"href":"https:\/\/ii-2p.org\/de\/wp-json\/wp\/v2\/pages\/2883\/revisions\/2959"}],"wp:attachment":[{"href":"https:\/\/ii-2p.org\/de\/wp-json\/wp\/v2\/media?parent=2883"}],"curies":[{"name":"wp","href":"https:\/\/api.w.org\/{rel}","templated":true}]}}