{"id":2888,"date":"2021-12-20T15:30:19","date_gmt":"2021-12-20T15:30:19","guid":{"rendered":"https:\/\/ii-2p.org\/queen\/"},"modified":"2022-07-26T09:02:53","modified_gmt":"2022-07-26T09:02:53","slug":"queen","status":"publish","type":"page","link":"https:\/\/ii-2p.org\/de\/queen\/","title":{"rendered":"QUEEN"},"content":{"rendered":"\t\t<div data-elementor-type=\"wp-page\" data-elementor-id=\"2888\" class=\"elementor elementor-2888 elementor-1008\" data-elementor-post-type=\"page\">\n\t\t\t\t\t\t\t\t\t<section class=\"elementor-section elementor-top-section elementor-element elementor-element-7f8e3c9 elementor-section-boxed elementor-section-height-default elementor-section-height-default\" data-id=\"7f8e3c9\" data-element_type=\"section\">\n\t\t\t\t\t\t<div class=\"elementor-container elementor-column-gap-default\">\n\t\t\t\t\t<div class=\"elementor-column elementor-col-100 elementor-top-column elementor-element elementor-element-70702a2\" data-id=\"70702a2\" data-element_type=\"column\">\n\t\t\t<div class=\"elementor-widget-wrap elementor-element-populated\">\n\t\t\t\t\t\t\t\t<div class=\"elementor-element elementor-element-f7f11ff elementor-widget elementor-widget-text-editor\" data-id=\"f7f11ff\" data-element_type=\"widget\" data-widget_type=\"text-editor.default\">\n\t\t\t\t<div class=\"elementor-widget-container\">\n\t\t\t<style>\/*! elementor - v3.18.0 - 20-12-2023 *\/\n.elementor-widget-text-editor.elementor-drop-cap-view-stacked .elementor-drop-cap{background-color:#69727d;color:#fff}.elementor-widget-text-editor.elementor-drop-cap-view-framed .elementor-drop-cap{color:#69727d;border:3px solid;background-color:transparent}.elementor-widget-text-editor:not(.elementor-drop-cap-view-default) .elementor-drop-cap{margin-top:8px}.elementor-widget-text-editor:not(.elementor-drop-cap-view-default) .elementor-drop-cap-letter{width:1em;height:1em}.elementor-widget-text-editor .elementor-drop-cap{float:left;text-align:center;line-height:1;font-size:50px}.elementor-widget-text-editor .elementor-drop-cap-letter{display:inline-block}<\/style>\t\t\t\t<span style=\"color: #000000; font-size: 18px; font-style: inherit;  \">QUEEN : FRAGEBOGEN ZUR BEWERTUNG DER ENDOKRINOLOGIE<\/span>\n<div style=\"margin: 0px; padding: 0px; border: 0px; outline: 0px; font-size: 16px; font-family: Lato, sans-serif; vertical-align: baseline; color: #666666;  \">\n<div style=\"margin: 0px; padding: 0px; border: 0px; outline: 0px; font-weight: inherit; font-style: inherit; font-family: inherit; vertical-align: baseline; width: 990px; position: relative; min-height: auto; float: left;\">\n<div style=\"margin: 0px; padding: 0px; border: 0px; outline: 0px; font-weight: inherit; font-style: inherit; font-family: inherit; vertical-align: baseline;\">\n<div style=\"margin: 0px 0px 35px; padding: 0px; border: 0px; outline: 0px; font-weight: inherit; font-style: inherit; font-family: inherit; vertical-align: baseline;\">\n<div style=\"margin: 0px; padding: 0px; border: 0px; outline: 0px; font-weight: inherit; font-style: inherit; font-family: inherit; vertical-align: baseline;\">\n<p style=\"margin-right: 0px; margin-bottom: 0px; margin-left: 0px; padding: 1em 0px; border: 0px; outline: 0px; font-weight: inherit; font-style: inherit; font-family: inherit; vertical-align: baseline; line-height: 24px;\">Unter der p\u00e4dagogischen Leitung von <strong style=\"color: #000000;\">Dr Jacques BASSIER <\/strong>und <strong style=\"color: #000000; margin-bottom: 0px;\">Dr Beno\u00eet EVERARD<\/strong><\/p>\n<p style=\"margin-right: 0px; margin-bottom: 0px; margin-left: 0px; padding: 1em 0px; border: 0px; outline: 0px; font-weight: inherit; font-style: inherit; font-family: inherit; vertical-align: baseline; line-height: 24px;\">QUEEN untersucht die Symptome und die Krankengeschichte Ihrer Patienten rund um 11 Hormone: Schilddr\u00fcse, Insulin, Melatonin, Wachstumshormon, DHEA, Cortisol, Aldosteron, Pregnenolon, Testosteron, \u00d6strogen und Progesteron.<\/p>\n<p style=\"margin-right: 0px; margin-bottom: 0px; margin-left: 0px; padding: 1em 0px; border: 0px; outline: 0px; font-weight: inherit; font-style: inherit; font-family: inherit; vertical-align: baseline; line-height: 24px;\">Mit dem Fragebogen werden die verschiedenen endokrinen Dysfunktionen bewertet. Das Interpretationsradar erm\u00f6glicht eine fr\u00fchzeitige Behandlung des Hormonhaushalts, noch bevor biologische St\u00f6rungen auftreten.<\/p>\n<p style=\"margin-right: 0px; margin-bottom: 0px; margin-left: 0px; padding: 1em 0px; border: 0px; outline: 0px; font-weight: inherit; font-style: inherit; font-family: inherit; vertical-align: baseline; line-height: 24px;\">Unser professioneller Bereich erm\u00f6glicht Ihnen einen schnellen Zugang zum QUEEN. Unsere p\u00e4dagogische und ergonomische Plattform erm\u00f6glicht es Ihnen, jeden Patienten im Laufe der Zeit zu begleiten. Da die Frageb\u00f6gen mehrmals ausgef\u00fcllt werden k\u00f6nnen, ist es m\u00f6glich, die Ergebnisse zu vergleichen und ihre Entwicklung zu analysieren, um die Erstversorgung gegebenenfalls anzupassen.<\/p>\n\n<\/div>\n<\/div>\n<\/div>\n<\/div>\n<\/div>\t\t\t\t\t\t<\/div>\n\t\t\t\t<\/div>\n\t\t\t\t\t<\/div>\n\t\t<\/div>\n\t\t\t\t\t\t\t<\/div>\n\t\t<\/section>\n\t\t\t\t\t\t\t<\/div>\n\t\t","protected":false},"excerpt":{"rendered":"<p>QUEEN : FRAGEBOGEN ZUR BEWERTUNG DER ENDOKRINOLOGIE Unter der p\u00e4dagogischen Leitung von Dr Jacques BASSIER und Dr Beno\u00eet EVERARD QUEEN untersucht die Symptome und die Krankengeschichte Ihrer Patienten rund um 11 Hormone: Schilddr\u00fcse, Insulin, Melatonin, Wachstumshormon, DHEA, Cortisol, Aldosteron, Pregnenolon, Testosteron, \u00d6strogen und Progesteron. Mit dem Fragebogen werden die verschiedenen endokrinen Dysfunktionen bewertet. Das Interpretationsradar [&hellip;]<\/p>\n","protected":false},"author":1,"featured_media":0,"parent":0,"menu_order":0,"comment_status":"closed","ping_status":"closed","template":"","meta":{"footnotes":""},"_links":{"self":[{"href":"https:\/\/ii-2p.org\/de\/wp-json\/wp\/v2\/pages\/2888"}],"collection":[{"href":"https:\/\/ii-2p.org\/de\/wp-json\/wp\/v2\/pages"}],"about":[{"href":"https:\/\/ii-2p.org\/de\/wp-json\/wp\/v2\/types\/page"}],"author":[{"embeddable":true,"href":"https:\/\/ii-2p.org\/de\/wp-json\/wp\/v2\/users\/1"}],"replies":[{"embeddable":true,"href":"https:\/\/ii-2p.org\/de\/wp-json\/wp\/v2\/comments?post=2888"}],"version-history":[{"count":3,"href":"https:\/\/ii-2p.org\/de\/wp-json\/wp\/v2\/pages\/2888\/revisions"}],"predecessor-version":[{"id":2961,"href":"https:\/\/ii-2p.org\/de\/wp-json\/wp\/v2\/pages\/2888\/revisions\/2961"}],"wp:attachment":[{"href":"https:\/\/ii-2p.org\/de\/wp-json\/wp\/v2\/media?parent=2888"}],"curies":[{"name":"wp","href":"https:\/\/api.w.org\/{rel}","templated":true}]}}