{"id":2893,"date":"2021-12-20T15:30:29","date_gmt":"2021-12-20T15:30:29","guid":{"rendered":"https:\/\/ii-2p.org\/quidam\/"},"modified":"2022-07-26T09:03:45","modified_gmt":"2022-07-26T09:03:45","slug":"quidam","status":"publish","type":"page","link":"https:\/\/ii-2p.org\/de\/quidam\/","title":{"rendered":"QUIDAM"},"content":{"rendered":"\t\t<div data-elementor-type=\"wp-page\" data-elementor-id=\"2893\" class=\"elementor elementor-2893 elementor-1007\" data-elementor-post-type=\"page\">\n\t\t\t\t\t\t\t\t\t<section class=\"elementor-section elementor-top-section elementor-element elementor-element-157d308 elementor-section-boxed elementor-section-height-default elementor-section-height-default\" data-id=\"157d308\" data-element_type=\"section\">\n\t\t\t\t\t\t<div class=\"elementor-container elementor-column-gap-default\">\n\t\t\t\t\t<div class=\"elementor-column elementor-col-100 elementor-top-column elementor-element elementor-element-00499eb\" data-id=\"00499eb\" data-element_type=\"column\">\n\t\t\t<div class=\"elementor-widget-wrap elementor-element-populated\">\n\t\t\t\t\t\t\t\t<div class=\"elementor-element elementor-element-3313a04 elementor-widget elementor-widget-text-editor\" data-id=\"3313a04\" data-element_type=\"widget\" data-widget_type=\"text-editor.default\">\n\t\t\t\t<div class=\"elementor-widget-container\">\n\t\t\t<style>\/*! elementor - v3.18.0 - 20-12-2023 *\/\n.elementor-widget-text-editor.elementor-drop-cap-view-stacked .elementor-drop-cap{background-color:#69727d;color:#fff}.elementor-widget-text-editor.elementor-drop-cap-view-framed .elementor-drop-cap{color:#69727d;border:3px solid;background-color:transparent}.elementor-widget-text-editor:not(.elementor-drop-cap-view-default) .elementor-drop-cap{margin-top:8px}.elementor-widget-text-editor:not(.elementor-drop-cap-view-default) .elementor-drop-cap-letter{width:1em;height:1em}.elementor-widget-text-editor .elementor-drop-cap{float:left;text-align:center;line-height:1;font-size:50px}.elementor-widget-text-editor .elementor-drop-cap-letter{display:inline-block}<\/style>\t\t\t\t<p><span style=\"color: #000000; font-size: 18px;\">QUIDAM : INDIVIDUELLER FRAGEBOGEN ZUR MAKRON\u00c4HRSTOFFZUFUHR<\/span><\/p><p><span style=\"font-family: inherit; font-style: inherit; font-weight: inherit; color: #666666; font-size: 16px;\">Der<\/span> <strong style=\"font-family: inherit; font-style: inherit; font-size: 16px; color: #000000; margin-bottom: 0px;\">QUIDAM<\/strong> <span style=\"font-family: inherit; font-style: inherit; font-weight: inherit; color: #666666; font-size: 16px;\">ist ein einfaches und schnelles Instrument, mit dem Sie die Art und H\u00e4ufigkeit des Verzehrs verschiedener Lebensmittelarten bewerten k\u00f6nnen: Obst, Gem\u00fcse, Vollwertkost, fettes Fleisch und Fisch, Milchprodukte, Arten von \u00d6len und Wasser, die Ihre Patienten t\u00e4glich konsumieren.<\/span><\/p><div class=\"wpb_text_column wpb_content_element \" style=\"margin: 0px 0px 35px; padding: 0px; border: 0px; outline: 0px; font-size: 16px; font-family: Lato, sans-serif; vertical-align: baseline; color: #666666;\"><div class=\"wpb_wrapper\" style=\"margin: 0px; padding: 0px; border: 0px; outline: 0px; font-weight: inherit; font-style: inherit; font-family: inherit; vertical-align: baseline;\"><p style=\"margin-right: 0px; margin-bottom: 0px; margin-left: 0px; padding: 1em 0px; border: 0px; outline: 0px; font-weight: inherit; font-style: inherit; font-family: inherit; vertical-align: baseline; line-height: 24px;\">Mit den 11 Fragen des QUIDAM erhalten Sie schnell eine Einsch\u00e4tzung der Ern\u00e4hrungsgewohnheiten Ihrer Patienten. Das Interpretationsradar bestimmt m\u00f6gliche Ern\u00e4hrungsfehler und Ihre Auswertung erm\u00f6glicht es Ihnen, die notwendigen \u00c4nderungen zu erlassen.<\/p><p style=\"margin-right: 0px; margin-bottom: 0px; margin-left: 0px; padding: 1em 0px; border: 0px; outline: 0px; font-weight: inherit; font-style: inherit; font-family: inherit; vertical-align: baseline; line-height: 24px;\">Unser professioneller Bereich erm\u00f6glicht Ihnen einen schnellen Zugriff auf den QUIDAM. Unsere p\u00e4dagogische und ergonomische Plattform erm\u00f6glicht es Ihnen, jeden Patienten im Laufe der Zeit zu begleiten. Da die Frageb\u00f6gen mehrmals ausgef\u00fcllt werden k\u00f6nnen, ist es m\u00f6glich, die Ergebnisse zu vergleichen und ihre Entwicklung zu analysieren, um die Erstversorgung gegebenenfalls anzupassen.<\/p><\/div><\/div><div style=\"margin: 0px 0px 35px; padding: 0px; border: 0px; outline: 0px; font-size: 16px; font-family: Lato, sans-serif; vertical-align: baseline; color: #666666;\"><div style=\"margin: 0px; padding: 0px; border: 0px; outline: 0px; font-weight: inherit; font-style: inherit; font-family: inherit; vertical-align: baseline;\"> <\/div><\/div>\t\t\t\t\t\t<\/div>\n\t\t\t\t<\/div>\n\t\t\t\t\t<\/div>\n\t\t<\/div>\n\t\t\t\t\t\t\t<\/div>\n\t\t<\/section>\n\t\t\t\t\t\t\t<\/div>\n\t\t","protected":false},"excerpt":{"rendered":"<p>QUIDAM : INDIVIDUELLER FRAGEBOGEN ZUR MAKRON\u00c4HRSTOFFZUFUHR Der QUIDAM ist ein einfaches und schnelles Instrument, mit dem Sie die Art und H\u00e4ufigkeit des Verzehrs verschiedener Lebensmittelarten bewerten k\u00f6nnen: Obst, Gem\u00fcse, Vollwertkost, fettes Fleisch und Fisch, Milchprodukte, Arten von \u00d6len und Wasser, die Ihre Patienten t\u00e4glich konsumieren. Mit den 11 Fragen des QUIDAM erhalten Sie schnell eine [&hellip;]<\/p>\n","protected":false},"author":1,"featured_media":0,"parent":0,"menu_order":0,"comment_status":"closed","ping_status":"closed","template":"","meta":{"footnotes":""},"_links":{"self":[{"href":"https:\/\/ii-2p.org\/de\/wp-json\/wp\/v2\/pages\/2893"}],"collection":[{"href":"https:\/\/ii-2p.org\/de\/wp-json\/wp\/v2\/pages"}],"about":[{"href":"https:\/\/ii-2p.org\/de\/wp-json\/wp\/v2\/types\/page"}],"author":[{"embeddable":true,"href":"https:\/\/ii-2p.org\/de\/wp-json\/wp\/v2\/users\/1"}],"replies":[{"embeddable":true,"href":"https:\/\/ii-2p.org\/de\/wp-json\/wp\/v2\/comments?post=2893"}],"version-history":[{"count":3,"href":"https:\/\/ii-2p.org\/de\/wp-json\/wp\/v2\/pages\/2893\/revisions"}],"predecessor-version":[{"id":2963,"href":"https:\/\/ii-2p.org\/de\/wp-json\/wp\/v2\/pages\/2893\/revisions\/2963"}],"wp:attachment":[{"href":"https:\/\/ii-2p.org\/de\/wp-json\/wp\/v2\/media?parent=2893"}],"curies":[{"name":"wp","href":"https:\/\/api.w.org\/{rel}","templated":true}]}}