{"id":2905,"date":"2021-12-20T15:19:26","date_gmt":"2021-12-20T15:19:26","guid":{"rendered":"https:\/\/ii-2p.org\/extra-muros-e-t-i-p-p-seminare\/"},"modified":"2022-09-08T14:32:40","modified_gmt":"2022-09-08T14:32:40","slug":"extra-muros-i-i-2-p-seminare","status":"publish","type":"page","link":"https:\/\/ii-2p.org\/de\/extra-muros-i-i-2-p-seminare\/","title":{"rendered":"Extra muros II2P-Seminare"},"content":{"rendered":"\t\t<div data-elementor-type=\"wp-page\" data-elementor-id=\"2905\" class=\"elementor elementor-2905 elementor-989\" data-elementor-post-type=\"page\">\n\t\t\t\t\t\t\t\t\t<section class=\"elementor-section elementor-top-section elementor-element elementor-element-0fa7c2f elementor-section-boxed elementor-section-height-default elementor-section-height-default\" data-id=\"0fa7c2f\" data-element_type=\"section\">\n\t\t\t\t\t\t<div class=\"elementor-container elementor-column-gap-default\">\n\t\t\t\t\t<div class=\"elementor-column elementor-col-100 elementor-top-column elementor-element elementor-element-94b3cf6\" data-id=\"94b3cf6\" data-element_type=\"column\">\n\t\t\t<div class=\"elementor-widget-wrap elementor-element-populated\">\n\t\t\t\t\t\t\t\t<div class=\"elementor-element elementor-element-ee03f8e elementor-widget elementor-widget-text-editor\" data-id=\"ee03f8e\" data-element_type=\"widget\" data-widget_type=\"text-editor.default\">\n\t\t\t\t<div class=\"elementor-widget-container\">\n\t\t\t<style>\/*! elementor - v3.18.0 - 20-12-2023 *\/\n.elementor-widget-text-editor.elementor-drop-cap-view-stacked .elementor-drop-cap{background-color:#69727d;color:#fff}.elementor-widget-text-editor.elementor-drop-cap-view-framed .elementor-drop-cap{color:#69727d;border:3px solid;background-color:transparent}.elementor-widget-text-editor:not(.elementor-drop-cap-view-default) .elementor-drop-cap{margin-top:8px}.elementor-widget-text-editor:not(.elementor-drop-cap-view-default) .elementor-drop-cap-letter{width:1em;height:1em}.elementor-widget-text-editor .elementor-drop-cap{float:left;text-align:center;line-height:1;font-size:50px}.elementor-widget-text-editor .elementor-drop-cap-letter{display:inline-block}<\/style>\t\t\t\t<p>Die extra muros II2P-Seminare<\/p><p><span style=\"font-family: inherit; font-style: inherit; font-weight: inherit; color: #666666; font-size: 16px;\">Seit seiner Gr\u00fcndung hat sich das International Institute of Physionutrition and Phytotherapy (II2P) einem Ausbildungsprogramm verschrieben, das sich an Angeh\u00f6rige der Gesundheitsberufe richtet, die ihr Wissen \u00fcber Physionutrition und Phytotherapie erweitern und sich gleichzeitig kulturell bereichern m\u00f6chten.<\/span><\/p><div style=\"margin: 0px; padding: 0px; border: 0px; outline: 0px; font-size: 16px; font-family: inherit, sans-serif; vertical-align: baseline; color: #666666;\"><div style=\"margin: 0px; padding: 0px; border: 0px; outline: 0px; font-weight: inherit; font-style: inherit; font-family: inherit; vertical-align: baseline; width: 990px; position: relative; min-height: auto; float: left;\"><div style=\"margin: 0px; padding: 0px; border: 0px; outline: 0px; font-weight: inherit; font-style: inherit; font-family: inherit; vertical-align: baseline;\"><div style=\"margin: 0px 0px 35px; padding: 0px; border: 0px; outline: 0px; font-weight: inherit; font-style: inherit; font-family: inherit; vertical-align: baseline;\"><div style=\"margin: 0px; padding: 0px; border: 0px; outline: 0px; font-weight: inherit; font-style: inherit; font-family: inherit; vertical-align: baseline;\"><p style=\"margin-right: 0px; margin-bottom: 0px; margin-left: 0px; padding: 1em 0px; border: 0px; outline: 0px; font-weight: inherit; font-style: inherit; font-family: inherit; vertical-align: baseline;\">Hunderte von Seminaren mit renommierten Referenten, die Experten f\u00fcr Physionutrition und Phytotherapie sind, wurden bereits in vielen L\u00e4ndern der Welt abgehalten.<\/p><p style=\"margin-right: 0px; margin-bottom: 0px; margin-left: 0px; padding: 1em 0px; border: 0px; outline: 0px; font-weight: inherit; font-style: inherit; font-family: inherit; vertical-align: baseline;\">Fordern Sie die Brosch\u00fcre per E-Mail an: info@etipp-eu.com oder kontaktieren Sie das II2P unter +352 27 86 40 42.<\/p><\/div><\/div><\/div><\/div><\/div>\t\t\t\t\t\t<\/div>\n\t\t\t\t<\/div>\n\t\t\t\t\t<\/div>\n\t\t<\/div>\n\t\t\t\t\t\t\t<\/div>\n\t\t<\/section>\n\t\t\t\t\t\t\t<\/div>\n\t\t","protected":false},"excerpt":{"rendered":"<p>Die extra muros II2P-Seminare Seit seiner Gr\u00fcndung hat sich das International Institute of Physionutrition and Phytotherapy (II2P) einem Ausbildungsprogramm verschrieben, das sich an Angeh\u00f6rige der Gesundheitsberufe richtet, die ihr Wissen \u00fcber Physionutrition und Phytotherapie erweitern und sich gleichzeitig kulturell bereichern m\u00f6chten. Hunderte von Seminaren mit renommierten Referenten, die Experten f\u00fcr Physionutrition und Phytotherapie sind, wurden [&hellip;]<\/p>\n","protected":false},"author":1,"featured_media":0,"parent":0,"menu_order":0,"comment_status":"closed","ping_status":"closed","template":"","meta":{"footnotes":""},"_links":{"self":[{"href":"https:\/\/ii-2p.org\/de\/wp-json\/wp\/v2\/pages\/2905"}],"collection":[{"href":"https:\/\/ii-2p.org\/de\/wp-json\/wp\/v2\/pages"}],"about":[{"href":"https:\/\/ii-2p.org\/de\/wp-json\/wp\/v2\/types\/page"}],"author":[{"embeddable":true,"href":"https:\/\/ii-2p.org\/de\/wp-json\/wp\/v2\/users\/1"}],"replies":[{"embeddable":true,"href":"https:\/\/ii-2p.org\/de\/wp-json\/wp\/v2\/comments?post=2905"}],"version-history":[{"count":24,"href":"https:\/\/ii-2p.org\/de\/wp-json\/wp\/v2\/pages\/2905\/revisions"}],"predecessor-version":[{"id":4021,"href":"https:\/\/ii-2p.org\/de\/wp-json\/wp\/v2\/pages\/2905\/revisions\/4021"}],"wp:attachment":[{"href":"https:\/\/ii-2p.org\/de\/wp-json\/wp\/v2\/media?parent=2905"}],"curies":[{"name":"wp","href":"https:\/\/api.w.org\/{rel}","templated":true}]}}