{"id":2919,"date":"2022-06-24T14:19:27","date_gmt":"2022-06-24T14:19:27","guid":{"rendered":"https:\/\/ii-2p.org\/finden-sie-einen-arzt-eine-aerztin-in-ihrer-naehe-2\/"},"modified":"2022-07-26T09:07:44","modified_gmt":"2022-07-26T09:07:44","slug":"finden-sie-einen-arzt-eine-aerztin-in-ihrer-naehe-2","status":"publish","type":"page","link":"https:\/\/ii-2p.org\/de\/finden-sie-einen-arzt-eine-aerztin-in-ihrer-naehe-2\/","title":{"rendered":"Finden Sie einen Arzt\/eine \u00c4rztin in Ihrer N\u00e4he"},"content":{"rendered":"\n<p>Spezialisten f\u00fcr Physionutrition sind Mediziner, die davon \u00fcberzeugt sind, dass Vorbeugung von entscheidender Bedeutung ist und dass man nicht Symptome behandelt, sondern einen Patienten in seiner Gesamtheit und Individualit\u00e4t. Alle unsere Spezialisten werden regelm\u00e4\u00dfig in den neuesten wissenschaftlichen Erkenntnissen geschult.<\/p>\n\n<p>Um einen Spezialisten f\u00fcr Physionutrition in Ihrer N\u00e4he zu finden, wenden Sie sich an das E.T.I.P.P:<\/p>\n\n<ul><li>-per E-Mail: <a href=\"mailto:info@etipp-eu.com\">info@etipp-eu.com<\/a><\/li><\/ul>\n\n<ul><li>-per Telefon: +352 27 86 40 42.<\/li><\/ul>\n\n<p><\/p>\n","protected":false},"excerpt":{"rendered":"<p>Spezialisten f\u00fcr Physionutrition sind Mediziner, die davon \u00fcberzeugt sind, dass Vorbeugung von entscheidender Bedeutung ist und dass man nicht Symptome behandelt, sondern einen Patienten in seiner Gesamtheit und Individualit\u00e4t. Alle unsere Spezialisten werden regelm\u00e4\u00dfig in den neuesten wissenschaftlichen Erkenntnissen geschult. Um einen Spezialisten f\u00fcr Physionutrition in Ihrer N\u00e4he zu finden, wenden Sie sich an das [&hellip;]<\/p>\n","protected":false},"author":1,"featured_media":0,"parent":0,"menu_order":0,"comment_status":"closed","ping_status":"closed","template":"","meta":{"footnotes":""},"_links":{"self":[{"href":"https:\/\/ii-2p.org\/de\/wp-json\/wp\/v2\/pages\/2919"}],"collection":[{"href":"https:\/\/ii-2p.org\/de\/wp-json\/wp\/v2\/pages"}],"about":[{"href":"https:\/\/ii-2p.org\/de\/wp-json\/wp\/v2\/types\/page"}],"author":[{"embeddable":true,"href":"https:\/\/ii-2p.org\/de\/wp-json\/wp\/v2\/users\/1"}],"replies":[{"embeddable":true,"href":"https:\/\/ii-2p.org\/de\/wp-json\/wp\/v2\/comments?post=2919"}],"version-history":[{"count":3,"href":"https:\/\/ii-2p.org\/de\/wp-json\/wp\/v2\/pages\/2919\/revisions"}],"predecessor-version":[{"id":2977,"href":"https:\/\/ii-2p.org\/de\/wp-json\/wp\/v2\/pages\/2919\/revisions\/2977"}],"wp:attachment":[{"href":"https:\/\/ii-2p.org\/de\/wp-json\/wp\/v2\/media?parent=2919"}],"curies":[{"name":"wp","href":"https:\/\/api.w.org\/{rel}","templated":true}]}}