{"id":3410,"date":"2022-08-31T08:19:43","date_gmt":"2022-08-31T08:19:43","guid":{"rendered":"https:\/\/ii-2p.org\/finden-sie-bald-ihren-e-learning-bereich\/"},"modified":"2022-09-06T15:48:27","modified_gmt":"2022-09-06T15:48:27","slug":"finden-sie-bald-ihren-e-learning-bereich","status":"publish","type":"page","link":"https:\/\/ii-2p.org\/de\/finden-sie-bald-ihren-e-learning-bereich\/","title":{"rendered":"Finden sie bald ihren e-learning-bereich"},"content":{"rendered":"\t\t<div data-elementor-type=\"wp-page\" data-elementor-id=\"3410\" class=\"elementor elementor-3410 elementor-3201\" data-elementor-post-type=\"page\">\n\t\t\t\t\t\t\t\t\t<section class=\"elementor-section elementor-top-section elementor-element elementor-element-792f843 elementor-section-boxed elementor-section-height-default elementor-section-height-default\" data-id=\"792f843\" data-element_type=\"section\">\n\t\t\t\t\t\t<div class=\"elementor-container elementor-column-gap-default\">\n\t\t\t\t\t<div class=\"elementor-column elementor-col-100 elementor-top-column elementor-element elementor-element-2af9d33\" data-id=\"2af9d33\" data-element_type=\"column\">\n\t\t\t<div class=\"elementor-widget-wrap elementor-element-populated\">\n\t\t\t\t\t\t\t\t<div class=\"elementor-element elementor-element-0fbb4c9 elementor-widget elementor-widget-heading\" data-id=\"0fbb4c9\" data-element_type=\"widget\" data-settings=\"{&quot;motion_fx_motion_fx_scrolling&quot;:&quot;yes&quot;,&quot;motion_fx_devices&quot;:[&quot;desktop&quot;,&quot;tablet&quot;,&quot;mobile&quot;]}\" data-widget_type=\"heading.default\">\n\t\t\t\t<div class=\"elementor-widget-container\">\n\t\t\t<style>\/*! elementor - v3.18.0 - 20-12-2023 *\/\n.elementor-heading-title{padding:0;margin:0;line-height:1}.elementor-widget-heading .elementor-heading-title[class*=elementor-size-]>a{color:inherit;font-size:inherit;line-height:inherit}.elementor-widget-heading .elementor-heading-title.elementor-size-small{font-size:15px}.elementor-widget-heading .elementor-heading-title.elementor-size-medium{font-size:19px}.elementor-widget-heading .elementor-heading-title.elementor-size-large{font-size:29px}.elementor-widget-heading .elementor-heading-title.elementor-size-xl{font-size:39px}.elementor-widget-heading .elementor-heading-title.elementor-size-xxl{font-size:59px}<\/style><h1 class=\"elementor-heading-title elementor-size-default\">FINDEN SIE BALD IHREN E-LEARNING-BEREICH<\/h1>\t\t<\/div>\n\t\t\t\t<\/div>\n\t\t\t\t\t<\/div>\n\t\t<\/div>\n\t\t\t\t\t\t\t<\/div>\n\t\t<\/section>\n\t\t\t\t<section class=\"elementor-section elementor-top-section elementor-element elementor-element-d6c93e3 elementor-section-boxed elementor-section-height-default elementor-section-height-default\" data-id=\"d6c93e3\" data-element_type=\"section\">\n\t\t\t\t\t\t<div class=\"elementor-container elementor-column-gap-default\">\n\t\t\t\t\t<div class=\"elementor-column elementor-col-100 elementor-top-column elementor-element elementor-element-38d01d0\" data-id=\"38d01d0\" data-element_type=\"column\">\n\t\t\t<div class=\"elementor-widget-wrap elementor-element-populated\">\n\t\t\t\t\t\t\t\t<div class=\"elementor-element elementor-element-9e049a0 elementor-widget elementor-widget-text-editor\" data-id=\"9e049a0\" data-element_type=\"widget\" data-widget_type=\"text-editor.default\">\n\t\t\t\t<div class=\"elementor-widget-container\">\n\t\t\t<style>\/*! elementor - v3.18.0 - 20-12-2023 *\/\n.elementor-widget-text-editor.elementor-drop-cap-view-stacked .elementor-drop-cap{background-color:#69727d;color:#fff}.elementor-widget-text-editor.elementor-drop-cap-view-framed .elementor-drop-cap{color:#69727d;border:3px solid;background-color:transparent}.elementor-widget-text-editor:not(.elementor-drop-cap-view-default) .elementor-drop-cap{margin-top:8px}.elementor-widget-text-editor:not(.elementor-drop-cap-view-default) .elementor-drop-cap-letter{width:1em;height:1em}.elementor-widget-text-editor .elementor-drop-cap{float:left;text-align:center;line-height:1;font-size:50px}.elementor-widget-text-editor .elementor-drop-cap-letter{display:inline-block}<\/style>\t\t\t\t<p>Das II2P, ein Ausbildungsunternehmen mit Sitz im Gro\u00dfherzogtum Luxemburg,<br>wurde auf Initiative von Allgemeinmedizinern, Ern\u00e4hrungswissenschaftlern und Universit\u00e4tsprofessoren gegr\u00fcndet,<br>um europ\u00e4ische Gesundheitsfachkr\u00e4fte in Physionutrition und<br>Phytotherapie auszubilden.<\/p>\t\t\t\t\t\t<\/div>\n\t\t\t\t<\/div>\n\t\t\t\t\t<\/div>\n\t\t<\/div>\n\t\t\t\t\t\t\t<\/div>\n\t\t<\/section>\n\t\t\t\t<section class=\"elementor-section elementor-top-section elementor-element elementor-element-f1e64e3 elementor-section-boxed elementor-section-height-default elementor-section-height-default\" data-id=\"f1e64e3\" data-element_type=\"section\">\n\t\t\t\t\t\t<div class=\"elementor-container elementor-column-gap-default\">\n\t\t\t\t\t<div class=\"elementor-column elementor-col-100 elementor-top-column elementor-element elementor-element-925602b\" data-id=\"925602b\" data-element_type=\"column\">\n\t\t\t<div class=\"elementor-widget-wrap elementor-element-populated\">\n\t\t\t\t\t\t\t\t<div class=\"elementor-element elementor-element-eb3b898 elementor-widget elementor-widget-text-editor\" data-id=\"eb3b898\" data-element_type=\"widget\" data-widget_type=\"text-editor.default\">\n\t\t\t\t<div class=\"elementor-widget-container\">\n\t\t\t\t\t\t\t<p>F\u00fcr weitere Informationen kontaktieren Sie uns: <a href=\"mailto:info@ii-2p.org\">info@ii-2p.org<\/a><\/p>\t\t\t\t\t\t<\/div>\n\t\t\t\t<\/div>\n\t\t\t\t\t<\/div>\n\t\t<\/div>\n\t\t\t\t\t\t\t<\/div>\n\t\t<\/section>\n\t\t\t\t\t\t\t<\/div>\n\t\t","protected":false},"excerpt":{"rendered":"<p>FINDEN SIE BALD IHREN E-LEARNING-BEREICH Das II2P, ein Ausbildungsunternehmen mit Sitz im Gro\u00dfherzogtum Luxemburg,wurde auf Initiative von Allgemeinmedizinern, Ern\u00e4hrungswissenschaftlern und Universit\u00e4tsprofessoren gegr\u00fcndet,um europ\u00e4ische Gesundheitsfachkr\u00e4fte in Physionutrition undPhytotherapie auszubilden. F\u00fcr weitere Informationen kontaktieren Sie uns: info@ii-2p.org<\/p>\n","protected":false},"author":1,"featured_media":0,"parent":0,"menu_order":0,"comment_status":"closed","ping_status":"closed","template":"","meta":{"footnotes":""},"_links":{"self":[{"href":"https:\/\/ii-2p.org\/de\/wp-json\/wp\/v2\/pages\/3410"}],"collection":[{"href":"https:\/\/ii-2p.org\/de\/wp-json\/wp\/v2\/pages"}],"about":[{"href":"https:\/\/ii-2p.org\/de\/wp-json\/wp\/v2\/types\/page"}],"author":[{"embeddable":true,"href":"https:\/\/ii-2p.org\/de\/wp-json\/wp\/v2\/users\/1"}],"replies":[{"embeddable":true,"href":"https:\/\/ii-2p.org\/de\/wp-json\/wp\/v2\/comments?post=3410"}],"version-history":[{"count":3,"href":"https:\/\/ii-2p.org\/de\/wp-json\/wp\/v2\/pages\/3410\/revisions"}],"predecessor-version":[{"id":3683,"href":"https:\/\/ii-2p.org\/de\/wp-json\/wp\/v2\/pages\/3410\/revisions\/3683"}],"wp:attachment":[{"href":"https:\/\/ii-2p.org\/de\/wp-json\/wp\/v2\/media?parent=3410"}],"curies":[{"name":"wp","href":"https:\/\/api.w.org\/{rel}","templated":true}]}}