{"id":3420,"date":"2022-08-31T08:30:36","date_gmt":"2022-08-31T08:30:36","guid":{"rendered":"https:\/\/ii-2p.org\/ihr-professioneller-bereich-bald-online\/"},"modified":"2025-07-29T05:59:04","modified_gmt":"2025-07-29T05:59:04","slug":"ihr-professioneller-bereich-bald-online","status":"publish","type":"page","link":"https:\/\/ii-2p.org\/de\/ihr-professioneller-bereich-bald-online\/","title":{"rendered":"IHR NEUER BERUFLICHER BEREICH IST VERF\u00dcGBAR."},"content":{"rendered":"\t\t<div data-elementor-type=\"wp-page\" data-elementor-id=\"3420\" class=\"elementor elementor-3420 elementor-3211\" data-elementor-post-type=\"page\">\n\t\t\t\t\t\t\t\t\t<section class=\"elementor-section elementor-top-section elementor-element elementor-element-3505ec4 elementor-section-boxed elementor-section-height-default elementor-section-height-default\" data-id=\"3505ec4\" data-element_type=\"section\">\n\t\t\t\t\t\t<div class=\"elementor-container elementor-column-gap-default\">\n\t\t\t\t\t<div class=\"elementor-column elementor-col-100 elementor-top-column elementor-element elementor-element-af89f3c\" data-id=\"af89f3c\" data-element_type=\"column\">\n\t\t\t<div class=\"elementor-widget-wrap elementor-element-populated\">\n\t\t\t\t\t\t\t\t<div class=\"elementor-element elementor-element-25f5997 elementor-widget elementor-widget-heading\" data-id=\"25f5997\" data-element_type=\"widget\" data-widget_type=\"heading.default\">\n\t\t\t\t<div class=\"elementor-widget-container\">\n\t\t\t<style>\/*! elementor - v3.18.0 - 20-12-2023 *\/\n.elementor-heading-title{padding:0;margin:0;line-height:1}.elementor-widget-heading .elementor-heading-title[class*=elementor-size-]>a{color:inherit;font-size:inherit;line-height:inherit}.elementor-widget-heading .elementor-heading-title.elementor-size-small{font-size:15px}.elementor-widget-heading .elementor-heading-title.elementor-size-medium{font-size:19px}.elementor-widget-heading .elementor-heading-title.elementor-size-large{font-size:29px}.elementor-widget-heading .elementor-heading-title.elementor-size-xl{font-size:39px}.elementor-widget-heading .elementor-heading-title.elementor-size-xxl{font-size:59px}<\/style><h2 class=\"elementor-heading-title elementor-size-default\">IHR NEUER BERUFLICHER BEREICH IST VERF\u00dcGBAR.<\/h2>\t\t<\/div>\n\t\t\t\t<\/div>\n\t\t\t\t<div class=\"elementor-element elementor-element-2556e18 elementor-widget elementor-widget-html\" data-id=\"2556e18\" data-element_type=\"widget\" data-widget_type=\"html.default\">\n\t\t\t\t<div class=\"elementor-widget-container\">\n\t\t\t<form>\r\n  <label for=\"country-select\">W\u00e4hlen Sie Ihr Land:<\/label>\r\n  <select id=\"country-select\" name=\"country-select\">\r\n    <option><\/option>\r\n    <option value=\"https:\/\/fr.espaceevaluations.ii-2p.org\/pro\/login\">Frankreich<\/option>\r\n    <option value=\"https:\/\/be.espaceevaluations.ii-2p.org\/pro\/login\">Belgien<\/option>\r\n    <option value=\"https:\/\/it.espaceevaluations.ii-2p.org\/pro\/login\">Italien<\/option>\r\n    <option value=\"https:\/\/es.espaceevaluations.ii-2p.org\/pro\/login\">Spanien<\/option>\r\n    <option value=\"https:\/\/fr.espaceevaluations.ii-2p.org\/pro\/login\">Luxemburg<\/option>\r\n    <option value=\"https:\/\/ch.espaceevaluations.ii-2p.org\/pro\/login\">Schweiz<\/option>\r\n    <option value=\"https:\/\/fr.espaceevaluations.ii-2p.org\/pro\/login\">International<\/option>\r\n  <\/select>\r\n  <!--\r\n  <button onclick=\"window.location.href = document.getElementById('country-select').value;\">Greifen Sie auf Ihren Bereich zu<\/button>-->\r\n<\/form>\r\n<script>document.getElementById(\"country-select\").addEventListener(\"change\", function(){\r\n    location.href = this.value;\r\n});<\/script>\t\t<\/div>\n\t\t\t\t<\/div>\n\t\t\t\t\t<\/div>\n\t\t<\/div>\n\t\t\t\t\t\t\t<\/div>\n\t\t<\/section>\n\t\t\t\t<section class=\"elementor-section elementor-top-section elementor-element elementor-element-7b7acde elementor-section-boxed elementor-section-height-default elementor-section-height-default\" data-id=\"7b7acde\" data-element_type=\"section\">\n\t\t\t\t\t\t<div class=\"elementor-container elementor-column-gap-default\">\n\t\t\t\t\t<div class=\"elementor-column elementor-col-100 elementor-top-column elementor-element elementor-element-2aed3ae\" data-id=\"2aed3ae\" data-element_type=\"column\">\n\t\t\t<div class=\"elementor-widget-wrap elementor-element-populated\">\n\t\t\t\t\t\t\t\t<div class=\"elementor-element elementor-element-5976d36 elementor-widget elementor-widget-text-editor\" data-id=\"5976d36\" data-element_type=\"widget\" data-widget_type=\"text-editor.default\">\n\t\t\t\t<div class=\"elementor-widget-container\">\n\t\t\t<style>\/*! elementor - v3.18.0 - 20-12-2023 *\/\n.elementor-widget-text-editor.elementor-drop-cap-view-stacked .elementor-drop-cap{background-color:#69727d;color:#fff}.elementor-widget-text-editor.elementor-drop-cap-view-framed .elementor-drop-cap{color:#69727d;border:3px solid;background-color:transparent}.elementor-widget-text-editor:not(.elementor-drop-cap-view-default) .elementor-drop-cap{margin-top:8px}.elementor-widget-text-editor:not(.elementor-drop-cap-view-default) .elementor-drop-cap-letter{width:1em;height:1em}.elementor-widget-text-editor .elementor-drop-cap{float:left;text-align:center;line-height:1;font-size:50px}.elementor-widget-text-editor .elementor-drop-cap-letter{display:inline-block}<\/style>\t\t\t\t<p><span style=\"text-decoration: underline;\">In diesem Bereich k\u00f6nnen Sie :<\/span><br> \u2022 Wissenschaftlich validierte Frageb\u00f6gen f\u00fcr eine umfassende Betreuung Ihrer Patienten verwenden.<br> \u2022 Web-Trainings ansehen<br> \u2022 Wissenschaftliche Materialien herunterladen<br> \u2022 Zugang zu unserer wissenschaftlichen Datenbank erhalten<\/p>\t\t\t\t\t\t<\/div>\n\t\t\t\t<\/div>\n\t\t\t\t\t<\/div>\n\t\t<\/div>\n\t\t\t\t\t\t\t<\/div>\n\t\t<\/section>\n\t\t\t\t<section class=\"elementor-section elementor-top-section elementor-element elementor-element-7f713e1 elementor-section-boxed elementor-section-height-default elementor-section-height-default\" data-id=\"7f713e1\" data-element_type=\"section\">\n\t\t\t\t\t\t<div class=\"elementor-container elementor-column-gap-default\">\n\t\t\t\t\t<div class=\"elementor-column elementor-col-100 elementor-top-column elementor-element elementor-element-e07799b\" data-id=\"e07799b\" data-element_type=\"column\">\n\t\t\t<div class=\"elementor-widget-wrap elementor-element-populated\">\n\t\t\t\t\t\t\t\t<div class=\"elementor-element elementor-element-877691b elementor-widget elementor-widget-text-editor\" data-id=\"877691b\" data-element_type=\"widget\" data-widget_type=\"text-editor.default\">\n\t\t\t\t<div class=\"elementor-widget-container\">\n\t\t\t\t\t\t\t<p>F\u00fcr weitere Informationen kontaktieren Sie uns: info@ii-2p.org<\/p>\t\t\t\t\t\t<\/div>\n\t\t\t\t<\/div>\n\t\t\t\t\t<\/div>\n\t\t<\/div>\n\t\t\t\t\t\t\t<\/div>\n\t\t<\/section>\n\t\t\t\t\t\t\t<\/div>\n\t\t","protected":false},"excerpt":{"rendered":"<p>IHR NEUER BERUFLICHER BEREICH IST VERF\u00dcGBAR. W\u00e4hlen Sie Ihr Land: FrankreichBelgienItalienSpanienLuxemburgSchweizInternational In diesem Bereich k\u00f6nnen Sie : \u2022 Wissenschaftlich validierte Frageb\u00f6gen f\u00fcr eine umfassende Betreuung Ihrer Patienten verwenden. \u2022 Web-Trainings ansehen \u2022 Wissenschaftliche Materialien herunterladen \u2022 Zugang zu unserer wissenschaftlichen Datenbank erhalten F\u00fcr weitere Informationen kontaktieren Sie uns: info@ii-2p.org<\/p>\n","protected":false},"author":1,"featured_media":0,"parent":0,"menu_order":0,"comment_status":"closed","ping_status":"closed","template":"","meta":{"footnotes":""},"_links":{"self":[{"href":"https:\/\/ii-2p.org\/de\/wp-json\/wp\/v2\/pages\/3420"}],"collection":[{"href":"https:\/\/ii-2p.org\/de\/wp-json\/wp\/v2\/pages"}],"about":[{"href":"https:\/\/ii-2p.org\/de\/wp-json\/wp\/v2\/types\/page"}],"author":[{"embeddable":true,"href":"https:\/\/ii-2p.org\/de\/wp-json\/wp\/v2\/users\/1"}],"replies":[{"embeddable":true,"href":"https:\/\/ii-2p.org\/de\/wp-json\/wp\/v2\/comments?post=3420"}],"version-history":[{"count":20,"href":"https:\/\/ii-2p.org\/de\/wp-json\/wp\/v2\/pages\/3420\/revisions"}],"predecessor-version":[{"id":5613,"href":"https:\/\/ii-2p.org\/de\/wp-json\/wp\/v2\/pages\/3420\/revisions\/5613"}],"wp:attachment":[{"href":"https:\/\/ii-2p.org\/de\/wp-json\/wp\/v2\/media?parent=3420"}],"curies":[{"name":"wp","href":"https:\/\/api.w.org\/{rel}","templated":true}]}}