{"id":5234,"date":"2021-12-20T14:18:48","date_gmt":"2021-12-20T14:18:48","guid":{"rendered":"https:\/\/ii-2p.org\/lii2p\/"},"modified":"2023-06-15T09:28:04","modified_gmt":"2023-06-15T09:28:04","slug":"lii2p","status":"publish","type":"page","link":"https:\/\/ii-2p.org\/es\/lii2p\/","title":{"rendered":"L&#8217;II2P"},"content":{"rendered":"\t\t<div data-elementor-type=\"wp-page\" data-elementor-id=\"5234\" class=\"elementor elementor-5234 elementor-894\" data-elementor-post-type=\"page\">\n\t\t\t\t\t\t\t\t\t<section class=\"elementor-section elementor-top-section elementor-element elementor-element-ef353e1 elementor-section-boxed elementor-section-height-default elementor-section-height-default\" data-id=\"ef353e1\" data-element_type=\"section\">\n\t\t\t\t\t\t<div class=\"elementor-container elementor-column-gap-default\">\n\t\t\t\t\t<div class=\"elementor-column elementor-col-100 elementor-top-column elementor-element elementor-element-761972f\" data-id=\"761972f\" data-element_type=\"column\">\n\t\t\t<div class=\"elementor-widget-wrap elementor-element-populated\">\n\t\t\t\t\t\t\t\t<div class=\"elementor-element elementor-element-c5660cb elementor-widget elementor-widget-text-editor\" data-id=\"c5660cb\" data-element_type=\"widget\" data-widget_type=\"text-editor.default\">\n\t\t\t\t<div class=\"elementor-widget-container\">\n\t\t\t<style>\/*! elementor - v3.18.0 - 20-12-2023 *\/\n.elementor-widget-text-editor.elementor-drop-cap-view-stacked .elementor-drop-cap{background-color:#69727d;color:#fff}.elementor-widget-text-editor.elementor-drop-cap-view-framed .elementor-drop-cap{color:#69727d;border:3px solid;background-color:transparent}.elementor-widget-text-editor:not(.elementor-drop-cap-view-default) .elementor-drop-cap{margin-top:8px}.elementor-widget-text-editor:not(.elementor-drop-cap-view-default) .elementor-drop-cap-letter{width:1em;height:1em}.elementor-widget-text-editor .elementor-drop-cap{float:left;text-align:center;line-height:1;font-size:50px}.elementor-widget-text-editor .elementor-drop-cap-letter{display:inline-block}<\/style>\t\t\t\t<div class=\"clearfix\">\n<div class=\"vc_row wpb_row vc_row-fluid\">\n<div class=\"wpb_column vc_column_container vc_col-sm-12\">\n<div class=\"wpb_wrapper\">&nbsp;<\/div>\n<\/div>\n<\/div>\n<div class=\"vc_row wpb_row vc_row-fluid\">\n<div class=\"wpb_column vc_column_container vc_col-sm-12\">\n<div class=\"wpb_wrapper\">\n<div class=\"vc_empty_space\" style=\"height: 32px;\">&nbsp;<\/div>\n<h1 class=\"box_header\"><strong>L&#8217;International Institute of Physionutrition and Phytotherapy<\/strong><\/h1>\n<div class=\"wpb_text_column wpb_content_element \">\n<div class=\"wpb_wrapper\">\n<p>El II2P, empresa de formaci\u00f3n con sede en el Gran Ducado de Luxemburgo, se cre\u00f3 por iniciativa de m\u00e9dicos generalistas, nutricionistas y profesores universitarios para formar a profesionales de la salud en Fisionutrici\u00f3n y Fitoterapia.<\/p>\n<p>Desde entonces, nuestro trabajo se ha centrado en 2 objetivos esenciales:<\/p>\n<\/div>\n<\/div>\n<ul class=\"items_list clearfix\">\n<li style=\"list-style-type: none;\">\n<ul class=\"simple_list clearfix\">\n<li class=\"icon_small_arrow tick clearfix\">Formar a los profesionales sanitarios en las bases y fundamentos de la Fisionutrici\u00f3n y la Fitoterapia a trav\u00e9s de un ciclo de formaci\u00f3n de 64 m\u00f3dulos.<\/li>\n<li class=\"icon_small_arrow tick clearfix\">Desarrollar cuestionarios validados de orientaci\u00f3n diagn\u00f3stica para ayudar a los profesionales sanitarios en el manejo de sus pacientes.<\/li>\n<\/ul>\n<\/li>\n<\/ul>\n<h3 class=\"box_header page_margin_top\"><strong>A. Formaci\u00f3n continua para profesionales sanitarios<\/strong><\/h3>\n<div class=\"wpb_text_column wpb_content_element \">\n<div class=\"wpb_wrapper\">\n<p>Este es el objetivo prioritario del II2P, por lo que hemos decidido, por inquietud did\u00e1ctica, poner en marcha cursos adaptados a las demandas cotidianas de los profesionales sanitarios, favoreciendo al mismo tiempo el intercambio y la puesta en com\u00fan de experiencias. Por supuesto, damos mucha importancia a la calidad de los conferenciantes, que es un elemento esencial de cualquier curso de alta calidad Coexisten varias formas de formaci\u00f3n:<\/p>\n<\/div>\n<\/div>\n<p><strong>&nbsp; &nbsp; &nbsp; &nbsp; &nbsp; &nbsp;Cursos de formaci\u00f3n en fisioterapia y fionutrici\u00f3n:<\/strong><\/p>\n<p>El II2P ofrece un ciclo de formaci\u00f3n en Fisionutrici\u00f3n y Fitoterapia de 64 m\u00f3dulos centrado en la pr\u00e1ctica y basado en el conocimiento de la Nutrici\u00f3n, los 8 equilibrios fundamentales de la Micronutrici\u00f3n (microbiota, permeabilidad, detox, oxidoinflamatorio, \u00e1cidos grasos, \u00e1cido-base, neuromediadores, mitocondrial) y en el aprendizaje de cuestionarios de orientaci\u00f3n diagn\u00f3stica:<\/p>\n<ul>\n<li><strong>QUIDAM<\/strong>: <strong>QU<\/strong>estionnaire <strong>I<\/strong>ndividuel <strong>D<\/strong>&#8216;<strong>A<\/strong>pport <strong>M<\/strong>acronutrionnels (Cuestionario individual de ingesta de macronutrientes), para evaluar los h\u00e1bitos alimentarios de sus pacientes y corregir posibles errores nutricionales.<\/li>\n<li>El <strong>QUADO<\/strong>: <strong>QU<\/strong>estionnaire d&#8217;<strong>A<\/strong>nalyse de <strong>D<\/strong>\u00e9pistage et d&#8217;<strong>O<\/strong>rientation (Cuestionario de an\u00e1lisis de cribado y orientaci\u00f3n), estudia la historia personal, el estilo de vida, los tratamientos actuales y los numerosos signos funcionales para identificar los desequilibrios micronutricionales y aplicar una gesti\u00f3n equilibrada. micronutritionnels et de mettre en place une prise en charge par \u00e9quilibre.<\/li>\n<\/ul>\n<p>Se presentar\u00e1n protocolos precisos que pueden aplicarse inmediatamente. Los debates con los centros&nbsp; le ayudar\u00e1n a comprender c\u00f3mo incorporar estos protocolos&nbsp; a sus h\u00e1bitos de prescripci\u00f3n.<\/p>\n<p><strong>&nbsp; &nbsp; &nbsp; &nbsp; &nbsp; &nbsp; &nbsp;Seminarios extramuros:<\/strong> :<\/p>\n<p>Cada a\u00f1o organizamos una decena de seminarios de entre 3 y 10 d\u00edas de duraci\u00f3n, en los que abordamos cuestiones pr\u00e1cticas del d\u00eda a d\u00eda a trav\u00e9s de casos cl\u00ednicos que dan lugar a presentaciones sobre el manejo preventivo o terap\u00e9utico de las patolog\u00edas m\u00e1s frecuentes.<\/p>\n<h3 class=\"box_header page_margin_top_section\"><strong>B. Desarrollo de cuestionarios validados de orientaci\u00f3n diagn\u00f3stica para profesionales sanitarios<\/strong><\/h3>\n<div class=\"wpb_text_column wpb_content_element \">\n<div class=\"wpb_wrapper\">\n<p>Los cuestionarios de orientaci\u00f3n diagn\u00f3stica QUIDAM, QUADO, QUEEN y EDN creados por los distintos comit\u00e9s cient\u00edficos permiten un manejo integral y \u00f3ptimo de los pacientes. Estos cuestionarios se centran en el aspecto funcional a todos los niveles, en lugar de concentrarse en un \u00fanico tratamiento para un \u00fanico diagn\u00f3stico. Utilizan &nbsp;el historial del paciente como herramienta principal para integrar el diagn\u00f3stico, los signos y los s\u00edntomas, poniendo&nbsp; as\u00ed de relieve los desequilibrios cl\u00ednicos en un enfoque global.<\/p>\n<p>Existe un cuestionario para cada uno de los 3 pilares de Physionutrion: Nutrici\u00f3n, Micronutrici\u00f3n y Endocrinolog\u00eda, que agrupan 10 equilibrios.<\/p>\n<\/div>\n<\/div>\n<div class=\"wpb_text_column wpb_content_element \">\n<div class=\"wpb_wrapper\">\n<table class=\"margin-top-30\">\n<tbody>\n<tr>\n<td>&nbsp;<\/td>\n<td><strong>Equilibrio<\/strong><\/td>\n<td><strong>Pilares<\/strong><\/td>\n<td><strong>Cuestionarios<\/strong><\/td>\n<\/tr>\n<tr>\n<td>1<\/td>\n<td><strong>E<\/strong>quilibrio de la dieta<\/td>\n<td>Nutrici\u00f3n<\/td>\n<td>QUIDAM<\/td>\n<\/tr>\n<tr>\n<td>2<\/td>\n<td><strong>E<\/strong>quilibrio de la microbiota<\/td>\n<td>Micronutrici\u00f3n<\/td>\n<td>QUADO<\/td>\n<\/tr>\n<tr>\n<td>3<\/td>\n<td><strong>E<\/strong>quilibrio de la permabilidad intestinal<\/td>\n<td>Micronutrici\u00f3n<\/td>\n<td>QUADO<\/td>\n<\/tr>\n<tr>\n<td>4<\/td>\n<td><strong>E<\/strong>quilibrio detox<\/td>\n<td>Micronutrici\u00f3n<\/td>\n<td>QUADO<\/td>\n<\/tr>\n<tr>\n<td>5<\/td>\n<td><strong>E<\/strong>quilibrio \u00f3xido-inflamatorio<\/td>\n<td>Micronutrici\u00f3n<\/td>\n<td>QUADO<\/td>\n<\/tr>\n<tr>\n<td>6<\/td>\n<td><strong>E<\/strong>quilibrio de \u00e1cidos grasos esenciales<\/td>\n<td>Micronutrici\u00f3n<\/td>\n<td>QUADO<\/td>\n<\/tr>\n<tr>\n<td>7<\/td>\n<td><strong>E<\/strong>quilibrio \u00e1cido-base<\/td>\n<td>Micronutrici\u00f3n<\/td>\n<td>QUADO<\/td>\n<\/tr>\n<tr>\n<td>8<\/td>\n<td><strong>E<\/strong>quilibrio neurotransmisor<\/td>\n<td>Micronutrici\u00f3n<\/td>\n<td>QUADO\/EDN<\/td>\n<\/tr>\n<tr>\n<td>9<\/td>\n<td><strong>E<\/strong>quilibrio mitocondrial<\/td>\n<td>Micronutrici\u00f3n<\/td>\n<td>QUADO<\/td>\n<\/tr>\n<tr>\n<td>10<\/td>\n<td><strong>E<\/strong>quilibrio metab\u00f3lico y hormonal<\/td>\n<td>Endocrinologia<\/td>\n<td>El QUEEN<\/td>\n<\/tr>\n<\/tbody>\n<\/table>\n<\/div>\n<\/div>\n<h3 class=\"box_header page_margin_top_section\">El QUIDAM<\/h3>\n<div class=\"wpb_text_column wpb_content_element \">\n<div class=\"wpb_wrapper\">\n<p>El <strong>QU<\/strong>estionnaire <strong>I<\/strong>ndividuel <strong>D<\/strong><strong>&#8216;A<\/strong>pports en <strong>M<\/strong>acronutriments (Cuestionario individual de ingesta de macronutrientes) es una herramienta r\u00e1pida y sencilla para evaluar la naturaleza y la frecuencia de consumo de diferentes tipos de alimentos: frutas, verduras, alimentos integrales, carnes y pescados grasos, productos l\u00e1cteos y los tipos de aceite y agua que consumen sus pacientes.<\/p>\n<\/div>\n<\/div>\n<h3 class=\"box_header page_margin_top_section\">El QUADO<\/h3>\n<div class=\"wpb_text_column wpb_content_element \">\n<div class=\"wpb_wrapper\">\n<p>El <strong>QU<\/strong>estionnaire d&#8217;<strong>A<\/strong>nalyse, de <strong>D<\/strong>\u00e9pistage et d&#8217;<strong>O<\/strong>rientation en Physionutrition (Cuestionario de an\u00e1lisis, cribado y orientaci\u00f3n en fisioterapia) estudia los antecedentes personales de los pacientes, su estilo de vida, los tratamientos actuales y numerosos signos funcionales (irritativos, cut\u00e1neos, digestivos, neurosensoriales, inmunitarios, etc.).<\/p><\/div><\/div><div class=\"wpb_text_column wpb_content_element \"><div class=\"wpb_wrapper\">\n<\/div>\n<\/div>\n<h3 class=\"box_header page_margin_top_section\">Un espacio profesional<\/h3>\n<div class=\"wpb_text_column wpb_content_element \">\n<div class=\"wpb_wrapper\">\n<p>Nuestro espacio profesional le permite acceder r\u00e1pidamente a los cuestionarios Nuestra plataforma pedag\u00f3gica y f\u00e1cil de usar le permite realizar un seguimiento de cada paciente a lo largo del tiempo. Cada cuestionario puede rellenarse varias veces, de modo que podr\u00e1 comparar los resultados y analizar su evoluci\u00f3n para adaptar el tratamiento inicial si es necesario.<\/p>\n<p>Para crear su espacio profesional, env\u00ede un correo electr\u00f3nico a <a href=\"mailto:info@ii-2p.org\">es.info@ii-2p.org<\/a><\/p>\n<\/div>\n<\/div>\n<\/div>\n<\/div>\n<\/div>\n<\/div>\t\t\t\t\t\t<\/div>\n\t\t\t\t<\/div>\n\t\t\t\t\t<\/div>\n\t\t<\/div>\n\t\t\t\t\t\t\t<\/div>\n\t\t<\/section>\n\t\t\t\t\t\t\t<\/div>\n\t\t","protected":false},"excerpt":{"rendered":"<p>&nbsp; &nbsp; L&#8217;International Institute of Physionutrition and Phytotherapy El II2P, empresa de formaci\u00f3n con sede en el Gran Ducado de Luxemburgo, se cre\u00f3 por iniciativa de m\u00e9dicos generalistas, nutricionistas y profesores universitarios para formar a profesionales de la salud en Fisionutrici\u00f3n y Fitoterapia. Desde entonces, nuestro trabajo se ha centrado en 2 objetivos esenciales: Formar [&hellip;]<\/p>\n","protected":false},"author":1,"featured_media":0,"parent":0,"menu_order":0,"comment_status":"closed","ping_status":"closed","template":"","meta":{"footnotes":""},"_links":{"self":[{"href":"https:\/\/ii-2p.org\/es\/wp-json\/wp\/v2\/pages\/5234"}],"collection":[{"href":"https:\/\/ii-2p.org\/es\/wp-json\/wp\/v2\/pages"}],"about":[{"href":"https:\/\/ii-2p.org\/es\/wp-json\/wp\/v2\/types\/page"}],"author":[{"embeddable":true,"href":"https:\/\/ii-2p.org\/es\/wp-json\/wp\/v2\/users\/1"}],"replies":[{"embeddable":true,"href":"https:\/\/ii-2p.org\/es\/wp-json\/wp\/v2\/comments?post=5234"}],"version-history":[{"count":4,"href":"https:\/\/ii-2p.org\/es\/wp-json\/wp\/v2\/pages\/5234\/revisions"}],"predecessor-version":[{"id":5356,"href":"https:\/\/ii-2p.org\/es\/wp-json\/wp\/v2\/pages\/5234\/revisions\/5356"}],"wp:attachment":[{"href":"https:\/\/ii-2p.org\/es\/wp-json\/wp\/v2\/media?parent=5234"}],"curies":[{"name":"wp","href":"https:\/\/api.w.org\/{rel}","templated":true}]}}