{"id":5239,"date":"2021-12-20T14:21:58","date_gmt":"2021-12-20T14:21:58","guid":{"rendered":"https:\/\/ii-2p.org\/el-comite-cientifico\/"},"modified":"2023-06-12T13:48:15","modified_gmt":"2023-06-12T13:48:15","slug":"el-comite-cientifico","status":"publish","type":"page","link":"https:\/\/ii-2p.org\/es\/el-comite-cientifico\/","title":{"rendered":"El comit\u00e9 Cientifico"},"content":{"rendered":"\t\t<div data-elementor-type=\"wp-page\" data-elementor-id=\"5239\" class=\"elementor elementor-5239 elementor-912\" data-elementor-post-type=\"page\">\n\t\t\t\t\t\t\t\t\t<section class=\"elementor-section elementor-top-section elementor-element elementor-element-65341c0 elementor-section-boxed elementor-section-height-default elementor-section-height-default\" data-id=\"65341c0\" data-element_type=\"section\">\n\t\t\t\t\t\t<div class=\"elementor-container elementor-column-gap-default\">\n\t\t\t\t\t<div class=\"elementor-column elementor-col-100 elementor-top-column elementor-element elementor-element-f080607\" data-id=\"f080607\" data-element_type=\"column\">\n\t\t\t<div class=\"elementor-widget-wrap elementor-element-populated\">\n\t\t\t\t\t\t\t\t<div class=\"elementor-element elementor-element-4967d1b elementor-widget elementor-widget-text-editor\" data-id=\"4967d1b\" data-element_type=\"widget\" data-widget_type=\"text-editor.default\">\n\t\t\t\t<div class=\"elementor-widget-container\">\n\t\t\t<style>\/*! elementor - v3.18.0 - 20-12-2023 *\/\n.elementor-widget-text-editor.elementor-drop-cap-view-stacked .elementor-drop-cap{background-color:#69727d;color:#fff}.elementor-widget-text-editor.elementor-drop-cap-view-framed .elementor-drop-cap{color:#69727d;border:3px solid;background-color:transparent}.elementor-widget-text-editor:not(.elementor-drop-cap-view-default) .elementor-drop-cap{margin-top:8px}.elementor-widget-text-editor:not(.elementor-drop-cap-view-default) .elementor-drop-cap-letter{width:1em;height:1em}.elementor-widget-text-editor .elementor-drop-cap{float:left;text-align:center;line-height:1;font-size:50px}.elementor-widget-text-editor .elementor-drop-cap-letter{display:inline-block}<\/style>\t\t\t\t<div class=\"vc_row wpb_row vc_row-fluid\" style=\"margin: 0px; padding: 0px; border: 0px; outline: 0px; font-size: 16px; font-family: Lato, sans-serif; vertical-align: baseline; color: #666666; background-color: #f8f8f8;\"><div class=\"wpb_column vc_column_container vc_col-sm-12\" style=\"margin: 0px; padding: 0px; border: 0px; outline: 0px; font-weight: inherit; font-style: inherit; font-family: inherit; vertical-align: baseline; width: 990px; position: relative; min-height: auto; float: left;\"><div class=\"wpb_wrapper\" style=\"margin: 0px; padding: 0px; border: 0px; outline: 0px; font-weight: inherit; font-style: inherit; font-family: inherit; vertical-align: baseline;\"><ul><li><img fetchpriority=\"high\" decoding=\"async\" class=\"alignnone size-medium wp-image-3171\" src=\"https:\/\/ii-2p.org\/wp-content\/uploads\/2022\/07\/AMR-249x300.jpg\" alt=\"\" width=\"249\" height=\"300\" srcset=\"https:\/\/ii-2p.org\/wp-content\/uploads\/2022\/07\/AMR-249x300.jpg 249w, https:\/\/ii-2p.org\/wp-content\/uploads\/2022\/07\/AMR.jpg 591w\" sizes=\"(max-width: 249px) 100vw, 249px\" \/><\/li><\/ul><p style=\"margin-right: 0px; margin-bottom: 0px; margin-left: 0px; padding: 1em 0px; border: 0px; outline: 0px; font-weight: inherit; font-style: inherit; font-family: inherit; vertical-align: baseline; line-height: 24px;\"><strong style=\"color: #000000;\">Pr. Anne-Marie ROUSSEL<br><\/strong><\/p><ul><li style=\"line-height: 22px !important;\">\u2022 Farmac\u00e9utica, Doctora en Farmacia, Doctora en Ciencias<\/li><li style=\"line-height: 22px !important;\">\u2022 Catedr\u00e1tica em\u00e9rita<\/li><li style=\"line-height: 22px !important;\">\u2022 Disciplina de Bioqu\u00edmica General, Metab\u00f3lica y Nutricional Universidad de Grenoble Alpes<\/li><li style=\"line-height: 22px !important;\">\u2022 Miembro del equipo docente de la U.D. en Fisionutrici\u00f3n Cl\u00ednica y Biol\u00f3gica<\/li><li style=\"line-height: 22px !important;\">\u2022 Miembro del equipo docente de la D.U en Fisionutrici\u00f3n Cl\u00ednica y Biol\u00f3gica<\/li><li style=\"line-height: 22px !important;\">\u2022 Miembro del equipo docente del D.U. en Salud, Diet\u00e9tica y Fisionutrici\u00f3n<\/li><\/ul><p style=\"margin-right: 0px; margin-bottom: 0px; margin-left: 0px; padding: 1em 0px; border: 0px; outline: 0px; font-weight: inherit; font-style: inherit; font-family: inherit; vertical-align: baseline; line-height: 24px;\"> <\/p><\/div><\/div><\/div><div class=\"vc_row wpb_row vc_row-fluid\" style=\"margin: 0px; padding: 0px; border: 0px; outline: 0px; font-size: 16px; font-family: Lato, sans-serif; vertical-align: baseline; color: #666666; background-color: #f8f8f8;\"><div class=\"wpb_column vc_column_container vc_col-sm-12\" style=\"margin: 0px; padding: 0px; border: 0px; outline: 0px; font-weight: inherit; font-style: inherit; font-family: inherit; vertical-align: baseline; width: 990px; position: relative; min-height: auto; float: left;\"><div class=\"wpb_wrapper\" style=\"margin: 0px; padding: 0px; border: 0px; outline: 0px; font-weight: inherit; font-style: inherit; font-family: inherit; vertical-align: baseline;\"><p style=\"margin-right: 0px; margin-bottom: 0px; margin-left: 0px; padding: 1em 0px; border: 0px; outline: 0px; font-weight: inherit; font-style: inherit; font-family: inherit; vertical-align: baseline; line-height: 24px;\"> <\/p><p><img decoding=\"async\" class=\"alignnone size-medium wp-image-3186\" src=\"https:\/\/ii-2p.org\/wp-content\/uploads\/2021\/12\/J-BASSIER-249x300.jpg\" alt=\"\" width=\"249\" height=\"300\" srcset=\"https:\/\/ii-2p.org\/wp-content\/uploads\/2021\/12\/J-BASSIER-249x300.jpg 249w, https:\/\/ii-2p.org\/wp-content\/uploads\/2021\/12\/J-BASSIER.jpg 591w\" sizes=\"(max-width: 249px) 100vw, 249px\" \/><\/p><p style=\"margin-right: 0px; margin-bottom: 0px; margin-left: 0px; padding: 1em 0px; border: 0px; outline: 0px; font-weight: inherit; font-style: inherit; font-family: inherit; vertical-align: baseline; line-height: 24px;\"><strong style=\"color: #000000;\">Dr. Jacques BASSIER<br><\/strong><\/p><ul><li style=\"line-height: 22px !important;\">\u2022 Doctor en Medicina, licenciado por la Facultad de Marsella<\/li><li style=\"line-height: 22px !important;\">\u2022 Nutricionista<\/li><li style=\"line-height: 22px !important;\">\u2022 Medicina del deporte<\/li><li style=\"line-height: 22px !important;\">\u2022 Terapia conductual y cognitiva<\/li><li style=\"line-height: 22px !important;\">\u2022 Miembro del Instituto Europeo de Fisionutrici\u00f3n y Fitoterapia (I.E.P.P)<\/li><li style=\"line-height: 22px !important;\">\u2022 Miembro del equipo docente de la D.U en Fisionutrici\u00f3n Cl\u00ednica y Biol\u00f3gica<\/li><li style=\"line-height: 22px !important;\">\u2022 Miembro del equipo docente del D.U. en Salud, Diet\u00e9tica y Fisionutrici\u00f3n<\/li><\/ul><p style=\"margin-right: 0px; margin-bottom: 0px; margin-left: 0px; padding: 1em 0px; border: 0px; outline: 0px; font-weight: inherit; font-style: inherit; font-family: inherit; vertical-align: baseline; line-height: 24px;\"> <\/p><\/div><\/div><\/div><div class=\"vc_row wpb_row vc_row-fluid\" style=\"margin: 0px; padding: 0px; border: 0px; outline: 0px; font-size: 16px; font-family: Lato, sans-serif; vertical-align: baseline; color: #666666; background-color: #f8f8f8;\"><div class=\"wpb_column vc_column_container vc_col-sm-12\" style=\"margin: 0px; padding: 0px; border: 0px; outline: 0px; font-weight: inherit; font-style: inherit; font-family: inherit; vertical-align: baseline; width: 990px; position: relative; min-height: auto; float: left;\"><div class=\"wpb_wrapper\" style=\"margin: 0px; padding: 0px; border: 0px; outline: 0px; font-weight: inherit; font-style: inherit; font-family: inherit; vertical-align: baseline;\"><p style=\"margin-right: 0px; margin-bottom: 0px; margin-left: 0px; padding: 1em 0px; border: 0px; outline: 0px; font-weight: inherit; font-style: inherit; font-family: inherit; vertical-align: baseline; line-height: 24px;\"><img decoding=\"async\" class=\"alignnone size-medium wp-image-4383\" src=\"https:\/\/ii-2p.org\/wp-content\/uploads\/2021\/12\/Le-goff-jean-yves-2-249x300.jpg\" alt=\"\" width=\"249\" height=\"300\" srcset=\"https:\/\/ii-2p.org\/wp-content\/uploads\/2021\/12\/Le-goff-jean-yves-2-249x300.jpg 249w, https:\/\/ii-2p.org\/wp-content\/uploads\/2021\/12\/Le-goff-jean-yves-2.jpg 591w\" sizes=\"(max-width: 249px) 100vw, 249px\" \/><\/p><p style=\"margin-right: 0px; margin-bottom: 0px; margin-left: 0px; padding: 1em 0px; border: 0px; outline: 0px; font-weight: inherit; font-style: inherit; font-family: inherit; vertical-align: baseline; line-height: 24px;\"><strong style=\"color: #000000;\">Dr. Jean-Yves LE GOFF<br><\/strong><\/p><ul><li style=\"line-height: 22px !important;\">\u2022 Doctor en Medicina General, licenciado por la Facultad de Rennes<\/li><li>\u2022 D.U. Enfermedades Nutricionales &#8211; Hospital Universitario de Rennes<\/li><li>\u2022 D.U. Fisionutrici\u00f3n Cl\u00ednica y Biol\u00f3gica &#8211; Universidad de Grenoble Alpes &#8211; Facultad de Farmacia<\/li><li>\u2022 Profesor consultor en diabetolog\u00eda, obesidad y nutrici\u00f3n<\/li><li>\u2022 Miembro del Instituto Europeo de Fisionutrici\u00f3n y Fitoterapia (IEPP)<\/li><\/ul><div> <\/div><div> <\/div><\/div><div><img loading=\"lazy\" decoding=\"async\" class=\"alignnone size-medium wp-image-3166\" src=\"https:\/\/ii-2p.org\/wp-content\/uploads\/2022\/08\/J-MILOVANOFF-249x300.jpg\" alt=\"\" width=\"249\" height=\"300\" srcset=\"https:\/\/ii-2p.org\/wp-content\/uploads\/2022\/08\/J-MILOVANOFF-249x300.jpg 249w, https:\/\/ii-2p.org\/wp-content\/uploads\/2022\/08\/J-MILOVANOFF.jpg 591w\" sizes=\"(max-width: 249px) 100vw, 249px\" \/><\/div><div class=\"wpb_wrapper\" style=\"margin: 0px; padding: 0px; border: 0px; outline: 0px; font-weight: inherit; font-style: inherit; font-family: inherit; vertical-align: baseline;\"><div> <\/div><div><strong>Dr. J\u00e9r\u00f4me MILOVANOFF<\/strong><\/div><div> <\/div><div><ul><li>\u2022 Doctor en Medicina, licenciado por la Facultad de Montpellier<\/li><li>\u2022 D.U. en Diet\u00e9tica M\u00e9dica<\/li><li>\u2022 Miembro del Instituto Europeo de Fisionutrici\u00f3n y Fitoterapia (I.E.P.P)<\/li><\/ul><\/div><\/div><\/div><\/div>\t\t\t\t\t\t<\/div>\n\t\t\t\t<\/div>\n\t\t\t\t\t<\/div>\n\t\t<\/div>\n\t\t\t\t\t\t\t<\/div>\n\t\t<\/section>\n\t\t\t\t<section class=\"elementor-section elementor-top-section elementor-element elementor-element-6fafb7a elementor-section-boxed elementor-section-height-default elementor-section-height-default\" data-id=\"6fafb7a\" data-element_type=\"section\">\n\t\t\t\t\t\t<div class=\"elementor-container elementor-column-gap-default\">\n\t\t\t\t\t<div class=\"elementor-column elementor-col-100 elementor-top-column elementor-element elementor-element-6618648\" data-id=\"6618648\" data-element_type=\"column\">\n\t\t\t<div class=\"elementor-widget-wrap elementor-element-populated\">\n\t\t\t\t\t\t\t\t<div class=\"elementor-element elementor-element-0c68485 elementor-widget elementor-widget-html\" data-id=\"0c68485\" data-element_type=\"widget\" data-widget_type=\"html.default\">\n\t\t\t\t<div class=\"elementor-widget-container\">\n\t\t\t<style>li {\nlist-style-type: none;\n}<\/style>\t\t<\/div>\n\t\t\t\t<\/div>\n\t\t\t\t\t<\/div>\n\t\t<\/div>\n\t\t\t\t\t\t\t<\/div>\n\t\t<\/section>\n\t\t\t\t\t\t\t<\/div>\n\t\t","protected":false},"excerpt":{"rendered":"<p>Pr. Anne-Marie ROUSSEL \u2022 Farmac\u00e9utica, Doctora en Farmacia, Doctora en Ciencias \u2022 Catedr\u00e1tica em\u00e9rita \u2022 Disciplina de Bioqu\u00edmica General, Metab\u00f3lica y Nutricional Universidad de Grenoble Alpes \u2022 Miembro del equipo docente de la U.D. en Fisionutrici\u00f3n Cl\u00ednica y Biol\u00f3gica \u2022 Miembro del equipo docente de la D.U en Fisionutrici\u00f3n Cl\u00ednica y Biol\u00f3gica \u2022 Miembro del [&hellip;]<\/p>\n","protected":false},"author":1,"featured_media":0,"parent":0,"menu_order":0,"comment_status":"closed","ping_status":"closed","template":"","meta":{"footnotes":""},"_links":{"self":[{"href":"https:\/\/ii-2p.org\/es\/wp-json\/wp\/v2\/pages\/5239"}],"collection":[{"href":"https:\/\/ii-2p.org\/es\/wp-json\/wp\/v2\/pages"}],"about":[{"href":"https:\/\/ii-2p.org\/es\/wp-json\/wp\/v2\/types\/page"}],"author":[{"embeddable":true,"href":"https:\/\/ii-2p.org\/es\/wp-json\/wp\/v2\/users\/1"}],"replies":[{"embeddable":true,"href":"https:\/\/ii-2p.org\/es\/wp-json\/wp\/v2\/comments?post=5239"}],"version-history":[{"count":1,"href":"https:\/\/ii-2p.org\/es\/wp-json\/wp\/v2\/pages\/5239\/revisions"}],"predecessor-version":[{"id":5243,"href":"https:\/\/ii-2p.org\/es\/wp-json\/wp\/v2\/pages\/5239\/revisions\/5243"}],"wp:attachment":[{"href":"https:\/\/ii-2p.org\/es\/wp-json\/wp\/v2\/media?parent=5239"}],"curies":[{"name":"wp","href":"https:\/\/api.w.org\/{rel}","templated":true}]}}