{"id":5249,"date":"2021-12-20T15:09:36","date_gmt":"2021-12-20T15:09:36","guid":{"rendered":"https:\/\/ii-2p.org\/curso-de-formacion-en-fisionutricion-y-fitoterapia\/"},"modified":"2023-06-12T14:04:36","modified_gmt":"2023-06-12T14:04:36","slug":"curso-de-formacion-en-fisionutricion-y-fitoterapia","status":"publish","type":"page","link":"https:\/\/ii-2p.org\/es\/curso-de-formacion-en-fisionutricion-y-fitoterapia\/","title":{"rendered":"Curso de formacion en fisionutricion y fitoterapia"},"content":{"rendered":"\t\t<div data-elementor-type=\"wp-page\" data-elementor-id=\"5249\" class=\"elementor elementor-5249 elementor-955\" data-elementor-post-type=\"page\">\n\t\t\t\t\t\t\t\t\t<section class=\"elementor-section elementor-top-section elementor-element elementor-element-893563d elementor-section-boxed elementor-section-height-default elementor-section-height-default\" data-id=\"893563d\" data-element_type=\"section\">\n\t\t\t\t\t\t<div class=\"elementor-container elementor-column-gap-default\">\n\t\t\t\t\t<div class=\"elementor-column elementor-col-100 elementor-top-column elementor-element elementor-element-1254d36\" data-id=\"1254d36\" data-element_type=\"column\">\n\t\t\t<div class=\"elementor-widget-wrap elementor-element-populated\">\n\t\t\t\t\t\t\t\t<div class=\"elementor-element elementor-element-0f41b92 elementor-widget elementor-widget-text-editor\" data-id=\"0f41b92\" data-element_type=\"widget\" data-widget_type=\"text-editor.default\">\n\t\t\t\t<div class=\"elementor-widget-container\">\n\t\t\t<style>\/*! elementor - v3.18.0 - 20-12-2023 *\/\n.elementor-widget-text-editor.elementor-drop-cap-view-stacked .elementor-drop-cap{background-color:#69727d;color:#fff}.elementor-widget-text-editor.elementor-drop-cap-view-framed .elementor-drop-cap{color:#69727d;border:3px solid;background-color:transparent}.elementor-widget-text-editor:not(.elementor-drop-cap-view-default) .elementor-drop-cap{margin-top:8px}.elementor-widget-text-editor:not(.elementor-drop-cap-view-default) .elementor-drop-cap-letter{width:1em;height:1em}.elementor-widget-text-editor .elementor-drop-cap{float:left;text-align:center;line-height:1;font-size:50px}.elementor-widget-text-editor .elementor-drop-cap-letter{display:inline-block}<\/style>\t\t\t\t<h1 class=\"box_header page_margin_top_section\" style=\"margin-right: 0px; margin-bottom: 0px; margin-left: 0px; padding: 0px; color: #000000; font-size: 50px;\"> <\/h1><h1 class=\"box_header page_margin_top_section\" style=\"margin-right: 0px; margin-bottom: 0px; margin-left: 0px; padding: 0px; color: #000000; font-size: 50px;\">Curso de formacion en fisionutricion y fitoterapia<\/h1><div class=\"wpb_text_column wpb_content_element \" style=\"margin: 0px 0px 35px; padding: 0px; border: 0px; outline: 0px; font-size: 16px; font-family: Lato, sans-serif; vertical-align: baseline; color: #666666;\"><div class=\"wpb_wrapper\" style=\"margin: 0px; padding: 0px; border: 0px; outline: 0px; font-weight: inherit; font-style: inherit; font-family: inherit; vertical-align: baseline;\"><p style=\"margin-right: 0px; margin-bottom: 0px; margin-left: 0px; padding: 1em 0px; border: 0px; outline: 0px; font-weight: inherit; font-style: inherit; font-family: inherit; vertical-align: baseline; line-height: 24px;\"><span style=\"margin: 0px; padding: 0px; border: 0px; outline: 0px; font-weight: inherit; font-style: inherit; font-family: inherit; vertical-align: baseline; color: #ff0000;\"><span style=\"margin: 0px; padding: 0px; border: 0px; outline: 0px; font-weight: inherit; font-style: inherit; font-family: inherit; vertical-align: baseline;\"><b style=\"margin-bottom: 0px; color: #ff0000 !important;\"> Formaci\u00f3n disponible \u00fanicamente a trav\u00e9s de e-learning<\/b><\/span><\/span><\/p><\/div><\/div><div class=\"wpb_text_column wpb_content_element \" style=\"margin: 0px 0px 35px; padding: 0px; border: 0px; outline: 0px; font-size: 16px; font-family: Lato, sans-serif; vertical-align: baseline; color: #666666;\"><div class=\"wpb_wrapper\" style=\"margin: 0px; padding: 0px; border: 0px; outline: 0px; font-weight: inherit; font-style: inherit; font-family: inherit; vertical-align: baseline;\"><p style=\"margin-right: 0px; margin-bottom: 0px; margin-left: 0px; padding: 1em 0px; border: 0px; outline: 0px; font-weight: inherit; font-style: inherit; font-family: inherit; vertical-align: baseline; line-height: 24px;\">Todos nuestros cursos est\u00e1n disponibles en formato e-learning y est\u00e1n validados por un diploma del Instituto Internacional de Fisionutrici\u00f3n y Fitoterapia.<\/p><\/div><\/div><div class=\"wpb_text_column wpb_content_element \" style=\"margin: 0px 0px 35px; padding: 0px; border: 0px; outline: 0px; font-size: 16px; font-family: Lato, sans-serif; vertical-align: baseline; color: #666666;\"><div class=\"wpb_wrapper\" style=\"margin: 0px; padding: 0px; border: 0px; outline: 0px; font-weight: inherit; font-style: inherit; font-family: inherit; vertical-align: baseline;\"><p style=\"margin-right: 0px; margin-bottom: 0px; margin-left: 0px; padding: 1em 0px; border: 0px; outline: 0px; font-weight: inherit; font-style: inherit; font-family: inherit; vertical-align: baseline; line-height: 24px;\"><strong style=\"color: #000000; margin-bottom: 0px;\">Responda a un mercado en constante expansi\u00f3n ofreciendo a sus pacientes los \u00faltimos avances en fisionutrici\u00f3n y fitoterapia:<\/strong><\/p><\/div><\/div><ul style=\"color: #666666; font-family: Lato, sans-serif; font-size: 16px;\"><li style=\"line-height: 22px !important;\"><strong style=\"color: #000000;\">Un ciclo de 64 m\u00f3dulos de e-learning:<\/strong> Dise\u00f1ar y poner en marcha una verdadera consulta de fisiognutrici\u00f3n y fitoterapia.<br>Desarrollar programas personalizados de tratamiento nutricional y micronutricional.<\/li><li style=\"line-height: 22px !important;\"><strong style=\"color: #000000;\">Herramientas de orientaci\u00f3n diagn\u00f3stica validadas y f\u00e1ciles de utilizar:<\/strong> le permitir\u00e1n integrar la fisiognutrici\u00f3n y la fitoterapia en su pr\u00e1ctica diaria y valorizar su consulta.<\/li><li style=\"line-height: 22px !important;\"><strong style=\"color: #000000;\">Sesiones de debate interactivas con nuestros m\u00e9dicos formadores<\/strong> <strong style=\"color: #000000;\">expertos:<\/strong> Le brindar\u00e1n la oportunidad de hablar varias veces durante el curso con aut\u00e9nticos expertos en fisiognutrici\u00f3n y fitoterapia, que le transmitir\u00e1n sus consejos pr\u00e1cticos y podr\u00e1n responder a todas sus preguntas. Habr\u00e1 3 sesiones de preguntas y respuestas, 2 sesiones sobre los m\u00f3dulos de Fisionutrici\u00f3n y fitoterapia y 1 sesi\u00f3n sobre los m\u00f3dulos de nutrici\u00f3n.<\/li><li style=\"line-height: 22px !important;\">Al final del curso, se le har\u00e1 un <strong style=\"color: #000000;\">cuestionario para evaluar<\/strong> lo que ha aprendido.<\/li><\/ul><h3 class=\"box_header page_margin_top_section\" style=\"margin-right: 0px; margin-bottom: 0px; margin-left: 0px; padding: 0px; color: #000000; font-size: 18px;\">Objectivos<\/h3><div class=\"vc_empty_space\" style=\"margin: 0px; padding: 0px; border: 0px; outline: 0px; font-size: 16px; font-family: Lato, sans-serif; vertical-align: baseline; color: #666666; height: 32px;\"> <\/div><ul class=\"items_list page_margin_top clearfix\" style=\"padding: 0px; margin: -25px 0px -20px; list-style: none; color: #666666; font-family: Lato, sans-serif; font-size: 16px;\"><li style=\"list-style-type: none;\"><ul class=\"items_list page_margin_top clearfix\" style=\"padding: 0px; margin: -25px 0px -20px; list-style: none;\"><li style=\"list-style-type: none;\"><ul><li style=\"line-height: 22px; padding: 12px 0px; border-bottom: 1px solid #e0e0e0; background-position: left center; background-repeat: no-repeat;\"><strong style=\"color: #000000;\">Desarrollar su base de pacientes:<\/strong> Cada vez m\u00e1s personas se preocupan por su salud y desean vivir m\u00e1s tiempo manteni\u00e9ndose j\u00f3venes. Buscan especialistas que les orienten sobre su alimentaci\u00f3n, su estilo de vida y el uso de complementos alimenticios para prevenir y tratar las enfermedades. <\/li><li style=\"line-height: 22px; padding: 12px 0px; border-bottom: 1px solid #e0e0e0; background-position: left center; background-repeat: no-repeat;\"><strong style=\"color: #000000;\">Responda a las nuevas necesidades de sus pacientes:<\/strong> El mercado de la micronutrici\u00f3n y la fitoterapia est\u00e1 en pleno auge. Convi\u00e9rtase en el especialista indiscutible de su regi\u00f3n e integre cuestionarios validados que le ayudar\u00e1n a diagnosticar los problemas de sus pacientes y a realizar su seguimiento.<\/li><li style=\"line-height: 22px; padding: 12px 0px; border-bottom: 1px solid #e0e0e0; background-position: left center; background-repeat: no-repeat;\"><strong style=\"color: #000000;\">Maximice su actividad profesional:<\/strong> Gracias a esta nueva especialidad, podr\u00e1 mejorar su negocio y cuidar de forma \u00f3ptima la salud de sus pacientes.<\/li><\/ul><\/li><\/ul><\/li><\/ul><div class=\"vc_empty_space\" style=\"margin: 0px; padding: 0px; border: 0px; outline: 0px; font-size: 16px; font-family: Lato, sans-serif; vertical-align: baseline; color: #666666; height: 32px;\"> <\/div><h3 class=\"box_header page_margin_top_section\" style=\"margin-right: 0px; margin-bottom: 0px; margin-left: 0px; padding: 0px; color: #000000; font-size: 18px;\">Programa<\/h3><h3 class=\"box_header page_margin_top_section\" style=\"margin-right: 0px; margin-bottom: 0px; margin-left: 0px; padding: 0px; color: #000000; font-size: 18px;\">Parte 1: Los fundamentos de la bioqu\u00edmica &#8211; 13 m\u00f3dulos<\/h3><ul style=\"color: #666666; font-family: Lato, sans-serif; font-size: 16px;\"><li style=\"line-height: 22px !important;\">La c\u00e9lula, una peque\u00f1a organizaci\u00f3n dom\u00e9stica<\/li><\/ul><p style=\"margin-right: 0px; margin-bottom: 0px; margin-left: 0px; padding: 1em 0px; border: 0px; outline: 0px; font-size: 16px; font-family: Lato, sans-serif; vertical-align: baseline; color: #666666; line-height: 24px;\"><strong style=\"color: #000000;\">M\u00f3dulo 1<\/strong><strong style=\"color: #000000;\">:<\/strong> La c\u00e9lula, una peque\u00f1a organizaci\u00f3n dom\u00e9stica<br><strong style=\"color: #000000;\">M\u00f3dulo <\/strong><strong style=\"color: #000000;\">2:<\/strong> Comprender la comunicaci\u00f3n celular y la se\u00f1alizaci\u00f3n&#8230;<\/p><ul style=\"color: #666666; font-family: Lato, sans-serif; font-size: 16px;\"><li style=\"line-height: 22px !important;\">Exploraci\u00f3n de los metabolismos energ\u00e9ticos<\/li><\/ul><p style=\"margin-right: 0px; margin-bottom: 0px; margin-left: 0px; padding: 1em 0px; border: 0px; outline: 0px; font-size: 16px; font-family: Lato, sans-serif; vertical-align: baseline; color: #666666; line-height: 24px;\"><strong style=\"color: #000000;\">M\u00f3dulo 3<\/strong><strong style=\"color: #000000;\">:<\/strong> Fundamentos del metabolismo energ\u00e9tico<br><strong style=\"color: #000000;\">M\u00f3dulo 4<\/strong><strong style=\"color: #000000;\">:<\/strong> Catabolismo de los hidratos de carbono<br><strong style=\"color: #000000;\">M\u00f3dulo 5<\/strong>: Metabolismo del piruvato<br><strong style=\"color: #000000;\">M\u00f3dulo 6:<\/strong> Los \u00e1cidos grasos entran en escena<br><strong style=\"color: #000000;\">M\u00f3dulo 7<\/strong>: Cuando el acetil-CoA alimenta el ciclo de Krebs&#8230;<br><strong style=\"color: #000000;\">M\u00f3dulo 8<\/strong>: Adaptar el metabolismo a nuestros men\u00fas<\/p><ul style=\"color: #666666; font-family: Lato, sans-serif; font-size: 16px;\"><li style=\"line-height: 22px !important;\">Colesterol y lipoprote\u00ednas<\/li><\/ul><p style=\"margin-right: 0px; margin-bottom: 0px; margin-left: 0px; padding: 1em 0px; border: 0px; outline: 0px; font-size: 16px; font-family: Lato, sans-serif; vertical-align: baseline; color: #666666; line-height: 24px;\"><strong style=\"color: #000000;\">M\u00f3dulo 9:<\/strong> El colesterol, un enemigo quiz\u00e1s pero un amigo indispensable&#8230; \u00a1\u00a1\u00a1seguro!!!<br><strong style=\"color: #000000;\">M\u00f3dulo 10:<\/strong> El mundo de las lipoprote\u00ednas<\/p><ul style=\"color: #666666; font-family: Lato, sans-serif; font-size: 16px;\"><li style=\"line-height: 22px !important;\">Gen\u00e9tica molecular<\/li><\/ul><p style=\"margin-right: 0px; margin-bottom: 0px; margin-left: 0px; padding: 1em 0px; border: 0px; outline: 0px; font-size: 16px; font-family: Lato, sans-serif; vertical-align: baseline; color: #666666; line-height: 24px;\"><strong style=\"color: #000000;\">M\u00f3dulo 11:<\/strong> Introducci\u00f3n de 25 diapositivas a las prote\u00ednas: fuentes y funciones<br><strong style=\"color: #000000;\">M\u00f3dulo 12:<\/strong> La integraci\u00f3n de los metabolismos energ\u00e9ticos<br><strong style=\"color: #000000;\">M\u00f3dulo 13:<\/strong> El \u00faltimo aliento de nuestras c\u00e9lulas<\/p><h3 class=\"box_header page_margin_top_section\" style=\"margin-right: 0px; margin-bottom: 0px; margin-left: 0px; padding: 0px; color: #000000; font-size: 18px;\">Parte 2: Fisionutrici\u00f3n &#8211; 27 m\u00f3dulos<\/h3><p style=\"margin-right: 0px; margin-bottom: 0px; margin-left: 0px; padding: 1em 0px; border: 0px; outline: 0px; font-size: 16px; font-family: Lato, sans-serif; vertical-align: baseline; color: #666666; line-height: 24px;\"><strong style=\"color: #000000;\">M\u00d3DULOS 1 y 2:<\/strong> Introducci\u00f3n a la fisionutrici\u00f3n<br><strong style=\"color: #000000;\">M\u00d3DULOS 3 a 7<\/strong>: Equilibrio digestivo y microbiota<br><strong style=\"color: #000000;\">M\u00d3DULOS 8 a 11:<\/strong> Equilibrio oxidativo e inflamatorio<br><strong style=\"color: #000000;\">M\u00d3DULOS 12 a 14:<\/strong> Equilibrio mitocondrial y \u00e1cidos grasos esenciales<br><strong style=\"color: #000000;\">M\u00d3DULOS 15 a 18:<\/strong> Equilibrio \u00e1cido-base y desintoxicaci\u00f3n<br><strong style=\"color: #000000;\">M\u00d3DULOS 19 a 21:<\/strong> Metilaci\u00f3n y equilibrio neuromediador<br><strong style=\"color: #000000;\">M\u00d3DULOS 22 y 23:<\/strong> Nutrici\u00f3n hormonal, hormonas tiroideas y melatonina<br><strong style=\"color: #000000;\">M\u00d3DULO 24:<\/strong> Insulina y metabolismo de los hidratos de carbono<br><strong style=\"color: #000000;\">M\u00d3DULOS 25 a 27:<\/strong> Hormona del crecimiento, DHEA, pregnenolona, hormonas femeninas, aldosterona, cortisol y testosterona<\/p><h3 class=\"box_header page_margin_top_section\" style=\"margin-right: 0px; margin-bottom: 0px; margin-left: 0px; padding: 0px; color: #000000; font-size: 18px;\">Parte 3: Fitoterapia &#8211; 13 m\u00f3dulos<\/h3><p style=\"margin-right: 0px; margin-bottom: 0px; margin-left: 0px; padding: 1em 0px; border: 0px; outline: 0px; font-size: 16px; font-family: Lato, sans-serif; vertical-align: baseline; color: #666666; line-height: 24px;\"><strong style=\"color: #000000;\">M\u00d3DULO 28:<\/strong> Introducci\u00f3n a la fitoterapia cl\u00ednica<br><strong style=\"color: #000000;\">M\u00d3DULOS 29 y 30:<\/strong> Drenaje renal y emuntorio<br><strong style=\"color: #000000;\">M\u00d3DULO 31:<\/strong> Plantas del aparato digestivo<br><strong style=\"color: #000000;\">M\u00d3DULOS 32 y 33:<\/strong> Plantas del sistema nervioso<br><strong style=\"color: #000000;\">M\u00d3DULO 34:<\/strong> Plantas del sistema inmunitario<br><strong style=\"color: #000000;\">M\u00d3DULOS 35 y 36:<\/strong> Plantas para reumatolog\u00eda<br><strong style=\"color: #000000;\">M\u00d3DULO 37:<\/strong> El sistema circulatorio<br><strong style=\"color: #000000;\">M\u00d3DULOS 39 y 40:<\/strong> Endocrinolog\u00eda<\/p><h3 class=\"box_header page_margin_top_section\" style=\"margin-right: 0px; margin-bottom: 0px; margin-left: 0px; padding: 0px; color: #000000; font-size: 18px;\">Parte 4: Nutrici\u00f3n &#8211; 8 m\u00f3dulos<\/h3><p style=\"margin-right: 0px; margin-bottom: 0px; margin-left: 0px; padding: 1em 0px; border: 0px; outline: 0px; font-size: 16px; font-family: Lato, sans-serif; vertical-align: baseline; color: #666666; line-height: 24px;\"><strong style=\"color: #000000;\">M\u00d3DULO 41:<\/strong> Contexto, posicionamiento, bases cient\u00edficas y casos cl\u00ednicos<br><strong style=\"color: #000000;\">M\u00d3DULO 42:<\/strong> Comprender la obesidad, sus definiciones e implicaciones<br><strong style=\"color: #000000;\">M\u00d3DULO 43:<\/strong> Elementos bioqu\u00edmicos y nutricionales: requisitos previos<br><strong style=\"color: #000000;\">M\u00d3DULO 44:<\/strong> Breve historia natural, el cerebro y los flujos de energ\u00eda<br><strong style=\"color: #000000;\">M\u00d3DULO 45:<\/strong> \u00bfC\u00f3mo se convierte la nutrici\u00f3n en una herramienta de cuidados?<br><strong style=\"color: #000000;\">M\u00d3DULO 46:<\/strong> Principios de tratamiento en la vida real<br><strong style=\"color: #000000;\">M\u00d3DULO 47:<\/strong> Evoluci\u00f3n post-terap\u00e9utica, el organismo cetog\u00e9nico, las libertades<br><strong style=\"color: #000000;\">M\u00d3DULO 48<\/strong>: Informaci\u00f3n adicional y recordatorio de conceptos clave<\/p><h3 class=\"box_header page_margin_top_section\" style=\"margin-right: 0px; margin-bottom: 0px; margin-left: 0px; padding: 0px; color: #000000; font-size: 18px;\">Parte 5: Tutoriales &#8211; 3 m\u00f3dulos<\/h3><p style=\"margin-right: 0px; margin-bottom: 0px; margin-left: 0px; padding: 1em 0px; border: 0px; outline: 0px; font-size: 16px; font-family: Lato, sans-serif; vertical-align: baseline; color: #666666; line-height: 24px;\"><strong style=\"color: #000000;\">M\u00d3DULO 49:<\/strong> QUIDAM<br><strong style=\"color: #000000;\">M\u00d3DULO 50:<\/strong> QUADO<br><strong style=\"color: #000000;\">M\u00d3DULO 51:<\/strong> REINA<\/p><p style=\"margin-right: 0px; margin-bottom: 0px; margin-left: 0px; padding: 1em 0px; border: 0px; outline: 0px; font-size: 16px; font-family: Lato, sans-serif; vertical-align: baseline; color: #666666; line-height: 24px;\">Si desea m\u00e1s informaci\u00f3n, p\u00f3ngase en contacto con nosotros en <a href=\"mailto:info@ii-2p.org\">es.info@ii-2p.org<\/a><\/p><p style=\"margin-right: 0px; margin-bottom: 0px; margin-left: 0px; padding: 1em 0px; border: 0px; outline: 0px; font-size: 16px; font-family: Lato, sans-serif; vertical-align: baseline; color: #666666; line-height: 24px;\"> <\/p>\t\t\t\t\t\t<\/div>\n\t\t\t\t<\/div>\n\t\t\t\t\t<\/div>\n\t\t<\/div>\n\t\t\t\t\t\t\t<\/div>\n\t\t<\/section>\n\t\t\t\t\t\t\t<\/div>\n\t\t","protected":false},"excerpt":{"rendered":"<p>Curso de formacion en fisionutricion y fitoterapia Formaci\u00f3n disponible \u00fanicamente a trav\u00e9s de e-learning Todos nuestros cursos est\u00e1n disponibles en formato e-learning y est\u00e1n validados por un diploma del Instituto Internacional de Fisionutrici\u00f3n y Fitoterapia. Responda a un mercado en constante expansi\u00f3n ofreciendo a sus pacientes los \u00faltimos avances en fisionutrici\u00f3n y fitoterapia: Un ciclo [&hellip;]<\/p>\n","protected":false},"author":1,"featured_media":0,"parent":0,"menu_order":0,"comment_status":"closed","ping_status":"closed","template":"","meta":{"footnotes":""},"_links":{"self":[{"href":"https:\/\/ii-2p.org\/es\/wp-json\/wp\/v2\/pages\/5249"}],"collection":[{"href":"https:\/\/ii-2p.org\/es\/wp-json\/wp\/v2\/pages"}],"about":[{"href":"https:\/\/ii-2p.org\/es\/wp-json\/wp\/v2\/types\/page"}],"author":[{"embeddable":true,"href":"https:\/\/ii-2p.org\/es\/wp-json\/wp\/v2\/users\/1"}],"replies":[{"embeddable":true,"href":"https:\/\/ii-2p.org\/es\/wp-json\/wp\/v2\/comments?post=5249"}],"version-history":[{"count":2,"href":"https:\/\/ii-2p.org\/es\/wp-json\/wp\/v2\/pages\/5249\/revisions"}],"predecessor-version":[{"id":5491,"href":"https:\/\/ii-2p.org\/es\/wp-json\/wp\/v2\/pages\/5249\/revisions\/5491"}],"wp:attachment":[{"href":"https:\/\/ii-2p.org\/es\/wp-json\/wp\/v2\/media?parent=5249"}],"curies":[{"name":"wp","href":"https:\/\/api.w.org\/{rel}","templated":true}]}}