{"id":5254,"date":"2021-12-20T15:19:26","date_gmt":"2021-12-20T15:19:26","guid":{"rendered":"https:\/\/ii-2p.org\/ii2p-seminarios-extramuros\/"},"modified":"2023-06-12T14:10:23","modified_gmt":"2023-06-12T14:10:23","slug":"ii2p-seminarios-extramuros","status":"publish","type":"page","link":"https:\/\/ii-2p.org\/es\/ii2p-seminarios-extramuros\/","title":{"rendered":"II2P seminarios extramuros"},"content":{"rendered":"\t\t<div data-elementor-type=\"wp-page\" data-elementor-id=\"5254\" class=\"elementor elementor-5254 elementor-989\" data-elementor-post-type=\"page\">\n\t\t\t\t\t\t\t\t\t<section class=\"elementor-section elementor-top-section elementor-element elementor-element-0fa7c2f elementor-section-boxed elementor-section-height-default elementor-section-height-default\" data-id=\"0fa7c2f\" data-element_type=\"section\">\n\t\t\t\t\t\t<div class=\"elementor-container elementor-column-gap-default\">\n\t\t\t\t\t<div class=\"elementor-column elementor-col-100 elementor-top-column elementor-element elementor-element-94b3cf6\" data-id=\"94b3cf6\" data-element_type=\"column\">\n\t\t\t<div class=\"elementor-widget-wrap elementor-element-populated\">\n\t\t\t\t\t\t\t\t<div class=\"elementor-element elementor-element-ee03f8e elementor-widget elementor-widget-text-editor\" data-id=\"ee03f8e\" data-element_type=\"widget\" data-widget_type=\"text-editor.default\">\n\t\t\t\t<div class=\"elementor-widget-container\">\n\t\t\t<style>\/*! elementor - v3.18.0 - 20-12-2023 *\/\n.elementor-widget-text-editor.elementor-drop-cap-view-stacked .elementor-drop-cap{background-color:#69727d;color:#fff}.elementor-widget-text-editor.elementor-drop-cap-view-framed .elementor-drop-cap{color:#69727d;border:3px solid;background-color:transparent}.elementor-widget-text-editor:not(.elementor-drop-cap-view-default) .elementor-drop-cap{margin-top:8px}.elementor-widget-text-editor:not(.elementor-drop-cap-view-default) .elementor-drop-cap-letter{width:1em;height:1em}.elementor-widget-text-editor .elementor-drop-cap{float:left;text-align:center;line-height:1;font-size:50px}.elementor-widget-text-editor .elementor-drop-cap-letter{display:inline-block}<\/style>\t\t\t\t<p><span style=\"color: #666666; font-size: 18px; font-style: inherit;\"><br>Seminarios extramuros<\/span><\/p>\n<p><span style=\"font-family: inherit; font-style: inherit; font-weight: inherit; color: #666666; font-size: 16px;\">Desde su creaci\u00f3n, el Instituto Internacional de Fisionutrici\u00f3n y Fitoterapia ha apostado por un programa de formaci\u00f3n dirigido a los profesionales de la salud que desean desarrollar sus conocimientos en Fisionutrici\u00f3n y Fitoterapia y, al mismo tiempo, enriquecer sus conocimientos culturales.<\/span><\/p>\n<p><span style=\"font-family: inherit; font-style: inherit; font-weight: inherit; background-color: #f8f8f8; color: #666666; font-size: 16px;\">Ya se han organizado cientos de seminarios, con ponentes de renombre expertos en Fisionutrici\u00f3n y Fitoterapia, en numerosos pa\u00edses de todo el mundo.<\/span><\/p>\n<p><strong><span style=\"color: #666666;\"><span style=\"font-size: 16px; background-color: #f8f8f8;\">Seminario 2023&nbsp;<\/span><\/span><\/strong><\/p>\n<p><span style=\"color: #666666;\"><span style=\"font-size: 16px; background-color: #f8f8f8;\">Para descubrir los seminarios propuestos para 2023, puede descargarse el folleto haciendo clic &nbsp;en el que aparece a continuaci\u00f3n:&nbsp;<\/span><\/span><\/p>\n<p><a href=\"https:\/\/ii-2p.org\/wp-content\/uploads\/2022\/09\/II2P-SEMINAIRES-VOYAGES-CATALOGUE-2023-1.pdf\"><span style=\"color: #666666;\"><span style=\"font-size: 16px; background-color: #f8f8f8;\"> <img fetchpriority=\"high\" decoding=\"async\" class=\"size-medium wp-image-4723 aligncenter\" src=\"https:\/\/ii-2p.org\/wp-content\/uploads\/2023\/05\/Page-acceuil-2023-300x300.jpg\" alt=\"\" width=\"300\" height=\"300\" srcset=\"https:\/\/ii-2p.org\/wp-content\/uploads\/2023\/05\/Page-acceuil-2023-300x300.jpg 300w, https:\/\/ii-2p.org\/wp-content\/uploads\/2023\/05\/Page-acceuil-2023-150x150.jpg 150w, https:\/\/ii-2p.org\/wp-content\/uploads\/2023\/05\/Page-acceuil-2023-768x765.jpg 768w, https:\/\/ii-2p.org\/wp-content\/uploads\/2023\/05\/Page-acceuil-2023.jpg 892w\" sizes=\"(max-width: 300px) 100vw, 300px\" \/><\/span><\/span><\/a><\/p>\n<p><strong>Seminario 2024<\/strong><\/p>\n<p><span style=\"font-family: inherit; font-style: inherit; font-weight: inherit; background-color: #f8f8f8; color: #666666; font-size: 16px;\">Para descubrir los seminarios propuestos para 2024, haga clic en el folleto que&nbsp; figura a continuaci\u00f3n:&nbsp;&nbsp;<\/span><\/p>\n<p><a href=\"https:\/\/ii-2p.org\/wp-content\/uploads\/2023\/04\/II2P-SEMINAIRES-VOYAGES-CATALOGUE-2024.pdf\"><span style=\"font-family: inherit; font-style: inherit; font-weight: inherit; background-color: #f8f8f8; color: #666666; font-size: 16px;\"> <img decoding=\"async\" class=\"size-medium wp-image-4710 aligncenter\" src=\"https:\/\/ii-2p.org\/wp-content\/uploads\/2023\/04\/II2P-page-accueil_page-0001-300x300.jpg\" alt=\"\" width=\"300\" height=\"300\" srcset=\"https:\/\/ii-2p.org\/wp-content\/uploads\/2023\/04\/II2P-page-accueil_page-0001-300x300.jpg 300w, https:\/\/ii-2p.org\/wp-content\/uploads\/2023\/04\/II2P-page-accueil_page-0001-1024x1024.jpg 1024w, https:\/\/ii-2p.org\/wp-content\/uploads\/2023\/04\/II2P-page-accueil_page-0001-150x150.jpg 150w, https:\/\/ii-2p.org\/wp-content\/uploads\/2023\/04\/II2P-page-accueil_page-0001-768x768.jpg 768w, https:\/\/ii-2p.org\/wp-content\/uploads\/2023\/04\/II2P-page-accueil_page-0001.jpg 1241w\" sizes=\"(max-width: 300px) 100vw, 300px\" \/><\/span><\/a><\/p>\n<p><span style=\"font-family: inherit; font-style: inherit; font-weight: inherit; background-color: #f8f8f8; color: #666666; font-size: 16px;\">Para m\u00e1s informaci\u00f3n, dir\u00edjase a:&nbsp;&nbsp;<\/span> <a style=\"font-family: inherit; font-style: inherit; font-weight: inherit; font-size: 16px; background-color: #f8f8f8;\" href=\"mailto:info@ii-2p.org\">info@ii-2p.org<\/a> <span style=\"font-family: inherit; font-style: inherit; font-weight: inherit; background-color: #f8f8f8; color: #666666; font-size: 16px;\">o p\u00f3ngase en contacto con el II2P en el +352 27 86 40 42.<\/span><\/p>\t\t\t\t\t\t<\/div>\n\t\t\t\t<\/div>\n\t\t\t\t\t<\/div>\n\t\t<\/div>\n\t\t\t\t\t\t\t<\/div>\n\t\t<\/section>\n\t\t\t\t\t\t\t<\/div>\n\t\t","protected":false},"excerpt":{"rendered":"<p>Seminarios extramuros Desde su creaci\u00f3n, el Instituto Internacional de Fisionutrici\u00f3n y Fitoterapia ha apostado por un programa de formaci\u00f3n dirigido a los profesionales de la salud que desean desarrollar sus conocimientos en Fisionutrici\u00f3n y Fitoterapia y, al mismo tiempo, enriquecer sus conocimientos culturales. Ya se han organizado cientos de seminarios, con ponentes de renombre expertos [&hellip;]<\/p>\n","protected":false},"author":1,"featured_media":0,"parent":0,"menu_order":0,"comment_status":"closed","ping_status":"closed","template":"","meta":{"footnotes":""},"_links":{"self":[{"href":"https:\/\/ii-2p.org\/es\/wp-json\/wp\/v2\/pages\/5254"}],"collection":[{"href":"https:\/\/ii-2p.org\/es\/wp-json\/wp\/v2\/pages"}],"about":[{"href":"https:\/\/ii-2p.org\/es\/wp-json\/wp\/v2\/types\/page"}],"author":[{"embeddable":true,"href":"https:\/\/ii-2p.org\/es\/wp-json\/wp\/v2\/users\/1"}],"replies":[{"embeddable":true,"href":"https:\/\/ii-2p.org\/es\/wp-json\/wp\/v2\/comments?post=5254"}],"version-history":[{"count":1,"href":"https:\/\/ii-2p.org\/es\/wp-json\/wp\/v2\/pages\/5254\/revisions"}],"predecessor-version":[{"id":5258,"href":"https:\/\/ii-2p.org\/es\/wp-json\/wp\/v2\/pages\/5254\/revisions\/5258"}],"wp:attachment":[{"href":"https:\/\/ii-2p.org\/es\/wp-json\/wp\/v2\/media?parent=5254"}],"curies":[{"name":"wp","href":"https:\/\/api.w.org\/{rel}","templated":true}]}}