{"id":5259,"date":"2021-12-20T15:30:29","date_gmt":"2021-12-20T15:30:29","guid":{"rendered":"https:\/\/ii-2p.org\/quidam\/"},"modified":"2023-06-12T14:12:20","modified_gmt":"2023-06-12T14:12:20","slug":"quidam","status":"publish","type":"page","link":"https:\/\/ii-2p.org\/es\/quidam\/","title":{"rendered":"QUIDAM"},"content":{"rendered":"\t\t<div data-elementor-type=\"wp-page\" data-elementor-id=\"5259\" class=\"elementor elementor-5259 elementor-1007\" data-elementor-post-type=\"page\">\n\t\t\t\t\t\t\t\t\t<section class=\"elementor-section elementor-top-section elementor-element elementor-element-157d308 elementor-section-boxed elementor-section-height-default elementor-section-height-default\" data-id=\"157d308\" data-element_type=\"section\">\n\t\t\t\t\t\t<div class=\"elementor-container elementor-column-gap-default\">\n\t\t\t\t\t<div class=\"elementor-column elementor-col-100 elementor-top-column elementor-element elementor-element-00499eb\" data-id=\"00499eb\" data-element_type=\"column\">\n\t\t\t<div class=\"elementor-widget-wrap elementor-element-populated\">\n\t\t\t\t\t\t\t\t<div class=\"elementor-element elementor-element-3313a04 elementor-widget elementor-widget-text-editor\" data-id=\"3313a04\" data-element_type=\"widget\" data-widget_type=\"text-editor.default\">\n\t\t\t\t<div class=\"elementor-widget-container\">\n\t\t\t<style>\/*! elementor - v3.18.0 - 20-12-2023 *\/\n.elementor-widget-text-editor.elementor-drop-cap-view-stacked .elementor-drop-cap{background-color:#69727d;color:#fff}.elementor-widget-text-editor.elementor-drop-cap-view-framed .elementor-drop-cap{color:#69727d;border:3px solid;background-color:transparent}.elementor-widget-text-editor:not(.elementor-drop-cap-view-default) .elementor-drop-cap{margin-top:8px}.elementor-widget-text-editor:not(.elementor-drop-cap-view-default) .elementor-drop-cap-letter{width:1em;height:1em}.elementor-widget-text-editor .elementor-drop-cap{float:left;text-align:center;line-height:1;font-size:50px}.elementor-widget-text-editor .elementor-drop-cap-letter{display:inline-block}<\/style>\t\t\t\t<p><span style=\"color: #000000; font-size: 18px;\">QUIDAM: CUESTIONARIO INDIVIDUAL DE INGESTA DE MACRONUTRIENTES<\/span><\/p><p><span style=\"font-family: inherit; font-style: inherit; font-weight: inherit; color: #666666; font-size: 16px;\"><strong style=\"font-family: inherit; font-style: inherit; font-size: 16px; color: #000000; margin-bottom: 0px;\">QUIDAM<\/strong> <span style=\"font-family: inherit; font-style: inherit; font-weight: inherit; color: #666666; font-size: 16px;\">es una herramienta r\u00e1pida y sencilla para evaluar la naturaleza y la frecuencia de consumo de los distintos tipos de alimentos: frutas, verduras, alimentos integrales, carnes y pescados grasos, productos l\u00e1cteos, tipos de aceite y agua que consumen sus pacientes.<\/span><\/span><\/p><div class=\"wpb_text_column wpb_content_element \" style=\"margin: 0px 0px 35px; padding: 0px; border: 0px; outline: 0px; font-size: 16px; font-family: Lato, sans-serif; vertical-align: baseline; color: #666666;\"><div class=\"wpb_wrapper\" style=\"margin: 0px; padding: 0px; border: 0px; outline: 0px; font-weight: inherit; font-style: inherit; font-family: inherit; vertical-align: baseline;\"><p style=\"margin-right: 0px; margin-bottom: 0px; margin-left: 0px; padding: 1em 0px; border: 0px; outline: 0px; font-weight: inherit; font-style: inherit; font-family: inherit; vertical-align: baseline; line-height: 24px;\">Las 11 preguntas de QUIDAM permiten evaluar r\u00e1pidamente los h\u00e1bitos alimentarios de sus pacientes. El radar de interpretaci\u00f3n identifica cualquier error diet\u00e9tico, y su interpretaci\u00f3n le permite realizar los cambios necesarios.<\/p><p style=\"margin-right: 0px; margin-bottom: 0px; margin-left: 0px; padding: 1em 0px; border: 0px; outline: 0px; font-weight: inherit; font-style: inherit; font-family: inherit; vertical-align: baseline; line-height: 24px;\">Nuestra \u00e1rea profesional le ofrece un acceso r\u00e1pido a QUIDAM. Nuestra plataforma pedag\u00f3gica y f\u00e1cil de usar le permite realizar un seguimiento de cada paciente a lo largo del tiempo. Los cuestionarios pueden rellenarse varias veces, de modo que puedes comparar los resultados y analizar c\u00f3mo han cambiado, para poder adaptar el tratamiento inicial si es necesario.<\/p><\/div><\/div><div style=\"margin: 0px 0px 35px; padding: 0px; border: 0px; outline: 0px; font-size: 16px; font-family: Lato, sans-serif; vertical-align: baseline; color: #666666;\"><div style=\"margin: 0px; padding: 0px; border: 0px; outline: 0px; font-weight: inherit; font-style: inherit; font-family: inherit; vertical-align: baseline;\"> <\/div><\/div>\t\t\t\t\t\t<\/div>\n\t\t\t\t<\/div>\n\t\t\t\t\t<\/div>\n\t\t<\/div>\n\t\t\t\t\t\t\t<\/div>\n\t\t<\/section>\n\t\t\t\t\t\t\t<\/div>\n\t\t","protected":false},"excerpt":{"rendered":"<p>QUIDAM: CUESTIONARIO INDIVIDUAL DE INGESTA DE MACRONUTRIENTES QUIDAM es una herramienta r\u00e1pida y sencilla para evaluar la naturaleza y la frecuencia de consumo de los distintos tipos de alimentos: frutas, verduras, alimentos integrales, carnes y pescados grasos, productos l\u00e1cteos, tipos de aceite y agua que consumen sus pacientes. Las 11 preguntas de QUIDAM permiten evaluar [&hellip;]<\/p>\n","protected":false},"author":1,"featured_media":0,"parent":0,"menu_order":0,"comment_status":"closed","ping_status":"closed","template":"","meta":{"footnotes":""},"_links":{"self":[{"href":"https:\/\/ii-2p.org\/es\/wp-json\/wp\/v2\/pages\/5259"}],"collection":[{"href":"https:\/\/ii-2p.org\/es\/wp-json\/wp\/v2\/pages"}],"about":[{"href":"https:\/\/ii-2p.org\/es\/wp-json\/wp\/v2\/types\/page"}],"author":[{"embeddable":true,"href":"https:\/\/ii-2p.org\/es\/wp-json\/wp\/v2\/users\/1"}],"replies":[{"embeddable":true,"href":"https:\/\/ii-2p.org\/es\/wp-json\/wp\/v2\/comments?post=5259"}],"version-history":[{"count":1,"href":"https:\/\/ii-2p.org\/es\/wp-json\/wp\/v2\/pages\/5259\/revisions"}],"predecessor-version":[{"id":5263,"href":"https:\/\/ii-2p.org\/es\/wp-json\/wp\/v2\/pages\/5259\/revisions\/5263"}],"wp:attachment":[{"href":"https:\/\/ii-2p.org\/es\/wp-json\/wp\/v2\/media?parent=5259"}],"curies":[{"name":"wp","href":"https:\/\/api.w.org\/{rel}","templated":true}]}}