{"id":5264,"date":"2021-12-20T15:29:59","date_gmt":"2021-12-20T15:29:59","guid":{"rendered":"https:\/\/ii-2p.org\/quado\/"},"modified":"2023-06-12T14:13:47","modified_gmt":"2023-06-12T14:13:47","slug":"quado","status":"publish","type":"page","link":"https:\/\/ii-2p.org\/es\/quado\/","title":{"rendered":"QUADO"},"content":{"rendered":"\t\t<div data-elementor-type=\"wp-page\" data-elementor-id=\"5264\" class=\"elementor elementor-5264 elementor-1006\" data-elementor-post-type=\"page\">\n\t\t\t\t\t\t\t\t\t<section class=\"elementor-section elementor-top-section elementor-element elementor-element-432d78c elementor-section-boxed elementor-section-height-default elementor-section-height-default\" data-id=\"432d78c\" data-element_type=\"section\">\n\t\t\t\t\t\t<div class=\"elementor-container elementor-column-gap-default\">\n\t\t\t\t\t<div class=\"elementor-column elementor-col-100 elementor-top-column elementor-element elementor-element-288b243\" data-id=\"288b243\" data-element_type=\"column\">\n\t\t\t<div class=\"elementor-widget-wrap elementor-element-populated\">\n\t\t\t\t\t\t\t\t<div class=\"elementor-element elementor-element-9186c5f elementor-widget elementor-widget-text-editor\" data-id=\"9186c5f\" data-element_type=\"widget\" data-widget_type=\"text-editor.default\">\n\t\t\t\t<div class=\"elementor-widget-container\">\n\t\t\t<style>\/*! elementor - v3.18.0 - 20-12-2023 *\/\n.elementor-widget-text-editor.elementor-drop-cap-view-stacked .elementor-drop-cap{background-color:#69727d;color:#fff}.elementor-widget-text-editor.elementor-drop-cap-view-framed .elementor-drop-cap{color:#69727d;border:3px solid;background-color:transparent}.elementor-widget-text-editor:not(.elementor-drop-cap-view-default) .elementor-drop-cap{margin-top:8px}.elementor-widget-text-editor:not(.elementor-drop-cap-view-default) .elementor-drop-cap-letter{width:1em;height:1em}.elementor-widget-text-editor .elementor-drop-cap{float:left;text-align:center;line-height:1;font-size:50px}.elementor-widget-text-editor .elementor-drop-cap-letter{display:inline-block}<\/style>\t\t\t\t<h3 class=\"box_header page_margin_top_section\" style=\"margin-right: 0px; margin-bottom: 0px; margin-left: 0px; padding: 0px; color: #000000; font-size: 18px;\">QUADO: CUESTIONARIO DE AN\u00c1LISIS, DETECCI\u00d3N Y DERIVACI\u00d3N<\/h3><div>________________________<\/div><div class=\"wpb_text_column wpb_content_element \" style=\"margin: 0px 0px 35px; padding: 0px; border: 0px; outline: 0px; font-size: 16px; font-family: Lato, sans-serif; vertical-align: baseline; color: #666666;\"><div class=\"wpb_wrapper\" style=\"margin: 0px; padding: 0px; border: 0px; outline: 0px; font-weight: inherit; font-style: inherit; font-family: inherit; vertical-align: baseline;\"><p style=\"margin-right: 0px; margin-bottom: 0px; margin-left: 0px; padding: 1em 0px; border: 0px; outline: 0px; font-weight: inherit; font-style: inherit; font-family: inherit; vertical-align: baseline; line-height: 24px;\">Bajo la responsabilidad pedag\u00f3gica del <strong style=\"color: #000000; margin-bottom: 0px;\">Dr. Serge SERVER<\/strong><\/p><p style=\"margin-right: 0px; margin-bottom: 0px; margin-left: 0px; padding: 1em 0px; border: 0px; outline: 0px; font-weight: inherit; font-style: inherit; font-family: inherit; vertical-align: baseline; line-height: 24px;\">Las 106 preguntas del cuestionario QUADO examinan los antecedentes personales de sus pacientes, su estilo de vida, los tratamientos actuales y numerosos signos funcionales (irritativos, cut\u00e1neos, digestivos, neurosensoriales, inmunitarios, etc.).<\/p><p style=\"margin-right: 0px; margin-bottom: 0px; margin-left: 0px; padding: 1em 0px; border: 0px; outline: 0px; font-weight: inherit; font-style: inherit; font-family: inherit; vertical-align: baseline; line-height: 24px;\">La tabla de interpretaci\u00f3n del QUADO proporciona una evaluaci\u00f3n global de los desequilibrios micronutricionales en los 8 equilibrios: microbiota &#8211; permeabilidad intestinal &#8211; detox &#8211; oxidoinflamatorio &#8211; \u00e1cidos grasos esenciales &#8211; \u00e1cido b\u00e1sico &#8211; neuromediadores y mitocondria.<\/p><p style=\"margin-right: 0px; margin-bottom: 0px; margin-left: 0px; padding: 1em 0px; border: 0px; outline: 0px; font-weight: inherit; font-style: inherit; font-family: inherit; vertical-align: baseline; line-height: 24px;\">Mediante el an\u00e1lisis del QUADO, podemos poner en marcha un plan de tratamiento adaptado a las necesidades y al equilibrio de cada persona.<\/p><p style=\"margin-right: 0px; margin-bottom: 0px; margin-left: 0px; padding: 1em 0px; border: 0px; outline: 0px; font-weight: inherit; font-style: inherit; font-family: inherit; vertical-align: baseline; line-height: 24px;\">Nuestro espacio profesional le permite acceder r\u00e1pidamente al QUADO. Nuestra plataforma pedag\u00f3gica y f\u00e1cil de usar le permite realizar un seguimiento de cada paciente a lo largo del tiempo. Los cuestionarios pueden rellenarse varias veces, de modo que puedes comparar los resultados y analizar c\u00f3mo han cambiado, para poder adaptar el tratamiento inicial si es necesario.<\/p><\/div><\/div>\t\t\t\t\t\t<\/div>\n\t\t\t\t<\/div>\n\t\t\t\t\t<\/div>\n\t\t<\/div>\n\t\t\t\t\t\t\t<\/div>\n\t\t<\/section>\n\t\t\t\t\t\t\t<\/div>\n\t\t","protected":false},"excerpt":{"rendered":"<p>QUADO: CUESTIONARIO DE AN\u00c1LISIS, DETECCI\u00d3N Y DERIVACI\u00d3N ________________________ Bajo la responsabilidad pedag\u00f3gica del Dr. Serge SERVER Las 106 preguntas del cuestionario QUADO examinan los antecedentes personales de sus pacientes, su estilo de vida, los tratamientos actuales y numerosos signos funcionales (irritativos, cut\u00e1neos, digestivos, neurosensoriales, inmunitarios, etc.). La tabla de interpretaci\u00f3n del QUADO proporciona una evaluaci\u00f3n [&hellip;]<\/p>\n","protected":false},"author":1,"featured_media":0,"parent":0,"menu_order":0,"comment_status":"closed","ping_status":"closed","template":"","meta":{"footnotes":""},"_links":{"self":[{"href":"https:\/\/ii-2p.org\/es\/wp-json\/wp\/v2\/pages\/5264"}],"collection":[{"href":"https:\/\/ii-2p.org\/es\/wp-json\/wp\/v2\/pages"}],"about":[{"href":"https:\/\/ii-2p.org\/es\/wp-json\/wp\/v2\/types\/page"}],"author":[{"embeddable":true,"href":"https:\/\/ii-2p.org\/es\/wp-json\/wp\/v2\/users\/1"}],"replies":[{"embeddable":true,"href":"https:\/\/ii-2p.org\/es\/wp-json\/wp\/v2\/comments?post=5264"}],"version-history":[{"count":1,"href":"https:\/\/ii-2p.org\/es\/wp-json\/wp\/v2\/pages\/5264\/revisions"}],"predecessor-version":[{"id":5268,"href":"https:\/\/ii-2p.org\/es\/wp-json\/wp\/v2\/pages\/5264\/revisions\/5268"}],"wp:attachment":[{"href":"https:\/\/ii-2p.org\/es\/wp-json\/wp\/v2\/media?parent=5264"}],"curies":[{"name":"wp","href":"https:\/\/api.w.org\/{rel}","templated":true}]}}