{"id":5269,"date":"2021-12-20T15:30:19","date_gmt":"2021-12-20T15:30:19","guid":{"rendered":"https:\/\/ii-2p.org\/queen\/"},"modified":"2023-06-12T14:17:21","modified_gmt":"2023-06-12T14:17:21","slug":"queen","status":"publish","type":"page","link":"https:\/\/ii-2p.org\/es\/queen\/","title":{"rendered":"QUEEN"},"content":{"rendered":"\t\t<div data-elementor-type=\"wp-page\" data-elementor-id=\"5269\" class=\"elementor elementor-5269 elementor-1008\" data-elementor-post-type=\"page\">\n\t\t\t\t\t\t\t\t\t<section class=\"elementor-section elementor-top-section elementor-element elementor-element-7f8e3c9 elementor-section-boxed elementor-section-height-default elementor-section-height-default\" data-id=\"7f8e3c9\" data-element_type=\"section\">\n\t\t\t\t\t\t<div class=\"elementor-container elementor-column-gap-default\">\n\t\t\t\t\t<div class=\"elementor-column elementor-col-100 elementor-top-column elementor-element elementor-element-70702a2\" data-id=\"70702a2\" data-element_type=\"column\">\n\t\t\t<div class=\"elementor-widget-wrap elementor-element-populated\">\n\t\t\t\t\t\t\t\t<div class=\"elementor-element elementor-element-f7f11ff elementor-widget elementor-widget-text-editor\" data-id=\"f7f11ff\" data-element_type=\"widget\" data-widget_type=\"text-editor.default\">\n\t\t\t\t<div class=\"elementor-widget-container\">\n\t\t\t<style>\/*! elementor - v3.18.0 - 20-12-2023 *\/\n.elementor-widget-text-editor.elementor-drop-cap-view-stacked .elementor-drop-cap{background-color:#69727d;color:#fff}.elementor-widget-text-editor.elementor-drop-cap-view-framed .elementor-drop-cap{color:#69727d;border:3px solid;background-color:transparent}.elementor-widget-text-editor:not(.elementor-drop-cap-view-default) .elementor-drop-cap{margin-top:8px}.elementor-widget-text-editor:not(.elementor-drop-cap-view-default) .elementor-drop-cap-letter{width:1em;height:1em}.elementor-widget-text-editor .elementor-drop-cap{float:left;text-align:center;line-height:1;font-size:50px}.elementor-widget-text-editor .elementor-drop-cap-letter{display:inline-block}<\/style>\t\t\t\t<span style=\"color: #000000; font-size: 18px; font-style: inherit;  \">QUEEN: CUESTIONARIO DE EVALUACI\u00d3N DE ENDOCRINOLOG\u00cdA<\/span>\n<div style=\"margin: 0px; padding: 0px; border: 0px; outline: 0px; font-size: 16px; font-family: Lato, sans-serif; vertical-align: baseline; color: #666666;  \">\n<div style=\"margin: 0px; padding: 0px; border: 0px; outline: 0px; font-weight: inherit; font-style: inherit; font-family: inherit; vertical-align: baseline; width: 990px; position: relative; min-height: auto; float: left;\">\n<div style=\"margin: 0px; padding: 0px; border: 0px; outline: 0px; font-weight: inherit; font-style: inherit; font-family: inherit; vertical-align: baseline;\">\n<div style=\"margin: 0px 0px 35px; padding: 0px; border: 0px; outline: 0px; font-weight: inherit; font-style: inherit; font-family: inherit; vertical-align: baseline;\">\n<div style=\"margin: 0px; padding: 0px; border: 0px; outline: 0px; font-weight: inherit; font-style: inherit; font-family: inherit; vertical-align: baseline;\">\n<p style=\"margin-right: 0px; margin-bottom: 0px; margin-left: 0px; padding: 1em 0px; border: 0px; outline: 0px; font-weight: inherit; font-style: inherit; font-family: inherit; vertical-align: baseline; line-height: 24px;\">Bajo la responsabilidad docente del <strong style=\"color: #000000;\">Dr. Jacques BASSIER<\/strong> y el <strong style=\"color: #000000; margin-bottom: 0px;\">Dr. Beno\u00eet EVERARD<\/strong><\/p>\n<p style=\"margin-right: 0px; margin-bottom: 0px; margin-left: 0px; padding: 1em 0px; border: 0px; outline: 0px; font-weight: inherit; font-style: inherit; font-family: inherit; vertical-align: baseline; line-height: 24px;\">El cuestionario QUEEN examina los s\u00edntomas y la historia cl\u00ednica de sus pacientes en relaci\u00f3n con 11 hormonas: tiroides, insulina, melatonina, hormona del crecimiento, DHEA, cortisol, aldosterona, pregnenolona, testosterona, estr\u00f3genos y progesterona.<\/p>\n<p style=\"margin-right: 0px; margin-bottom: 0px; margin-left: 0px; padding: 1em 0px; border: 0px; outline: 0px; font-weight: inherit; font-style: inherit; font-family: inherit; vertical-align: baseline; line-height: 24px;\">El cuestionario se utiliza para evaluar las distintas disfunciones endocrinas. El radar de interpretaci\u00f3n permite una gesti\u00f3n precoz de los equilibrios hormonales, incluso antes de que aparezcan las alteraciones biol\u00f3gicas.<\/p>\n<p style=\"margin-right: 0px; margin-bottom: 0px; margin-left: 0px; padding: 1em 0px; border: 0px; outline: 0px; font-weight: inherit; font-style: inherit; font-family: inherit; vertical-align: baseline; line-height: 24px;\">Nuestro espacio profesional le ofrece un acceso r\u00e1pido a QUEEN. Nuestra plataforma pedag\u00f3gica y f\u00e1cil de usar le permite realizar un seguimiento de cada paciente a lo largo del tiempo. Los cuestionarios pueden rellenarse varias veces, de modo que puedes comparar los resultados y analizar c\u00f3mo han cambiado, para poder adaptar el tratamiento inicial si es necesario.<\/p>\n\n<\/div>\n<\/div>\n<\/div>\n<\/div>\n<\/div>\t\t\t\t\t\t<\/div>\n\t\t\t\t<\/div>\n\t\t\t\t\t<\/div>\n\t\t<\/div>\n\t\t\t\t\t\t\t<\/div>\n\t\t<\/section>\n\t\t\t\t\t\t\t<\/div>\n\t\t","protected":false},"excerpt":{"rendered":"<p>QUEEN: CUESTIONARIO DE EVALUACI\u00d3N DE ENDOCRINOLOG\u00cdA Bajo la responsabilidad docente del Dr. Jacques BASSIER y el Dr. Beno\u00eet EVERARD El cuestionario QUEEN examina los s\u00edntomas y la historia cl\u00ednica de sus pacientes en relaci\u00f3n con 11 hormonas: tiroides, insulina, melatonina, hormona del crecimiento, DHEA, cortisol, aldosterona, pregnenolona, testosterona, estr\u00f3genos y progesterona. El cuestionario se utiliza [&hellip;]<\/p>\n","protected":false},"author":1,"featured_media":0,"parent":0,"menu_order":0,"comment_status":"closed","ping_status":"closed","template":"","meta":{"footnotes":""},"_links":{"self":[{"href":"https:\/\/ii-2p.org\/es\/wp-json\/wp\/v2\/pages\/5269"}],"collection":[{"href":"https:\/\/ii-2p.org\/es\/wp-json\/wp\/v2\/pages"}],"about":[{"href":"https:\/\/ii-2p.org\/es\/wp-json\/wp\/v2\/types\/page"}],"author":[{"embeddable":true,"href":"https:\/\/ii-2p.org\/es\/wp-json\/wp\/v2\/users\/1"}],"replies":[{"embeddable":true,"href":"https:\/\/ii-2p.org\/es\/wp-json\/wp\/v2\/comments?post=5269"}],"version-history":[{"count":1,"href":"https:\/\/ii-2p.org\/es\/wp-json\/wp\/v2\/pages\/5269\/revisions"}],"predecessor-version":[{"id":5273,"href":"https:\/\/ii-2p.org\/es\/wp-json\/wp\/v2\/pages\/5269\/revisions\/5273"}],"wp:attachment":[{"href":"https:\/\/ii-2p.org\/es\/wp-json\/wp\/v2\/media?parent=5269"}],"curies":[{"name":"wp","href":"https:\/\/api.w.org\/{rel}","templated":true}]}}