{"id":5274,"date":"2021-12-20T15:30:14","date_gmt":"2021-12-20T15:30:14","guid":{"rendered":"https:\/\/ii-2p.org\/nda\/"},"modified":"2023-06-12T14:25:51","modified_gmt":"2023-06-12T14:25:51","slug":"nda","status":"publish","type":"page","link":"https:\/\/ii-2p.org\/es\/nda\/","title":{"rendered":"NDA"},"content":{"rendered":"\t\t<div data-elementor-type=\"wp-page\" data-elementor-id=\"5274\" class=\"elementor elementor-5274 elementor-1009\" data-elementor-post-type=\"page\">\n\t\t\t\t\t\t\t\t\t<section class=\"elementor-section elementor-top-section elementor-element elementor-element-a474ab9 elementor-section-boxed elementor-section-height-default elementor-section-height-default\" data-id=\"a474ab9\" data-element_type=\"section\">\n\t\t\t\t\t\t<div class=\"elementor-container elementor-column-gap-default\">\n\t\t\t\t\t<div class=\"elementor-column elementor-col-100 elementor-top-column elementor-element elementor-element-b649e34\" data-id=\"b649e34\" data-element_type=\"column\">\n\t\t\t<div class=\"elementor-widget-wrap elementor-element-populated\">\n\t\t\t\t\t\t\t\t<div class=\"elementor-element elementor-element-cb44a7b elementor-widget elementor-widget-text-editor\" data-id=\"cb44a7b\" data-element_type=\"widget\" data-widget_type=\"text-editor.default\">\n\t\t\t\t<div class=\"elementor-widget-container\">\n\t\t\t<style>\/*! elementor - v3.18.0 - 20-12-2023 *\/\n.elementor-widget-text-editor.elementor-drop-cap-view-stacked .elementor-drop-cap{background-color:#69727d;color:#fff}.elementor-widget-text-editor.elementor-drop-cap-view-framed .elementor-drop-cap{color:#69727d;border:3px solid;background-color:transparent}.elementor-widget-text-editor:not(.elementor-drop-cap-view-default) .elementor-drop-cap{margin-top:8px}.elementor-widget-text-editor:not(.elementor-drop-cap-view-default) .elementor-drop-cap-letter{width:1em;height:1em}.elementor-widget-text-editor .elementor-drop-cap{float:left;text-align:center;line-height:1;font-size:50px}.elementor-widget-text-editor .elementor-drop-cap-letter{display:inline-block}<\/style>\t\t\t\t<div class=\"vc_row wpb_row vc_row-fluid\" style=\"margin: 0px; padding: 0px; border: 0px; outline: 0px; font-size: 16px; font-family: Lato, sans-serif; vertical-align: baseline; color: rgb(102, 102, 102); background-color: rgb(248, 248, 248);\"><div class=\"wpb_column vc_column_container vc_col-sm-12\" style=\"margin: 0px; padding: 0px; border: 0px; outline: 0px; font-weight: inherit; font-style: inherit; font-family: inherit; vertical-align: baseline; width: 990px; position: relative; min-height: auto; float: left;\"><div class=\"wpb_wrapper\" style=\"margin: 0px; padding: 0px; border: 0px; outline: 0px; font-weight: inherit; font-style: inherit; font-family: inherit; vertical-align: baseline;\"><h3 class=\"box_header page_margin_top_section\" style=\"margin-right: 0px; margin-bottom: 0px; margin-left: 0px; padding: 0px; color: rgb(0, 0, 0); font-size: 18px;\">NDA: EVALUACI\u00d3N DE LAS CARENCIAS DE NEUROMEDIADORES<\/h3><\/div><\/div><\/div><div class=\"vc_row wpb_row vc_row-fluid\" style=\"margin: 0px; padding: 0px; border: 0px; outline: 0px; font-size: 16px; font-family: Lato, sans-serif; vertical-align: baseline; color: rgb(102, 102, 102); background-color: rgb(248, 248, 248);\"><div class=\"wpb_column vc_column_container vc_col-sm-12\" style=\"margin: 0px; padding: 0px; border: 0px; outline: 0px; font-weight: inherit; font-style: inherit; font-family: inherit; vertical-align: baseline; width: 990px; position: relative; min-height: auto; float: left;\"><div class=\"wpb_wrapper\" style=\"margin: 0px; padding: 0px; border: 0px; outline: 0px; font-weight: inherit; font-style: inherit; font-family: inherit; vertical-align: baseline;\"><div class=\"wpb_text_column wpb_content_element \" style=\"margin: 0px 0px 35px; padding: 0px; border: 0px; outline: 0px; font-weight: inherit; font-style: inherit; font-family: inherit; vertical-align: baseline;\"><div class=\"wpb_wrapper\" style=\"margin: 0px; padding: 0px; border: 0px; outline: 0px; font-weight: inherit; font-style: inherit; font-family: inherit; vertical-align: baseline;\"><p style=\"margin-right: 0px; margin-bottom: 0px; margin-left: 0px; padding: 1em 0px; border: 0px; outline: 0px; font-weight: inherit; font-style: inherit; font-family: inherit; vertical-align: baseline; line-height: 24px;\">Numerosos estudios cient\u00edficos han demostrado que un d\u00e9ficit de neurotransmisores como la serotonina o la dopamina puede ser la causa del fracaso durante una dieta, ya que provoca una p\u00e9rdida de confianza en uno mismo, una disminuci\u00f3n de la motivaci\u00f3n, una tendencia a comer compulsivamente, un estado negativo de depresi\u00f3n, una sensaci\u00f3n de no haber tenido \u00e9xito&#8230; Para prevenir el fracaso, el NDA le permite determinar un posible desequilibrio en serotonina y\/o dopamina y establecer un protocolo terap\u00e9utico adecuado.<\/p><p style=\"margin-right: 0px; margin-bottom: 0px; margin-left: 0px; padding: 1em 0px; border: 0px; outline: 0px; font-weight: inherit; font-style: inherit; font-family: inherit; vertical-align: baseline; line-height: 24px;\">Nuestro espacio profesional le permite acceder r\u00e1pidamente a la NDA Nuestra plataforma pedag\u00f3gica y f\u00e1cil de usar le permite realizar un seguimiento de cada paciente a lo largo del tiempo. Los cuestionarios pueden rellenarse varias veces, de modo que puedes comparar los resultados y analizar c\u00f3mo han cambiado, para poder adaptar el tratamiento inicial si es necesario.<\/p><\/div><\/div><\/div><\/div><\/div>\t\t\t\t\t\t<\/div>\n\t\t\t\t<\/div>\n\t\t\t\t\t<\/div>\n\t\t<\/div>\n\t\t\t\t\t\t\t<\/div>\n\t\t<\/section>\n\t\t\t\t\t\t\t<\/div>\n\t\t","protected":false},"excerpt":{"rendered":"<p>NDA: EVALUACI\u00d3N DE LAS CARENCIAS DE NEUROMEDIADORES Numerosos estudios cient\u00edficos han demostrado que un d\u00e9ficit de neurotransmisores como la serotonina o la dopamina puede ser la causa del fracaso durante una dieta, ya que provoca una p\u00e9rdida de confianza en uno mismo, una disminuci\u00f3n de la motivaci\u00f3n, una tendencia a comer compulsivamente, un estado negativo [&hellip;]<\/p>\n","protected":false},"author":1,"featured_media":0,"parent":0,"menu_order":0,"comment_status":"closed","ping_status":"closed","template":"","meta":{"footnotes":""},"_links":{"self":[{"href":"https:\/\/ii-2p.org\/es\/wp-json\/wp\/v2\/pages\/5274"}],"collection":[{"href":"https:\/\/ii-2p.org\/es\/wp-json\/wp\/v2\/pages"}],"about":[{"href":"https:\/\/ii-2p.org\/es\/wp-json\/wp\/v2\/types\/page"}],"author":[{"embeddable":true,"href":"https:\/\/ii-2p.org\/es\/wp-json\/wp\/v2\/users\/1"}],"replies":[{"embeddable":true,"href":"https:\/\/ii-2p.org\/es\/wp-json\/wp\/v2\/comments?post=5274"}],"version-history":[{"count":1,"href":"https:\/\/ii-2p.org\/es\/wp-json\/wp\/v2\/pages\/5274\/revisions"}],"predecessor-version":[{"id":5278,"href":"https:\/\/ii-2p.org\/es\/wp-json\/wp\/v2\/pages\/5274\/revisions\/5278"}],"wp:attachment":[{"href":"https:\/\/ii-2p.org\/es\/wp-json\/wp\/v2\/media?parent=5274"}],"curies":[{"name":"wp","href":"https:\/\/api.w.org\/{rel}","templated":true}]}}