{"id":5284,"date":"2021-12-20T15:38:24","date_gmt":"2021-12-20T15:38:24","guid":{"rendered":"https:\/\/ii-2p.org\/consulta-de-fisionutricion\/"},"modified":"2023-06-12T14:33:08","modified_gmt":"2023-06-12T14:33:08","slug":"consulta-de-fisionutricion","status":"publish","type":"page","link":"https:\/\/ii-2p.org\/es\/consulta-de-fisionutricion\/","title":{"rendered":"Consulta de fisionutrici\u00f3n"},"content":{"rendered":"\t\t<div data-elementor-type=\"wp-page\" data-elementor-id=\"5284\" class=\"elementor elementor-5284 elementor-1030\" data-elementor-post-type=\"page\">\n\t\t\t\t\t\t\t\t\t<section class=\"elementor-section elementor-top-section elementor-element elementor-element-16aa8d7 elementor-section-boxed elementor-section-height-default elementor-section-height-default\" data-id=\"16aa8d7\" data-element_type=\"section\">\n\t\t\t\t\t\t<div class=\"elementor-container elementor-column-gap-default\">\n\t\t\t\t\t<div class=\"elementor-column elementor-col-100 elementor-top-column elementor-element elementor-element-40e0824\" data-id=\"40e0824\" data-element_type=\"column\">\n\t\t\t<div class=\"elementor-widget-wrap elementor-element-populated\">\n\t\t\t\t\t\t\t\t<div class=\"elementor-element elementor-element-7b9d625 elementor-widget elementor-widget-text-editor\" data-id=\"7b9d625\" data-element_type=\"widget\" data-widget_type=\"text-editor.default\">\n\t\t\t\t<div class=\"elementor-widget-container\">\n\t\t\t<style>\/*! elementor - v3.18.0 - 20-12-2023 *\/\n.elementor-widget-text-editor.elementor-drop-cap-view-stacked .elementor-drop-cap{background-color:#69727d;color:#fff}.elementor-widget-text-editor.elementor-drop-cap-view-framed .elementor-drop-cap{color:#69727d;border:3px solid;background-color:transparent}.elementor-widget-text-editor:not(.elementor-drop-cap-view-default) .elementor-drop-cap{margin-top:8px}.elementor-widget-text-editor:not(.elementor-drop-cap-view-default) .elementor-drop-cap-letter{width:1em;height:1em}.elementor-widget-text-editor .elementor-drop-cap{float:left;text-align:center;line-height:1;font-size:50px}.elementor-widget-text-editor .elementor-drop-cap-letter{display:inline-block}<\/style>\t\t\t\t<h3 style=\"margin-right: 0px; margin-bottom: 0px; margin-left: 0px; padding: 0px; color: #000000; font-size: 18px;\">Consulta de fisionutrici\u00f3n<\/h3>\n<h3 style=\"margin-right: 0px; margin-bottom: 0px; margin-left: 0px; padding: 0px; color: #000000; font-size: 18px;\"><span style=\"font-family: inherit; font-style: inherit; font-weight: inherit; color: #666666; font-size: 16px;\"> <\/span><\/h3>\n<h3 style=\"margin-right: 0px; margin-bottom: 0px; margin-left: 0px; padding: 0px; color: #000000; font-size: 18px;  \"><span style=\"font-family: inherit; font-style: inherit; font-weight: inherit; color: #666666; font-size: 16px;\">La consulta de Fisionutrici\u00f3n consiste en tratar los desequilibrios y las carencias de macro y micronutrientes de una persona en funci\u00f3n de sus necesidades espec\u00edficas.<\/span><\/h3>\n<div style=\"margin: 0px; padding: 0px; border: 0px; outline: 0px; font-size: 16px; font-family: Lato, sans-serif; vertical-align: baseline; color: #666666;\">\n<div style=\"margin: 0px; padding: 0px; border: 0px; outline: 0px; font-weight: inherit; font-style: inherit; font-family: inherit; vertical-align: baseline; width: 990px; position: relative; min-height: auto; float: left;\">\n<div style=\"margin: 0px; padding: 0px; border: 0px; outline: 0px; font-weight: inherit; font-style: inherit; font-family: inherit; vertical-align: baseline;\">\n<div style=\"margin: 0px 0px 35px; padding: 0px; border: 0px; outline: 0px; font-weight: inherit; font-style: inherit; font-family: inherit; vertical-align: baseline;\">\n<div style=\"margin: 0px; padding: 0px; border: 0px; outline: 0px; font-weight: inherit; font-style: inherit; font-family: inherit; vertical-align: baseline;\">\n<p style=\"margin-right: 0px; margin-bottom: 0px; margin-left: 0px; padding: 1em 0px; border: 0px; outline: 0px; font-weight: inherit; font-style: inherit; font-family: inherit; vertical-align: baseline; line-height: 24px;\">Mediante cuestionarios espec\u00edficos, la consulta de fisionutrici\u00f3n permite conocer los h\u00e1bitos alimentarios y el estado general de salud del paciente para, por una parte, reequilibrar la alimentaci\u00f3n y, por otra, proponer, si es necesario, complementos adaptados y personalizados.<\/p>\n<p style=\"margin-right: 0px; margin-bottom: 0px; margin-left: 0px; padding: 1em 0px; border: 0px; outline: 0px; font-weight: inherit; font-style: inherit; font-family: inherit; vertical-align: baseline; line-height: 24px;\">La fisionutrici\u00f3n desempe\u00f1a un papel importante ante una alimentaci\u00f3n deficitaria en micronutrientes, por dos razones principales:<\/p>\n\n<ul>\n \t<li style=\"line-height: 22px !important;\"><strong style=\"color: #000000; margin-bottom: 0px;\">la reducci\u00f3n de la ingesta cal\u00f3rica global ha provocado una reducci\u00f3n de la ingesta de micronutrientes.<\/strong> Los cambios en el estilo de vida (jornadas laborales m\u00e1s cortas, desplazamientos en coche, tiempo libre dedicado a ver la televisi\u00f3n, etc.) han provocado una reducci\u00f3n del gasto energ\u00e9tico,<\/li>\n \t<li style=\"margin-bottom: 0px; line-height: 22px !important;\"><strong style=\"color: #000000; margin-bottom: 0px;\">una reducci\u00f3n de la densidad de micronutrientes<\/strong>. Hoy en d\u00eda, el 70% de nuestra alimentaci\u00f3n procede de productos industriales mucho menos ricos en nutrientes y, al mismo tiempo, las t\u00e9cnicas de cultivo han reducido considerablemente el contenido en nutrientes de las frutas y verduras.<\/li>\n<\/ul>\n<p style=\"margin-right: 0px; margin-bottom: 0px; margin-left: 0px; padding: 1em 0px; border: 0px; outline: 0px; font-weight: inherit; font-style: inherit; font-family: inherit; vertical-align: baseline; line-height: 24px;\">En consecuencia, incluso con una alimentaci\u00f3n equilibrada, es dif\u00edcil aportar al organismo los micronutrientes (vitaminas, minerales, oligoelementos, \u00e1cidos grasos, probi\u00f3ticos, amino\u00e1cidos, etc.) que necesita, a pesar de que desempe\u00f1an un papel esencial. Cuando la situaci\u00f3n carencial persiste, aparecen s\u00edntomas que pueden ser precursores de enfermedades m\u00e1s graves.<\/p>\n<p style=\"margin-right: 0px; margin-bottom: 0px; margin-left: 0px; padding: 1em 0px; border: 0px; outline: 0px; font-weight: inherit; font-style: inherit; font-family: inherit; vertical-align: baseline; line-height: 24px;\">Durante su consulta de Fisionutrici\u00f3n, el especialista evaluar\u00e1, mediante cuestionarios cient\u00edficos, sus carencias micronutricionales, su origen y su impacto en su estado general de salud. A continuaci\u00f3n, le propondr\u00e1 un programa terap\u00e9utico individualizado que responda a todas sus necesidades<\/p>\n<p style=\"margin-right: 0px; margin-bottom: 0px; margin-left: 0px; padding: 1em 0px; border: 0px; outline: 0px; font-weight: inherit; font-style: inherit; font-family: inherit; vertical-align: baseline; line-height: 24px;\">Para ir m\u00e1s lejos, el especialista en fisionutrici\u00f3n podr\u00e1 prescribirle pruebas biol\u00f3gicas.<\/p>\n\n<\/div>\n<\/div>\n<\/div>\n<\/div>\n<\/div>\n<div style=\"margin: 0px; padding: 0px; border: 0px; outline: 0px; font-size: 16px; font-family: Lato, sans-serif; vertical-align: baseline; color: #666666;\">\n<div style=\"margin: 0px; padding: 0px; border: 0px; outline: 0px; font-weight: inherit; font-style: inherit; font-family: inherit; vertical-align: baseline; width: 990px; position: relative; min-height: auto; float: left;\">\n<div style=\"margin: 0px; padding: 0px; border: 0px; outline: 0px; font-weight: inherit; font-style: inherit; font-family: inherit; vertical-align: baseline;\">\n<h3 style=\"margin-right: 0px; margin-bottom: 0px; margin-left: 0px; padding: 0px; color: #000000; font-size: 18px;\">Cu\u00e1ndo consultar<\/h3>\n<div style=\"margin: 0px 0px 35px; padding: 0px; border: 0px; outline: 0px; font-weight: inherit; font-style: inherit; font-family: inherit; vertical-align: baseline;\">\n<div style=\"margin: 0px; padding: 0px; border: 0px; outline: 0px; font-weight: inherit; font-style: inherit; font-family: inherit; vertical-align: baseline;\">\n<p style=\"margin-right: 0px; margin-bottom: 0px; margin-left: 0px; padding: 1em 0px; border: 0px; outline: 0px; font-weight: inherit; font-style: inherit; font-family: inherit; vertical-align: baseline; line-height: 24px;\">La fisionutrici\u00f3n es un nuevo enfoque preventivo y terap\u00e9utico. Ofrece soluciones a medida para toda la familia en todas las etapas de la vida, mejorando nuestra calidad de vida cotidiana (estr\u00e9s, problemas digestivos, dificultad para conciliar el sue\u00f1o, etc.), preservando nuestro capital de salud y acompa\u00f1ando los tratamientos terap\u00e9uticos.<\/p>\n\n<\/div>\n<\/div>\n<\/div>\n<\/div>\n<\/div>\t\t\t\t\t\t<\/div>\n\t\t\t\t<\/div>\n\t\t\t\t\t<\/div>\n\t\t<\/div>\n\t\t\t\t\t\t\t<\/div>\n\t\t<\/section>\n\t\t\t\t\t\t\t<\/div>\n\t\t","protected":false},"excerpt":{"rendered":"<p>Consulta de fisionutrici\u00f3n La consulta de Fisionutrici\u00f3n consiste en tratar los desequilibrios y las carencias de macro y micronutrientes de una persona en funci\u00f3n de sus necesidades espec\u00edficas. Mediante cuestionarios espec\u00edficos, la consulta de fisionutrici\u00f3n permite conocer los h\u00e1bitos alimentarios y el estado general de salud del paciente para, por una parte, reequilibrar la alimentaci\u00f3n [&hellip;]<\/p>\n","protected":false},"author":1,"featured_media":0,"parent":0,"menu_order":0,"comment_status":"closed","ping_status":"closed","template":"","meta":{"footnotes":""},"_links":{"self":[{"href":"https:\/\/ii-2p.org\/es\/wp-json\/wp\/v2\/pages\/5284"}],"collection":[{"href":"https:\/\/ii-2p.org\/es\/wp-json\/wp\/v2\/pages"}],"about":[{"href":"https:\/\/ii-2p.org\/es\/wp-json\/wp\/v2\/types\/page"}],"author":[{"embeddable":true,"href":"https:\/\/ii-2p.org\/es\/wp-json\/wp\/v2\/users\/1"}],"replies":[{"embeddable":true,"href":"https:\/\/ii-2p.org\/es\/wp-json\/wp\/v2\/comments?post=5284"}],"version-history":[{"count":1,"href":"https:\/\/ii-2p.org\/es\/wp-json\/wp\/v2\/pages\/5284\/revisions"}],"predecessor-version":[{"id":5288,"href":"https:\/\/ii-2p.org\/es\/wp-json\/wp\/v2\/pages\/5284\/revisions\/5288"}],"wp:attachment":[{"href":"https:\/\/ii-2p.org\/es\/wp-json\/wp\/v2\/media?parent=5284"}],"curies":[{"name":"wp","href":"https:\/\/api.w.org\/{rel}","templated":true}]}}