{"id":5289,"date":"2021-12-20T15:41:49","date_gmt":"2021-12-20T15:41:49","guid":{"rendered":"https:\/\/ii-2p.org\/encuentre-un-profesional-de-la-salud-cerca-de-usted\/"},"modified":"2023-06-12T14:35:52","modified_gmt":"2023-06-12T14:35:52","slug":"encuentre-un-profesional-de-la-salud-cerca-de-usted","status":"publish","type":"page","link":"https:\/\/ii-2p.org\/es\/encuentre-un-profesional-de-la-salud-cerca-de-usted\/","title":{"rendered":"Encuentre un profesional de la salud cerca de usted"},"content":{"rendered":"\t\t<div data-elementor-type=\"wp-page\" data-elementor-id=\"5289\" class=\"elementor elementor-5289 elementor-1029\" data-elementor-post-type=\"page\">\n\t\t\t\t\t\t\t\t\t<section class=\"elementor-section elementor-top-section elementor-element elementor-element-d51754d elementor-section-boxed elementor-section-height-default elementor-section-height-default\" data-id=\"d51754d\" data-element_type=\"section\">\n\t\t\t\t\t\t<div class=\"elementor-container elementor-column-gap-default\">\n\t\t\t\t\t<div class=\"elementor-column elementor-col-100 elementor-top-column elementor-element elementor-element-ada4281\" data-id=\"ada4281\" data-element_type=\"column\">\n\t\t\t<div class=\"elementor-widget-wrap elementor-element-populated\">\n\t\t\t\t\t\t\t\t<div class=\"elementor-element elementor-element-d0fba15 elementor-widget elementor-widget-text-editor\" data-id=\"d0fba15\" data-element_type=\"widget\" data-widget_type=\"text-editor.default\">\n\t\t\t\t<div class=\"elementor-widget-container\">\n\t\t\t<style>\/*! elementor - v3.18.0 - 20-12-2023 *\/\n.elementor-widget-text-editor.elementor-drop-cap-view-stacked .elementor-drop-cap{background-color:#69727d;color:#fff}.elementor-widget-text-editor.elementor-drop-cap-view-framed .elementor-drop-cap{color:#69727d;border:3px solid;background-color:transparent}.elementor-widget-text-editor:not(.elementor-drop-cap-view-default) .elementor-drop-cap{margin-top:8px}.elementor-widget-text-editor:not(.elementor-drop-cap-view-default) .elementor-drop-cap-letter{width:1em;height:1em}.elementor-widget-text-editor .elementor-drop-cap{float:left;text-align:center;line-height:1;font-size:50px}.elementor-widget-text-editor .elementor-drop-cap-letter{display:inline-block}<\/style>\t\t\t\t<p><span style=\"color: #000000; font-size: 18px; font-style: inherit;\">Encuentre un profesional de la salud cerca de usted<\/span><\/p><div style=\"margin: 0px; padding: 0px; border: 0px; outline: 0px; font-size: 16px; font-family: Lato, sans-serif; vertical-align: baseline; color: #666666;\"><div style=\"margin: 0px; padding: 0px; border: 0px; outline: 0px; font-weight: inherit; font-style: inherit; font-family: inherit; vertical-align: baseline; width: 990px; position: relative; min-height: auto; float: left;\"><div style=\"margin: 0px; padding: 0px; border: 0px; outline: 0px; font-weight: inherit; font-style: inherit; font-family: inherit; vertical-align: baseline;\"><div style=\"margin: 0px 0px 35px; padding: 0px; border: 0px; outline: 0px; font-weight: inherit; font-style: inherit; font-family: inherit; vertical-align: baseline;\"><div style=\"margin: 0px; padding: 0px; border: 0px; outline: 0px; font-weight: inherit; font-style: inherit; font-family: inherit; vertical-align: baseline;\"><p style=\"margin-right: 0px; margin-bottom: 0px; margin-left: 0px; padding: 1em 0px; border: 0px; outline: 0px; font-weight: inherit; font-style: inherit; font-family: inherit; vertical-align: baseline; line-height: 24px;\">Los especialistas en fisionutrici\u00f3n son profesionales de la salud convencidos de que la prevenci\u00f3n es esencial y de que no tratamos los s\u00edntomas, sino a los pacientes en su conjunto y como personas. Todos nuestros especialistas reciben formaci\u00f3n peri\u00f3dica sobre los \u00faltimos avances cient\u00edficos.<\/p><p style=\"margin-right: 0px; margin-bottom: 0px; margin-left: 0px; padding: 1em 0px; border: 0px; outline: 0px; font-weight: inherit; font-style: inherit; font-family: inherit; vertical-align: baseline; line-height: 24px;\">Para encontrar un especialista en Fisionutrici\u00f3n cerca de usted, p\u00f3ngase en contacto con el II2P:<br><span style=\"font-family: inherit; font-style: inherit; font-weight: inherit;\">&#8211; por correo electr\u00f3nico<\/span>: <a href=\"mailto:info@ii-2p.org\">es.info@ii-2p.org<\/a><br><span style=\"font-family: inherit; font-style: inherit; font-weight: inherit;\">&#8211; por tel\u00e9fono al +352 27 86 40 42<\/span><\/p><\/div><\/div><\/div><\/div><\/div>\t\t\t\t\t\t<\/div>\n\t\t\t\t<\/div>\n\t\t\t\t\t<\/div>\n\t\t<\/div>\n\t\t\t\t\t\t\t<\/div>\n\t\t<\/section>\n\t\t\t\t\t\t\t<\/div>\n\t\t","protected":false},"excerpt":{"rendered":"<p>Encuentre un profesional de la salud cerca de usted Los especialistas en fisionutrici\u00f3n son profesionales de la salud convencidos de que la prevenci\u00f3n es esencial y de que no tratamos los s\u00edntomas, sino a los pacientes en su conjunto y como personas. Todos nuestros especialistas reciben formaci\u00f3n peri\u00f3dica sobre los \u00faltimos avances cient\u00edficos. Para encontrar [&hellip;]<\/p>\n","protected":false},"author":1,"featured_media":0,"parent":0,"menu_order":0,"comment_status":"closed","ping_status":"closed","template":"","meta":{"footnotes":""},"_links":{"self":[{"href":"https:\/\/ii-2p.org\/es\/wp-json\/wp\/v2\/pages\/5289"}],"collection":[{"href":"https:\/\/ii-2p.org\/es\/wp-json\/wp\/v2\/pages"}],"about":[{"href":"https:\/\/ii-2p.org\/es\/wp-json\/wp\/v2\/types\/page"}],"author":[{"embeddable":true,"href":"https:\/\/ii-2p.org\/es\/wp-json\/wp\/v2\/users\/1"}],"replies":[{"embeddable":true,"href":"https:\/\/ii-2p.org\/es\/wp-json\/wp\/v2\/comments?post=5289"}],"version-history":[{"count":1,"href":"https:\/\/ii-2p.org\/es\/wp-json\/wp\/v2\/pages\/5289\/revisions"}],"predecessor-version":[{"id":5293,"href":"https:\/\/ii-2p.org\/es\/wp-json\/wp\/v2\/pages\/5289\/revisions\/5293"}],"wp:attachment":[{"href":"https:\/\/ii-2p.org\/es\/wp-json\/wp\/v2\/media?parent=5289"}],"curies":[{"name":"wp","href":"https:\/\/api.w.org\/{rel}","templated":true}]}}