{"id":5294,"date":"2021-12-20T15:41:10","date_gmt":"2021-12-20T15:41:10","guid":{"rendered":"https:\/\/ii-2p.org\/cuestionarios-cientificos\/"},"modified":"2023-06-12T14:43:56","modified_gmt":"2023-06-12T14:43:56","slug":"cuestionarios-cientificos","status":"publish","type":"page","link":"https:\/\/ii-2p.org\/es\/cuestionarios-cientificos\/","title":{"rendered":"Cuestionarios cient\u00edficos"},"content":{"rendered":"\t\t<div data-elementor-type=\"wp-page\" data-elementor-id=\"5294\" class=\"elementor elementor-5294 elementor-1028\" data-elementor-post-type=\"page\">\n\t\t\t\t\t\t\t\t\t<section class=\"elementor-section elementor-top-section elementor-element elementor-element-72954c0 elementor-section-boxed elementor-section-height-default elementor-section-height-default\" data-id=\"72954c0\" data-element_type=\"section\">\n\t\t\t\t\t\t<div class=\"elementor-container elementor-column-gap-default\">\n\t\t\t\t\t<div class=\"elementor-column elementor-col-100 elementor-top-column elementor-element elementor-element-37e1802\" data-id=\"37e1802\" data-element_type=\"column\">\n\t\t\t<div class=\"elementor-widget-wrap elementor-element-populated\">\n\t\t\t\t\t\t\t\t<div class=\"elementor-element elementor-element-457f0e0 elementor-widget elementor-widget-text-editor\" data-id=\"457f0e0\" data-element_type=\"widget\" data-widget_type=\"text-editor.default\">\n\t\t\t\t<div class=\"elementor-widget-container\">\n\t\t\t<style>\/*! elementor - v3.18.0 - 20-12-2023 *\/\n.elementor-widget-text-editor.elementor-drop-cap-view-stacked .elementor-drop-cap{background-color:#69727d;color:#fff}.elementor-widget-text-editor.elementor-drop-cap-view-framed .elementor-drop-cap{color:#69727d;border:3px solid;background-color:transparent}.elementor-widget-text-editor:not(.elementor-drop-cap-view-default) .elementor-drop-cap{margin-top:8px}.elementor-widget-text-editor:not(.elementor-drop-cap-view-default) .elementor-drop-cap-letter{width:1em;height:1em}.elementor-widget-text-editor .elementor-drop-cap{float:left;text-align:center;line-height:1;font-size:50px}.elementor-widget-text-editor .elementor-drop-cap-letter{display:inline-block}<\/style>\t\t\t\t<div class=\"vc_row wpb_row vc_row-fluid\" style=\"margin: 0px; padding: 0px; border: 0px; outline: 0px; font-size: 16px; font-family: Lato, sans-serif; vertical-align: baseline; color: #666666; background-color: #f8f8f8;\"><div class=\"wpb_column vc_column_container vc_col-sm-12\" style=\"margin: 0px; padding: 0px; border: 0px; outline: 0px; font-weight: inherit; font-style: inherit; font-family: inherit; vertical-align: baseline; width: 990px; position: relative; min-height: auto; float: left;\"><div class=\"wpb_wrapper\" style=\"margin: 0px; padding: 0px; border: 0px; outline: 0px; font-weight: inherit; font-style: inherit; font-family: inherit; vertical-align: baseline;\"><div class=\"dropcap\" style=\"margin: 0px; padding: 0px; border: 0px; outline: 0px; font-weight: inherit; font-style: inherit; font-size: 16px; font-family: inherit; vertical-align: baseline; line-height: 24px;\"><div class=\"dropcap_label\" style=\"margin: 0px 15px 0px 0px; padding: 7px 13px; border: 0px; outline: 0px; font-weight: inherit; font-style: inherit; font-family: inherit; vertical-align: baseline; float: left; background-color: #3156a3; text-align: center;\"><h3 style=\"margin-right: 0px; margin-bottom: 0px; margin-left: 0px; padding: 0px; color: #ffffff; font-size: 18px;\">Cuestionarios cient\u00edficos para un tratamiento a medida de sus necesidades<\/h3><\/div><\/div><div class=\"vc_empty_space\" style=\"margin: 0px; padding: 0px; border: 0px; outline: 0px; font-weight: inherit; font-style: inherit; font-family: inherit; vertical-align: baseline; height: 52px;\"> <\/div><\/div><\/div><\/div><div class=\"vc_row wpb_row vc_row-fluid\" style=\"margin: 0px; padding: 0px; border: 0px; outline: 0px; font-size: 16px; font-family: Lato, sans-serif; vertical-align: baseline; color: #666666; background-color: #f8f8f8;\"><div class=\"wpb_column vc_column_container vc_col-sm-12\" style=\"margin: 0px; padding: 0px; border: 0px; outline: 0px; font-weight: inherit; font-style: inherit; font-family: inherit; vertical-align: baseline; width: 990px; position: relative; min-height: auto; float: left;\"><div class=\"wpb_wrapper\" style=\"margin: 0px; padding: 0px; border: 0px; outline: 0px; font-weight: inherit; font-style: inherit; font-family: inherit; vertical-align: baseline;\"><div class=\"wpb_text_column wpb_content_element \" style=\"margin: 0px 0px 35px; padding: 0px; border: 0px; outline: 0px; font-weight: inherit; font-style: inherit; font-family: inherit; vertical-align: baseline;\"><div class=\"wpb_wrapper\" style=\"margin: 0px; padding: 0px; border: 0px; outline: 0px; font-weight: inherit; font-style: inherit; font-family: inherit; vertical-align: baseline;\"><p style=\"margin-right: 0px; margin-bottom: 0px; margin-left: 0px; padding: 1em 0px; border: 0px; outline: 0px; font-weight: inherit; font-style: inherit; font-family: inherit; vertical-align: baseline; line-height: 24px;\">Durante su consulta de Fisionutrici\u00f3n, su profesional sanitario puede pedirle que rellene cuestionarios en l\u00ednea.<\/p><p style=\"margin-right: 0px; margin-bottom: 0px; margin-left: 0px; padding: 1em 0px; border: 0px; outline: 0px; font-weight: inherit; font-style: inherit; font-family: inherit; vertical-align: baseline; line-height: 24px;\">Los textos que figuran a continuaci\u00f3n explican la finalidad de los cuestionarios.<\/p><p style=\"margin-right: 0px; margin-bottom: 0px; margin-left: 0px; padding: 1em 0px; border: 0px; outline: 0px; font-weight: inherit; font-style: inherit; font-family: inherit; vertical-align: baseline; line-height: 24px;\">Tenga en cuenta que para rellenar los cuestionarios es imprescindible que un profesional sanitario formado en Fisionutrici\u00f3n le facilite su nombre de usuario y contrase\u00f1a.<\/p><\/div><\/div><div class=\"vc_empty_space\" style=\"margin: 0px; padding: 0px; border: 0px; outline: 0px; font-weight: inherit; font-style: inherit; font-family: inherit; vertical-align: baseline; height: 52px;\"> <\/div><h3 class=\"box_header page_margin_top_section\" style=\"margin-right: 0px; margin-bottom: 0px; margin-left: 0px; padding: 0px; color: #000000; font-size: 18px;\">QUIDAM: QUestionnaire Individuel D&#8217;Apports en Macronutriments (Cuestionario individual de ingesta de macronutrientes)<\/h3><div class=\"wpb_text_column wpb_content_element \" style=\"margin: 0px 0px 35px; padding: 0px; border: 0px; outline: 0px; font-weight: inherit; font-style: inherit; font-family: inherit; vertical-align: baseline;\"><div class=\"wpb_wrapper\" style=\"margin: 0px; padding: 0px; border: 0px; outline: 0px; font-weight: inherit; font-style: inherit; font-family: inherit; vertical-align: baseline;\"><p style=\"margin-right: 0px; margin-bottom: 0px; margin-left: 0px; padding: 1em 0px; border: 0px; outline: 0px; font-weight: inherit; font-style: inherit; font-family: inherit; vertical-align: baseline; line-height: 24px;\">El QUIDAM utiliza 11 preguntas para evaluar r\u00e1pidamente sus h\u00e1bitos alimentarios. Tras su interpretaci\u00f3n, el profesional sanitario identificar\u00e1 los posibles errores diet\u00e9ticos y los corregir\u00e1<\/p><\/div><\/div><div class=\"vc_empty_space\" style=\"margin: 0px; padding: 0px; border: 0px; outline: 0px; font-weight: inherit; font-style: inherit; font-family: inherit; vertical-align: baseline; height: 52px;\"> <\/div><h3 class=\"box_header page_margin_top_section\" style=\"margin-right: 0px; margin-bottom: 0px; margin-left: 0px; padding: 0px; color: #000000; font-size: 18px;\">QUADO: QUestionnaire d&#8217;Analyse, de D\u00e9pistage et d&#8217;Orientation en Physionutrition (Cuestionario de an\u00e1lisis, detecci\u00f3n y orientaci\u00f3n en nutrici\u00f3n f\u00edsica)<\/h3><div class=\"wpb_text_column wpb_content_element \" style=\"margin: 0px 0px 35px; padding: 0px; border: 0px; outline: 0px; font-weight: inherit; font-style: inherit; font-family: inherit; vertical-align: baseline;\"><div class=\"wpb_wrapper\" style=\"margin: 0px; padding: 0px; border: 0px; outline: 0px; font-weight: inherit; font-style: inherit; font-family: inherit; vertical-align: baseline;\"><p style=\"margin-right: 0px; margin-bottom: 0px; margin-left: 0px; padding: 1em 0px; border: 0px; outline: 0px; font-weight: inherit; font-style: inherit; font-family: inherit; vertical-align: baseline; line-height: 24px;\">Aut\u00e9ntico chequeo de salud, el QUADO permite a su profesional de la salud identificar desequilibrios de micronutrientes en 8 equilibrios del organismo.<\/p><p style=\"margin-right: 0px; margin-bottom: 0px; margin-left: 0px; padding: 1em 0px; border: 0px; outline: 0px; font-weight: inherit; font-style: inherit; font-family: inherit; vertical-align: baseline; line-height: 24px;\">1) Equilibrio de la microbiota<br>2) Equilibrio de la permeabilidad intestinal<br>3) Equilibrio detox<br>4) Equilibrio oxidoinflamatorio<br>5) Equilibrio de \u00e1cidos grasos esenciales<br>6) Equilibrio \u00e1cido-base<br>7) \u00c9quilibre en neurom\u00e9diateurs<br style=\"margin-bottom: 0px;\">7) Equilibrio neuromediador<\/p><p style=\"margin-right: 0px; margin-bottom: 0px; margin-left: 0px; padding: 1em 0px; border: 0px; outline: 0px; font-weight: inherit; font-style: inherit; font-family: inherit; vertical-align: baseline; line-height: 24px;\">Mediante el an\u00e1lisis del QUADO, el profesional sanitario puede establecer un plan de tratamiento adaptado a sus necesidades para cada uno de estos equilibrios.<\/p><\/div><\/div><div class=\"vc_empty_space\" style=\"margin: 0px; padding: 0px; border: 0px; outline: 0px; font-weight: inherit; font-style: inherit; font-family: inherit; vertical-align: baseline; height: 52px;\"> <\/div><h3 class=\"box_header page_margin_top_section\" style=\"margin-right: 0px; margin-bottom: 0px; margin-left: 0px; padding: 0px; color: #000000; font-size: 18px;\">QUEEN: QUestionnaire d&#8217;\u00c9valuation ENdocrinologie (Cuestionario de evaluaci\u00f3n endocrinol\u00f3gica)<\/h3><div class=\"wpb_text_column wpb_content_element \" style=\"margin: 0px 0px 35px; padding: 0px; border: 0px; outline: 0px; font-weight: inherit; font-style: inherit; font-family: inherit; vertical-align: baseline;\"><div class=\"wpb_wrapper\" style=\"margin: 0px; padding: 0px; border: 0px; outline: 0px; font-weight: inherit; font-style: inherit; font-family: inherit; vertical-align: baseline;\"><p style=\"margin-right: 0px; margin-bottom: 0px; margin-left: 0px; padding: 1em 0px; border: 0px; outline: 0px; font-weight: inherit; font-style: inherit; font-family: inherit; vertical-align: baseline; line-height: 24px;\">Nuestras hormonas intervienen a lo largo de nuestra vida con fines funcionales. Son mensajeros qu\u00edmicos liberados en el torrente sangu\u00edneo que permiten cambios f\u00edsicos, fisiol\u00f3gicos y de comportamiento. Influyen en: el crecimiento, la sexualidad, la reproducci\u00f3n, el metabolismo, el desarrollo muscular, el estado de \u00e1nimo, el sue\u00f1o, el estado de alerta, etc.  <\/p><p style=\"margin-right: 0px; margin-bottom: 0px; margin-left: 0px; padding: 1em 0px; border: 0px; outline: 0px; font-weight: inherit; font-style: inherit; font-family: inherit; vertical-align: baseline; line-height: 24px;\">QUEEN es un cuestionario que examina sus s\u00edntomas y su historial m\u00e9dico en relaci\u00f3n con 11 hormonas: tiroides, insulina, melatonina, hormona del crecimiento, DHEA, cortisol, aldosterona, pregnenolona, testosterona, estr\u00f3genos y progesterona.<\/p><p style=\"margin-right: 0px; margin-bottom: 0px; margin-left: 0px; padding: 1em 0px; border: 0px; outline: 0px; font-weight: inherit; font-style: inherit; font-family: inherit; vertical-align: baseline; line-height: 24px;\">El cuestionario puede utilizarse para evaluar las distintas disfunciones endocrinas y permitir a su profesional sanitario actuar precozmente sobre los desequilibrios hormonales, incluso antes de que aparezcan las alteraciones biol\u00f3gicas.<\/p><\/div><\/div><div class=\"vc_empty_space\" style=\"margin: 0px; padding: 0px; border: 0px; outline: 0px; font-weight: inherit; font-style: inherit; font-family: inherit; vertical-align: baseline; height: 52px;\"> <\/div><h3 class=\"box_header page_margin_top_section\" style=\"margin-right: 0px; margin-bottom: 0px; margin-left: 0px; padding: 0px; color: #000000; font-size: 18px;\">NDA: Evaluaci\u00f3n del d\u00e9ficit neuromediador<\/h3><div class=\"wpb_text_column wpb_content_element \" style=\"margin: 0px 0px 35px; padding: 0px; border: 0px; outline: 0px; font-weight: inherit; font-style: inherit; font-family: inherit; vertical-align: baseline;\"><div class=\"wpb_wrapper\" style=\"margin: 0px; padding: 0px; border: 0px; outline: 0px; font-weight: inherit; font-style: inherit; font-family: inherit; vertical-align: baseline;\"><p style=\"margin-right: 0px; margin-bottom: 0px; margin-left: 0px; padding: 1em 0px; border: 0px; outline: 0px; font-weight: inherit; font-style: inherit; font-family: inherit; vertical-align: baseline; line-height: 24px;\">Numerosos estudios cient\u00edficos han demostrado que un d\u00e9ficit de neurotransmisores como la serotonina o la dopamina puede ser la causa de un fracaso durante una dieta, ya que provoca una p\u00e9rdida de confianza en uno mismo, una disminuci\u00f3n de la motivaci\u00f3n, una tendencia a comer compulsivamente, un estado negativo de depresi\u00f3n, una sensaci\u00f3n de no haber tenido \u00e9xito&#8230; Para prevenir el fracaso, el NDA permitir\u00e1 a su profesional sanitario determinar un posible desequilibrio en serotonina y\/o dopamina y establecer un protocolo terap\u00e9utico adecuado.<\/p><\/div><\/div><\/div><\/div><\/div>\t\t\t\t\t\t<\/div>\n\t\t\t\t<\/div>\n\t\t\t\t\t<\/div>\n\t\t<\/div>\n\t\t\t\t\t\t\t<\/div>\n\t\t<\/section>\n\t\t\t\t\t\t\t<\/div>\n\t\t","protected":false},"excerpt":{"rendered":"<p>Cuestionarios cient\u00edficos para un tratamiento a medida de sus necesidades Durante su consulta de Fisionutrici\u00f3n, su profesional sanitario puede pedirle que rellene cuestionarios en l\u00ednea. Los textos que figuran a continuaci\u00f3n explican la finalidad de los cuestionarios. Tenga en cuenta que para rellenar los cuestionarios es imprescindible que un profesional sanitario formado en Fisionutrici\u00f3n le [&hellip;]<\/p>\n","protected":false},"author":1,"featured_media":0,"parent":0,"menu_order":0,"comment_status":"closed","ping_status":"closed","template":"","meta":{"footnotes":""},"_links":{"self":[{"href":"https:\/\/ii-2p.org\/es\/wp-json\/wp\/v2\/pages\/5294"}],"collection":[{"href":"https:\/\/ii-2p.org\/es\/wp-json\/wp\/v2\/pages"}],"about":[{"href":"https:\/\/ii-2p.org\/es\/wp-json\/wp\/v2\/types\/page"}],"author":[{"embeddable":true,"href":"https:\/\/ii-2p.org\/es\/wp-json\/wp\/v2\/users\/1"}],"replies":[{"embeddable":true,"href":"https:\/\/ii-2p.org\/es\/wp-json\/wp\/v2\/comments?post=5294"}],"version-history":[{"count":1,"href":"https:\/\/ii-2p.org\/es\/wp-json\/wp\/v2\/pages\/5294\/revisions"}],"predecessor-version":[{"id":5298,"href":"https:\/\/ii-2p.org\/es\/wp-json\/wp\/v2\/pages\/5294\/revisions\/5298"}],"wp:attachment":[{"href":"https:\/\/ii-2p.org\/es\/wp-json\/wp\/v2\/media?parent=5294"}],"curies":[{"name":"wp","href":"https:\/\/api.w.org\/{rel}","templated":true}]}}