{"id":5299,"date":"2021-12-20T15:41:57","date_gmt":"2021-12-20T15:41:57","guid":{"rendered":"https:\/\/ii-2p.org\/acceso-a-la-zona-de-evaluacion\/"},"modified":"2023-06-12T14:46:43","modified_gmt":"2023-06-12T14:46:43","slug":"acceso-a-la-zona-de-evaluacion","status":"publish","type":"page","link":"https:\/\/ii-2p.org\/es\/acceso-a-la-zona-de-evaluacion\/","title":{"rendered":"Acceso a la zona de evaluaci\u00f3n"},"content":{"rendered":"\t\t<div data-elementor-type=\"wp-page\" data-elementor-id=\"5299\" class=\"elementor elementor-5299 elementor-1031\" data-elementor-post-type=\"page\">\n\t\t\t\t\t\t\t\t\t<section class=\"elementor-section elementor-top-section elementor-element elementor-element-36a1955 elementor-section-boxed elementor-section-height-default elementor-section-height-default\" data-id=\"36a1955\" data-element_type=\"section\">\n\t\t\t\t\t\t<div class=\"elementor-container elementor-column-gap-default\">\n\t\t\t\t\t<div class=\"elementor-column elementor-col-100 elementor-top-column elementor-element elementor-element-e0589e7\" data-id=\"e0589e7\" data-element_type=\"column\">\n\t\t\t<div class=\"elementor-widget-wrap elementor-element-populated\">\n\t\t\t\t\t\t\t\t<div class=\"elementor-element elementor-element-59b70f1 elementor-widget elementor-widget-text-editor\" data-id=\"59b70f1\" data-element_type=\"widget\" data-widget_type=\"text-editor.default\">\n\t\t\t\t<div class=\"elementor-widget-container\">\n\t\t\t<style>\/*! elementor - v3.18.0 - 20-12-2023 *\/\n.elementor-widget-text-editor.elementor-drop-cap-view-stacked .elementor-drop-cap{background-color:#69727d;color:#fff}.elementor-widget-text-editor.elementor-drop-cap-view-framed .elementor-drop-cap{color:#69727d;border:3px solid;background-color:transparent}.elementor-widget-text-editor:not(.elementor-drop-cap-view-default) .elementor-drop-cap{margin-top:8px}.elementor-widget-text-editor:not(.elementor-drop-cap-view-default) .elementor-drop-cap-letter{width:1em;height:1em}.elementor-widget-text-editor .elementor-drop-cap{float:left;text-align:center;line-height:1;font-size:50px}.elementor-widget-text-editor .elementor-drop-cap-letter{display:inline-block}<\/style>\t\t\t\t<p><span style=\"color: #666666; font-family: Lato, sans-serif; font-size: 16px;\">Si, durante su consulta de Fisionutrici\u00f3n, su profesional sanitario le ha pedido que rellene cuestionarios en l\u00ednea, para acceder a ellos s\u00f3lo tiene que hacer clic en el \u00e1rea de evaluaci\u00f3n situada en la parte superior derecha de la pantalla.<\/span><\/p><p style=\"margin-right: 0px; margin-bottom: 0px; margin-left: 0px; padding: 1em 0px; border: 0px; outline: 0px; font-size: 16px; font-family: Lato, sans-serif; vertical-align: baseline; color: #666666; line-height: 24px;\">Para empezar, se le pedir\u00e1 su nombre de usuario y contrase\u00f1a. Se los habr\u00e1 enviado su profesional sanitario.<\/p><p style=\"margin-right: 0px; margin-bottom: 0px; margin-left: 0px; padding: 1em 0px; border: 0px; outline: 0px; font-size: 16px; font-family: Lato, sans-serif; vertical-align: baseline; color: #666666; line-height: 24px;\">Sus resultados se enviar\u00e1n directamente a su profesional sanitario, que los analizar\u00e1 y le propondr\u00e1 un tratamiento adaptado a sus necesidades.<\/p><p style=\"margin-right: 0px; margin-bottom: 0px; margin-left: 0px; padding: 1em 0px; border: 0px; outline: 0px; font-size: 16px; font-family: Lato, sans-serif; vertical-align: baseline; color: #666666; line-height: 24px;\">Si tiene alg\u00fan problema t\u00e9cnico o alguna pregunta, p\u00f3ngase en contacto con nosotros<\/p><p style=\"margin-right: 0px; margin-bottom: 0px; margin-left: 0px; padding: 1em 0px; border: 0px; outline: 0px; font-size: 16px; font-family: Lato, sans-serif; vertical-align: baseline; color: #666666; line-height: 24px;\">&#8211; por correo electr\u00f3nico: <a href=\"mailto:info@ii-2p.org\">es.info@ii-2p.org<\/a><\/p><p style=\"margin-right: 0px; margin-bottom: 0px; margin-left: 0px; padding: 1em 0px; border: 0px; outline: 0px; font-size: 16px; font-family: Lato, sans-serif; vertical-align: baseline; color: #666666; line-height: 24px;\">&#8211; por tel\u00e9fono: +352 27 86 40 42. <\/p>\t\t\t\t\t\t<\/div>\n\t\t\t\t<\/div>\n\t\t\t\t\t<\/div>\n\t\t<\/div>\n\t\t\t\t\t\t\t<\/div>\n\t\t<\/section>\n\t\t\t\t\t\t\t<\/div>\n\t\t","protected":false},"excerpt":{"rendered":"<p>Si, durante su consulta de Fisionutrici\u00f3n, su profesional sanitario le ha pedido que rellene cuestionarios en l\u00ednea, para acceder a ellos s\u00f3lo tiene que hacer clic en el \u00e1rea de evaluaci\u00f3n situada en la parte superior derecha de la pantalla. Para empezar, se le pedir\u00e1 su nombre de usuario y contrase\u00f1a. Se los habr\u00e1 enviado [&hellip;]<\/p>\n","protected":false},"author":1,"featured_media":0,"parent":0,"menu_order":0,"comment_status":"closed","ping_status":"closed","template":"","meta":{"footnotes":""},"_links":{"self":[{"href":"https:\/\/ii-2p.org\/es\/wp-json\/wp\/v2\/pages\/5299"}],"collection":[{"href":"https:\/\/ii-2p.org\/es\/wp-json\/wp\/v2\/pages"}],"about":[{"href":"https:\/\/ii-2p.org\/es\/wp-json\/wp\/v2\/types\/page"}],"author":[{"embeddable":true,"href":"https:\/\/ii-2p.org\/es\/wp-json\/wp\/v2\/users\/1"}],"replies":[{"embeddable":true,"href":"https:\/\/ii-2p.org\/es\/wp-json\/wp\/v2\/comments?post=5299"}],"version-history":[{"count":1,"href":"https:\/\/ii-2p.org\/es\/wp-json\/wp\/v2\/pages\/5299\/revisions"}],"predecessor-version":[{"id":5303,"href":"https:\/\/ii-2p.org\/es\/wp-json\/wp\/v2\/pages\/5299\/revisions\/5303"}],"wp:attachment":[{"href":"https:\/\/ii-2p.org\/es\/wp-json\/wp\/v2\/media?parent=5299"}],"curies":[{"name":"wp","href":"https:\/\/api.w.org\/{rel}","templated":true}]}}