{"id":1673,"date":"2021-12-20T14:18:48","date_gmt":"2021-12-20T14:18:48","guid":{"rendered":"https:\/\/ii-2p.org\/le-t-i-p-p\/"},"modified":"2025-06-26T10:02:08","modified_gmt":"2025-06-26T10:02:08","slug":"li-i-2-p","status":"publish","type":"page","link":"https:\/\/ii-2p.org\/it\/li-i-2-p\/","title":{"rendered":"L&#8217;II2P"},"content":{"rendered":"\t\t<div data-elementor-type=\"wp-page\" data-elementor-id=\"1673\" class=\"elementor elementor-1673 elementor-894\" data-elementor-post-type=\"page\">\n\t\t\t\t\t\t\t\t\t<section class=\"elementor-section elementor-top-section elementor-element elementor-element-ef353e1 elementor-section-boxed elementor-section-height-default elementor-section-height-default\" data-id=\"ef353e1\" data-element_type=\"section\">\n\t\t\t\t\t\t<div class=\"elementor-container elementor-column-gap-default\">\n\t\t\t\t\t<div class=\"elementor-column elementor-col-100 elementor-top-column elementor-element elementor-element-761972f\" data-id=\"761972f\" data-element_type=\"column\">\n\t\t\t<div class=\"elementor-widget-wrap elementor-element-populated\">\n\t\t\t\t\t\t\t\t<div class=\"elementor-element elementor-element-c5660cb elementor-widget elementor-widget-text-editor\" data-id=\"c5660cb\" data-element_type=\"widget\" data-widget_type=\"text-editor.default\">\n\t\t\t\t<div class=\"elementor-widget-container\">\n\t\t\t<style>\/*! elementor - v3.18.0 - 20-12-2023 *\/\n.elementor-widget-text-editor.elementor-drop-cap-view-stacked .elementor-drop-cap{background-color:#69727d;color:#fff}.elementor-widget-text-editor.elementor-drop-cap-view-framed .elementor-drop-cap{color:#69727d;border:3px solid;background-color:transparent}.elementor-widget-text-editor:not(.elementor-drop-cap-view-default) .elementor-drop-cap{margin-top:8px}.elementor-widget-text-editor:not(.elementor-drop-cap-view-default) .elementor-drop-cap-letter{width:1em;height:1em}.elementor-widget-text-editor .elementor-drop-cap{float:left;text-align:center;line-height:1;font-size:50px}.elementor-widget-text-editor .elementor-drop-cap-letter{display:inline-block}<\/style>\t\t\t\t<div class=\"clearfix\">\n<div class=\"vc_row wpb_row vc_row-fluid\">\n<div class=\"wpb_column vc_column_container vc_col-sm-12\">\n<div class=\"wpb_wrapper\">&nbsp;<\/div>\n<\/div>\n<\/div>\n<div class=\"vc_row wpb_row vc_row-fluid\">\n<div class=\"wpb_column vc_column_container vc_col-sm-12\">\n<div class=\"wpb_wrapper\">\n<div class=\"vc_empty_space\" style=\"height: 32px;\">&nbsp;<\/div>\n<h1 class=\"box_header\"><strong>L&#8217;International Institute of Physionutrition and Phytotherapy<\/strong><\/h1>\n<div class=\"wpb_text_column wpb_content_element \">\n<div class=\"wpb_wrapper\">\n<p>L\u2019II2P, una societ\u00e0 di formazione con sede nel Granducato di Lussemburgo, \u00e8 stata creata su iniziativa di medici di base, nutrizionisti e professori universitari per formare i professionisti della salute in Fisionutrizione e Fitoterapia.<\/p>\n<p>Da allora, il nostro lavoro si \u00e8 concentrato su 2 obiettivi essenziali :<\/p>\n<\/div>\n<\/div>\n<ul class=\"items_list clearfix\">\n<li style=\"list-style-type: none;\">\n<ul class=\"simple_list clearfix\">\n<li class=\"icon_small_arrow tick clearfix\">Formare gli operatori sanitari sulle basi e sui fondamenti della Fisionutrizione e della Fitoterapia attraverso un ciclo formativo di 21 moduli e istituire corsi di formazione tematici specializzati nell&#8217;assistenza personalizzata dei pazienti.<\/li>\n<li class=\"icon_small_arrow tick clearfix\">Sviluppare questionari di orientamento diagnostico validati per supportare gli operatori sanitari nella gestione dei loro pazienti.<\/li>\n<\/ul>\n<\/li>\n<\/ul>\n<h3 class=\"box_header page_margin_top\"><strong>A. La formazione scientifica continua<\/strong><\/h3>\n<div class=\"wpb_text_column wpb_content_element \">\n<div class=\"wpb_wrapper\">\n<p>Questo \u00e8 l&#8217;obiettivo prioritario dell&#8217;II2P, e per questo abbiamo deciso, per interesse didattico, di istituire corsi adatti alle esigenze quotidiane dei professionisti della salute, favorendo lo scambio e la condivisione di esperienze. Naturalmente, diamo priorit\u00e0 alla qualit\u00e0 dei relatori, che \u00e8 la base di ogni insegnamento di qualit\u00e0.&nbsp;<\/p>\n<\/div>\n<\/div>\n<p><strong> Sc<a href=\"https:\/\/ii-2p.org\/wp-content\/uploads\/2025\/06\/Brochure_eventi_II2P_web.pdf\">arica la brochure con i corsi di formazione scientifica 2025-2026<\/a><\/strong><\/p>\n<p>L&#8217;II2P offre un ciclo di formazione in Fisionutrizione e Fitoterapia orientati alla pratica e basati sulla conoscenza della Nutrizione, degli 8 equilibri fondamentali della Micronutrizione (microbiota, permeabilit\u00e0, detox, ossido-infiammatorio, acidi grassi, acido-base, neuromediatori, mitocondriale) nonch\u00e9 sull&#8217;apprendimento di questionari di orientamento diagnostico:<\/p>\n<ul>\n<li>Il <strong>QUIDAM <\/strong>: <strong>QU<\/strong>estionnaire <strong>I<\/strong>ndividuel <strong>D<\/strong>\u2019<strong>A<\/strong>pport <strong>M<\/strong>acronutrionnels (Questionario Individuale di Apporto di Macronutrienti), consente di valutare le abitudini alimentari dei pazienti e di correggere eventuali errori nutrizionali.<\/li>\n<li>Il <strong>QUADO :<\/strong> <strong>QU<\/strong>estionnaire d\u2019<strong>A<\/strong>nalyse de <strong>D<\/strong>\u00e9pistage et d\u2019<strong>O<\/strong>rientation (Questionario di Analisi, di Determinazione e Orientamento), studia la storia personale, lo stile di vita, le terapie in corso e numerosi segni funzionali per identificare gli squilibri micronutrizionali e impostare un piano di gestione equilibrato.<\/li>\n<li>Oltre al QUADO, proponiamo anche il <strong>VDN<\/strong> (<strong>V<\/strong>alutazione dei&nbsp;<strong>D<\/strong>eficit in&nbsp;<strong>N<\/strong>euromediatori). Il VDN consente di determinare un eventuale squilibrio della serotonina e\/o della dopamina e di impostare un protocollo terapeutico adeguato.<\/li>\n<\/ul>\n<p>Verranno presentati protocolli precisi che possono essere applicati immediatamente. Successivamente, vi aiuteremo anche a capire come integrare questi protocolli nelle vostre abitudini di prescrizione.<\/p>\n<p><strong>I seminari<\/strong> :<\/p>\n<p>Ogni anno organizziamo una decina di seminari della durata compresa tra i 3 e i 10 giorni durante i quali, ogni giorno, affrontiamo argomenti pratici attraverso casi clinici che portano alla presentazione della gestione preventiva o terapeutica delle varie patologie pi\u00f9 comuni.<\/p>\n<h3 class=\"box_header page_margin_top_section\"><strong>B. Sviluppo di questionari di orientamento diagnostico convalidati per gli operatori sanitari<\/strong><\/h3>\n<div class=\"wpb_text_column wpb_content_element \">\n<div class=\"wpb_wrapper\">\n<p>I questionari di orientamento diagnostico QUIDAM, QUADO e VDN, creati dai vari comitati scientifici, consentono una gestione completa e ottimale dei pazienti. Questi questionari si concentrano sull&#8217;aspetto funzionale a tutti i livelli, invece di concentrarsi su un singolo trattamento per una singola diagnosi. Utilizzano l&#8217;anamnesi del paziente come strumento primario per integrare diagnosi, segni e sintomi, evidenziando cos\u00ec gli squilibri clinici in un approccio globale.<\/p>\n<p>Esiste un questionario per ciascuno dei 3 ambiti della Fisionutrizione: Nutrizione, Micronutrizione ed Endocrinologia, che raggruppano 10 equilibri.<\/p>\n<\/div>\n<\/div>\n<div class=\"wpb_text_column wpb_content_element \">\n<div class=\"wpb_wrapper\">\n<table class=\"margin-top-30\">\n<tbody>\n<tr>\n<td>&nbsp;<\/td>\n<td><strong>Equilibrio<\/strong><\/td>\n<td><strong>Ambito<\/strong><\/td>\n<td><strong>Questionario<\/strong><\/td>\n<\/tr>\n<tr>\n<td>1<\/td>\n<td><strong>E<\/strong>quilibrio alimentare<\/td>\n<td>Nutrizione<\/td>\n<td>QUIDAM<\/td>\n<\/tr>\n<tr>\n<td>2<\/td>\n<td><strong>E<\/strong>quilibrio del microbiota<\/td>\n<td>Micronutrizione<\/td>\n<td>QUADO<\/td>\n<\/tr>\n<tr>\n<td>3<\/td>\n<td><strong>E<\/strong>quilibrio della permeabilit\u00e0 intestinale<\/td>\n<td>Micronutrizione<\/td>\n<td>QUADO<\/td>\n<\/tr>\n<tr>\n<td>4<\/td>\n<td><strong>E<\/strong>quilibrio detox<\/td>\n<td>Micronutrizione<\/td>\n<td>QUADO<\/td>\n<\/tr>\n<tr>\n<td>5<\/td>\n<td><strong>E<\/strong>quilibrio ossidativo-infiammatorio<\/td>\n<td>Micronutrizione<\/td>\n<td>QUADO<\/td>\n<\/tr>\n<tr>\n<td>6<\/td>\n<td><strong>E<\/strong>quilibrio degli acidi grassi essenziali<\/td>\n<td>Micronutrizione<\/td>\n<td>QUADO<\/td>\n<\/tr>\n<tr>\n<td>7<\/td>\n<td><strong>E<\/strong>quilibrio acido-basico<\/td>\n<td>Micronutrizione<\/td>\n<td>QUADO<\/td>\n<\/tr>\n<tr>\n<td>8<\/td>\n<td><strong>E<\/strong>quilibrio dei neuromediatori<\/td>\n<td>Micronutrizione<\/td>\n<td>QUADO\/VDN<\/td>\n<\/tr>\n<tr>\n<td>9<\/td>\n<td><strong>E<\/strong>quilibrio mitocondriale<\/td>\n<td>Micronutrizione<\/td>\n<td>QUADO<\/td>\n<\/tr>\n<tr>\n<td>10<\/td>\n<td><strong>E<\/strong>quilibrio metabolico e ormonale<\/td>\n<td>Endocrinologia<\/td>\n<td>&nbsp;<\/td>\n<\/tr>\n<\/tbody>\n<\/table>\n<\/div>\n<\/div>\n<h3 class=\"box_header page_margin_top_section\">Il QUIDAM<\/h3>\n<div class=\"wpb_text_column wpb_content_element \">\n<div class=\"wpb_wrapper\">\n<p>Il QUIDAM (<strong>QU<\/strong>estionnaire <strong>I<\/strong>ndividuel <strong>D<\/strong>\u2019<strong>A<\/strong>pports en <strong>M<\/strong>acronutriments) \u00e8 uno strumento semplice e veloce che consente di valutare la natura e la frequenza di consumo di diversi tipi di alimenti: frutta, verdura, alimenti integrali, carni e pesci grassi, latticini, tipi di olio e acqua consumati dai pazienti.<\/p>\n<\/div>\n<\/div>\n<h3 class=\"box_header page_margin_top_section\">Il QUADO<\/h3>\n<div class=\"wpb_text_column wpb_content_element \">\n<div class=\"wpb_wrapper\">\n<p>Il <strong>QU<\/strong>estionnaire d\u2019<strong>A<\/strong>nalyse, de <strong>D<\/strong>\u00e9pistage et d\u2019<strong>O<\/strong>rientation en Physionutrition (QUADO) studia la storia personale, lo stile di vita, i trattamenti in corso e i numerosi segni funzionali (irritativi, cutanei, digestivi, neuro-sensoriali, immunitari&#8230;) dei pazienti.<\/p>\n<\/div>\n<\/div>\n<h3 class=\"box_header page_margin_top_section\">Il VDN<\/h3>\n<div class=\"wpb_text_column wpb_content_element \">\n<div class=\"wpb_wrapper\">\n<p>Il VDN (<strong>V<\/strong>alutazione dei <strong>D<\/strong>eficit in <strong>N<\/strong>euromediatori) \u00e8 un questionario per valutare la carenza di neurotrasmettitori. Il VDN consente di determinare un eventuale squilibrio della serotonina e\/o della dopamina e di impostare un protocollo terapeutico adeguato.<\/p>\n<\/div>\n<\/div>\n<h3 class=\"box_header page_margin_top_section\">Area Professionisti<\/h3>\n<div class=\"wpb_text_column wpb_content_element \">\n<div class=\"wpb_wrapper\">\n<p>La nostra area professionisti consente di accedere rapidamente ai questionari. La nostra piattaforma educativa ed ergonomica consente di monitorare ogni paziente nel tempo. Poich\u00e9 ogni questionario pu\u00f2 essere compilato pi\u00f9 volte, \u00e8 possibile confrontare i risultati e analizzarne l&#8217;evoluzione per adattare, se necessario, il trattamento iniziale.<\/p>\n<p>Per poter accedere al suo spazio professionale ci contatti scrivendo una e-mail a <a href=\"mailto:segreteria@ii-2p.org\">segreteria@ii-2p.org<\/a><\/p>\n<\/div>\n<\/div>\n<\/div>\n<\/div>\n<\/div>\n<\/div>\t\t\t\t\t\t<\/div>\n\t\t\t\t<\/div>\n\t\t\t\t\t<\/div>\n\t\t<\/div>\n\t\t\t\t\t\t\t<\/div>\n\t\t<\/section>\n\t\t\t\t\t\t\t<\/div>\n\t\t","protected":false},"excerpt":{"rendered":"<p>&nbsp; &nbsp; L&#8217;International Institute of Physionutrition and Phytotherapy L\u2019II2P, una societ\u00e0 di formazione con sede nel Granducato di Lussemburgo, \u00e8 stata creata su iniziativa di medici di base, nutrizionisti e professori universitari per formare i professionisti della salute in Fisionutrizione e Fitoterapia. Da allora, il nostro lavoro si \u00e8 concentrato su 2 obiettivi essenziali : [&hellip;]<\/p>\n","protected":false},"author":1,"featured_media":0,"parent":0,"menu_order":0,"comment_status":"closed","ping_status":"closed","template":"","meta":{"footnotes":""},"_links":{"self":[{"href":"https:\/\/ii-2p.org\/it\/wp-json\/wp\/v2\/pages\/1673"}],"collection":[{"href":"https:\/\/ii-2p.org\/it\/wp-json\/wp\/v2\/pages"}],"about":[{"href":"https:\/\/ii-2p.org\/it\/wp-json\/wp\/v2\/types\/page"}],"author":[{"embeddable":true,"href":"https:\/\/ii-2p.org\/it\/wp-json\/wp\/v2\/users\/1"}],"replies":[{"embeddable":true,"href":"https:\/\/ii-2p.org\/it\/wp-json\/wp\/v2\/comments?post=1673"}],"version-history":[{"count":68,"href":"https:\/\/ii-2p.org\/it\/wp-json\/wp\/v2\/pages\/1673\/revisions"}],"predecessor-version":[{"id":5560,"href":"https:\/\/ii-2p.org\/it\/wp-json\/wp\/v2\/pages\/1673\/revisions\/5560"}],"wp:attachment":[{"href":"https:\/\/ii-2p.org\/it\/wp-json\/wp\/v2\/media?parent=1673"}],"curies":[{"name":"wp","href":"https:\/\/api.w.org\/{rel}","templated":true}]}}