{"id":1700,"date":"2021-12-20T14:21:58","date_gmt":"2021-12-20T14:21:58","guid":{"rendered":"https:\/\/ii-2p.org\/il-comitato-scientifico\/"},"modified":"2022-09-27T09:49:40","modified_gmt":"2022-09-27T09:49:40","slug":"il-comitato-scientifico","status":"publish","type":"page","link":"https:\/\/ii-2p.org\/it\/il-comitato-scientifico\/","title":{"rendered":"Il Comitato scientifico"},"content":{"rendered":"\t\t<div data-elementor-type=\"wp-page\" data-elementor-id=\"1700\" class=\"elementor elementor-1700 elementor-912\" data-elementor-post-type=\"page\">\n\t\t\t\t\t\t\t\t\t<section class=\"elementor-section elementor-top-section elementor-element elementor-element-65341c0 elementor-section-boxed elementor-section-height-default elementor-section-height-default\" data-id=\"65341c0\" data-element_type=\"section\">\n\t\t\t\t\t\t<div class=\"elementor-container elementor-column-gap-default\">\n\t\t\t\t\t<div class=\"elementor-column elementor-col-100 elementor-top-column elementor-element elementor-element-f080607\" data-id=\"f080607\" data-element_type=\"column\">\n\t\t\t<div class=\"elementor-widget-wrap elementor-element-populated\">\n\t\t\t\t\t\t\t\t<div class=\"elementor-element elementor-element-4967d1b elementor-widget elementor-widget-text-editor\" data-id=\"4967d1b\" data-element_type=\"widget\" data-widget_type=\"text-editor.default\">\n\t\t\t\t<div class=\"elementor-widget-container\">\n\t\t\t<style>\/*! elementor - v3.18.0 - 20-12-2023 *\/\n.elementor-widget-text-editor.elementor-drop-cap-view-stacked .elementor-drop-cap{background-color:#69727d;color:#fff}.elementor-widget-text-editor.elementor-drop-cap-view-framed .elementor-drop-cap{color:#69727d;border:3px solid;background-color:transparent}.elementor-widget-text-editor:not(.elementor-drop-cap-view-default) .elementor-drop-cap{margin-top:8px}.elementor-widget-text-editor:not(.elementor-drop-cap-view-default) .elementor-drop-cap-letter{width:1em;height:1em}.elementor-widget-text-editor .elementor-drop-cap{float:left;text-align:center;line-height:1;font-size:50px}.elementor-widget-text-editor .elementor-drop-cap-letter{display:inline-block}<\/style>\t\t\t\t<div class=\"vc_row wpb_row vc_row-fluid\" style=\"margin: 0px; padding: 0px; border: 0px; outline: 0px; font-size: 16px; font-family: Lato, sans-serif; vertical-align: baseline; color: #666666; background-color: #f8f8f8;\"><div class=\"wpb_column vc_column_container vc_col-sm-12\" style=\"margin: 0px; padding: 0px; border: 0px; outline: 0px; font-weight: inherit; font-style: inherit; font-family: inherit; vertical-align: baseline; width: 990px; position: relative; min-height: auto; float: left;\"><div class=\"wpb_wrapper\" style=\"margin: 0px; padding: 0px; border: 0px; outline: 0px; font-weight: inherit; font-style: inherit; font-family: inherit; vertical-align: baseline;\"><ul><li><img fetchpriority=\"high\" decoding=\"async\" class=\"\" style=\"margin: 0px; padding: 0px; border-width: 0px; border-style: initial; outline: 0px; font-weight: inherit; font-style: inherit; font-family: inherit; vertical-align: baseline;\" src=\"https:\/\/ii-2p.org\/wp-content\/uploads\/2013\/04\/AMR.jpg\" width=\"296\" height=\"356\" \/><\/li><\/ul><p style=\"margin-right: 0px; margin-bottom: 0px; margin-left: 0px; padding: 1em 0px; border: 0px; outline: 0px; font-weight: inherit; font-style: inherit; font-family: inherit; vertical-align: baseline; line-height: 24px;\"><strong style=\"color: #000000;\">Pr. Anne-Marie ROUSSEL<br \/><\/strong><\/p><ul><li style=\"line-height: 22px !important;\">\u2022 Farmacista, dottore in Farmacia, dottore in Scienze<\/li><li style=\"line-height: 22px !important;\">\u2022 Professore emerito dell\u2019Universit\u00e0 Grenoble Alpes<\/li><li style=\"line-height: 22px !important;\">\u2022 Disciplina Biochimica generale, metabolica e nutrizionale Universit\u00e0 Grenoble Alpes<\/li><li style=\"line-height: 22px !important;\">\u2022 Presidente del comitato scientifico dell&#8217;Istituto Europeo di Fisionutrizione e Fitoterapia (I.E.P.P)<\/li><li style=\"line-height: 22px !important;\">\u2022 Membro dell&#8217;\u00e9quipe pedagogica del D.U. di Fisionutrizione Clinica e Biologica<\/li><li style=\"line-height: 22px !important;\">\u2022 Membro dell&#8217;\u00e9quipe pedagogica della D.U. di Salute, Dietetica e Fisionutrizione<\/li><\/ul><p style=\"margin-right: 0px; margin-bottom: 0px; margin-left: 0px; padding: 1em 0px; border: 0px; outline: 0px; font-weight: inherit; font-style: inherit; font-family: inherit; vertical-align: baseline; line-height: 24px;\">\u00a0<\/p><\/div><\/div><\/div><div class=\"vc_row wpb_row vc_row-fluid\" style=\"margin: 0px; padding: 0px; border: 0px; outline: 0px; font-size: 16px; font-family: Lato, sans-serif; vertical-align: baseline; color: #666666; background-color: #f8f8f8;\"><div class=\"wpb_column vc_column_container vc_col-sm-12\" style=\"margin: 0px; padding: 0px; border: 0px; outline: 0px; font-weight: inherit; font-style: inherit; font-family: inherit; vertical-align: baseline; width: 990px; position: relative; min-height: auto; float: left;\"><div class=\"wpb_wrapper\" style=\"margin: 0px; padding: 0px; border: 0px; outline: 0px; font-weight: inherit; font-style: inherit; font-family: inherit; vertical-align: baseline;\"><div class=\"vc_empty_space\" style=\"margin: 0px; padding: 0px; border: 0px; outline: 0px; font-weight: inherit; font-style: inherit; font-family: inherit; vertical-align: baseline; height: 52px;\">\u00a0<\/div><p style=\"margin-right: 0px; margin-bottom: 0px; margin-left: 0px; padding: 1em 0px; border: 0px; outline: 0px; font-weight: inherit; font-style: inherit; font-family: inherit; vertical-align: baseline; line-height: 24px;\"><strong style=\"color: #000000;\"><img decoding=\"async\" class=\"\" style=\"margin: 0px; padding: 0px; border-width: 0px; border-style: initial; outline: 0px; font-weight: inherit; font-style: inherit; font-family: inherit; vertical-align: baseline;\" src=\"https:\/\/ii-2p.org\/wp-content\/uploads\/2017\/12\/bassier.jpg\" width=\"303\" height=\"303\" \/><\/strong><\/p><p style=\"margin-right: 0px; margin-bottom: 0px; margin-left: 0px; padding: 1em 0px; border: 0px; outline: 0px; font-weight: inherit; font-style: inherit; font-family: inherit; vertical-align: baseline; line-height: 24px;\"><strong style=\"color: #000000;\">Dr. Jacques BASSIER<br \/><\/strong><\/p><ul><li style=\"line-height: 22px !important;\">\u2022 Dottore in Medicina e Chirurgia, laureato presso la Facolt\u00e0 di Marsiglia<\/li><li style=\"line-height: 22px !important;\">\u2022 Medico nutrizionista<\/li><li style=\"line-height: 22px !important;\">\u2022 Medicina dello sport<\/li><li style=\"line-height: 22px !important;\">\u2022 Terapia comportamentale e cognitiva<\/li><li style=\"line-height: 22px !important;\">\u2022 Membro dell&#8217;Istituto Europeo di Fisionutrizione e Fitoterapia (I.E.P.P)<\/li><li style=\"line-height: 22px !important;\">\u2022 Membro dell&#8217;\u00e9quipe pedagogica del D.U. di Fisionutrizione Clinica e Biologica<\/li><li style=\"line-height: 22px !important;\">\u2022 Membro dell&#8217;\u00e9quipe pedagogica del D.U. di Salute, Dietetica e Fisionutrizione<\/li><\/ul><p style=\"margin-right: 0px; margin-bottom: 0px; margin-left: 0px; padding: 1em 0px; border: 0px; outline: 0px; font-weight: inherit; font-style: inherit; font-family: inherit; vertical-align: baseline; line-height: 24px;\">\u00a0<\/p><\/div><\/div><\/div><div class=\"vc_row wpb_row vc_row-fluid\" style=\"margin: 0px; padding: 0px; border: 0px; outline: 0px; font-size: 16px; font-family: Lato, sans-serif; vertical-align: baseline; color: #666666; background-color: #f8f8f8;\"><div class=\"wpb_column vc_column_container vc_col-sm-12\" style=\"margin: 0px; padding: 0px; border: 0px; outline: 0px; font-weight: inherit; font-style: inherit; font-family: inherit; vertical-align: baseline; width: 990px; position: relative; min-height: auto; float: left;\"><div class=\"wpb_wrapper\" style=\"margin: 0px; padding: 0px; border: 0px; outline: 0px; font-weight: inherit; font-style: inherit; font-family: inherit; vertical-align: baseline;\"><p><img decoding=\"async\" class=\"alignnone size-medium wp-image-4383\" src=\"https:\/\/ii-2p.org\/wp-content\/uploads\/2021\/12\/Le-goff-jean-yves-2-249x300.jpg\" alt=\"\" width=\"249\" height=\"300\" srcset=\"https:\/\/ii-2p.org\/wp-content\/uploads\/2021\/12\/Le-goff-jean-yves-2-249x300.jpg 249w, https:\/\/ii-2p.org\/wp-content\/uploads\/2021\/12\/Le-goff-jean-yves-2.jpg 591w\" sizes=\"(max-width: 249px) 100vw, 249px\" \/><\/p><p style=\"margin-right: 0px; margin-bottom: 0px; margin-left: 0px; padding: 1em 0px; border: 0px; outline: 0px; font-weight: inherit; font-style: inherit; font-family: inherit; vertical-align: baseline; line-height: 24px;\"><strong style=\"color: #000000;\">Dr. Jean-Yves LE GOFF<br \/><\/strong><\/p><ul><li style=\"line-height: 22px !important;\">\u2022 Dottore in Medicina Generale, laureato presso la Facolt\u00e0 di Rennes<\/li><li style=\"line-height: 22px !important;\">\u2022 D.U. Malattie della Nutrizione &#8211; Ospedale Universitario di Rennes, D.U. Fisionutrizione clinica e biologica &#8211; Universit\u00e0 di Grenoble Alpes &#8211; Facolt\u00e0 di Farmacia, Docente consulente in diabetologia, obesit\u00e0 e nutrizione<\/li><li style=\"line-height: 22px !important;\">\u2022 Membro dell&#8217;Istituto Europeo di Fisionutrizione e Fitoterapia (IEPP)<\/li><\/ul><div>\u00a0<\/div><div>\u00a0<\/div><div>\u00a0<\/div><div>\u00a0<\/div><div><img loading=\"lazy\" decoding=\"async\" class=\"size-medium wp-image-3080 aligncenter\" src=\"https:\/\/ii-2p.org\/wp-content\/uploads\/2022\/08\/MicrosoftTeams-image-300x235.png\" alt=\"\" width=\"300\" height=\"235\" \/><\/div><div>\u00a0<\/div><div><strong>Dr. J\u00e9r\u00f4me MILOVANOFF<\/strong><\/div><div>\u00a0<\/div><div><ul><li>\u2022 Dottore in Medicina, laureato presso la Facolt\u00e0 di Montpellier<\/li><li>\u2022 D.U. Dietetica Medica<\/li><li>\u2022 Membro dell&#8217;Istituto Europeo di Fisionutrizione e Fitoterapia (IEPP)<\/li><\/ul><\/div><\/div><\/div><\/div>\t\t\t\t\t\t<\/div>\n\t\t\t\t<\/div>\n\t\t\t\t\t<\/div>\n\t\t<\/div>\n\t\t\t\t\t\t\t<\/div>\n\t\t<\/section>\n\t\t\t\t<section class=\"elementor-section elementor-top-section elementor-element elementor-element-6fafb7a elementor-section-boxed elementor-section-height-default elementor-section-height-default\" data-id=\"6fafb7a\" data-element_type=\"section\">\n\t\t\t\t\t\t<div class=\"elementor-container elementor-column-gap-default\">\n\t\t\t\t\t<div class=\"elementor-column elementor-col-100 elementor-top-column elementor-element elementor-element-6618648\" data-id=\"6618648\" data-element_type=\"column\">\n\t\t\t<div class=\"elementor-widget-wrap elementor-element-populated\">\n\t\t\t\t\t\t\t\t<div class=\"elementor-element elementor-element-0c68485 elementor-widget elementor-widget-html\" data-id=\"0c68485\" data-element_type=\"widget\" data-widget_type=\"html.default\">\n\t\t\t\t<div class=\"elementor-widget-container\">\n\t\t\t<style>li {\nlist-style-type: none;\n}<\/style>\t\t<\/div>\n\t\t\t\t<\/div>\n\t\t\t\t\t<\/div>\n\t\t<\/div>\n\t\t\t\t\t\t\t<\/div>\n\t\t<\/section>\n\t\t\t\t\t\t\t<\/div>\n\t\t","protected":false},"excerpt":{"rendered":"<p>Pr. Anne-Marie ROUSSEL \u2022 Farmacista, dottore in Farmacia, dottore in Scienze \u2022 Professore emerito dell\u2019Universit\u00e0 Grenoble Alpes \u2022 Disciplina Biochimica generale, metabolica e nutrizionale Universit\u00e0 Grenoble Alpes \u2022 Presidente del comitato scientifico dell&#8217;Istituto Europeo di Fisionutrizione e Fitoterapia (I.E.P.P) \u2022 Membro dell&#8217;\u00e9quipe pedagogica del D.U. di Fisionutrizione Clinica e Biologica \u2022 Membro dell&#8217;\u00e9quipe pedagogica della [&hellip;]<\/p>\n","protected":false},"author":1,"featured_media":0,"parent":0,"menu_order":0,"comment_status":"closed","ping_status":"closed","template":"","meta":{"footnotes":""},"_links":{"self":[{"href":"https:\/\/ii-2p.org\/it\/wp-json\/wp\/v2\/pages\/1700"}],"collection":[{"href":"https:\/\/ii-2p.org\/it\/wp-json\/wp\/v2\/pages"}],"about":[{"href":"https:\/\/ii-2p.org\/it\/wp-json\/wp\/v2\/types\/page"}],"author":[{"embeddable":true,"href":"https:\/\/ii-2p.org\/it\/wp-json\/wp\/v2\/users\/1"}],"replies":[{"embeddable":true,"href":"https:\/\/ii-2p.org\/it\/wp-json\/wp\/v2\/comments?post=1700"}],"version-history":[{"count":25,"href":"https:\/\/ii-2p.org\/it\/wp-json\/wp\/v2\/pages\/1700\/revisions"}],"predecessor-version":[{"id":4403,"href":"https:\/\/ii-2p.org\/it\/wp-json\/wp\/v2\/pages\/1700\/revisions\/4403"}],"wp:attachment":[{"href":"https:\/\/ii-2p.org\/it\/wp-json\/wp\/v2\/media?parent=1700"}],"curies":[{"name":"wp","href":"https:\/\/api.w.org\/{rel}","templated":true}]}}