{"id":1708,"date":"2021-12-20T15:38:24","date_gmt":"2021-12-20T15:38:24","guid":{"rendered":"https:\/\/ii-2p.org\/la-visita-in-fisionutrizione\/"},"modified":"2025-03-20T14:55:26","modified_gmt":"2025-03-20T14:55:26","slug":"la-visita-in-fisionutrizione","status":"publish","type":"page","link":"https:\/\/ii-2p.org\/it\/la-visita-in-fisionutrizione\/","title":{"rendered":"La visita in Fisionutrizione"},"content":{"rendered":"\t\t<div data-elementor-type=\"wp-page\" data-elementor-id=\"1708\" class=\"elementor elementor-1708 elementor-1030\" data-elementor-post-type=\"page\">\n\t\t\t\t\t\t\t\t\t<section class=\"elementor-section elementor-top-section elementor-element elementor-element-16aa8d7 elementor-section-boxed elementor-section-height-default elementor-section-height-default\" data-id=\"16aa8d7\" data-element_type=\"section\">\n\t\t\t\t\t\t<div class=\"elementor-container elementor-column-gap-default\">\n\t\t\t\t\t<div class=\"elementor-column elementor-col-100 elementor-top-column elementor-element elementor-element-40e0824\" data-id=\"40e0824\" data-element_type=\"column\">\n\t\t\t<div class=\"elementor-widget-wrap elementor-element-populated\">\n\t\t\t\t\t\t\t\t<div class=\"elementor-element elementor-element-7b9d625 elementor-widget elementor-widget-text-editor\" data-id=\"7b9d625\" data-element_type=\"widget\" data-widget_type=\"text-editor.default\">\n\t\t\t\t<div class=\"elementor-widget-container\">\n\t\t\t<style>\/*! elementor - v3.18.0 - 20-12-2023 *\/\n.elementor-widget-text-editor.elementor-drop-cap-view-stacked .elementor-drop-cap{background-color:#69727d;color:#fff}.elementor-widget-text-editor.elementor-drop-cap-view-framed .elementor-drop-cap{color:#69727d;border:3px solid;background-color:transparent}.elementor-widget-text-editor:not(.elementor-drop-cap-view-default) .elementor-drop-cap{margin-top:8px}.elementor-widget-text-editor:not(.elementor-drop-cap-view-default) .elementor-drop-cap-letter{width:1em;height:1em}.elementor-widget-text-editor .elementor-drop-cap{float:left;text-align:center;line-height:1;font-size:50px}.elementor-widget-text-editor .elementor-drop-cap-letter{display:inline-block}<\/style>\t\t\t\t<h3 style=\"margin-right: 0px; margin-bottom: 0px; margin-left: 0px; padding: 0px; color: #000000; font-size: 18px;\"><span style=\"color: rgb(0, 0, 0);\">&nbsp;<\/span><br><\/h3>\n<h3 style=\"margin-right: 0px; margin-bottom: 0px; margin-left: 0px; padding: 0px; color: #000000; font-size: 18px;\"><span style=\"font-family: inherit; font-style: inherit; font-weight: inherit; color: #666666; font-size: 16px;\">La visita in Fisionutrizione consiste nel rilevare gli squilibri e le carenze di macro e micronutrienti di un individuo in relazione alle sue esigenze specifiche<\/span><\/h3>\n<div style=\"margin: 0px; padding: 0px; border: 0px; outline: 0px; font-size: 16px; font-family: Lato, sans-serif; vertical-align: baseline; color: #666666;\">\n<div style=\"margin: 0px; padding: 0px; border: 0px; outline: 0px; font-weight: inherit; font-style: inherit; font-family: inherit; vertical-align: baseline; width: 990px; position: relative; min-height: auto; float: left;\">\n<div style=\"margin: 0px; padding: 0px; border: 0px; outline: 0px; font-weight: inherit; font-style: inherit; font-family: inherit; vertical-align: baseline;\">\n<div style=\"margin: 0px 0px 35px; padding: 0px; border: 0px; outline: 0px; font-weight: inherit; font-style: inherit; font-family: inherit; vertical-align: baseline;\">\n<div style=\"margin: 0px; padding: 0px; border: 0px; outline: 0px; font-weight: inherit; font-style: inherit; font-family: inherit; vertical-align: baseline;\">\n<p style=\"margin-right: 0px; margin-bottom: 0px; margin-left: 0px; padding: 1em 0px; border: 0px; outline: 0px; font-weight: inherit; font-style: inherit; font-family: inherit; vertical-align: baseline; line-height: 24px;\">Il professionista della salute si pu\u00f2 avvalere di questionari specifici per stabilire le abitudini alimentari e lo stato di salute generale del paziente, al fine di riequilibrare prima la dieta e poi, se necessario, proporre un&#8217;integrazione adattata e personalizzata.<\/p>\n<p style=\"margin-right: 0px; margin-bottom: 0px; margin-left: 0px; padding: 1em 0px; border: 0px; outline: 0px; font-weight: inherit; font-style: inherit; font-family: inherit; vertical-align: baseline; line-height: 24px;\">La Fisionutrizione svolge un ruolo importante di fronte a una dieta carente di micronutrienti per due motivi principali:<\/p>\n<ul>\n<li style=\"line-height: 22px !important;\"><strong style=\"color: #000000; margin-bottom: 0px;\">la riduzione dell&#8217;apporto calorico globale ha portato a una diminuzione dell&#8217;apporto di micronutrienti. <\/strong> Il cambiamento dello stile di vita (orari di lavoro pi\u00f9 brevi, spostamenti in auto, tempo libero trascorso a guardare la televisione, ecc&#8230;) ha causato una diminuzione del dispendio energetico.<\/li>\n<li style=\"margin-bottom: 0px; line-height: 22px !important;\"><strong style=\"color: #000000; margin-bottom: 0px;\"> una diminuzione della densit\u00e0 di micronutrienti. <\/strong> Al giorno d&#8217;oggi, il 70% del nostro cibo proviene da prodotti industriali molto meno ricchi di nutrienti e, allo stesso tempo, le tecniche di coltivazione hanno ridotto in modo significativo il contenuto di nutrienti di frutta e verdura.<\/li>\n<\/ul>\n<p style=\"margin-right: 0px; margin-bottom: 0px; margin-left: 0px; padding: 1em 0px; border: 0px; outline: 0px; font-weight: inherit; font-style: inherit; font-family: inherit; vertical-align: baseline; line-height: 24px;\">Di conseguenza, anche con una dieta equilibrata, \u00e8 difficile fornire all&#8217;organismo i micronutrienti necessari (vitamine, minerali, oligoelementi, acidi grassi, probiotici, amminoacidi, ecc&#8230;). Quando la situazione di deficit persiste, si manifestano sintomi che possono essere precursori di malattie pi\u00f9 gravi.<\/p>\n<p style=\"margin-right: 0px; margin-bottom: 0px; margin-left: 0px; padding: 1em 0px; border: 0px; outline: 0px; font-weight: inherit; font-style: inherit; font-family: inherit; vertical-align: baseline; line-height: 24px;\">Durante la visita in Fisionutrizione, lo specialista valuter\u00e0, con l&#8217;aiuto di questionari scientifici, le carenze micronutrizionali, la loro origine e il loro impatto sulla salute generale. In seguito proporr\u00e0 un programma terapeutico personalizzato per soddisfare tutte le esigenze.<\/p>\n<p style=\"margin-right: 0px; margin-bottom: 0px; margin-left: 0px; padding: 1em 0px; border: 0px; outline: 0px; font-weight: inherit; font-style: inherit; font-family: inherit; vertical-align: baseline; line-height: 24px;\">Per andare ancora pi\u00f9 in profondit\u00e0, lo specialista potr\u00e0 prescriverle ulteriori esami pi\u00f9 specifici.<\/p><\/div><\/div><\/div><\/div><\/div>\t\t\t\t\t\t<\/div>\n\t\t\t\t<\/div>\n\t\t\t\t\t<\/div>\n\t\t<\/div>\n\t\t\t\t\t\t\t<\/div>\n\t\t<\/section>\n\t\t\t\t\t\t\t<\/div>\n\t\t","protected":false},"excerpt":{"rendered":"<p>&nbsp; La visita in Fisionutrizione consiste nel rilevare gli squilibri e le carenze di macro e micronutrienti di un individuo in relazione alle sue esigenze specifiche Il professionista della salute si pu\u00f2 avvalere di questionari specifici per stabilire le abitudini alimentari e lo stato di salute generale del paziente, al fine di riequilibrare prima la [&hellip;]<\/p>\n","protected":false},"author":1,"featured_media":0,"parent":0,"menu_order":0,"comment_status":"closed","ping_status":"closed","template":"","meta":{"footnotes":""},"_links":{"self":[{"href":"https:\/\/ii-2p.org\/it\/wp-json\/wp\/v2\/pages\/1708"}],"collection":[{"href":"https:\/\/ii-2p.org\/it\/wp-json\/wp\/v2\/pages"}],"about":[{"href":"https:\/\/ii-2p.org\/it\/wp-json\/wp\/v2\/types\/page"}],"author":[{"embeddable":true,"href":"https:\/\/ii-2p.org\/it\/wp-json\/wp\/v2\/users\/1"}],"replies":[{"embeddable":true,"href":"https:\/\/ii-2p.org\/it\/wp-json\/wp\/v2\/comments?post=1708"}],"version-history":[{"count":8,"href":"https:\/\/ii-2p.org\/it\/wp-json\/wp\/v2\/pages\/1708\/revisions"}],"predecessor-version":[{"id":5453,"href":"https:\/\/ii-2p.org\/it\/wp-json\/wp\/v2\/pages\/1708\/revisions\/5453"}],"wp:attachment":[{"href":"https:\/\/ii-2p.org\/it\/wp-json\/wp\/v2\/media?parent=1708"}],"curies":[{"name":"wp","href":"https:\/\/api.w.org\/{rel}","templated":true}]}}