{"id":1753,"date":"2022-06-22T09:39:50","date_gmt":"2022-06-22T09:39:50","guid":{"rendered":"https:\/\/ii-2p.org\/?page_id=1753"},"modified":"2025-11-10T16:02:04","modified_gmt":"2025-11-10T16:02:04","slug":"che-cose-la-dieta-chetogenica","status":"publish","type":"page","link":"https:\/\/ii-2p.org\/it\/che-cose-la-dieta-chetogenica\/","title":{"rendered":"La visita in Fisionutrizione"},"content":{"rendered":"<h3>La visita in Fisionutrizione consiste nel rilevare gli squilibri e le carenze di macro e micronutrienti di un individuo in relazione alle sue esigenze specifiche<\/h3>\n<div>\n<div>\n<div>\n<p>Il professionista della salute si pu\u00f2 avvalere di questionari specifici per stabilire le abitudini alimentari e lo stato di salute generale del paziente, al fine di riequilibrare prima la dieta e poi, se necessario, proporre un\u2019integrazione adattata e personalizzata.<\/p>\n<p>La Fisionutrizione svolge un ruolo importante di fronte a una dieta carente di micronutrienti per due motivi principali:<\/p>\n<ul>\n<li><strong>la riduzione dell\u2019apporto calorico globale ha portato a una diminuzione dell\u2019apporto di micronutrienti.\u00a0<\/strong>Il cambiamento dello stile di vita (orari di lavoro pi\u00f9 brevi, spostamenti in auto, tempo libero trascorso a guardare la televisione, ecc\u2026) ha causato una diminuzione del dispendio energetico.<\/li>\n<li><strong>una diminuzione della densit\u00e0 di micronutrienti.\u00a0<\/strong>Al giorno d\u2019oggi, il 70% del nostro cibo proviene da prodotti industriali molto meno ricchi di nutrienti e, allo stesso tempo, le tecniche di coltivazione hanno ridotto in modo significativo il contenuto di nutrienti di frutta e verdura.<\/li>\n<\/ul>\n<p>Di conseguenza, anche con una dieta equilibrata, \u00e8 difficile fornire all\u2019organismo i micronutrienti necessari (vitamine, minerali, oligoelementi, acidi grassi, probiotici, amminoacidi, ecc\u2026). Quando la situazione di deficit persiste, si manifestano sintomi che possono essere precursori di malattie pi\u00f9 gravi.<\/p>\n<p>Durante la visita in Fisionutrizione, lo specialista valuter\u00e0, con l\u2019aiuto di questionari scientifici, le carenze micronutrizionali, la loro origine e il loro impatto sulla salute generale. In seguito proporr\u00e0 un programma terapeutico personalizzato per soddisfare tutte le esigenze.<\/p>\n<p>Per andare ancora pi\u00f9 in profondit\u00e0, lo specialista potr\u00e0 prescriverle ulteriori esami pi\u00f9 specifici.<\/p>\n<\/div>\n<\/div>\n<\/div>\n","protected":false},"excerpt":{"rendered":"<p>La visita in Fisionutrizione consiste nel rilevare gli squilibri e le carenze di macro e micronutrienti di un individuo in relazione alle sue esigenze specifiche Il professionista della salute si pu\u00f2 avvalere di questionari specifici per stabilire le abitudini alimentari e lo stato di salute generale del paziente, al fine di riequilibrare prima la dieta [&hellip;]<\/p>\n","protected":false},"author":3,"featured_media":0,"parent":0,"menu_order":0,"comment_status":"closed","ping_status":"closed","template":"","meta":{"footnotes":""},"_links":{"self":[{"href":"https:\/\/ii-2p.org\/it\/wp-json\/wp\/v2\/pages\/1753"}],"collection":[{"href":"https:\/\/ii-2p.org\/it\/wp-json\/wp\/v2\/pages"}],"about":[{"href":"https:\/\/ii-2p.org\/it\/wp-json\/wp\/v2\/types\/page"}],"author":[{"embeddable":true,"href":"https:\/\/ii-2p.org\/it\/wp-json\/wp\/v2\/users\/3"}],"replies":[{"embeddable":true,"href":"https:\/\/ii-2p.org\/it\/wp-json\/wp\/v2\/comments?post=1753"}],"version-history":[{"count":16,"href":"https:\/\/ii-2p.org\/it\/wp-json\/wp\/v2\/pages\/1753\/revisions"}],"predecessor-version":[{"id":5629,"href":"https:\/\/ii-2p.org\/it\/wp-json\/wp\/v2\/pages\/1753\/revisions\/5629"}],"wp:attachment":[{"href":"https:\/\/ii-2p.org\/it\/wp-json\/wp\/v2\/media?parent=1753"}],"curies":[{"name":"wp","href":"https:\/\/api.w.org\/{rel}","templated":true}]}}