{"id":1855,"date":"2021-12-20T14:12:52","date_gmt":"2021-12-20T14:12:52","guid":{"rendered":"https:\/\/ii-2p.org\/menzioni-legali\/"},"modified":"2022-09-05T09:12:15","modified_gmt":"2022-09-05T09:12:15","slug":"menzioni-legali","status":"publish","type":"page","link":"https:\/\/ii-2p.org\/it\/menzioni-legali\/","title":{"rendered":"Informativa sui dati personali"},"content":{"rendered":"\t\t<div data-elementor-type=\"wp-page\" data-elementor-id=\"1855\" class=\"elementor elementor-1855 elementor-888\" data-elementor-post-type=\"page\">\n\t\t\t\t\t\t\t\t\t<section class=\"elementor-section elementor-top-section elementor-element elementor-element-e59642f elementor-section-boxed elementor-section-height-default elementor-section-height-default\" data-id=\"e59642f\" data-element_type=\"section\">\n\t\t\t\t\t\t<div class=\"elementor-container elementor-column-gap-default\">\n\t\t\t\t\t<div class=\"elementor-column elementor-col-100 elementor-top-column elementor-element elementor-element-6a59725\" data-id=\"6a59725\" data-element_type=\"column\">\n\t\t\t<div class=\"elementor-widget-wrap elementor-element-populated\">\n\t\t\t\t\t\t\t\t<div class=\"elementor-element elementor-element-0665e91 elementor-widget elementor-widget-text-editor\" data-id=\"0665e91\" data-element_type=\"widget\" data-widget_type=\"text-editor.default\">\n\t\t\t\t<div class=\"elementor-widget-container\">\n\t\t\t<style>\/*! elementor - v3.18.0 - 20-12-2023 *\/\n.elementor-widget-text-editor.elementor-drop-cap-view-stacked .elementor-drop-cap{background-color:#69727d;color:#fff}.elementor-widget-text-editor.elementor-drop-cap-view-framed .elementor-drop-cap{color:#69727d;border:3px solid;background-color:transparent}.elementor-widget-text-editor:not(.elementor-drop-cap-view-default) .elementor-drop-cap{margin-top:8px}.elementor-widget-text-editor:not(.elementor-drop-cap-view-default) .elementor-drop-cap-letter{width:1em;height:1em}.elementor-widget-text-editor .elementor-drop-cap{float:left;text-align:center;line-height:1;font-size:50px}.elementor-widget-text-editor .elementor-drop-cap-letter{display:inline-block}<\/style>\t\t\t\t<div class=\"vc_row wpb_row vc_row-fluid\" style=\"margin: 0px; padding: 0px; border: 0px; outline: 0px; font-size: 16px; font-family: Lato, sans-serif; vertical-align: baseline; color: #666666; background-color: #f8f8f8;\">\n<div class=\"wpb_column vc_column_container vc_col-sm-12\" style=\"margin: 0px; padding: 0px; border: 0px; outline: 0px; font-weight: inherit; font-style: inherit; font-family: inherit; vertical-align: baseline; width: 990px; position: relative; min-height: auto; float: left;\">\n<div class=\"wpb_wrapper\" style=\"margin: 0px; padding: 0px; border: 0px; outline: 0px; font-weight: inherit; font-style: inherit; font-family: inherit; vertical-align: baseline;\">\n<h3 class=\"box_header\" style=\"margin-right: 0px; margin-bottom: 0px; margin-left: 0px; padding: 0px; color: #000000; font-size: 18px;\">Carta di confindenzialit\u00e0<\/h3>\n<\/div>\n<\/div>\n<\/div>\n<div class=\"vc_row wpb_row vc_row-fluid\" style=\"margin: 0px; padding: 0px; border: 0px; outline: 0px; font-size: 16px; font-family: Lato, sans-serif; vertical-align: baseline; color: #666666; background-color: #f8f8f8;\">\n<div class=\"wpb_column vc_column_container vc_col-sm-12\" style=\"margin: 0px; padding: 0px; border: 0px; outline: 0px; font-weight: inherit; font-style: inherit; font-family: inherit; vertical-align: baseline; width: 990px; position: relative; min-height: auto; float: left;\">\n<div class=\"wpb_wrapper\" style=\"margin: 0px; padding: 0px; border: 0px; outline: 0px; font-weight: inherit; font-style: inherit; font-family: inherit; vertical-align: baseline;\">\n<div class=\"vc_empty_space\" style=\"margin: 0px; padding: 0px; border: 0px; outline: 0px; font-weight: inherit; font-style: inherit; font-family: inherit; vertical-align: baseline; height: 32px;\">&nbsp;<\/div>\n<\/div>\n<\/div>\n<\/div>\n<div class=\"vc_row wpb_row vc_row-fluid\" style=\"margin: 0px; padding: 0px; border: 0px; outline: 0px; font-size: 16px; font-family: Lato, sans-serif; vertical-align: baseline; color: #666666; background-color: #f8f8f8;\">\n<div class=\"wpb_column vc_column_container vc_col-sm-12\" style=\"margin: 0px; padding: 0px; border: 0px; outline: 0px; font-weight: inherit; font-style: inherit; font-family: inherit; vertical-align: baseline; width: 990px; position: relative; min-height: auto; float: left;\">\n<div class=\"wpb_wrapper\" style=\"margin: 0px; padding: 0px; border: 0px; outline: 0px; font-weight: inherit; font-style: inherit; font-family: inherit; vertical-align: baseline;\">\n<div class=\"wpb_text_column wpb_content_element \" style=\"margin: 0px 0px 35px; padding: 0px; border: 0px; outline: 0px; font-weight: inherit; font-style: inherit; font-family: inherit; vertical-align: baseline;\">\n<div class=\"wpb_wrapper\" style=\"margin: 0px; padding: 0px; border: 0px; outline: 0px; font-weight: inherit; font-style: inherit; font-family: inherit; vertical-align: baseline;\">\n<p style=\"margin-right: 0px; margin-bottom: 0px; margin-left: 0px; padding: 1em 0px; border: 0px; outline: 0px; font-weight: inherit; font-style: inherit; font-family: inherit; vertical-align: baseline; line-height: 24px;\">L&#8217;editore, l&#8217;International Institute of Physioutrition and Phytotherapy&nbsp; (II2P), si impegna a rispettare tutte le leggi relative alla creazione e al funzionamento di un sito Internet.<\/p>\n<p style=\"margin-right: 0px; margin-bottom: 0px; margin-left: 0px; padding: 1em 0px; border: 0px; outline: 0px; font-weight: inherit; font-style: inherit; font-family: inherit; vertical-align: baseline; line-height: 24px;\">Il sito web <a style=\"margin: 0px; padding: 0px; border: 0px; outline: none; font-weight: inherit; font-style: inherit; font-family: inherit; vertical-align: baseline; color: #666666;\" href=\"https:\/\/ii-2p.org\/?customize_changeset_uuid=c56a4ebb-4c20-40fe-84aa-6e6a1098e4c0&amp;customize_autosaved=on\">https:\/\/ii-2p.org\/<\/a> \u00e8 destinato al pubblico in generale e agli operatori sanitari. Le informazioni fornite hanno lo scopo di migliorare, non di sostituire, il rapporto tra il paziente (o il visitatore del sito) e il suo medico. Ha lo scopo di presentare l&#8217;azienda II2P e di fornire informazioni sulla Physionutrition.<\/p>\n<p style=\"margin-right: 0px; margin-bottom: 0px; margin-left: 0px; padding: 1em 0px; border: 0px; outline: 0px; font-weight: inherit; font-style: inherit; font-family: inherit; vertical-align: baseline; line-height: 24px;\"><strong style=\"color: #000000; margin-bottom: 0px;\">Menzioni legali :<\/strong><\/p>\n<p style=\"margin-right: 0px; margin-bottom: 0px; margin-left: 0px; padding: 1em 0px; border: 0px; outline: 0px; font-weight: inherit; font-style: inherit; font-family: inherit; vertical-align: baseline; line-height: 24px;\">Il sito web <a style=\"margin: 0px; padding: 0px; border: 0px; outline: none; font-weight: inherit; font-style: inherit; font-family: inherit; vertical-align: baseline; color: #666666;\" href=\"https:\/\/ii-2p.org\/?customize_changeset_uuid=c56a4ebb-4c20-40fe-84aa-6e6a1098e4c0&amp;customize_autosaved=on\">https:\/\/ii-2p.org\/<\/a> \u00e8 pubblicato e finanziato dall&#8217;II2P, che a sua volta si finanzia con risorse proprie (quote associative) e con il sostegno dei suoi partner, che pu\u00f2 assumere diverse forme (fornitura di risorse (umane o materiali), pagamento di sussidi o collaborazione in attivit\u00e0 di formazione&#8230;).<\/p>\n<p style=\"margin-right: 0px; margin-bottom: 0px; margin-left: 0px; padding: 1em 0px; border: 0px; outline: 0px; font-weight: inherit; font-style: inherit; font-family: inherit; vertical-align: baseline; line-height: 24px;\"><strong style=\"color: #000000; margin-bottom: 0px;\">Nome dell&#8217;azienda :<\/strong><\/p>\n<p style=\"margin-right: 0px; margin-bottom: 0px; margin-left: 0px; padding: 1em 0px; border: 0px; outline: 0px; font-weight: inherit; font-style: inherit; font-family: inherit; vertical-align: baseline; line-height: 24px;\">II2P, una societ\u00e0 commerciale con sede nel Granducato di Lussemburgo.<br style=\"margin-bottom: 0px;\">Sede legale: 21, rue Glesener 1631 Lussemburgo<\/p>\n<p style=\"margin-right: 0px; margin-bottom: 0px; margin-left: 0px; padding: 1em 0px; border: 0px; outline: 0px; font-weight: inherit; font-style: inherit; font-family: inherit; vertical-align: baseline; line-height: 24px;\"><span style=\"font-family: inherit; font-style: inherit; font-weight: inherit;\">Hosting: OVH &#8211; in Hauts-de-France<\/span><\/p>\n<p style=\"margin-right: 0px; margin-bottom: 0px; margin-left: 0px; padding: 1em 0px; border: 0px; outline: 0px; font-weight: inherit; font-style: inherit; font-family: inherit; vertical-align: baseline; line-height: 24px;\"><strong style=\"color: #000000; margin-bottom: 0px;\">Propriet\u00e0 intelletuale :<\/strong><\/p>\n<ul>\n<li style=\"line-height: 22px !important;\">In conformit\u00e0 alle raccomandazioni della Commission Nationale de l&#8217;Informatique et des Libert\u00e9s (CNIL), questo sito web \u00e8 esente da dichiarazione.<\/li>\n<li style=\"line-height: 22px !important;\">Qualsiasi riproduzione parziale o totale di questo sito senza l&#8217;espressa autorizzazione dell&#8217;II2P \u00e8 vietata e costituisce una violazione punibile ai sensi degli articoli L 335-2 e seguenti del Codice della Propriet\u00e0 Intellettuale (CPI).<\/li>\n<li style=\"line-height: 22px !important;\">Lo stesso vale per le banche dati che compaiono su questo sito web, protette dalle disposizioni della legge del 1\u00b0 luglio 1998 che recepisce nel Codice della propriet\u00e0 intellettuale la direttiva europea dell&#8217;11 marzo 1996 sulla tutela giuridica delle banche dati.<\/li>\n<li style=\"margin-bottom: 0px; line-height: 22px !important;\">I marchi e i loghi che compaiono sul sito sono marchi registrati (semi-figurativi o meno). Inoltre, le immagini che compaiono su questo sito sono protette da copyright. Qualsiasi riproduzione totale o parziale di queste immagini, marchi o loghi, realizzata a partire da elementi del sito, non \u00e8 autorizzata senza l&#8217;esplicito accordo scritto dell&#8217;II2P ai sensi dell&#8217;articolo L 713-2 del CPI.<\/li>\n<\/ul>\n<p style=\"margin-right: 0px; margin-bottom: 0px; margin-left: 0px; padding: 1em 0px; border: 0px; outline: 0px; font-weight: inherit; font-style: inherit; font-family: inherit; vertical-align: baseline; line-height: 24px;\"><strong style=\"color: #000000; margin-bottom: 0px;\">Informativa sulla privacy :<\/strong><\/p>\n<p style=\"margin-right: 0px; margin-bottom: 0px; margin-left: 0px; padding: 1em 0px; border: 0px; outline: 0px; font-weight: inherit; font-style: inherit; font-family: inherit; vertical-align: baseline; line-height: 24px;\">La nostra associazione si impegna a rispettare le disposizioni legislative della legge sulla protezione dei dati. Queste regole vi assicurano che i vostri dati saranno trattati, in piena trasparenza, nel rispetto di tali disposizioni.<\/p>\n<p style=\"margin-right: 0px; margin-bottom: 0px; margin-left: 0px; padding: 1em 0px; border: 0px; outline: 0px; font-weight: inherit; font-style: inherit; font-family: inherit; vertical-align: baseline; line-height: 24px;\"><strong style=\"color: #000000; margin-bottom: 0px;\">1\/ <u style=\"margin-bottom: 0px;\">Cookies<\/u><\/strong><\/p>\n<p style=\"margin-right: 0px; margin-bottom: 0px; margin-left: 0px; padding: 1em 0px; border: 0px; outline: 0px; font-weight: inherit; font-style: inherit; font-family: inherit; vertical-align: baseline; line-height: 24px;\">Un cookie \u00e8 un piccolo file che il sito web visitato dall&#8217;utente registra sul suo terminale (computer, tablet, smartphone, ecc.) e in cui memorizza determinate informazioni. Ci permette soprattutto di prepararvi al meglio per la prossima visita al sito e di personalizzare le pagine che visualizzate. Solo il mittente del cookie pu\u00f2 leggere le informazioni in esso contenute.<\/p>\n<p style=\"margin-right: 0px; margin-bottom: 0px; margin-left: 0px; padding: 1em 0px; border: 0px; outline: 0px; font-weight: inherit; font-style: inherit; font-family: inherit; vertical-align: baseline; line-height: 24px;\">Quando l&#8217;utente si collega al nostro sito, possiamo installare vari cookie sul suo terminale, in base alle scelte dell&#8217;utente derivanti dalle impostazioni del software. Questi cookie ci permettono di facilitare la navigazione sul nostro sito web durante il periodo di validit\u00e0 del cookie in questione.<\/p>\n<p style=\"margin-right: 0px; margin-bottom: 0px; margin-left: 0px; padding: 1em 0px; border: 0px; outline: 0px; font-weight: inherit; font-style: inherit; font-family: inherit; vertical-align: baseline; line-height: 24px;\"><strong style=\"color: #000000; margin-bottom: 0px;\">Questi cookie ci permettono di :<\/strong><\/p>\n<p style=\"margin-right: 0px; margin-bottom: 0px; margin-left: 0px; padding: 1em 0px; border: 0px; outline: 0px; font-weight: inherit; font-style: inherit; font-family: inherit; vertical-align: baseline; line-height: 24px;\"><img decoding=\"async\" class=\"puce\" style=\"margin: 0px; padding: 0px; border-width: 0px; border-style: initial; outline: 0px; font-weight: inherit; font-style: inherit; font-family: inherit; vertical-align: baseline;\" src=\"https:\/\/iepp-eu.com\/wp-content\/uploads\/2018\/07\/puce-d38c6.gif\" alt=\"-\" width=\"8\" height=\"11\"> stabilire statistiche e volumi di frequentazione e utilizzo dei vari elementi che compongono il nostro sito (sezioni e contenuti visitati, percorso), al fine di migliorare l&#8217;interesse e l&#8217;ergonomia dei nostri servizi;<\/p>\n<p style=\"margin-right: 0px; margin-bottom: 0px; margin-left: 0px; padding: 1em 0px; border: 0px; outline: 0px; font-weight: inherit; font-style: inherit; font-family: inherit; vertical-align: baseline; line-height: 24px;\"><img decoding=\"async\" class=\"puce\" style=\"margin: 0px; padding: 0px; border-width: 0px; border-style: initial; outline: 0px; font-weight: inherit; font-style: inherit; font-family: inherit; vertical-align: baseline;\" src=\"https:\/\/iepp-eu.com\/wp-content\/uploads\/2018\/07\/puce-d38c6.gif\" alt=\"-\" width=\"8\" height=\"11\"> adattare la presentazione del nostro sito alle preferenze di visualizzazione del vostro terminale (lingua utilizzata, risoluzione dello schermo, sistema operativo utilizzato, ecc);<\/p>\n<p style=\"margin-right: 0px; margin-bottom: 0px; margin-left: 0px; padding: 1em 0px; border: 0px; outline: 0px; font-weight: inherit; font-style: inherit; font-family: inherit; vertical-align: baseline; line-height: 24px;\"><img decoding=\"async\" class=\"puce\" style=\"margin: 0px; padding: 0px; border-width: 0px; border-style: initial; outline: 0px; font-weight: inherit; font-style: inherit; font-family: inherit; vertical-align: baseline;\" src=\"https:\/\/iepp-eu.com\/wp-content\/uploads\/2018\/07\/puce-d38c6.gif\" alt=\"-\" width=\"8\" height=\"11\"> memorizzare le informazioni relative a un modulo compilato dall&#8217;utente sul nostro sito (registrazione o accesso al proprio account), a servizi o informazioni scelti dall&#8217;utente sul nostro sito (servizio sottoscritto, ecc.)<\/p>\n<p style=\"margin-right: 0px; margin-bottom: 0px; margin-left: 0px; padding: 1em 0px; border: 0px; outline: 0px; font-weight: inherit; font-style: inherit; font-family: inherit; vertical-align: baseline; line-height: 24px;\"><strong style=\"color: #000000; margin-bottom: 0px;\">Le vostre scelte in materia di cookie<\/strong><\/p>\n<p style=\"margin-right: 0px; margin-bottom: 0px; margin-left: 0px; padding: 1em 0px; border: 0px; outline: 0px; font-weight: inherit; font-style: inherit; font-family: inherit; vertical-align: baseline; line-height: 24px;\">L&#8217;utente ha a disposizione diverse opzioni per la gestione dei cookie. Le impostazioni effettuate possono influire sull&#8217;esperienza di navigazione e sull&#8217;accesso a determinati servizi che richiedono l&#8217;uso di cookie.<\/p>\n<p style=\"margin-right: 0px; margin-bottom: 0px; margin-left: 0px; padding: 1em 0px; border: 0px; outline: 0px; font-weight: inherit; font-style: inherit; font-family: inherit; vertical-align: baseline; line-height: 24px;\">L&#8217;utente pu\u00f2 scegliere in qualsiasi momento di esprimere e modificare la propria volont\u00e0 in merito ai cookie, attraverso le modalit\u00e0 descritte di seguito.<\/p>\n<p style=\"margin-right: 0px; margin-bottom: 0px; margin-left: 0px; padding: 1em 0px; border: 0px; outline: 0px; font-weight: inherit; font-style: inherit; font-family: inherit; vertical-align: baseline; line-height: 24px;\"><strong style=\"color: #000000; margin-bottom: 0px;\">Le scelte offerte dal software del browser<\/strong><\/p>\n<p style=\"margin-right: 0px; margin-bottom: 0px; margin-left: 0px; padding: 1em 0px; border: 0px; outline: 0px; font-weight: inherit; font-style: inherit; font-family: inherit; vertical-align: baseline; line-height: 24px;\">Potete configurare il software del vostro browser in modo che i cookie vengano memorizzati nel vostro terminale o, al contrario, che vengano rifiutati, sistematicamente o a seconda del mittente. Potete anche configurare il software del vostro browser in modo che vi venga offerta la possibilit\u00e0 di accettare o rifiutare i cookie di volta in volta, prima che un cookie venga probabilmente memorizzato nel vostro terminale.<\/p>\n<p style=\"margin-right: 0px; margin-bottom: 0px; margin-left: 0px; padding: 1em 0px; border: 0px; outline: 0px; font-weight: inherit; font-style: inherit; font-family: inherit; vertical-align: baseline; line-height: 24px;\">Se il vostro browser \u00e8 configurato per rifiutare tutti i cookie, non potrete usufruire delle funzioni essenziali del nostro sito. Vi invitiamo a configurare al meglio il vostro browser.<\/p>\n<p style=\"margin-right: 0px; margin-bottom: 0px; margin-left: 0px; padding: 1em 0px; border: 0px; outline: 0px; font-weight: inherit; font-style: inherit; font-family: inherit; vertical-align: baseline; line-height: 24px;\">La configurazione di ogni browser \u00e8 diversa. Per sapere come modificare le impostazioni dei cookie \u00e8 possibile consultare il menu di aiuto del proprio browser.<\/p>\n<p style=\"margin-right: 0px; margin-bottom: 0px; margin-left: 0px; padding: 1em 0px; border: 0px; outline: 0px; font-weight: inherit; font-style: inherit; font-family: inherit; vertical-align: baseline; line-height: 24px;\"><strong style=\"color: #000000; margin-bottom: 0px;\">Accettazione dei cookies<\/strong><\/p>\n<p style=\"margin-right: 0px; margin-bottom: 0px; margin-left: 0px; padding: 1em 0px; border: 0px; outline: 0px; font-weight: inherit; font-style: inherit; font-family: inherit; vertical-align: baseline; line-height: 24px;\">La registrazione di un cookie in un terminale \u00e8 essenzialmente subordinata alla volont\u00e0 dell&#8217;utente del terminale, che pu\u00f2 essere espressa e modificata in qualsiasi momento e gratuitamente attraverso le scelte offerte dal suo software di navigazione.<\/p>\n<p style=\"margin-right: 0px; margin-bottom: 0px; margin-left: 0px; padding: 1em 0px; border: 0px; outline: 0px; font-weight: inherit; font-style: inherit; font-family: inherit; vertical-align: baseline; line-height: 24px;\">Se avete accettato nel software del vostro browser la registrazione dei cookie nel vostro terminale, i cookie integrati nelle pagine e nei contenuti che avete consultato possono essere memorizzati temporaneamente in uno spazio dedicato nel vostro terminale. Saranno leggibili solo dal mittente.<\/p>\n<p style=\"margin-right: 0px; margin-bottom: 0px; margin-left: 0px; padding: 1em 0px; border: 0px; outline: 0px; font-weight: inherit; font-style: inherit; font-family: inherit; vertical-align: baseline; line-height: 24px;\"><strong style=\"color: #000000; margin-bottom: 0px;\">Rifiuto dei cookie<\/strong><\/p>\n<p style=\"margin-right: 0px; margin-bottom: 0px; margin-left: 0px; padding: 1em 0px; border: 0px; outline: 0px; font-weight: inherit; font-style: inherit; font-family: inherit; vertical-align: baseline; line-height: 24px;\">Se rifiutate di accettare i cookie che inviamo al vostro terminale, o se cancellate quelli che abbiamo memorizzato, non potrete pi\u00f9 usufruire di un certo numero di funzioni che sono comunque necessarie per navigare in alcune aree del nostro sito. Ci\u00f2 avviene se l&#8217;utente tenta di accedere ai nostri contenuti o servizi che richiedono la sua identificazione. Ci\u00f2 avverrebbe anche nel caso in cui non fossimo in grado di riconoscere, per motivi di compatibilit\u00e0 tecnica, il tipo di browser utilizzato dal vostro terminale, le sue impostazioni di lingua e di visualizzazione o il paese dal quale il vostro terminale sembra essere collegato a Internet.<\/p>\n<p style=\"margin-right: 0px; margin-bottom: 0px; margin-left: 0px; padding: 1em 0px; border: 0px; outline: 0px; font-weight: inherit; font-style: inherit; font-family: inherit; vertical-align: baseline; line-height: 24px;\">Ove applicabile, decliniamo ogni responsabilit\u00e0 per le conseguenze legate al degrado del funzionamento dei nostri servizi derivante dalla nostra incapacit\u00e0 di registrare o consultare i cookie necessari al loro funzionamento e che voi avreste rifiutato o cancellato.<\/p>\n<p style=\"margin-right: 0px; margin-bottom: 0px; margin-left: 0px; padding: 1em 0px; border: 0px; outline: 0px; font-weight: inherit; font-style: inherit; font-family: inherit; vertical-align: baseline; line-height: 24px;\"><strong style=\"color: #000000; margin-bottom: 0px;\">I cookies \u201cFlash\u201d\u00a9 di \u201cAdobe Flash Player\u201d\u2122<\/strong><\/p>\n<p style=\"margin-right: 0px; margin-bottom: 0px; margin-left: 0px; padding: 1em 0px; border: 0px; outline: 0px; font-weight: inherit; font-style: inherit; font-family: inherit; vertical-align: baseline; line-height: 24px;\">&#8220;Adobe Flash Player&#8221;\u2122 \u00e8 un&#8217;applicazione informatica che consente di sviluppare rapidamente contenuti dinamici utilizzando il linguaggio informatico &#8220;Flash&#8221;. Flash (e applicazioni simili) memorizza le impostazioni, le preferenze e l&#8217;utilizzo di questi contenuti utilizzando una tecnologia simile ai cookie. Tuttavia, &#8220;Adobe Flash Player&#8221;\u2122 gestisce queste informazioni e le scelte dell&#8217;utente tramite un&#8217;interfaccia diversa da quella fornita dal software del browser.<\/p>\n<p style=\"margin-right: 0px; margin-bottom: 0px; margin-left: 0px; padding: 1em 0px; border: 0px; outline: 0px; font-weight: inherit; font-style: inherit; font-family: inherit; vertical-align: baseline; line-height: 24px;\">Nella misura in cui \u00e8 probabile che il vostro terminale visualizzi contenuti sviluppati con il linguaggio Flash, vi invitiamo ad accedere agli strumenti di gestione dei cookie Flash, direttamente dal sito web di Adobe: <a class=\"spip_out\" style=\"margin: 0px; padding: 0px; border: 0px; outline: none; font-weight: inherit; font-style: inherit; font-family: inherit; vertical-align: baseline; color: #666666;\" href=\"http:\/\/www.adobe.com\/fr\/\" rel=\"nofollow\">http:\/\/www.adobe.com\/fr\/.<\/a><\/p>\n<p style=\"margin-right: 0px; margin-bottom: 0px; margin-left: 0px; padding: 1em 0px; border: 0px; outline: 0px; font-weight: inherit; font-style: inherit; font-family: inherit; vertical-align: baseline; line-height: 24px;\"><strong style=\"color: #000000; margin-bottom: 0px;\">2\/ <u style=\"margin-bottom: 0px;\">Dati raccolti sul nostro sito<\/u> :<\/strong> potremmo chiedervi una certa quantit\u00e0 di dati personali come cognome, nome, indirizzo, ecc. per elaborare la vostra richiesta di informazioni. Alcuni dati sono essenziali per elaborare la vostra richiesta, altri ci permettono di conoscervi meglio e quindi di adattare le nostre offerte alle vostre esigenze. Nelle pagine in cui vengono richiesti dati personali, l&#8217;utente viene informato della natura obbligatoria o facoltativa della loro trasmissione, nonch\u00e9 delle possibili conseguenze del mancato conferimento.<\/p>\n<p style=\"margin-right: 0px; margin-bottom: 0px; margin-left: 0px; padding: 1em 0px; border: 0px; outline: 0px; font-weight: inherit; font-style: inherit; font-family: inherit; vertical-align: baseline; line-height: 24px;\"><strong style=\"color: #000000;\">3\/ <u style=\"margin-bottom: 0px;\">Offerta formativa e educativa<\/u> :<\/strong>ci permetteremo di proporre offerte o servizi speciali via e-mail o per posta, a meno che l&#8217;utente non ci indichi diversamente. Se non desiderate ricevere le nostre offerte speciali o i nostri servizi, potete inviare una lettera indicando il vostro cognome, nome e indirizzo:<br>&#8211; per iscritto: II2P, 21 rue Glesener 1631 Lussemburgo<br>\u2013 o per e-mail : <a href=\"mailto:segreteria@ii-2p.org\">segreteria@ii-2p.org<\/a><\/p>\n<p style=\"margin-right: 0px; margin-bottom: 0px; margin-left: 0px; padding: 1em 0px; border: 0px; outline: 0px; font-weight: inherit; font-style: inherit; font-family: inherit; vertical-align: baseline; line-height: 24px;\"><strong style=\"color: #000000; margin-bottom: 0px;\">4\/ <u style=\"margin-bottom: 0px;\">Utilizzo dei dati personali<\/u>:<\/strong> solo l&#8217;II2P e i fornitori di servizi collegati all&#8217;II2P per l&#8217;attuazione della formazione o dell&#8217;istruzione sono destinatari dei dati personali che ci fornite.<\/p>\n<p style=\"margin-right: 0px; margin-bottom: 0px; margin-left: 0px; padding: 1em 0px; border: 0px; outline: 0px; font-weight: inherit; font-style: inherit; font-family: inherit; vertical-align: baseline; line-height: 24px;\"><strong style=\"color: #000000; margin-bottom: 0px;\">5\/ <u style=\"margin-bottom: 0px;\">Diritto d&#8217;accesso e d&#8217;opposizione<\/u> :<\/strong> ai sensi della legge sulla protezione dei dati del 6 gennaio 1978, l&#8217;utente ha il diritto di accedere, rettificare e cancellare i propri dati personali. Se si desidera esercitare questo diritto, \u00e8 sufficiente scriverci al seguente indirizzo II2P, 21 rue Glesener 1631 Lussemburgo.<\/p>\n<\/div>\n<\/div>\n<\/div>\n<\/div>\n<\/div>\t\t\t\t\t\t<\/div>\n\t\t\t\t<\/div>\n\t\t\t\t\t<\/div>\n\t\t<\/div>\n\t\t\t\t\t\t\t<\/div>\n\t\t<\/section>\n\t\t\t\t\t\t\t<\/div>\n\t\t","protected":false},"excerpt":{"rendered":"<p>Carta di confindenzialit\u00e0 &nbsp; L&#8217;editore, l&#8217;International Institute of Physioutrition and Phytotherapy&nbsp; (II2P), si impegna a rispettare tutte le leggi relative alla creazione e al funzionamento di un sito Internet. Il sito web https:\/\/ii-2p.org\/ \u00e8 destinato al pubblico in generale e agli operatori sanitari. Le informazioni fornite hanno lo scopo di migliorare, non di sostituire, il [&hellip;]<\/p>\n","protected":false},"author":1,"featured_media":0,"parent":0,"menu_order":0,"comment_status":"closed","ping_status":"closed","template":"","meta":{"footnotes":""},"_links":{"self":[{"href":"https:\/\/ii-2p.org\/it\/wp-json\/wp\/v2\/pages\/1855"}],"collection":[{"href":"https:\/\/ii-2p.org\/it\/wp-json\/wp\/v2\/pages"}],"about":[{"href":"https:\/\/ii-2p.org\/it\/wp-json\/wp\/v2\/types\/page"}],"author":[{"embeddable":true,"href":"https:\/\/ii-2p.org\/it\/wp-json\/wp\/v2\/users\/1"}],"replies":[{"embeddable":true,"href":"https:\/\/ii-2p.org\/it\/wp-json\/wp\/v2\/comments?post=1855"}],"version-history":[{"count":18,"href":"https:\/\/ii-2p.org\/it\/wp-json\/wp\/v2\/pages\/1855\/revisions"}],"predecessor-version":[{"id":3553,"href":"https:\/\/ii-2p.org\/it\/wp-json\/wp\/v2\/pages\/1855\/revisions\/3553"}],"wp:attachment":[{"href":"https:\/\/ii-2p.org\/it\/wp-json\/wp\/v2\/media?parent=1855"}],"curies":[{"name":"wp","href":"https:\/\/api.w.org\/{rel}","templated":true}]}}