{"id":2653,"date":"2022-06-24T14:07:21","date_gmt":"2022-06-24T14:07:21","guid":{"rendered":"https:\/\/ii-2p.org\/questionari-informatizzati-per-una-gestione-globale-dei-pazienti\/"},"modified":"2025-03-20T15:22:11","modified_gmt":"2025-03-20T15:22:11","slug":"questionari-informatizzati-per-una-gestione-globale-dei-pazienti","status":"publish","type":"page","link":"https:\/\/ii-2p.org\/it\/questionari-informatizzati-per-una-gestione-globale-dei-pazienti\/","title":{"rendered":"Questionari informatizzati per una gestione globale dei pazienti"},"content":{"rendered":"\t\t<div data-elementor-type=\"wp-page\" data-elementor-id=\"2653\" class=\"elementor elementor-2653 elementor-2123\" data-elementor-post-type=\"page\">\n\t\t\t\t\t\t\t\t\t<section class=\"elementor-section elementor-top-section elementor-element elementor-element-54b0d16 elementor-section-boxed elementor-section-height-default elementor-section-height-default\" data-id=\"54b0d16\" data-element_type=\"section\">\n\t\t\t\t\t\t<div class=\"elementor-container elementor-column-gap-default\">\n\t\t\t\t\t<div class=\"elementor-column elementor-col-100 elementor-top-column elementor-element elementor-element-47e9f18\" data-id=\"47e9f18\" data-element_type=\"column\">\n\t\t\t<div class=\"elementor-widget-wrap elementor-element-populated\">\n\t\t\t\t\t\t\t\t<div class=\"elementor-element elementor-element-69a318f elementor-widget elementor-widget-text-editor\" data-id=\"69a318f\" data-element_type=\"widget\" data-widget_type=\"text-editor.default\">\n\t\t\t\t<div class=\"elementor-widget-container\">\n\t\t\t<style>\/*! elementor - v3.18.0 - 20-12-2023 *\/\n.elementor-widget-text-editor.elementor-drop-cap-view-stacked .elementor-drop-cap{background-color:#69727d;color:#fff}.elementor-widget-text-editor.elementor-drop-cap-view-framed .elementor-drop-cap{color:#69727d;border:3px solid;background-color:transparent}.elementor-widget-text-editor:not(.elementor-drop-cap-view-default) .elementor-drop-cap{margin-top:8px}.elementor-widget-text-editor:not(.elementor-drop-cap-view-default) .elementor-drop-cap-letter{width:1em;height:1em}.elementor-widget-text-editor .elementor-drop-cap{float:left;text-align:center;line-height:1;font-size:50px}.elementor-widget-text-editor .elementor-drop-cap-letter{display:inline-block}<\/style>\t\t\t\t<h3 style=\"margin-right: 0px; margin-bottom: 0px; margin-left: 0px; color: #000000; font-size: 18px; background-color: #f8f8f8; padding: 0px;\">&nbsp;<\/h3>\n<div style=\"margin: 0px; padding: 0px; border: 0px; outline: 0px; font-size: 16px; font-family: Lato, sans-serif; vertical-align: baseline; color: #666666; background-color: #f8f8f8;\">\n<div style=\"margin: 0px; padding: 0px; border: 0px; outline: 0px; font-weight: inherit; font-style: inherit; font-family: inherit; vertical-align: baseline; width: 990px; position: relative; min-height: auto; float: left;\">\n<div style=\"margin: 0px; padding: 0px; border: 0px; outline: 0px; font-weight: inherit; font-style: inherit; font-family: inherit; vertical-align: baseline;\">\n<div style=\"margin: 0px; padding: 0px; border: 0px; outline: 0px; font-weight: inherit; font-style: inherit; font-family: inherit; vertical-align: baseline;\">\n<div style=\"margin: 0px; padding: 0px; border: 0px; outline: 0px; font-weight: inherit; font-style: inherit; font-family: inherit; vertical-align: baseline; width: 990px; position: relative; min-height: auto; float: left;\">\n<div style=\"margin: 0px; padding: 0px; border: 0px; outline: 0px; font-weight: inherit; font-style: inherit; font-family: inherit; vertical-align: baseline; width: 990px;\">\n<div style=\"margin: 0px; padding: 0px; border: 0px; outline: 0px; font-weight: inherit; font-style: inherit; font-family: inherit; vertical-align: baseline;\">\n<div style=\"margin: 0px 0px 35px; padding: 0px; border: 0px; outline: 0px; font-weight: inherit; font-style: inherit; font-family: inherit; vertical-align: baseline;\">\n<div style=\"margin: 0px; padding: 0px; border: 0px; outline: 0px; font-weight: inherit; font-style: inherit; font-family: inherit; vertical-align: baseline;\">\n<p style=\"margin-right: 0px; margin-bottom: 0px; margin-left: 0px; padding: 1em 0px; border: 0px; outline: 0px; font-weight: inherit; font-style: inherit; font-family: inherit; vertical-align: baseline; line-height: 24px;\"><span style=\"color: #000000; font-family: Lato; font-size: 18px;\">QUIDAM<\/span><\/p>\n<p style=\"margin-right: 0px; margin-bottom: 0px; margin-left: 0px; padding: 1em 0px; border: 0px; outline: 0px; font-weight: inherit; font-style: inherit; font-family: inherit; vertical-align: baseline; line-height: 24px;\"><span style=\"font-weight: bolder; color: #000000; font-family: inherit; font-style: inherit;\">QUIDAM : QU<\/span><span style=\"font-family: inherit; font-style: inherit; font-weight: inherit;\">estionario&nbsp;<\/span><span style=\"font-weight: bolder; color: #000000; font-family: inherit; font-style: inherit;\">I<\/span><span style=\"font-family: inherit; font-style: inherit; font-weight: inherit;\">ndividuale&nbsp;<\/span><span style=\"font-weight: bolder; color: #000000; font-family: inherit; font-style: inherit;\">di<\/span><span style=\"font-weight: bolder; color: #000000; font-family: inherit; font-style: inherit;\">A<\/span><span style=\"font-family: inherit; font-style: inherit; font-weight: inherit;\">pporti in&nbsp;<\/span><span style=\"font-weight: bolder; color: #000000; font-family: inherit; font-style: inherit; margin-bottom: 0px;\">M<\/span><span style=\"font-family: inherit; font-style: inherit; font-weight: inherit;\">acronutrimenti<\/span><\/p>\n<p style=\"margin-right: 0px; margin-bottom: 0px; margin-left: 0px; padding: 1em 0px; border: 0px; outline: 0px; font-weight: inherit; font-style: inherit; font-family: inherit; vertical-align: baseline; line-height: 24px;\">Il <strong style=\"color: #000000; margin-bottom: 0px;\">QUIDAM<\/strong> \u00e8 uno strumento semplice e veloce che consente di valutare la natura e la frequenza di consumo di diversi tipi di alimenti: frutta, verdura, alimenti integrali, carni e pesci grassi, latticini, tipi di olio e acqua consumati dai pazienti.<\/p>\n<p style=\"margin-right: 0px; margin-bottom: 0px; margin-left: 0px; padding: 1em 0px; border: 0px; outline: 0px; font-weight: inherit; font-style: inherit; font-family: inherit; vertical-align: baseline; line-height: 24px;\">Le 8 domande del QUIDAM consentono di ottenere rapidamente una valutazione delle abitudini alimentari dei pazienti.<\/p>\n<p style=\"margin-right: 0px; margin-bottom: 0px; margin-left: 0px; padding: 1em 0px; border: 0px; outline: 0px; font-weight: inherit; font-style: inherit; font-family: inherit; vertical-align: baseline; line-height: 24px;\">Il radar di interpretazione identifica i possibili errori alimentari e l&#8217;interpretazione consente di apportare le modifiche necessarie.<\/p>\n<\/div>\n<\/div>\n<div style=\"padding: 0px; border: 0px; outline: 0px; font-weight: inherit; font-style: inherit; font-family: inherit; vertical-align: baseline; max-width: 100%; margin: 20px !important 0px 21.74px 0px;\">&nbsp;<\/div>\n<\/div>\n<\/div>\n<\/div>\n<\/div>\n<h3 style=\"margin-right: 0px; margin-bottom: 0px; margin-left: 0px; padding: 0px; color: #000000; font-size: 18px;\">QUADO<\/h3>\n<div style=\"margin: 0px 0px 35px; padding: 0px; border: 0px; outline: 0px; font-weight: inherit; font-style: inherit; font-family: inherit; vertical-align: baseline;\">\n<div style=\"margin: 0px; padding: 0px; border: 0px; outline: 0px; font-weight: inherit; font-style: inherit; font-family: inherit; vertical-align: baseline;\">\n<p style=\"margin-right: 0px; margin-bottom: 0px; margin-left: 0px; padding: 1em 0px; border: 0px; outline: 0px; font-weight: inherit; font-style: inherit; font-family: inherit; vertical-align: baseline; line-height: 24px;\"><strong style=\"color: #000000;\">QUADO<\/strong> : <strong style=\"color: #000000;\">QU<\/strong>estionario per l&#8217;<strong style=\"color: #000000;\">A<\/strong>nalisi, la <strong style=\"color: #000000;\">D<\/strong>eterminazione e l&#8217;<strong style=\"color: #000000;\">O<\/strong>rientamento in Fisionutrizione<br>(Responsabile Didattico <strong style=\"color: #000000; margin-bottom: 0px;\">Dr Serge SERVER)<\/strong><\/p>\n<p style=\"margin-right: 0px; margin-bottom: 0px; margin-left: 0px; padding: 1em 0px; border: 0px; outline: 0px; font-weight: inherit; font-style: inherit; font-family: inherit; vertical-align: baseline; line-height: 24px;\">Le 106 domande del QUADO studiano la storia personale, lo stile di vita, i trattamenti in corso e i numerosi segni funzionali (irritativi, cutanei, digestivi, neuro-sensoriali, immunitari&#8230;) dei pazienti.<\/p>\n<p style=\"margin-right: 0px; margin-bottom: 0px; margin-left: 0px; padding: 1em 0px; border: 0px; outline: 0px; font-weight: inherit; font-style: inherit; font-family: inherit; vertical-align: baseline; line-height: 24px;\">La griglia di interpretazione QUADO fornisce una valutazione globale degli squilibri micronutrizionali su tutti gli 8 equilibri: microbiota &#8211; permeabilit\u00e0 intestinale &#8211; detox &#8211; ossido-infiammatorio &#8211; acidi grassi essenziali &#8211; acido base &#8211; neuromediatori e mitocondri.<\/p>\n<p style=\"margin-right: 0px; margin-bottom: 0px; margin-left: 0px; padding: 1em 0px; border: 0px; outline: 0px; font-weight: inherit; font-style: inherit; font-family: inherit; vertical-align: baseline; line-height: 24px;\">L&#8217;analisi del QUADO permette di impostare un trattamento adattato alle esigenze di ogni individuo in base all&#8217;equilibrio.<\/p>\n<\/div>\n<\/div>\n<\/div>\n<\/div>\n<\/div>\n<div style=\"margin: 0px; padding: 0px; border: 0px; outline: 0px; font-size: 16px; font-family: Lato, sans-serif; vertical-align: baseline; color: #666666; background-color: #f8f8f8;\">\n<div style=\"margin: 0px; padding: 0px; border: 0px; outline: 0px; font-weight: inherit; font-style: inherit; font-family: inherit; vertical-align: baseline; width: 990px; position: relative; min-height: auto; float: left;\">\n<div style=\"margin: 0px; padding: 0px; border: 0px; outline: 0px; font-weight: inherit; font-style: inherit; font-family: inherit; vertical-align: baseline;\">\n<div style=\"margin: 0px 0px 35px; padding: 0px; border: 0px; outline: 0px; font-weight: inherit; font-style: inherit; font-family: inherit; vertical-align: baseline;\">\n<div style=\"margin: 0px; padding: 0px; border: 0px; outline: 0px; font-weight: inherit; font-style: inherit; font-family: inherit; vertical-align: baseline;\">&nbsp;<\/div>\n<\/div>\n<\/div>\n<\/div>\n<\/div>\n<div style=\"margin: 0px; padding: 0px; border: 0px; outline: 0px; font-size: 16px; font-family: Lato, sans-serif; vertical-align: baseline; color: #666666; background-color: #f8f8f8;\">\n<div style=\"margin: 0px; padding: 0px; border: 0px; outline: 0px; font-weight: inherit; font-style: inherit; font-family: inherit; vertical-align: baseline; width: 990px; position: relative; min-height: auto; float: left;\">\n<div style=\"margin: 0px; padding: 0px; border: 0px; outline: 0px; font-weight: inherit; font-style: inherit; font-family: inherit; vertical-align: baseline;\">\n<h3 style=\"margin-right: 0px; margin-bottom: 0px; margin-left: 0px; padding: 0px; color: #000000; font-size: 18px;\">VDN<\/h3>\n<div style=\"margin: 0px 0px 35px; padding: 0px; border: 0px; outline: 0px; font-weight: inherit; font-style: inherit; font-family: inherit; vertical-align: baseline;\">\n<div style=\"margin: 0px; padding: 0px; border: 0px; outline: 0px; font-weight: inherit; font-style: inherit; font-family: inherit; vertical-align: baseline;\">\n<p style=\"margin-right: 0px; margin-bottom: 0px; margin-left: 0px; padding: 1em 0px; border: 0px; outline: 0px; font-weight: inherit; font-style: inherit; font-family: inherit; vertical-align: baseline; line-height: 24px;\"><strong style=\"color: #000000; margin-bottom: 0px;\">Il VDN: Valutazione dei Deficit in Neuromediatori<\/strong><\/p>\n<p style=\"margin-right: 0px; margin-bottom: 0px; margin-left: 0px; padding: 1em 0px; border: 0px; outline: 0px; font-weight: inherit; font-style: inherit; font-family: inherit; vertical-align: baseline; line-height: 24px;\">Numerosi studi scientifici hanno dimostrato che un deficit di neurotrasmettitori come la serotonina o la dopamina pu\u00f2 essere alla base dei fallimenti delle diete, perch\u00e9 comporta una perdita di fiducia in se stessi, un calo di motivazione, una tendenza alle compulsioni alimentari, uno stato depressivo negativo, una sensazione di non successo&#8230; Per prevenire i fallimenti, il VDM permette di determinare un eventuale squilibrio della serotonina e\/o della dopamina e di impostare un protocollo terapeutico adeguato.<\/p>\n<\/div>\n<\/div>\n<\/div>\n<\/div>\n<\/div>\n<div style=\"margin: 0px; padding: 0px; border: 0px; outline: 0px; font-size: 16px; font-family: Lato, sans-serif; vertical-align: baseline; color: #666666; background-color: #f8f8f8;\">&nbsp;<\/div>\n<div style=\"margin: 0px; padding: 0px; border: 0px; outline: 0px; font-size: 16px; font-family: Lato, sans-serif; vertical-align: baseline; width: 990px; position: relative; min-height: 1px; float: left; color: #666666; background-color: #f8f8f8;\">\n<div style=\"margin: 0px; padding: 0px; border: 0px; outline: 0px; font-weight: inherit; font-style: inherit; font-family: inherit; vertical-align: baseline;\">\n<h3 style=\"margin-right: 0px; margin-bottom: 0px; margin-left: 0px; padding: 0px; color: #000000; font-size: 18px;\">Area Professionisti<\/h3>\n<div style=\"margin: 0px 0px 35px; padding: 0px; border: 0px; outline: 0px; font-weight: inherit; font-style: inherit; font-family: inherit; vertical-align: baseline;\">\n<div style=\"margin: 0px; padding: 0px; border: 0px; outline: 0px; font-weight: inherit; font-style: inherit; font-family: inherit; vertical-align: baseline;\">\n<p style=\"margin-right: 0px; margin-bottom: 0px; margin-left: 0px; padding: 1em 0px; border: 0px; outline: 0px; font-weight: inherit; font-style: inherit; font-family: inherit; vertical-align: baseline; line-height: 24px;\">La nostra area professionisti consente di accedere rapidamente a tutti i questionari. La nostra piattaforma educativa ed ergonomica consente di monitorare ogni paziente nel tempo. Poich\u00e9 i questionari possono essere compilati pi\u00f9 volte, \u00e8 possibile confrontare i risultati e analizzarne l&#8217;evoluzione per adattare, se necessario, il trattamento iniziale.<\/p>\n<\/div>\n<\/div>\n<\/div>\n<\/div>\t\t\t\t\t\t<\/div>\n\t\t\t\t<\/div>\n\t\t\t\t\t<\/div>\n\t\t<\/div>\n\t\t\t\t\t\t\t<\/div>\n\t\t<\/section>\n\t\t\t\t\t\t\t<\/div>\n\t\t","protected":false},"excerpt":{"rendered":"<p>&nbsp; QUIDAM QUIDAM : QUestionario&nbsp;Individuale&nbsp;diApporti in&nbsp;Macronutrimenti Il QUIDAM \u00e8 uno strumento semplice e veloce che consente di valutare la natura e la frequenza di consumo di diversi tipi di alimenti: frutta, verdura, alimenti integrali, carni e pesci grassi, latticini, tipi di olio e acqua consumati dai pazienti. Le 8 domande del QUIDAM consentono di ottenere [&hellip;]<\/p>\n","protected":false},"author":1,"featured_media":0,"parent":0,"menu_order":0,"comment_status":"closed","ping_status":"closed","template":"","meta":{"footnotes":""},"_links":{"self":[{"href":"https:\/\/ii-2p.org\/it\/wp-json\/wp\/v2\/pages\/2653"}],"collection":[{"href":"https:\/\/ii-2p.org\/it\/wp-json\/wp\/v2\/pages"}],"about":[{"href":"https:\/\/ii-2p.org\/it\/wp-json\/wp\/v2\/types\/page"}],"author":[{"embeddable":true,"href":"https:\/\/ii-2p.org\/it\/wp-json\/wp\/v2\/users\/1"}],"replies":[{"embeddable":true,"href":"https:\/\/ii-2p.org\/it\/wp-json\/wp\/v2\/comments?post=2653"}],"version-history":[{"count":32,"href":"https:\/\/ii-2p.org\/it\/wp-json\/wp\/v2\/pages\/2653\/revisions"}],"predecessor-version":[{"id":5468,"href":"https:\/\/ii-2p.org\/it\/wp-json\/wp\/v2\/pages\/2653\/revisions\/5468"}],"wp:attachment":[{"href":"https:\/\/ii-2p.org\/it\/wp-json\/wp\/v2\/media?parent=2653"}],"curies":[{"name":"wp","href":"https:\/\/api.w.org\/{rel}","templated":true}]}}