{"id":5123,"date":"2023-06-09T08:04:33","date_gmt":"2023-06-09T08:04:33","guid":{"rendered":"https:\/\/ii-2p.org\/?page_id=5123"},"modified":"2024-07-23T08:23:50","modified_gmt":"2024-07-23T08:23:50","slug":"corso-diplomante-in-micronutrizione-e-medicina-funzionale","status":"publish","type":"page","link":"https:\/\/ii-2p.org\/it\/corso-diplomante-in-micronutrizione-e-medicina-funzionale\/","title":{"rendered":"Corso diplomante in micronutrizione e medicina funzionale"},"content":{"rendered":"\t\t<div data-elementor-type=\"wp-page\" data-elementor-id=\"5123\" class=\"elementor elementor-5123\" data-elementor-post-type=\"page\">\n\t\t\t\t\t\t\t\t\t<section class=\"elementor-section elementor-top-section elementor-element elementor-element-4fc7cf4b elementor-section-boxed elementor-section-height-default elementor-section-height-default\" data-id=\"4fc7cf4b\" data-element_type=\"section\">\n\t\t\t\t\t\t<div class=\"elementor-container elementor-column-gap-default\">\n\t\t\t\t\t<div class=\"elementor-column elementor-col-100 elementor-top-column elementor-element elementor-element-5aac011b\" data-id=\"5aac011b\" data-element_type=\"column\">\n\t\t\t<div class=\"elementor-widget-wrap elementor-element-populated\">\n\t\t\t\t\t\t\t\t<div class=\"elementor-element elementor-element-65d071ee elementor-widget elementor-widget-text-editor\" data-id=\"65d071ee\" data-element_type=\"widget\" data-widget_type=\"text-editor.default\">\n\t\t\t\t<div class=\"elementor-widget-container\">\n\t\t\t<style>\/*! elementor - v3.18.0 - 20-12-2023 *\/\n.elementor-widget-text-editor.elementor-drop-cap-view-stacked .elementor-drop-cap{background-color:#69727d;color:#fff}.elementor-widget-text-editor.elementor-drop-cap-view-framed .elementor-drop-cap{color:#69727d;border:3px solid;background-color:transparent}.elementor-widget-text-editor:not(.elementor-drop-cap-view-default) .elementor-drop-cap{margin-top:8px}.elementor-widget-text-editor:not(.elementor-drop-cap-view-default) .elementor-drop-cap-letter{width:1em;height:1em}.elementor-widget-text-editor .elementor-drop-cap{float:left;text-align:center;line-height:1;font-size:50px}.elementor-widget-text-editor .elementor-drop-cap-letter{display:inline-block}<\/style>\t\t\t\t<p>DIVENTA UNO SPECIALISTA IN MICRONUTRIZIONE E MEDICINA FUNZIONALE<\/p><p>Corso diplomante in modalit\u00e0 webinar<\/p><p>10 webinar &#8211; appuntamento mensile<\/p><p>Perch\u00e9 diventare uno specialista in micronutrizione e medicina funzionale?<\/p><ul><li><strong>Acquisire nuovi pazienti<\/strong>: sempre pi\u00f9 persone si prendono cura del proprio benessere per vivere pi\u00f9 a lungo e in salute. Tutti sono alla ricerca di specialisti che li guidino nella dieta, negli stili di vita e nell&#8217;uso di integratori alimentari per prevenire e accompagnare le malattie.<\/li><\/ul><ul><li><strong>Il mercato della micronutrizione e della medicina funzionale<\/strong>: questo mercato \u00e8 in piena espansione. Diventa tra gli specialisti di riferimento della tua regione e integra il tuo lavoro con questionari convalidati per aiutarti a monitorare e seguire i tuoi pazienti.<\/li><\/ul><ul><li><strong>Ottimizzare al massimo la tua attivit\u00e0 professionale<\/strong>: grazie a questa nuova specializzazione potrai implementare la tua attivit\u00e0 e prenderti cura della salute dei tuoi pazienti in modo ottimale.<\/li><\/ul><ul><li><strong>Un ciclo di 10 moduli in modalit\u00e0 webinar: <\/strong>progetta e lancia la tua attivit\u00e0 professionale in micronutrizione e medicina funzionale.<\/li><\/ul><ul><li><strong>Strumenti convalidati e di facile utilizzo per l&#8217;orientamento diagnostico<\/strong>: ti permetteranno di integrare la micronutrizione e la medicina funzionale nella tua pratica quotidiana, migliorando cos\u00ec la tua attivit\u00e0.<\/li><\/ul><ul><li><strong>Confronto interattivo con i nostri esperti: <\/strong>al termine di ogni modulo \u00e8 prevista una sessione Q&amp;A con i nostri esperti.<\/li><\/ul><p>Programma scientifico in 10 moduli da 45 minuti<\/p><ol><li>Introduzione alla medicina funzionale e la detossificazione<\/li><li>La permeabilit\u00e0 intestinale\u00a0<\/li><li>La gestione delle disbiosi<\/li><li>L\u2019equilibrio ossidativo &#8211; inflammatorio<\/li><li>La funzione mitocondriale<\/li><li>L\u2019equilibrio metabolico<\/li><li>L&#8217;equilibrio acido-base<\/li><li>L\u2019equilibrio degli acidi grassi<\/li><li>L&#8217;equilibrio dei neuromediatori<\/li><li>L&#8217;equilibrio ormonale<\/li><\/ol><p>Relatore del Corso: <strong>Dott. Pietro Senette<\/strong><\/p><p>Nutrizionista, Ricercatore Specialista in nutrigenetica a Cagliari, Milano, Sinnai e Iglesias<\/p><p>LA PARTECIPAZIONE AL CORSO E GRATUITA\u00a0<\/p><p>Il diploma in Micronutrizione e Medicina Funzionale sar\u00e0 consegnato dall&#8217;II2P al termine del ciclo completo di formazione in modalit\u00e0 webinar.<\/p><p><strong>Per qualsivoglia informazione inviare una mail a\u00a0<\/strong><span style=\"text-decoration: underline;\"><a href=\"mailto:segreteria@ii-2p.org\"><strong>segreteria@ii-2p.org<\/strong><\/a><\/span><\/p>\t\t\t\t\t\t<\/div>\n\t\t\t\t<\/div>\n\t\t\t\t\t<\/div>\n\t\t<\/div>\n\t\t\t\t\t\t\t<\/div>\n\t\t<\/section>\n\t\t\t\t\t\t\t<\/div>\n\t\t","protected":false},"excerpt":{"rendered":"<p>DIVENTA UNO SPECIALISTA IN MICRONUTRIZIONE E MEDICINA FUNZIONALE Corso diplomante in modalit\u00e0 webinar 10 webinar &#8211; appuntamento mensile Perch\u00e9 diventare uno specialista in micronutrizione e medicina funzionale? Acquisire nuovi pazienti: sempre pi\u00f9 persone si prendono cura del proprio benessere per vivere pi\u00f9 a lungo e in salute. Tutti sono alla ricerca di specialisti che li [&hellip;]<\/p>\n","protected":false},"author":9,"featured_media":0,"parent":0,"menu_order":0,"comment_status":"closed","ping_status":"closed","template":"","meta":{"footnotes":""},"_links":{"self":[{"href":"https:\/\/ii-2p.org\/it\/wp-json\/wp\/v2\/pages\/5123"}],"collection":[{"href":"https:\/\/ii-2p.org\/it\/wp-json\/wp\/v2\/pages"}],"about":[{"href":"https:\/\/ii-2p.org\/it\/wp-json\/wp\/v2\/types\/page"}],"author":[{"embeddable":true,"href":"https:\/\/ii-2p.org\/it\/wp-json\/wp\/v2\/users\/9"}],"replies":[{"embeddable":true,"href":"https:\/\/ii-2p.org\/it\/wp-json\/wp\/v2\/comments?post=5123"}],"version-history":[{"count":12,"href":"https:\/\/ii-2p.org\/it\/wp-json\/wp\/v2\/pages\/5123\/revisions"}],"predecessor-version":[{"id":5402,"href":"https:\/\/ii-2p.org\/it\/wp-json\/wp\/v2\/pages\/5123\/revisions\/5402"}],"wp:attachment":[{"href":"https:\/\/ii-2p.org\/it\/wp-json\/wp\/v2\/media?parent=5123"}],"curies":[{"name":"wp","href":"https:\/\/api.w.org\/{rel}","templated":true}]}}