{"id":2180,"date":"2021-12-20T14:18:48","date_gmt":"2021-12-20T14:18:48","guid":{"rendered":"https:\/\/ii-2p.org\/e-t-i-p-p\/"},"modified":"2022-10-04T14:33:29","modified_gmt":"2022-10-04T14:33:29","slug":"i-i-2-p","status":"publish","type":"page","link":"https:\/\/ii-2p.org\/nl\/i-i-2-p\/","title":{"rendered":"II2P"},"content":{"rendered":"\t\t<div data-elementor-type=\"wp-page\" data-elementor-id=\"2180\" class=\"elementor elementor-2180 elementor-894\" data-elementor-post-type=\"page\">\n\t\t\t\t\t\t\t\t\t<section class=\"elementor-section elementor-top-section elementor-element elementor-element-ef353e1 elementor-section-boxed elementor-section-height-default elementor-section-height-default\" data-id=\"ef353e1\" data-element_type=\"section\">\n\t\t\t\t\t\t<div class=\"elementor-container elementor-column-gap-default\">\n\t\t\t\t\t<div class=\"elementor-column elementor-col-100 elementor-top-column elementor-element elementor-element-761972f\" data-id=\"761972f\" data-element_type=\"column\">\n\t\t\t<div class=\"elementor-widget-wrap elementor-element-populated\">\n\t\t\t\t\t\t\t\t<div class=\"elementor-element elementor-element-c5660cb elementor-widget elementor-widget-text-editor\" data-id=\"c5660cb\" data-element_type=\"widget\" data-widget_type=\"text-editor.default\">\n\t\t\t\t<div class=\"elementor-widget-container\">\n\t\t\t<style>\/*! elementor - v3.18.0 - 20-12-2023 *\/\n.elementor-widget-text-editor.elementor-drop-cap-view-stacked .elementor-drop-cap{background-color:#69727d;color:#fff}.elementor-widget-text-editor.elementor-drop-cap-view-framed .elementor-drop-cap{color:#69727d;border:3px solid;background-color:transparent}.elementor-widget-text-editor:not(.elementor-drop-cap-view-default) .elementor-drop-cap{margin-top:8px}.elementor-widget-text-editor:not(.elementor-drop-cap-view-default) .elementor-drop-cap-letter{width:1em;height:1em}.elementor-widget-text-editor .elementor-drop-cap{float:left;text-align:center;line-height:1;font-size:50px}.elementor-widget-text-editor .elementor-drop-cap-letter{display:inline-block}<\/style>\t\t\t\t<div>\n<div>\n<div>\n<div>&nbsp;<\/div>\n<\/div>\n<\/div>\n<div>\n<div>\n<div>\n<div style=\"height: 32px;\">&nbsp;<\/div>\n<h1><strong>International Institute of Physionutrition and Phytotherapy<\/strong><\/h1>\n<div>\n<div>\n<p>II2P opleidingsbedrijf gevestigd in het Groothertogdom Luxemburg, werd opgericht op initiatief van huisartsen, nutritionisten en Universiteitsprofessoren om de gezondheidsprofessionals tot Fysionutritie en Fytotherapie op te leiden.<\/p>\n<p>Ons werk is op 3 hoofddoelen gericht :<\/p>\n<\/div>\n<\/div>\n<ul>\n<li style=\"list-style-type: none;\">\n<ul>\n<li>De gezondheidsprofessionals op te leiden tot de grondbeginselen van Fysionutritie en Fytotherapie door een opleidingscyclus van 64 modules<\/li>\n<li>Gevalideerde vragenlijsten van diagnoseori\u00ebntatie opstellen om de gezondheidsprofessionals te helpen bij de behandeling van de pati\u00ebnten<\/li>\n<\/ul>\n<\/li>\n<\/ul>\n<h3><strong>A. Voortgezette opleiding van gezondheidsprofessionals<\/strong><\/h3>\n<div>\n<div>\n<p>Het is het hoofddoel&nbsp; van II2P,&nbsp; zo hebben we uit didactische zorg beslist voor opleidingen op te richten die aangepast zijn op de dagelijkse vragen van de gezondheidsprofessionals, met het accent op de uitwisseling van ervaringen. We geven zeker de voorrang aan de kwaliteit van de sprekers, wat de basis is voor ieder kwaliteitsopleiding. Meerdere opleidingsvormen bestaan:<\/p>\n<\/div>\n<\/div>\n<p><strong>&nbsp; &nbsp; &nbsp; &nbsp; &nbsp; &nbsp;De opleidingscycli tot Fysionutritie en Fytotherapie:<\/strong><\/p>\n<p>II2P stelt een opleidingscyclus tot Fysionutritie en Fytotherapie van op parktijkgerichte 68 modules voor, en baseert zich op de voedingskennis, op de hoofdevenwichten van de Microvoeding (microbiota, darmpermeabiliteit, detox, oxydo-ontstekingsremmend, vetzuren, acidozuur, neuromediatoren, mitochondria) alsook op de verschillende diagnosevragenlijsten: <strong>QUIDAM <\/strong>: Individuele vragenlijst rond inname van macronutri\u00ebnten (<strong>QU<\/strong>estionnaire <strong>I<\/strong>ndividuel <strong>D<\/strong>\u2019<strong>A<\/strong>pport <strong>M<\/strong>acronutrionnels): De 8 vragen van QUIDAM geven u snel een idee van de (al dan niet foute) eetgewoonten van de pati\u00ebnten, die u na interpretatie kan op punt zetten. &nbsp;<strong>QUADO :<\/strong> <strong>QU<\/strong>estionnaire d\u2019<strong>A<\/strong>nalyse de <strong>D<\/strong>\u00e9pistage et d\u2019<strong>O<\/strong>rientation (Vragenlijst rond analyse, screening en ori\u00ebntatie): De 106 vragen van de QUADO bestuderen de persoonlijke achtergrond, de levensstijl, de lopende behandelingen en de talrijke functionele tekenen van de pati\u00ebnten, die u na interpretatie per evenwicht kan op punt zetten.&nbsp; <strong>QUEEN<\/strong>&nbsp;: <strong>Qu<\/strong>estionnaire d\u2019 <strong>E<\/strong>valuation en <strong>En<\/strong>docrinologie (Vragenlijst rond screening in endocrinologie): Deze vragenlijst geeft de mogelijkheid de verschillende endocriene dysfuncties van de pati\u00ebnten te bepalen. <strong>EDN<\/strong> : <strong>E<\/strong>valuation des <strong>D<\/strong>\u00e9ficits en <strong>N<\/strong>eurom\u00e9diateurs (Schatting van het tekort aan neuromediatoren) is een vragenlijst die het tekort aan neuromediatoren helpt schatten. EDN helpt een eventueel onevenwicht aan serotonine en\/ op dopamine te bepalen en een aangepast therapeutisch protocol op touw te zetten.<\/p>\n<p>Direct toepasbare protocolen zullen worden voorgesteld. Communicatie rond de planten&nbsp; toestaan hoe deze protocolen&nbsp; tot voorschriftsgewoonten te kunnen integreren.<\/p>\n<p><strong>&nbsp; &nbsp; &nbsp; &nbsp; &nbsp; &nbsp; Thematische opleidingen gespecialiseerd in de ge\u00efndividualiseerde inname van de pati\u00ebnten:<\/strong><\/p>\n<p>Deze opleidingen hebben als doel de noodzakelijke kennis te geven in verschillende domeinen. Deze voorgestelde domeinen helpen de gezondheidsprofessionals hun pati\u00ebnten te begeleiden, v\u00f3\u00f3r en na de verschillende voorgestelde therapie\u00ebn. Bijvoorbeeld :<\/p>\n<p>&#8211; In de begeleiding van de pati\u00ebnten in integratieve oncologie: we zullen de noodzakelijke zorgaanpakken voor de door kanker getroffen mensen aansnijden (zieken en omgeving). We zullen ook een algemene aanpak voorstellen ter begeleiding van de conventionele aanpakken. Dit gaat gebeuren om de therapeutische resultaten veilig te optimaliseren, de behandelingen beter te verdragen en de nasleep- en recidiverisico beter te verminderen.<\/p>\n<p><strong>&nbsp; &nbsp; &nbsp; &nbsp; &nbsp; &nbsp; &nbsp;Extra-muros seminaries<\/strong> :<\/p>\n<p>Elk jaar organiseren we (in samenwerking met onze historische partner THERASCIENCE) een tiental seminaries die 3 tot 10 dagen duren. Het is d\u00e9 gelegenheid om praktische onderwerpen te bespreken door middel van klinische casussen. Ze leiden tot preventieve of therapeutische behandelingen van de verschillende pathologie\u00ebn.<\/p>\n<h3><strong>B. Gevalideerde vragenlijsten van diagnose-ori\u00ebntatie voor gezondheidsprofessionals<\/strong><\/h3>\n<div>\n<div>\n<p>De door de verschillende wetenschappelijke comit\u00e9s opgerichte vragenlijsten QUIDAM, QUADO, QUEEN en EDN maken het mogelijk een algemene en optimale inname van de pati\u00ebnt. Zo worden de klinische onevenwichten in een begrijpelijke aanpak naar voren geplaatst. Deze vragenlijsten gebruiken&nbsp; de pati\u00ebntgeschiedenis als een hoofdtool om &nbsp;de diagnose, de tekenen en de symptomen te integreren.<\/p>\n<p>E\u00e9n vragenlijst bestaat voor elk van de 3 pijlers van de Fysionutritie : Voeding, Microvoeding en Endocrinologie, die 10 domeinen samenvatten.<\/p>\n<\/div>\n<\/div>\n<div>\n<div>\n<table>\n<tbody>\n<tr>\n<td>&nbsp;<\/td>\n<td><strong>Evenwicht<\/strong><\/td>\n<td><strong>Pijler<\/strong><\/td>\n<td><strong>Vragenlijsten<\/strong><\/td>\n<\/tr>\n<tr>\n<td>1<\/td>\n<td>Voedingsevenwicht<\/td>\n<td>Voeding<\/td>\n<td>QUIDAM<\/td>\n<\/tr>\n<tr>\n<td>2<\/td>\n<td>Microbiota-evenwicht<\/td>\n<td>Micronutritie<\/td>\n<td>QUADO<\/td>\n<\/tr>\n<tr>\n<td>3<\/td>\n<td>Evenwicht van de darmpermeabiliteit<\/td>\n<td>Micronutritie<\/td>\n<td>QUADO<\/td>\n<\/tr>\n<tr>\n<td>4<\/td>\n<td>Detoxevenwicht<\/td>\n<td>Micronutritie<\/td>\n<td>QUADO<\/td>\n<\/tr>\n<tr>\n<td>5<\/td>\n<td>Oxydatief-ontstekingsremmend evenwicht<\/td>\n<td>Micronutritie<\/td>\n<td>QUADO<\/td>\n<\/tr>\n<tr>\n<td>6<\/td>\n<td>Evenwicht van essenti\u00eble vetzuren<\/td>\n<td>Micronutritie<\/td>\n<td>QUADO<\/td>\n<\/tr>\n<tr>\n<td>7<\/td>\n<td>Zuur-base-evenwicht<\/td>\n<td>Micronutritie<\/td>\n<td>QUADO<\/td>\n<\/tr>\n<tr>\n<td>8<\/td>\n<td>Evenwicht van de neuromediatoren<\/td>\n<td>Micronutritie<\/td>\n<td>QUADO\/EDN<\/td>\n<\/tr>\n<tr>\n<td>9<\/td>\n<td>Mitochondriaal evenwicht<\/td>\n<td>Micronutritie<\/td>\n<td>QUADO<\/td>\n<\/tr>\n<tr>\n<td>10<\/td>\n<td>Metabolisch en hormonaal evenwicht&nbsp;<\/td>\n<td>Endocrinologie<\/td>\n<td>QUEEN<\/td>\n<\/tr>\n<tr>\n<td>&nbsp;<\/td>\n<td>&nbsp;<\/td>\n<td>&nbsp;<\/td>\n<td>&nbsp;<\/td>\n<\/tr>\n<\/tbody>\n<\/table>\n<\/div>\n<\/div>\n<h3>QUIDAM<\/h3>\n<div>\n<div>\n<p>QUIDAM (<strong>QU<\/strong>estionnaire <strong>I<\/strong>ndividuel <strong>D<\/strong>\u2019<strong>A<\/strong>pports en <strong>M<\/strong>acronutriments) is een eenvoudige tool om de aard en de consumptiefrequentie van verschillende types voedingsstoffen die door uw pati\u00ebnten worden gebruikt, in te schatten : fruit, groenten, volwaardige voedingsstoffen, vette vlees- en vissoorten, melkprodukten, soorten olie en water.<\/p>\n<\/div>\n<\/div>\n<h3>QUADO<\/h3>\n<div>\n<div>\n<p>QUADO (<strong>QU<\/strong>estionnaire d\u2019<strong>A<\/strong>nalyse, de <strong>D<\/strong>\u00e9pistage et d\u2019<strong>O<\/strong>rientation en Physionutrition). De 106 vragen van de QUADO bestuderen de persoonlijke achtergrond, de levensstijl, de lopende behandelingen en de talrijke functionele tekenen (irritatie, huid, spijsvertering, neurosensorisch, immunitair\u2026) van uw pati\u00ebnten.<\/p>\n<\/div>\n<\/div>\n<h3>QUEEN<\/h3>\n<div>\n<div>\n<p>(<strong>QU<\/strong>estionnaire d\u2019<strong>\u00c9<\/strong>valuation en <strong>EN<\/strong>docrinologie) QUEEN bestudeert de symptomen en medische voorgeschiedenis van uw pati\u00ebnten rond 11 hormonen.<\/p>\n<\/div>\n<\/div>\n<h3>EDN<\/h3>\n<div>\n<div>\n<p>EDN (<strong>\u00c9<\/strong>valuation des <strong>D<\/strong>\u00e9ficits en <strong>N<\/strong>eurom\u00e9diateurs) is een vragenlijst die de tekorten aan neuromediatoren schat. EDN staat toe een eventueel onevenwicht aan serotonine en\/of dopamine te bepalen en een aangepast therapeutisch protocol op touw te zetten.<\/p>\n<\/div>\n<\/div>\n<h3>Een professionele ruimte<\/h3>\n<div>\n<div>\n<p>Via onze \u00ab professionele ruimte \u00bb hebt u een vlotte toegang tot de vragenlijsten. Via ons pedagogisch en ergonomisch platform kunt u elke pati\u00ebnt opvolgen. Omdat de vragenlijsten meermaals kunnen worden ingevuld, is het mogelijk de resultaten te vergelijken en hun evolutie te analyseren zodat u de begeleiding kan bijsturen indien nodig.<\/p>\n<p>Om uw professionele ruimte aan te maken, stuur een mail naar info@ii-2p.org.&nbsp;<\/p>\n<\/div>\n<\/div>\n<\/div>\n<\/div>\n<\/div>\n<\/div>\t\t\t\t\t\t<\/div>\n\t\t\t\t<\/div>\n\t\t\t\t\t<\/div>\n\t\t<\/div>\n\t\t\t\t\t\t\t<\/div>\n\t\t<\/section>\n\t\t\t\t\t\t\t<\/div>\n\t\t","protected":false},"excerpt":{"rendered":"<p>&nbsp; &nbsp; International Institute of Physionutrition and Phytotherapy II2P opleidingsbedrijf gevestigd in het Groothertogdom Luxemburg, werd opgericht op initiatief van huisartsen, nutritionisten en Universiteitsprofessoren om de gezondheidsprofessionals tot Fysionutritie en Fytotherapie op te leiden. Ons werk is op 3 hoofddoelen gericht : De gezondheidsprofessionals op te leiden tot de grondbeginselen van Fysionutritie en Fytotherapie door [&hellip;]<\/p>\n","protected":false},"author":1,"featured_media":0,"parent":0,"menu_order":0,"comment_status":"closed","ping_status":"closed","template":"","meta":{"footnotes":""},"_links":{"self":[{"href":"https:\/\/ii-2p.org\/nl\/wp-json\/wp\/v2\/pages\/2180"}],"collection":[{"href":"https:\/\/ii-2p.org\/nl\/wp-json\/wp\/v2\/pages"}],"about":[{"href":"https:\/\/ii-2p.org\/nl\/wp-json\/wp\/v2\/types\/page"}],"author":[{"embeddable":true,"href":"https:\/\/ii-2p.org\/nl\/wp-json\/wp\/v2\/users\/1"}],"replies":[{"embeddable":true,"href":"https:\/\/ii-2p.org\/nl\/wp-json\/wp\/v2\/comments?post=2180"}],"version-history":[{"count":15,"href":"https:\/\/ii-2p.org\/nl\/wp-json\/wp\/v2\/pages\/2180\/revisions"}],"predecessor-version":[{"id":4447,"href":"https:\/\/ii-2p.org\/nl\/wp-json\/wp\/v2\/pages\/2180\/revisions\/4447"}],"wp:attachment":[{"href":"https:\/\/ii-2p.org\/nl\/wp-json\/wp\/v2\/media?parent=2180"}],"curies":[{"name":"wp","href":"https:\/\/api.w.org\/{rel}","templated":true}]}}