{"id":2185,"date":"2021-12-20T15:38:24","date_gmt":"2021-12-20T15:38:24","guid":{"rendered":"https:\/\/ii-2p.org\/consultatie-in-fysionutritie\/"},"modified":"2022-09-07T11:01:10","modified_gmt":"2022-09-07T11:01:10","slug":"consultatie-in-fysionutritie","status":"publish","type":"page","link":"https:\/\/ii-2p.org\/nl\/consultatie-in-fysionutritie\/","title":{"rendered":"Consultatie in Fysionutritie"},"content":{"rendered":"\t\t<div data-elementor-type=\"wp-page\" data-elementor-id=\"2185\" class=\"elementor elementor-2185 elementor-1030\" data-elementor-post-type=\"page\">\n\t\t\t\t\t\t\t\t\t<section class=\"elementor-section elementor-top-section elementor-element elementor-element-16aa8d7 elementor-section-boxed elementor-section-height-default elementor-section-height-default\" data-id=\"16aa8d7\" data-element_type=\"section\">\n\t\t\t\t\t\t<div class=\"elementor-container elementor-column-gap-default\">\n\t\t\t\t\t<div class=\"elementor-column elementor-col-100 elementor-top-column elementor-element elementor-element-40e0824\" data-id=\"40e0824\" data-element_type=\"column\">\n\t\t\t<div class=\"elementor-widget-wrap elementor-element-populated\">\n\t\t\t\t\t\t\t\t<div class=\"elementor-element elementor-element-7b9d625 elementor-widget elementor-widget-text-editor\" data-id=\"7b9d625\" data-element_type=\"widget\" data-widget_type=\"text-editor.default\">\n\t\t\t\t<div class=\"elementor-widget-container\">\n\t\t\t<style>\/*! elementor - v3.18.0 - 20-12-2023 *\/\n.elementor-widget-text-editor.elementor-drop-cap-view-stacked .elementor-drop-cap{background-color:#69727d;color:#fff}.elementor-widget-text-editor.elementor-drop-cap-view-framed .elementor-drop-cap{color:#69727d;border:3px solid;background-color:transparent}.elementor-widget-text-editor:not(.elementor-drop-cap-view-default) .elementor-drop-cap{margin-top:8px}.elementor-widget-text-editor:not(.elementor-drop-cap-view-default) .elementor-drop-cap-letter{width:1em;height:1em}.elementor-widget-text-editor .elementor-drop-cap{float:left;text-align:center;line-height:1;font-size:50px}.elementor-widget-text-editor .elementor-drop-cap-letter{display:inline-block}<\/style>\t\t\t\t<h3 style=\"margin-right: 0px; margin-bottom: 0px; margin-left: 0px; padding: 0px; color: #000000; font-size: 18px;\">Consultatie in Fysionutritie<\/h3><div><br><\/div>\n<h3 style=\"margin-right: 0px; margin-bottom: 0px; margin-left: 0px; padding: 0px; color: #000000; font-size: 18px;\"><span style=\"font-family: inherit; font-style: inherit; font-weight: inherit; color: #666666; font-size: 16px;\"> <\/span><\/h3>\n<h3 style=\"margin-right: 0px; margin-bottom: 0px; margin-left: 0px; padding: 0px; color: #000000; font-size: 18px; \"><span style=\"font-family: inherit; font-style: inherit; font-weight: inherit; color: #666666; font-size: 16px;\">Consultatie in Fysionutritie heeft als doel de onevenwichten en de in macro- en micronutri\u00ebntengebrekken van een individu over te nemen ten opzichte van zijn specifieke noden.<\/span><\/h3>\n<div style=\"margin: 0px; padding: 0px; border: 0px; outline: 0px; font-size: 16px; font-family: Lato, sans-serif; vertical-align: baseline; color: #666666;\">\n<div style=\"margin: 0px; padding: 0px; border: 0px; outline: 0px; font-weight: inherit; font-style: inherit; font-family: inherit; vertical-align: baseline; width: 990px; position: relative; min-height: auto; float: left;\">\n<div style=\"margin: 0px; padding: 0px; border: 0px; outline: 0px; font-weight: inherit; font-style: inherit; font-family: inherit; vertical-align: baseline;\">\n<div style=\"margin: 0px 0px 35px; padding: 0px; border: 0px; outline: 0px; font-weight: inherit; font-style: inherit; font-family: inherit; vertical-align: baseline;\">\n<div style=\"margin: 0px; padding: 0px; border: 0px; outline: 0px; font-weight: inherit; font-style: inherit; font-family: inherit; vertical-align: baseline;\">\n<p style=\"margin-right: 0px; margin-bottom: 0px; margin-left: 0px; padding: 1em 0px; border: 0px; outline: 0px; font-weight: inherit; font-style: inherit; font-family: inherit; vertical-align: baseline; line-height: 24px;\">Door middel van specifieke vragenlijsten stelt de consultatie in Fysionutritie de eetgewoonten en het algemene gezondheidstoestand van de pati\u00ebnt. In de eerste instantie om de voeding terug te evenwichten en in de tweede instantie, een aangepaste en gepersonaliseerde supplementatie voor te stellen.<\/p>\n<p style=\"margin-right: 0px; margin-bottom: 0px; margin-left: 0px; padding: 1em 0px; border: 0px; outline: 0px; font-weight: inherit; font-style: inherit; font-family: inherit; vertical-align: baseline; line-height: 24px;\">Fysionutritie neemt een zeer belangrijke plaats in tegenover een aan nutri\u00ebnten gebrekkige voeding voor 2 hoofdredenen:<\/p>\n<ul>\n<li style=\"line-height: 22px !important;\"><strong style=\"color: #000000; margin-bottom: 0px;\">De vermindering van de algemene calorie-inname heeft een vermindering van de micronutri\u00ebnten-inname met zich meegebracht.<\/strong> De levensstijlverandering (vermindering van werktijd, met de auto gemaakte trajecten, v\u00f3\u00f3r de televie doorgebrachte vrije tijd\u2026) brengt minder energieverbruik met zich mee.<\/li>\n<li style=\"margin-bottom: 0px; line-height: 22px !important;\"><strong style=\"color: #000000; margin-bottom: 0px;\">De vermindering van micronutri\u00ebntendichtheid.<\/strong> Nu komen 70% van onze voeding van aan nutri\u00ebnten veel minder rijke industri\u00eble produkten. Tegelijkertijd hebben de teelttechnieken de gehalte aan nutri\u00ebnten van fruit en groenten uitzienlijk doen verminderen.<\/li>\n<\/ul>\n<p style=\"margin-right: 0px; margin-bottom: 0px; margin-left: 0px; padding: 1em 0px; border: 0px; outline: 0px; font-weight: inherit; font-style: inherit; font-family: inherit; vertical-align: baseline; line-height: 24px;\">Zelfs met een evenwichtige voeding is het daarom moeilijk micronutri\u00ebnten aan zijn lichaam te brengen : vitaminen, mineralen, sporenelementen, vetzuren, probiotica, aminozuren) , die noodzakelijk zijn en nochtans een belangrijke rol inspelen. Als de gebrekssituatie doorgaat, komen er symptomen die de voorgangers zijn van ernstigere ziekten.<\/p>\n<p style=\"margin-right: 0px; margin-bottom: 0px; margin-left: 0px; padding: 1em 0px; border: 0px; outline: 0px; font-weight: inherit; font-style: inherit; font-family: inherit; vertical-align: baseline; line-height: 24px;\">Bij de consultatie in Fysionutritie en door middel van wetenschappelijke vragenlijsten schat de specialist uw micronutritionele gebrekken,hun oorsprong en hun gevolgen op uw algemene gezondheidstoestand. Daarna gaat hij u een ge\u00efndividualiseerd therapeutisch programma voorstellen om aan al uw eisen te antwoorden.<\/p>\n<p style=\"margin-right: 0px; margin-bottom: 0px; margin-left: 0px; padding: 1em 0px; border: 0px; outline: 0px; font-weight: inherit; font-style: inherit; font-family: inherit; vertical-align: baseline; line-height: 24px;\">Om verder te gaan kan de specialist in Fysionutritie u biologische testen voorschrijven.<\/p>\n<\/div>\n<\/div>\n<\/div>\n<\/div>\n<\/div>\n<div style=\"margin: 0px; padding: 0px; border: 0px; outline: 0px; font-size: 16px; font-family: Lato, sans-serif; vertical-align: baseline; color: #666666;\">\n<div style=\"margin: 0px; padding: 0px; border: 0px; outline: 0px; font-weight: inherit; font-style: inherit; font-family: inherit; vertical-align: baseline; width: 990px; position: relative; min-height: auto; float: left;\">\n<div style=\"margin: 0px; padding: 0px; border: 0px; outline: 0px; font-weight: inherit; font-style: inherit; font-family: inherit; vertical-align: baseline;\">\n<h3 style=\"margin-right: 0px; margin-bottom: 0px; margin-left: 0px; padding: 0px; color: #000000; font-size: 18px;\">Wanneer raadplegen<\/h3>\n<div style=\"margin: 0px 0px 35px; padding: 0px; border: 0px; outline: 0px; font-weight: inherit; font-style: inherit; font-family: inherit; vertical-align: baseline;\">\n<div style=\"margin: 0px; padding: 0px; border: 0px; outline: 0px; font-weight: inherit; font-style: inherit; font-family: inherit; vertical-align: baseline;\">\n<p style=\"margin-right: 0px; margin-bottom: 0px; margin-left: 0px; padding: 1em 0px; border: 0px; outline: 0px; font-weight: inherit; font-style: inherit; font-family: inherit; vertical-align: baseline; line-height: 24px;\">Fysionutritie is een nieuwe preventieve en therapeutische aanpak. Ze stelt aangepaste oplossingen voor de hele familie bij iedere levensstap voor. Daardoor wordt ons dagelijkse kwaliteitsleven (stress, spijsverteringsproblemen, moeilijkheden om in slaap te vallen, \u2026). Ons gezondheidskapitaal wordt behouden en begeleidt de therapeutische behandelingen.<\/p>\n<\/div>\n<\/div>\n<\/div>\n<\/div>\n<\/div>\t\t\t\t\t\t<\/div>\n\t\t\t\t<\/div>\n\t\t\t\t\t<\/div>\n\t\t<\/div>\n\t\t\t\t\t\t\t<\/div>\n\t\t<\/section>\n\t\t\t\t\t\t\t<\/div>\n\t\t","protected":false},"excerpt":{"rendered":"<p>Consultatie in Fysionutritie Consultatie in Fysionutritie heeft als doel de onevenwichten en de in macro- en micronutri\u00ebntengebrekken van een individu over te nemen ten opzichte van zijn specifieke noden. Door middel van specifieke vragenlijsten stelt de consultatie in Fysionutritie de eetgewoonten en het algemene gezondheidstoestand van de pati\u00ebnt. In de eerste instantie om de voeding [&hellip;]<\/p>\n","protected":false},"author":1,"featured_media":0,"parent":0,"menu_order":0,"comment_status":"closed","ping_status":"closed","template":"","meta":{"footnotes":""},"_links":{"self":[{"href":"https:\/\/ii-2p.org\/nl\/wp-json\/wp\/v2\/pages\/2185"}],"collection":[{"href":"https:\/\/ii-2p.org\/nl\/wp-json\/wp\/v2\/pages"}],"about":[{"href":"https:\/\/ii-2p.org\/nl\/wp-json\/wp\/v2\/types\/page"}],"author":[{"embeddable":true,"href":"https:\/\/ii-2p.org\/nl\/wp-json\/wp\/v2\/users\/1"}],"replies":[{"embeddable":true,"href":"https:\/\/ii-2p.org\/nl\/wp-json\/wp\/v2\/comments?post=2185"}],"version-history":[{"count":6,"href":"https:\/\/ii-2p.org\/nl\/wp-json\/wp\/v2\/pages\/2185\/revisions"}],"predecessor-version":[{"id":3789,"href":"https:\/\/ii-2p.org\/nl\/wp-json\/wp\/v2\/pages\/2185\/revisions\/3789"}],"wp:attachment":[{"href":"https:\/\/ii-2p.org\/nl\/wp-json\/wp\/v2\/media?parent=2185"}],"curies":[{"name":"wp","href":"https:\/\/api.w.org\/{rel}","templated":true}]}}